{"id":10302,"date":"2018-06-18T10:37:32","date_gmt":"2018-06-18T08:37:32","guid":{"rendered":"https:\/\/arhiva.strukturnifondovi.hr\/?page_id=10302"},"modified":"2018-12-18T10:45:08","modified_gmt":"2018-12-18T09:45:08","slug":"regionalni-dani-eu-fondova","status":"publish","type":"page","link":"https:\/\/arhiva.strukturnifondovi.hr\/en\/regionalni-dani-eu-fondova\/","title":{"rendered":"Regionalni dani EU fondova"},"content":{"rendered":"<p>Ministarstvo regionalnoga razvoja i fondova Europske unije organizira informativno-edukativna doga\u0111anja pod nazivom <strong>\u201eRegionalni dani EU fondova\u201c<\/strong> sa svrhom informiranja javnosti o kori\u0161tenju fondova Europske unije.<\/p>\n<p>Na brojnim doga\u0111ajima, koji \u0107e biti organizirani u 30 gradova diljem Hrvatske, \u0161ira javnost bit \u0107e informirana o mogu\u0107nostima financiranja iz europskih strukturnih i investicijskih fondova te \u0107e imati priliku iz prve ruke saznati vi\u0161e o dosada\u0161njim postignu\u0107ima i rezultatima kori\u0161tenja EU fondova.<\/p>\n<p>\u201eRegionalne dani EU fondova\u201c \u010dine:<\/p>\n<ul>\n<li><strong>besplatne edukacije za potencijalne i postoje\u0107e korisnike sredstava iz EU fondova<\/strong><\/li>\n<\/ul>\n<p style=\"padding-left: 30px;\">stru\u010dna predavanja, paneli i radionice tematski posve\u0107ene EU fondovima<\/p>\n<ul>\n<li><strong>sajmovi EU fondova<\/strong><\/li>\n<\/ul>\n<p style=\"padding-left: 30px;\">lokalni poduzetnici i obrtnici koji su dobili bespovratna sredstva iz EU fondova \u00a0predstavit \u0107e svoje poslovanje i proizvode<\/p>\n<ul>\n<li><strong>posjeti projektnim lokacijama na lokalnoj razini<\/strong><\/li>\n<\/ul>\n<p style=\"padding-left: 30px;\">posjeti brojnim uspje\u0161nim EU projektima \u010dija provedba je doprinijela razvoju i napretku lokalne zajednice<\/p>\n<p>\u00a0<\/p>\n<p>\u201eRegionalni dani EU fondova\u201c odr\u017eavaju se s ciljem upoznavanja cjelokupne javnosti s mogu\u0107nostima financiranja projekata putem EU fondova i pru\u017eanja smjernica zainteresiranim pojedincima o tome gdje mogu prona\u0107i potrebne informacije i osnovno znanje kako bi se odva\u017eili prijaviti svoje projektne ideje i iskoristili sredstva koja su im na raspolaganju.<\/p>\n<p>\u00a0<\/p>\n\n\n<ul class=\"wp-block-gallery columns-3 is-cropped wp-block-gallery-1 is-layout-flex wp-block-gallery-is-layout-flex\"><li class=\"blocks-gallery-item\"><figure><img loading=\"lazy\" decoding=\"async\" width=\"1024\" height=\"682\" src=\"https:\/\/arhiva.strukturnifondovi.hr\/wp-content\/uploads\/2018\/12\/RDEUF-Bakar-Nel-Pavleti\u0107-PIXSELL-1024x682.jpeg\" alt=\"\" data-id=\"16826\" data-link=\"https:\/\/arhiva.strukturnifondovi.hr\/regionalni-dani-eu-fondova\/rdeuf-bakar-nel-pavletic-pixsell\/\" class=\"wp-image-16826\" srcset=\"https:\/\/arhiva.strukturnifondovi.hr\/wp-content\/uploads\/2018\/12\/RDEUF-Bakar-Nel-Pavleti\u0107-PIXSELL-1024x682.jpeg 1024w, https:\/\/arhiva.strukturnifondovi.hr\/wp-content\/uploads\/2018\/12\/RDEUF-Bakar-Nel-Pavleti\u0107-PIXSELL-300x200.jpeg 300w, https:\/\/arhiva.strukturnifondovi.hr\/wp-content\/uploads\/2018\/12\/RDEUF-Bakar-Nel-Pavleti\u0107-PIXSELL-768x512.jpeg 768w, https:\/\/arhiva.strukturnifondovi.hr\/wp-content\/uploads\/2018\/12\/RDEUF-Bakar-Nel-Pavleti\u0107-PIXSELL-120x80.jpeg 120w, https:\/\/arhiva.strukturnifondovi.hr\/wp-content\/uploads\/2018\/12\/RDEUF-Bakar-Nel-Pavleti\u0107-PIXSELL-240x160.jpeg 240w, https:\/\/arhiva.strukturnifondovi.hr\/wp-content\/uploads\/2018\/12\/RDEUF-Bakar-Nel-Pavleti\u0107-PIXSELL-1040x693.jpeg 1040w, https:\/\/arhiva.strukturnifondovi.hr\/wp-content\/uploads\/2018\/12\/RDEUF-Bakar-Nel-Pavleti\u0107-PIXSELL.jpeg 1920w\" sizes=\"auto, (max-width: 1024px) 100vw, 1024px\" \/><figcaption>RDEUF Bakar &#8211; Nel Pavleti\u0107 PIXSELL<\/figcaption><\/figure><\/li><li class=\"blocks-gallery-item\"><figure><img loading=\"lazy\" decoding=\"async\" width=\"1024\" height=\"682\" src=\"https:\/\/arhiva.strukturnifondovi.hr\/wp-content\/uploads\/2018\/12\/RDEUF-Karlovac-Kristina-\u0160tedul-Fabac-PIXSELL-1024x682.jpeg\" alt=\"\" data-id=\"16827\" data-link=\"https:\/\/arhiva.strukturnifondovi.hr\/regionalni-dani-eu-fondova\/rdeuf-karlovac-kristina-stedul-fabac-pixsell\/\" class=\"wp-image-16827\" srcset=\"https:\/\/arhiva.strukturnifondovi.hr\/wp-content\/uploads\/2018\/12\/RDEUF-Karlovac-Kristina-\u0160tedul-Fabac-PIXSELL-1024x682.jpeg 1024w, https:\/\/arhiva.strukturnifondovi.hr\/wp-content\/uploads\/2018\/12\/RDEUF-Karlovac-Kristina-\u0160tedul-Fabac-PIXSELL-300x200.jpeg 300w, https:\/\/arhiva.strukturnifondovi.hr\/wp-content\/uploads\/2018\/12\/RDEUF-Karlovac-Kristina-\u0160tedul-Fabac-PIXSELL-768x512.jpeg 768w, https:\/\/arhiva.strukturnifondovi.hr\/wp-content\/uploads\/2018\/12\/RDEUF-Karlovac-Kristina-\u0160tedul-Fabac-PIXSELL-120x80.jpeg 120w, https:\/\/arhiva.strukturnifondovi.hr\/wp-content\/uploads\/2018\/12\/RDEUF-Karlovac-Kristina-\u0160tedul-Fabac-PIXSELL-240x160.jpeg 240w, https:\/\/arhiva.strukturnifondovi.hr\/wp-content\/uploads\/2018\/12\/RDEUF-Karlovac-Kristina-\u0160tedul-Fabac-PIXSELL-1040x693.jpeg 1040w, https:\/\/arhiva.strukturnifondovi.hr\/wp-content\/uploads\/2018\/12\/RDEUF-Karlovac-Kristina-\u0160tedul-Fabac-PIXSELL.jpeg 1920w\" sizes=\"auto, (max-width: 1024px) 100vw, 1024px\" \/><figcaption>RDEUF Karlovac &#8211; Kristina \u0160tedul Fabac PIXSELL<\/figcaption><\/figure><\/li><li class=\"blocks-gallery-item\"><figure><img loading=\"lazy\" decoding=\"async\" width=\"1024\" height=\"684\" src=\"https:\/\/arhiva.strukturnifondovi.hr\/wp-content\/uploads\/2018\/12\/RDEUF-Kri\u017eevci-Damir-\u0160pehar-PIXSELL-1024x684.jpeg\" alt=\"\" data-id=\"16828\" data-link=\"https:\/\/arhiva.strukturnifondovi.hr\/regionalni-dani-eu-fondova\/rdeuf-krizevci-damir-spehar-pixsell\/\" class=\"wp-image-16828\" srcset=\"https:\/\/arhiva.strukturnifondovi.hr\/wp-content\/uploads\/2018\/12\/RDEUF-Kri\u017eevci-Damir-\u0160pehar-PIXSELL-1024x684.jpeg 1024w, https:\/\/arhiva.strukturnifondovi.hr\/wp-content\/uploads\/2018\/12\/RDEUF-Kri\u017eevci-Damir-\u0160pehar-PIXSELL-300x200.jpeg 300w, https:\/\/arhiva.strukturnifondovi.hr\/wp-content\/uploads\/2018\/12\/RDEUF-Kri\u017eevci-Damir-\u0160pehar-PIXSELL-768x513.jpeg 768w, https:\/\/arhiva.strukturnifondovi.hr\/wp-content\/uploads\/2018\/12\/RDEUF-Kri\u017eevci-Damir-\u0160pehar-PIXSELL-120x80.jpeg 120w, https:\/\/arhiva.strukturnifondovi.hr\/wp-content\/uploads\/2018\/12\/RDEUF-Kri\u017eevci-Damir-\u0160pehar-PIXSELL-240x160.jpeg 240w, https:\/\/arhiva.strukturnifondovi.hr\/wp-content\/uploads\/2018\/12\/RDEUF-Kri\u017eevci-Damir-\u0160pehar-PIXSELL-1040x694.jpeg 1040w, https:\/\/arhiva.strukturnifondovi.hr\/wp-content\/uploads\/2018\/12\/RDEUF-Kri\u017eevci-Damir-\u0160pehar-PIXSELL.jpeg 1920w\" sizes=\"auto, (max-width: 1024px) 100vw, 1024px\" \/><figcaption>RDEUF Kri\u017eevci &#8211; Damir \u0160pehar PIXSELL<\/figcaption><\/figure><\/li><li class=\"blocks-gallery-item\"><figure><img loading=\"lazy\" decoding=\"async\" width=\"1024\" height=\"682\" src=\"https:\/\/arhiva.strukturnifondovi.hr\/wp-content\/uploads\/2018\/12\/RDEUF-Po\u017eega-Ivica-Galovi\u0107-PIXSELL-1024x682.jpeg\" alt=\"\" data-id=\"16829\" data-link=\"https:\/\/arhiva.strukturnifondovi.hr\/regionalni-dani-eu-fondova\/rdeuf-pozega-ivica-galovic-pixsell\/\" class=\"wp-image-16829\" srcset=\"https:\/\/arhiva.strukturnifondovi.hr\/wp-content\/uploads\/2018\/12\/RDEUF-Po\u017eega-Ivica-Galovi\u0107-PIXSELL-1024x682.jpeg 1024w, https:\/\/arhiva.strukturnifondovi.hr\/wp-content\/uploads\/2018\/12\/RDEUF-Po\u017eega-Ivica-Galovi\u0107-PIXSELL-300x200.jpeg 300w, https:\/\/arhiva.strukturnifondovi.hr\/wp-content\/uploads\/2018\/12\/RDEUF-Po\u017eega-Ivica-Galovi\u0107-PIXSELL-768x512.jpeg 768w, https:\/\/arhiva.strukturnifondovi.hr\/wp-content\/uploads\/2018\/12\/RDEUF-Po\u017eega-Ivica-Galovi\u0107-PIXSELL-120x80.jpeg 120w, https:\/\/arhiva.strukturnifondovi.hr\/wp-content\/uploads\/2018\/12\/RDEUF-Po\u017eega-Ivica-Galovi\u0107-PIXSELL-240x160.jpeg 240w, https:\/\/arhiva.strukturnifondovi.hr\/wp-content\/uploads\/2018\/12\/RDEUF-Po\u017eega-Ivica-Galovi\u0107-PIXSELL-1040x693.jpeg 1040w, https:\/\/arhiva.strukturnifondovi.hr\/wp-content\/uploads\/2018\/12\/RDEUF-Po\u017eega-Ivica-Galovi\u0107-PIXSELL.jpeg 1920w\" sizes=\"auto, (max-width: 1024px) 100vw, 1024px\" \/><figcaption>RDEUF Po\u017eega &#8211; Ivica Galovi\u0107 PIXSELL<\/figcaption><\/figure><\/li><li class=\"blocks-gallery-item\"><figure><img loading=\"lazy\" decoding=\"async\" width=\"1024\" height=\"682\" src=\"https:\/\/arhiva.strukturnifondovi.hr\/wp-content\/uploads\/2018\/12\/RDEUF-Umag-Du\u0161ko-Maru\u0161i\u0107-PIXSELL-1024x682.jpeg\" alt=\"\" data-id=\"16830\" data-link=\"https:\/\/arhiva.strukturnifondovi.hr\/regionalni-dani-eu-fondova\/rdeuf-umag-dusko-marusic-pixsell\/\" class=\"wp-image-16830\" srcset=\"https:\/\/arhiva.strukturnifondovi.hr\/wp-content\/uploads\/2018\/12\/RDEUF-Umag-Du\u0161ko-Maru\u0161i\u0107-PIXSELL-1024x682.jpeg 1024w, https:\/\/arhiva.strukturnifondovi.hr\/wp-content\/uploads\/2018\/12\/RDEUF-Umag-Du\u0161ko-Maru\u0161i\u0107-PIXSELL-300x200.jpeg 300w, https:\/\/arhiva.strukturnifondovi.hr\/wp-content\/uploads\/2018\/12\/RDEUF-Umag-Du\u0161ko-Maru\u0161i\u0107-PIXSELL-768x512.jpeg 768w, https:\/\/arhiva.strukturnifondovi.hr\/wp-content\/uploads\/2018\/12\/RDEUF-Umag-Du\u0161ko-Maru\u0161i\u0107-PIXSELL-120x80.jpeg 120w, https:\/\/arhiva.strukturnifondovi.hr\/wp-content\/uploads\/2018\/12\/RDEUF-Umag-Du\u0161ko-Maru\u0161i\u0107-PIXSELL-240x160.jpeg 240w, https:\/\/arhiva.strukturnifondovi.hr\/wp-content\/uploads\/2018\/12\/RDEUF-Umag-Du\u0161ko-Maru\u0161i\u0107-PIXSELL-1040x693.jpeg 1040w, https:\/\/arhiva.strukturnifondovi.hr\/wp-content\/uploads\/2018\/12\/RDEUF-Umag-Du\u0161ko-Maru\u0161i\u0107-PIXSELL.jpeg 1920w\" sizes=\"auto, (max-width: 1024px) 100vw, 1024px\" \/><figcaption>RDEUF Umag &#8211; Du\u0161ko Maru\u0161i\u0107 PIXSELL<\/figcaption><\/figure><\/li><li class=\"blocks-gallery-item\"><figure><img loading=\"lazy\" decoding=\"async\" width=\"1024\" height=\"576\" src=\"https:\/\/arhiva.strukturnifondovi.hr\/wp-content\/uploads\/2018\/12\/RDEUF-Zadar-Dino-Stanin-PIXSELL-1024x576.jpg\" alt=\"\" data-id=\"16831\" data-link=\"https:\/\/arhiva.strukturnifondovi.hr\/regionalni-dani-eu-fondova\/rdeuf-zadar-dino-stanin-pixsell\/\" class=\"wp-image-16831\" srcset=\"https:\/\/arhiva.strukturnifondovi.hr\/wp-content\/uploads\/2018\/12\/RDEUF-Zadar-Dino-Stanin-PIXSELL-1024x576.jpg 1024w, https:\/\/arhiva.strukturnifondovi.hr\/wp-content\/uploads\/2018\/12\/RDEUF-Zadar-Dino-Stanin-PIXSELL-300x169.jpg 300w, https:\/\/arhiva.strukturnifondovi.hr\/wp-content\/uploads\/2018\/12\/RDEUF-Zadar-Dino-Stanin-PIXSELL-768x432.jpg 768w, https:\/\/arhiva.strukturnifondovi.hr\/wp-content\/uploads\/2018\/12\/RDEUF-Zadar-Dino-Stanin-PIXSELL-1040x585.jpg 1040w\" sizes=\"auto, (max-width: 1024px) 100vw, 1024px\" \/><figcaption>RDEUF Zadar &#8211; Dino Stanin PIXSELL<\/figcaption><\/figure><\/li><li class=\"blocks-gallery-item\"><figure><img loading=\"lazy\" decoding=\"async\" width=\"1024\" height=\"683\" src=\"https:\/\/arhiva.strukturnifondovi.hr\/wp-content\/uploads\/2018\/12\/RDEUF-Zapre\u0161i\u0107-FIlip-Kos-PIXSELL-1024x683.jpeg\" alt=\"\" data-id=\"16832\" data-link=\"https:\/\/arhiva.strukturnifondovi.hr\/regionalni-dani-eu-fondova\/rdeuf-zapresic-filip-kos-pixsell\/\" class=\"wp-image-16832\" srcset=\"https:\/\/arhiva.strukturnifondovi.hr\/wp-content\/uploads\/2018\/12\/RDEUF-Zapre\u0161i\u0107-FIlip-Kos-PIXSELL-1024x683.jpeg 1024w, https:\/\/arhiva.strukturnifondovi.hr\/wp-content\/uploads\/2018\/12\/RDEUF-Zapre\u0161i\u0107-FIlip-Kos-PIXSELL-300x200.jpeg 300w, https:\/\/arhiva.strukturnifondovi.hr\/wp-content\/uploads\/2018\/12\/RDEUF-Zapre\u0161i\u0107-FIlip-Kos-PIXSELL-768x512.jpeg 768w, https:\/\/arhiva.strukturnifondovi.hr\/wp-content\/uploads\/2018\/12\/RDEUF-Zapre\u0161i\u0107-FIlip-Kos-PIXSELL-120x80.jpeg 120w, https:\/\/arhiva.strukturnifondovi.hr\/wp-content\/uploads\/2018\/12\/RDEUF-Zapre\u0161i\u0107-FIlip-Kos-PIXSELL-240x160.jpeg 240w, https:\/\/arhiva.strukturnifondovi.hr\/wp-content\/uploads\/2018\/12\/RDEUF-Zapre\u0161i\u0107-FIlip-Kos-PIXSELL-1040x693.jpeg 1040w, https:\/\/arhiva.strukturnifondovi.hr\/wp-content\/uploads\/2018\/12\/RDEUF-Zapre\u0161i\u0107-FIlip-Kos-PIXSELL.jpeg 1920w\" sizes=\"auto, (max-width: 1024px) 100vw, 1024px\" \/><figcaption>RDEUF Zapre\u0161i\u0107 &#8211; FIlip Kos PIXSELL<\/figcaption><\/figure><\/li><\/ul>\n","protected":false},"excerpt":{"rendered":"<p>Ministarstvo regionalnoga razvoja i fondova Europske unije organizira informativno-edukativna doga\u0111anja pod nazivom \u201eRegionalni dani EU fondova\u201c sa svrhom informiranja javnosti&#8230;<\/p>\n","protected":false},"author":795,"featured_media":10270,"parent":0,"menu_order":0,"comment_status":"closed","ping_status":"closed","template":"page-template2.php","meta":{"inline_featured_image":false,"footnotes":""},"class_list":["post-10302","page","type-page","status-publish","has-post-thumbnail","hentry"],"yoast_head":"<!-- This site is optimized with the Yoast SEO plugin v26.8 - https:\/\/yoast.com\/product\/yoast-seo-wordpress\/ -->\n<title>Regionalni dani EU fondova - Europski strukturni i investicijski fondovi % %<\/title>\n<meta name=\"robots\" content=\"index, follow, max-snippet:-1, max-image-preview:large, max-video-preview:-1\" \/>\n<link rel=\"canonical\" href=\"https:\/\/arhiva.strukturnifondovi.hr\/regionalni-dani-eu-fondova\/\" \/>\n<meta property=\"og:locale\" content=\"en_US\" \/>\n<meta property=\"og:type\" content=\"article\" \/>\n<meta property=\"og:title\" content=\"Regionalni dani EU fondova - Europski strukturni i investicijski fondovi % %\" \/>\n<meta property=\"og:description\" content=\"Ministarstvo regionalnoga razvoja i fondova Europske unije organizira informativno-edukativna doga\u0111anja pod nazivom \u201eRegionalni dani EU fondova\u201c sa svrhom informiranja javnosti...\" \/>\n<meta property=\"og:url\" content=\"https:\/\/arhiva.strukturnifondovi.hr\/regionalni-dani-eu-fondova\/\" \/>\n<meta property=\"og:site_name\" content=\"Europski strukturni i investicijski fondovi\" \/>\n<meta property=\"article:modified_time\" content=\"2018-12-18T09:45:08+00:00\" \/>\n<meta property=\"og:image\" content=\"https:\/\/arhiva.strukturnifondovi.hr\/wp-content\/uploads\/2018\/06\/Regionalni-dani.jpg\" \/>\n\t<meta property=\"og:image:width\" content=\"1200\" \/>\n\t<meta property=\"og:image:height\" content=\"628\" \/>\n\t<meta property=\"og:image:type\" content=\"image\/jpeg\" \/>\n<meta name=\"twitter:card\" content=\"summary_large_image\" \/>\n<meta name=\"twitter:label1\" content=\"Est. reading time\" \/>\n\t<meta name=\"twitter:data1\" content=\"1 minute\" \/>\n<script type=\"application\/ld+json\" class=\"yoast-schema-graph\">{\"@context\":\"https:\/\/schema.org\",\"@graph\":[{\"@type\":\"WebPage\",\"@id\":\"https:\/\/arhiva.strukturnifondovi.hr\/regionalni-dani-eu-fondova\/\",\"url\":\"https:\/\/arhiva.strukturnifondovi.hr\/regionalni-dani-eu-fondova\/\",\"name\":\"Regionalni dani EU fondova - Europski strukturni i investicijski fondovi % %\",\"isPartOf\":{\"@id\":\"https:\/\/arhiva.strukturnifondovi.hr\/#website\"},\"primaryImageOfPage\":{\"@id\":\"https:\/\/arhiva.strukturnifondovi.hr\/regionalni-dani-eu-fondova\/#primaryimage\"},\"image\":{\"@id\":\"https:\/\/arhiva.strukturnifondovi.hr\/regionalni-dani-eu-fondova\/#primaryimage\"},\"thumbnailUrl\":\"https:\/\/arhiva.strukturnifondovi.hr\/wp-content\/uploads\/2018\/06\/Regionalni-dani.jpg\",\"datePublished\":\"2018-06-18T08:37:32+00:00\",\"dateModified\":\"2018-12-18T09:45:08+00:00\",\"breadcrumb\":{\"@id\":\"https:\/\/arhiva.strukturnifondovi.hr\/regionalni-dani-eu-fondova\/#breadcrumb\"},\"inLanguage\":\"en-US\",\"potentialAction\":[{\"@type\":\"ReadAction\",\"target\":[\"https:\/\/arhiva.strukturnifondovi.hr\/regionalni-dani-eu-fondova\/\"]}]},{\"@type\":\"ImageObject\",\"inLanguage\":\"en-US\",\"@id\":\"https:\/\/arhiva.strukturnifondovi.hr\/regionalni-dani-eu-fondova\/#primaryimage\",\"url\":\"https:\/\/arhiva.strukturnifondovi.hr\/wp-content\/uploads\/2018\/06\/Regionalni-dani.jpg\",\"contentUrl\":\"https:\/\/arhiva.strukturnifondovi.hr\/wp-content\/uploads\/2018\/06\/Regionalni-dani.jpg\",\"width\":\"1200\",\"height\":\"628\"},{\"@type\":\"BreadcrumbList\",\"@id\":\"https:\/\/arhiva.strukturnifondovi.hr\/regionalni-dani-eu-fondova\/#breadcrumb\",\"itemListElement\":[{\"@type\":\"ListItem\",\"position\":1,\"name\":\"Home\",\"item\":\"https:\/\/arhiva.strukturnifondovi.hr\/en\/\"},{\"@type\":\"ListItem\",\"position\":2,\"name\":\"Regionalni dani EU fondova\"}]},{\"@type\":\"WebSite\",\"@id\":\"https:\/\/arhiva.strukturnifondovi.hr\/#website\",\"url\":\"https:\/\/arhiva.strukturnifondovi.hr\/\",\"name\":\"Europski strukturni i investicijski fondovi\",\"description\":\"Europski strukturni i investicijski fondovi\",\"publisher\":{\"@id\":\"https:\/\/arhiva.strukturnifondovi.hr\/#organization\"},\"potentialAction\":[{\"@type\":\"SearchAction\",\"target\":{\"@type\":\"EntryPoint\",\"urlTemplate\":\"https:\/\/arhiva.strukturnifondovi.hr\/?s={search_term_string}\"},\"query-input\":{\"@type\":\"PropertyValueSpecification\",\"valueRequired\":true,\"valueName\":\"search_term_string\"}}],\"inLanguage\":\"en-US\"},{\"@type\":\"Organization\",\"@id\":\"https:\/\/arhiva.strukturnifondovi.hr\/#organization\",\"name\":\"Ministarstvo regionalnoga razvoja i fondova Europske unije\",\"url\":\"https:\/\/arhiva.strukturnifondovi.hr\/\",\"logo\":{\"@type\":\"ImageObject\",\"inLanguage\":\"en-US\",\"@id\":\"https:\/\/arhiva.strukturnifondovi.hr\/#\/schema\/logo\/image\/\",\"url\":\"https:\/\/arhiva.strukturnifondovi.hr\/wp-content\/uploads\/2022\/03\/ESI-logotip_boja_bez-pozadine_manji.png\",\"contentUrl\":\"https:\/\/arhiva.strukturnifondovi.hr\/wp-content\/uploads\/2022\/03\/ESI-logotip_boja_bez-pozadine_manji.png\",\"width\":1256,\"height\":413,\"caption\":\"Ministarstvo regionalnoga razvoja i fondova Europske unije\"},\"image\":{\"@id\":\"https:\/\/arhiva.strukturnifondovi.hr\/#\/schema\/logo\/image\/\"}}]}<\/script>\n<!-- \/ Yoast SEO plugin. -->","yoast_head_json":{"title":"Regionalni dani EU fondova - Europski strukturni i investicijski fondovi % %","robots":{"index":"index","follow":"follow","max-snippet":"max-snippet:-1","max-image-preview":"max-image-preview:large","max-video-preview":"max-video-preview:-1"},"canonical":"https:\/\/arhiva.strukturnifondovi.hr\/regionalni-dani-eu-fondova\/","og_locale":"en_US","og_type":"article","og_title":"Regionalni dani EU fondova - Europski strukturni i investicijski fondovi % %","og_description":"Ministarstvo regionalnoga razvoja i fondova Europske unije organizira informativno-edukativna doga\u0111anja pod nazivom \u201eRegionalni dani EU fondova\u201c sa svrhom informiranja javnosti...","og_url":"https:\/\/arhiva.strukturnifondovi.hr\/regionalni-dani-eu-fondova\/","og_site_name":"Europski strukturni i investicijski fondovi","article_modified_time":"2018-12-18T09:45:08+00:00","og_image":[{"width":1200,"height":628,"url":"https:\/\/arhiva.strukturnifondovi.hr\/wp-content\/uploads\/2018\/06\/Regionalni-dani.jpg","type":"image\/jpeg"}],"twitter_card":"summary_large_image","twitter_misc":{"Est. reading time":"1 minute"},"schema":{"@context":"https:\/\/schema.org","@graph":[{"@type":"WebPage","@id":"https:\/\/arhiva.strukturnifondovi.hr\/regionalni-dani-eu-fondova\/","url":"https:\/\/arhiva.strukturnifondovi.hr\/regionalni-dani-eu-fondova\/","name":"Regionalni dani EU fondova - Europski strukturni i investicijski fondovi % %","isPartOf":{"@id":"https:\/\/arhiva.strukturnifondovi.hr\/#website"},"primaryImageOfPage":{"@id":"https:\/\/arhiva.strukturnifondovi.hr\/regionalni-dani-eu-fondova\/#primaryimage"},"image":{"@id":"https:\/\/arhiva.strukturnifondovi.hr\/regionalni-dani-eu-fondova\/#primaryimage"},"thumbnailUrl":"https:\/\/arhiva.strukturnifondovi.hr\/wp-content\/uploads\/2018\/06\/Regionalni-dani.jpg","datePublished":"2018-06-18T08:37:32+00:00","dateModified":"2018-12-18T09:45:08+00:00","breadcrumb":{"@id":"https:\/\/arhiva.strukturnifondovi.hr\/regionalni-dani-eu-fondova\/#breadcrumb"},"inLanguage":"en-US","potentialAction":[{"@type":"ReadAction","target":["https:\/\/arhiva.strukturnifondovi.hr\/regionalni-dani-eu-fondova\/"]}]},{"@type":"ImageObject","inLanguage":"en-US","@id":"https:\/\/arhiva.strukturnifondovi.hr\/regionalni-dani-eu-fondova\/#primaryimage","url":"https:\/\/arhiva.strukturnifondovi.hr\/wp-content\/uploads\/2018\/06\/Regionalni-dani.jpg","contentUrl":"https:\/\/arhiva.strukturnifondovi.hr\/wp-content\/uploads\/2018\/06\/Regionalni-dani.jpg","width":"1200","height":"628"},{"@type":"BreadcrumbList","@id":"https:\/\/arhiva.strukturnifondovi.hr\/regionalni-dani-eu-fondova\/#breadcrumb","itemListElement":[{"@type":"ListItem","position":1,"name":"Home","item":"https:\/\/arhiva.strukturnifondovi.hr\/en\/"},{"@type":"ListItem","position":2,"name":"Regionalni dani EU fondova"}]},{"@type":"WebSite","@id":"https:\/\/arhiva.strukturnifondovi.hr\/#website","url":"https:\/\/arhiva.strukturnifondovi.hr\/","name":"Europski strukturni i investicijski fondovi","description":"Europski strukturni i investicijski fondovi","publisher":{"@id":"https:\/\/arhiva.strukturnifondovi.hr\/#organization"},"potentialAction":[{"@type":"SearchAction","target":{"@type":"EntryPoint","urlTemplate":"https:\/\/arhiva.strukturnifondovi.hr\/?s={search_term_string}"},"query-input":{"@type":"PropertyValueSpecification","valueRequired":true,"valueName":"search_term_string"}}],"inLanguage":"en-US"},{"@type":"Organization","@id":"https:\/\/arhiva.strukturnifondovi.hr\/#organization","name":"Ministarstvo regionalnoga razvoja i fondova Europske unije","url":"https:\/\/arhiva.strukturnifondovi.hr\/","logo":{"@type":"ImageObject","inLanguage":"en-US","@id":"https:\/\/arhiva.strukturnifondovi.hr\/#\/schema\/logo\/image\/","url":"https:\/\/arhiva.strukturnifondovi.hr\/wp-content\/uploads\/2022\/03\/ESI-logotip_boja_bez-pozadine_manji.png","contentUrl":"https:\/\/arhiva.strukturnifondovi.hr\/wp-content\/uploads\/2022\/03\/ESI-logotip_boja_bez-pozadine_manji.png","width":1256,"height":413,"caption":"Ministarstvo regionalnoga razvoja i fondova Europske unije"},"image":{"@id":"https:\/\/arhiva.strukturnifondovi.hr\/#\/schema\/logo\/image\/"}}]}},"_links":{"self":[{"href":"https:\/\/arhiva.strukturnifondovi.hr\/en\/wp-json\/wp\/v2\/pages\/10302","targetHints":{"allow":["GET"]}}],"collection":[{"href":"https:\/\/arhiva.strukturnifondovi.hr\/en\/wp-json\/wp\/v2\/pages"}],"about":[{"href":"https:\/\/arhiva.strukturnifondovi.hr\/en\/wp-json\/wp\/v2\/types\/page"}],"author":[{"embeddable":true,"href":"https:\/\/arhiva.strukturnifondovi.hr\/en\/wp-json\/wp\/v2\/users\/795"}],"replies":[{"embeddable":true,"href":"https:\/\/arhiva.strukturnifondovi.hr\/en\/wp-json\/wp\/v2\/comments?post=10302"}],"version-history":[{"count":11,"href":"https:\/\/arhiva.strukturnifondovi.hr\/en\/wp-json\/wp\/v2\/pages\/10302\/revisions"}],"predecessor-version":[{"id":16854,"href":"https:\/\/arhiva.strukturnifondovi.hr\/en\/wp-json\/wp\/v2\/pages\/10302\/revisions\/16854"}],"wp:featuredmedia":[{"embeddable":true,"href":"https:\/\/arhiva.strukturnifondovi.hr\/en\/wp-json\/wp\/v2\/media\/10270"}],"wp:attachment":[{"href":"https:\/\/arhiva.strukturnifondovi.hr\/en\/wp-json\/wp\/v2\/media?parent=10302"}],"curies":[{"name":"wp","href":"https:\/\/api.w.org\/{rel}","templated":true}]}}