{"id":11835,"date":"2018-08-09T11:04:40","date_gmt":"2018-08-09T09:04:40","guid":{"rendered":"https:\/\/arhiva.strukturnifondovi.hr\/?page_id=11835"},"modified":"2018-08-20T10:21:52","modified_gmt":"2018-08-20T08:21:52","slug":"program-za-konkurentnost-poduzetnistva-i-msp-a-cosme-programme-for-the-competitiveness-of-enterprises-smes","status":"publish","type":"page","link":"https:\/\/arhiva.strukturnifondovi.hr\/en\/program-za-konkurentnost-poduzetnistva-i-msp-a-cosme-programme-for-the-competitiveness-of-enterprises-smes\/","title":{"rendered":"Program za konkurentnost poduzetni\u0161tva i MSP-a (COSME Programme for the competitiveness of enterprises &#038; SMEs)"},"content":{"rendered":"<h4><strong><span style=\"color: #333399;\">PRORA\u010cUN PROGRAMA &#8211; 2,3 milijarde eura<\/span><\/strong><\/h4>\n<hr \/>\n<p>Rast u Europi nezamisliv je bez 23 milijuna malih i srednjih poduze\u0107a. Oko 99,8% svih europskih tvrtki su mala i srednja poduze\u0107a, \u0161to zna\u010di da igraju klju\u010dnu ulogu u ostvarivanju inovativnih proizvoda, ja\u010danja konkurentnosti i stvaranja novih radnih mjesta. Da bi ona mogla generirati rast, nu\u017eno je stvoriti pozitivno poduzetni\u010dko ozra\u010dje.<\/p>\n<p>Usvajanjem Europskog akta o malom gospodarstvu\u00a0 Small Business Act (SBA), EU je otvorila put stvaranja takvog ozra\u010dja nastoje\u0107i u\u010diniti subjekte malog gospodarstva konkurentnijim, poti\u010du\u0107i njihov rast, a time i zapo\u0161ljavanja.<\/p>\n<p>COSME je jedini program EU namijenjen isklju\u010divo malim i srednjim poduze\u0107ima. Promicanjem inovativnosti, odr\u017eivog rasta, prekograni\u010dne suradnje i internacionalizacije poslovanja, program COSME daje va\u017ean doprinos ostvarenju ciljeva utvr\u0111enih u okviru strategije Europa 2020 i SBA-a. COSME olak\u0161ava pristup financiranju i poti\u010de poduzetni\u0161tvo u cjelini te poduzetni\u0161tvo ciljanih skupina kao \u0161to su mladi, \u017eene i socijalno poduzetni\u0161tvo.<\/p>\n<p>COSME program stvara dodatnu vrijednost promicanjem mjera kori\u0161tenja i implementacije najboljih politika i poslovnih praksi kao \u0161to su primjerice, kori\u0161tenje financijskih instrumenata, Enterprise Europe mre\u017ee (Enterprise Europe network),mre\u017eu izaslanika za MSP-a (network of SME Envoys), Europski tjedan malog i srednjeg poduzetni\u0161tva (European SME Week) te razmjenu najboljih praksi na nacionalnoj i regionalnoj razini.<\/p>\n<h4><strong><span style=\"color: #333399;\">CILJ<\/span><\/strong><\/h4>\n<p>Program za konkurentnost poduzetni\u0161tva i malih i srednjih poduze\u0107a &#8211; COSME za cilj ima ja\u010danje konkurentnosti i odr\u017eivosti poduze\u0107a Europske unije, uklju\u010duju\u0107i sektor turizma, poticanje poduzetni\u010dke kulture te promicanje stvaranja i rasta malih i srednjih poduzetnika.<\/p>\n<p>COSME nastavlja aktivnosti iz Okvirnog programa za konkurentnost i inovacije &#8211; CIP, a osigurava kontinuitet s inicijativama i akcijama koje se ve\u0107 provode u okviru Programa za poduzetni\u0161tvo i inovacije (EIP), kao \u0161to je Enterprise Europe Network.<\/p>\n<p>COSME program \u0107e pru\u017eiti podr\u0161ku malim i srednjim poduze\u0107ima kako bi se olak\u0161alo \u0161irenje poslovanja na jedinstvenom tr\u017ei\u0161tu EU-a te na tr\u017ei\u0161tima izvan EU-a. Me\u0111unarodna poslovna suradnja \u0107e se poticati, posebice, kako bi se smanjila razlika u regulatornom i poslovnom okru\u017eenju, izme\u0111u EU i njezinih glavnih trgovinskih partnera. Besplatne usluge \u0107e se nastaviti, kao npr. usluge koje nudi IPR Helpdesk za Kinu, usluge koje poma\u017eu u upravljanju pravom intelektualnog vlasni\u0161tva i srodnim pitanjima u toj zemlji.<\/p>\n<p>Ciljevi programa su:<\/p>\n<ul>\n<li>olak\u0161avanje pristupa financiranju za mala i srednja poduze\u0107a (MSP)<\/li>\n<li>stvaranje okru\u017eenja koje je pogodno za stvaranje i rast gospodarstva<\/li>\n<li>poticanje poduzetni\u010dke kulture u Europi<\/li>\n<li>pove\u0107anje odr\u017eive konkurentnosti EU tvrtki<\/li>\n<li>pomaganje malim poduze\u0107ima da rade izvan svoje mati\u010dne zemlje i pobolj\u0161anje njihovog pristupa tr\u017ei\u0161tima<\/li>\n<\/ul>\n<h4><span style=\"color: #333399;\"><strong>AKTIVNOSTI<\/strong><\/span><\/h4>\n<ol>\n<li>Aktivnosti za pobolj\u0161anje okvirnih uvjeta za konkurentnost i odr\u017eivost poduze\u0107a Unije (pobolj\u0161anje i ja\u010danje kompetitivnosti te odr\u017eivosti malih i srednih poduze\u0107a, razvoj novih strategija konkurentnosti, suradnja&#8230;)<\/li>\n<li>Aktivnosti promocije poduzetni\u0161tva (pobolj\u0161anje uvjeta za razvoj poduzetni\u0161tva, pru\u017eanje potpore mladim, novim i potencijalnim poduzetnicima; potpora Komisije dr\u017eavama \u010dlanicama za provo\u0111enje mjera za stvaranje poduzetni\u010dkog obrazovanja, vje\u0161tina i stavova za potencijalne i nove poduzetnike.<\/li>\n<li>Pobolj\u0161anje mjera za pristup financijama za MSP (pobolj\u0161anje pristupa financijama za start-up poduzetnike i one koji \u0161ire poslovanje, mogu\u0107nost kori\u0161tenja financijskih instrumenata na nacionalnoj i regionalnoj razini, osnivanje posebnih financijskih instrumenata za rast i dugovanja (Equity Facility for Growth EFG i Loan Guarantee Facility LGF); pobolj\u0161anje prekograni\u010dnih i me\u0111udr\u017eavnih financiranja u svrhu internacionalizacije MSP-a)<\/li>\n<li>Aktivnosti za pobolj\u0161anje pristupa tr\u017ei\u0161tu (potpora Europskoj poduzetni\u010dkoj mre\u017ei; aktivnosti za pobolj\u0161anje pristupa jedinstvenom tr\u017ei\u0161tu; olak\u0161ati pristup tr\u017ei\u0161tu izvan Unije te pru\u017eanje podr\u0161ke za o\u010duvanje standarda i intelektualnog vlasni\u0161tva u tre\u0107im zemljama; poticanje me\u0111unarodne suradnje u industriji te ostvarenje dijaloga sa tre\u0107im zemljama).<\/li>\n<\/ol>\n<h4><strong><span style=\"color: #333399;\">POTENCIJALNI KORISNICI<\/span><\/strong><\/h4>\n<p>Postoje\u0107i poduzetnici (posebno male tvrtke), budu\u0107i poduzetnici (uklju\u010duju\u0107i start-up poduze\u0107a) te nacionalna, regionalna i lokalna tijela vlasti.<\/p>\n<ul>\n<li>Poduzetnici, posebice u malim i srednjim poduze\u0107ima, \u0107e imati koristi od lak\u0161eg pristupa financiranju za razvoj, konsolidaciju i rasta njihovih poduze\u0107a.<\/li>\n<li>Gra\u0111ani koji \u017eele postati samozaposleni i susre\u0107u se s pote\u0161ko\u0107ama u uspostavi vlastitih poduze\u0107a, primjerice mladi i \u017eene poduzetnice.<\/li>\n<\/ul>\n<p>Tijela dr\u017eava \u010dlanica (na nacionalnoj, regionalnoj i lokalnoj razini) biti \u0107e bolje asistirana u njihovim nastojanjima da razrade i provedu u\u010dinkovite reforme politika. Konkretno, oni \u0107e imati koristi od EU\u200b\u200b-\u0161irokih pouzdanih podataka i statistike, najbolje prakse i financijske potpore za testiranje i pove\u0107anje razmjera odr\u017eivih rje\u0161enja za pobolj\u0161anje globalne konkurentnosti.<\/p>\n<div class=\"accordion version_2\"><\/p>\n<h2><span class=\"naslov\">KORISNE POVEZNICE I KONTAKTI<\/span><\/h2><div><\/p>\n<p><strong>Ministarstvo gospodarstva, poduzetni\u0161tva i obrta<\/strong><\/p>\n<p>Nata\u0161a Miku\u0161 \u017digman, dr\u017eavna tajnica<\/p>\n<p>Kontakt:<\/p>\n<p>\u017deljka Mrk\u0161a<\/p>\n<p>01 6106 897; zeljka.mrksa@mingo.hr<\/p>\n<h4><strong><span style=\"color: #333399;\">SAZNAJ VI\u0160E:<\/span><\/strong><\/h4>\n<p><a class=\"button primary small\" href=\"https:\/\/ec.europa.eu\/easme\/en\/cosme\">Europska komisija<\/a> <a class=\"button transparent small\" href=\"https:\/\/poduzetnistvo.gov.hr\/arhiva\/stranice\/eu-programi-i-projekti\/cosme-program-novi-program-europske-unije-za-poticanje-konkurentnosti-malih-i-srednjih-poduzeca-u-razdoblju-2014-2020\/518\">Ministarstvo poduzetni\u0161tva i obrta<\/a><\/p>\n<\/div><\/p>\n<\/div>\n<p>&nbsp;<\/p>\n","protected":false},"excerpt":{"rendered":"<p>PRORA\u010cUN PROGRAMA &#8211; 2,3 milijarde eura Rast u Europi nezamisliv je bez 23 milijuna malih i srednjih poduze\u0107a. Oko 99,8%&#8230;<\/p>\n","protected":false},"author":795,"featured_media":0,"parent":0,"menu_order":0,"comment_status":"closed","ping_status":"closed","template":"page-template2.php","meta":{"inline_featured_image":false,"footnotes":""},"class_list":["post-11835","page","type-page","status-publish","hentry"],"yoast_head":"<!-- This site is optimized with the Yoast SEO plugin v26.8 - https:\/\/yoast.com\/product\/yoast-seo-wordpress\/ -->\n<title>Program za konkurentnost poduzetni\u0161tva i MSP-a (COSME Programme for the competitiveness of enterprises &amp; SMEs) - Europski strukturni i investicijski fondovi % %<\/title>\n<meta name=\"robots\" content=\"index, follow, max-snippet:-1, max-image-preview:large, max-video-preview:-1\" \/>\n<link rel=\"canonical\" href=\"https:\/\/arhiva.strukturnifondovi.hr\/program-za-konkurentnost-poduzetnistva-i-msp-a-cosme-programme-for-the-competitiveness-of-enterprises-smes\/\" \/>\n<meta property=\"og:locale\" content=\"en_US\" \/>\n<meta property=\"og:type\" content=\"article\" \/>\n<meta property=\"og:title\" content=\"Program za konkurentnost poduzetni\u0161tva i MSP-a (COSME Programme for the competitiveness of enterprises &amp; SMEs) - Europski strukturni i investicijski fondovi % %\" \/>\n<meta property=\"og:description\" content=\"PRORA\u010cUN PROGRAMA &#8211; 2,3 milijarde eura Rast u Europi nezamisliv je bez 23 milijuna malih i srednjih poduze\u0107a. Oko 99,8%...\" \/>\n<meta property=\"og:url\" content=\"https:\/\/arhiva.strukturnifondovi.hr\/program-za-konkurentnost-poduzetnistva-i-msp-a-cosme-programme-for-the-competitiveness-of-enterprises-smes\/\" \/>\n<meta property=\"og:site_name\" content=\"Europski strukturni i investicijski fondovi\" \/>\n<meta property=\"article:modified_time\" content=\"2018-08-20T08:21:52+00:00\" \/>\n<meta name=\"twitter:card\" content=\"summary_large_image\" \/>\n<meta name=\"twitter:label1\" content=\"Est. reading time\" \/>\n\t<meta name=\"twitter:data1\" content=\"4 minutes\" \/>\n<script type=\"application\/ld+json\" class=\"yoast-schema-graph\">{\"@context\":\"https:\/\/schema.org\",\"@graph\":[{\"@type\":\"WebPage\",\"@id\":\"https:\/\/arhiva.strukturnifondovi.hr\/program-za-konkurentnost-poduzetnistva-i-msp-a-cosme-programme-for-the-competitiveness-of-enterprises-smes\/\",\"url\":\"https:\/\/arhiva.strukturnifondovi.hr\/program-za-konkurentnost-poduzetnistva-i-msp-a-cosme-programme-for-the-competitiveness-of-enterprises-smes\/\",\"name\":\"Program za konkurentnost poduzetni\u0161tva i MSP-a (COSME Programme for the competitiveness of enterprises & SMEs) - Europski strukturni i investicijski fondovi % %\",\"isPartOf\":{\"@id\":\"https:\/\/arhiva.strukturnifondovi.hr\/#website\"},\"datePublished\":\"2018-08-09T09:04:40+00:00\",\"dateModified\":\"2018-08-20T08:21:52+00:00\",\"breadcrumb\":{\"@id\":\"https:\/\/arhiva.strukturnifondovi.hr\/program-za-konkurentnost-poduzetnistva-i-msp-a-cosme-programme-for-the-competitiveness-of-enterprises-smes\/#breadcrumb\"},\"inLanguage\":\"en-US\",\"potentialAction\":[{\"@type\":\"ReadAction\",\"target\":[\"https:\/\/arhiva.strukturnifondovi.hr\/program-za-konkurentnost-poduzetnistva-i-msp-a-cosme-programme-for-the-competitiveness-of-enterprises-smes\/\"]}]},{\"@type\":\"BreadcrumbList\",\"@id\":\"https:\/\/arhiva.strukturnifondovi.hr\/program-za-konkurentnost-poduzetnistva-i-msp-a-cosme-programme-for-the-competitiveness-of-enterprises-smes\/#breadcrumb\",\"itemListElement\":[{\"@type\":\"ListItem\",\"position\":1,\"name\":\"Home\",\"item\":\"https:\/\/arhiva.strukturnifondovi.hr\/en\/\"},{\"@type\":\"ListItem\",\"position\":2,\"name\":\"Program za konkurentnost poduzetni\u0161tva i MSP-a (COSME Programme for the competitiveness of enterprises &#038; SMEs)\"}]},{\"@type\":\"WebSite\",\"@id\":\"https:\/\/arhiva.strukturnifondovi.hr\/#website\",\"url\":\"https:\/\/arhiva.strukturnifondovi.hr\/\",\"name\":\"Europski strukturni i investicijski fondovi\",\"description\":\"Europski strukturni i investicijski fondovi\",\"publisher\":{\"@id\":\"https:\/\/arhiva.strukturnifondovi.hr\/#organization\"},\"potentialAction\":[{\"@type\":\"SearchAction\",\"target\":{\"@type\":\"EntryPoint\",\"urlTemplate\":\"https:\/\/arhiva.strukturnifondovi.hr\/?s={search_term_string}\"},\"query-input\":{\"@type\":\"PropertyValueSpecification\",\"valueRequired\":true,\"valueName\":\"search_term_string\"}}],\"inLanguage\":\"en-US\"},{\"@type\":\"Organization\",\"@id\":\"https:\/\/arhiva.strukturnifondovi.hr\/#organization\",\"name\":\"Ministarstvo regionalnoga razvoja i fondova Europske unije\",\"url\":\"https:\/\/arhiva.strukturnifondovi.hr\/\",\"logo\":{\"@type\":\"ImageObject\",\"inLanguage\":\"en-US\",\"@id\":\"https:\/\/arhiva.strukturnifondovi.hr\/#\/schema\/logo\/image\/\",\"url\":\"https:\/\/arhiva.strukturnifondovi.hr\/wp-content\/uploads\/2022\/03\/ESI-logotip_boja_bez-pozadine_manji.png\",\"contentUrl\":\"https:\/\/arhiva.strukturnifondovi.hr\/wp-content\/uploads\/2022\/03\/ESI-logotip_boja_bez-pozadine_manji.png\",\"width\":1256,\"height\":413,\"caption\":\"Ministarstvo regionalnoga razvoja i fondova Europske unije\"},\"image\":{\"@id\":\"https:\/\/arhiva.strukturnifondovi.hr\/#\/schema\/logo\/image\/\"}}]}<\/script>\n<!-- \/ Yoast SEO plugin. -->","yoast_head_json":{"title":"Program za konkurentnost poduzetni\u0161tva i MSP-a (COSME Programme for the competitiveness of enterprises & SMEs) - Europski strukturni i investicijski fondovi % %","robots":{"index":"index","follow":"follow","max-snippet":"max-snippet:-1","max-image-preview":"max-image-preview:large","max-video-preview":"max-video-preview:-1"},"canonical":"https:\/\/arhiva.strukturnifondovi.hr\/program-za-konkurentnost-poduzetnistva-i-msp-a-cosme-programme-for-the-competitiveness-of-enterprises-smes\/","og_locale":"en_US","og_type":"article","og_title":"Program za konkurentnost poduzetni\u0161tva i MSP-a (COSME Programme for the competitiveness of enterprises & SMEs) - Europski strukturni i investicijski fondovi % %","og_description":"PRORA\u010cUN PROGRAMA &#8211; 2,3 milijarde eura Rast u Europi nezamisliv je bez 23 milijuna malih i srednjih poduze\u0107a. Oko 99,8%...","og_url":"https:\/\/arhiva.strukturnifondovi.hr\/program-za-konkurentnost-poduzetnistva-i-msp-a-cosme-programme-for-the-competitiveness-of-enterprises-smes\/","og_site_name":"Europski strukturni i investicijski fondovi","article_modified_time":"2018-08-20T08:21:52+00:00","twitter_card":"summary_large_image","twitter_misc":{"Est. reading time":"4 minutes"},"schema":{"@context":"https:\/\/schema.org","@graph":[{"@type":"WebPage","@id":"https:\/\/arhiva.strukturnifondovi.hr\/program-za-konkurentnost-poduzetnistva-i-msp-a-cosme-programme-for-the-competitiveness-of-enterprises-smes\/","url":"https:\/\/arhiva.strukturnifondovi.hr\/program-za-konkurentnost-poduzetnistva-i-msp-a-cosme-programme-for-the-competitiveness-of-enterprises-smes\/","name":"Program za konkurentnost poduzetni\u0161tva i MSP-a (COSME Programme for the competitiveness of enterprises & SMEs) - Europski strukturni i investicijski fondovi % %","isPartOf":{"@id":"https:\/\/arhiva.strukturnifondovi.hr\/#website"},"datePublished":"2018-08-09T09:04:40+00:00","dateModified":"2018-08-20T08:21:52+00:00","breadcrumb":{"@id":"https:\/\/arhiva.strukturnifondovi.hr\/program-za-konkurentnost-poduzetnistva-i-msp-a-cosme-programme-for-the-competitiveness-of-enterprises-smes\/#breadcrumb"},"inLanguage":"en-US","potentialAction":[{"@type":"ReadAction","target":["https:\/\/arhiva.strukturnifondovi.hr\/program-za-konkurentnost-poduzetnistva-i-msp-a-cosme-programme-for-the-competitiveness-of-enterprises-smes\/"]}]},{"@type":"BreadcrumbList","@id":"https:\/\/arhiva.strukturnifondovi.hr\/program-za-konkurentnost-poduzetnistva-i-msp-a-cosme-programme-for-the-competitiveness-of-enterprises-smes\/#breadcrumb","itemListElement":[{"@type":"ListItem","position":1,"name":"Home","item":"https:\/\/arhiva.strukturnifondovi.hr\/en\/"},{"@type":"ListItem","position":2,"name":"Program za konkurentnost poduzetni\u0161tva i MSP-a (COSME Programme for the competitiveness of enterprises &#038; SMEs)"}]},{"@type":"WebSite","@id":"https:\/\/arhiva.strukturnifondovi.hr\/#website","url":"https:\/\/arhiva.strukturnifondovi.hr\/","name":"Europski strukturni i investicijski fondovi","description":"Europski strukturni i investicijski fondovi","publisher":{"@id":"https:\/\/arhiva.strukturnifondovi.hr\/#organization"},"potentialAction":[{"@type":"SearchAction","target":{"@type":"EntryPoint","urlTemplate":"https:\/\/arhiva.strukturnifondovi.hr\/?s={search_term_string}"},"query-input":{"@type":"PropertyValueSpecification","valueRequired":true,"valueName":"search_term_string"}}],"inLanguage":"en-US"},{"@type":"Organization","@id":"https:\/\/arhiva.strukturnifondovi.hr\/#organization","name":"Ministarstvo regionalnoga razvoja i fondova Europske unije","url":"https:\/\/arhiva.strukturnifondovi.hr\/","logo":{"@type":"ImageObject","inLanguage":"en-US","@id":"https:\/\/arhiva.strukturnifondovi.hr\/#\/schema\/logo\/image\/","url":"https:\/\/arhiva.strukturnifondovi.hr\/wp-content\/uploads\/2022\/03\/ESI-logotip_boja_bez-pozadine_manji.png","contentUrl":"https:\/\/arhiva.strukturnifondovi.hr\/wp-content\/uploads\/2022\/03\/ESI-logotip_boja_bez-pozadine_manji.png","width":1256,"height":413,"caption":"Ministarstvo regionalnoga razvoja i fondova Europske unije"},"image":{"@id":"https:\/\/arhiva.strukturnifondovi.hr\/#\/schema\/logo\/image\/"}}]}},"_links":{"self":[{"href":"https:\/\/arhiva.strukturnifondovi.hr\/en\/wp-json\/wp\/v2\/pages\/11835","targetHints":{"allow":["GET"]}}],"collection":[{"href":"https:\/\/arhiva.strukturnifondovi.hr\/en\/wp-json\/wp\/v2\/pages"}],"about":[{"href":"https:\/\/arhiva.strukturnifondovi.hr\/en\/wp-json\/wp\/v2\/types\/page"}],"author":[{"embeddable":true,"href":"https:\/\/arhiva.strukturnifondovi.hr\/en\/wp-json\/wp\/v2\/users\/795"}],"replies":[{"embeddable":true,"href":"https:\/\/arhiva.strukturnifondovi.hr\/en\/wp-json\/wp\/v2\/comments?post=11835"}],"version-history":[{"count":3,"href":"https:\/\/arhiva.strukturnifondovi.hr\/en\/wp-json\/wp\/v2\/pages\/11835\/revisions"}],"predecessor-version":[{"id":11937,"href":"https:\/\/arhiva.strukturnifondovi.hr\/en\/wp-json\/wp\/v2\/pages\/11835\/revisions\/11937"}],"wp:attachment":[{"href":"https:\/\/arhiva.strukturnifondovi.hr\/en\/wp-json\/wp\/v2\/media?parent=11835"}],"curies":[{"name":"wp","href":"https:\/\/api.w.org\/{rel}","templated":true}]}}