{"id":11852,"date":"2018-08-09T12:51:56","date_gmt":"2018-08-09T10:51:56","guid":{"rendered":"https:\/\/arhiva.strukturnifondovi.hr\/?page_id=11852"},"modified":"2018-08-20T12:44:30","modified_gmt":"2018-08-20T10:44:30","slug":"carina-2020-customs-2020","status":"publish","type":"page","link":"https:\/\/arhiva.strukturnifondovi.hr\/en\/carina-2020-customs-2020\/","title":{"rendered":"Carina 2020. (Customs 2020)"},"content":{"rendered":"<p><strong>Program CARINA 2020. ure\u0111en je Uredbom br. 1294\/2013 EP i Vije\u0107a od 11. prosinca 2013. <\/strong><\/p>\n<h4><strong><span style=\"color: #333399;\">PRORA\u010cUN PROGRAMA &#8211; 522,9 milijuna eura<\/span><\/strong><\/h4>\n<hr \/>\n<h4><strong><span style=\"color: #333399;\">CILJ<\/span><\/strong><\/h4>\n<p>Program CARINA 2020 podr\u017eavat \u0107e suradnju izme\u0111u nadle\u017enih carinskih tijela EU kako bi se njihova u\u010dinkovitost maksimizirala. Program \u0107e olak\u0161ati umre\u017eavanje, zajedni\u010dke aktivnosti i obuku me\u0111u osobljem, a u isto vrijeme \u0107e financirati IT sustave kako bi se omogu\u0107io razvoj elektronske carine te davati potporu funkcioniranju i modernizaciji Carinske unije s ciljem unaprje\u0111enja obavljanja carinskih aktivnosti na podru\u010dju EU.<\/p>\n<p>Specifi\u010dni ciljevi programa su:<\/p>\n<ol>\n<li>Oja\u010dati interno tr\u017ei\u0161te kroz u\u010dinkovitu carinsku uniju<\/li>\n<li>Podr\u017eati rad carinske unije kroz suradnju zemalja sudionica, nadle\u017enih tijela, du\u017enosnika i vanjskih stru\u010dnjaka<\/li>\n<\/ol>\n<h4><span style=\"color: #333399;\"><strong>AKTIVNOSTI<\/strong><\/span><\/h4>\n<ul>\n<li>Podr\u017eati pripremu, primjenu i u\u010dinkovitu implementaciju Carinskog zakonika Unije<\/li>\n<li>Oja\u010dati konkurentnost europskog poduzetni\u0161tva kroz olak\u0161avanje zakonite trgovine, smanjenja tro\u0161kova i administrativnog tereta<\/li>\n<li>Podr\u017eati carinu u za\u0161titi gra\u0111ana, sigurnosti i okoli\u0161a<\/li>\n<li>Osigurati za\u0161titu financijskih i ekonomskih interesa EU i zemalja \u010dlanica<\/li>\n<li>Doprinijeti u\u010dinkovitom radu carinske uprave pobolj\u0161anjem administrativnih kapaciteta<\/li>\n<li>Boriti se protiv prijevare i pobolj\u0161ati konkurentnost i sigurnost ja\u010danjem suradnje izme\u0111u me\u0111unarodnih organizacija, gospodarskih subjekata i njihovih organizacija<\/li>\n<\/ul>\n<h4><strong><span style=\"color: #333399;\">POTENCIJALNI KORISNICI<\/span><\/strong><\/h4>\n<p>Sve aktivnosti unutar Programa namijenjene su slu\u017ebenicima zaposlenima u carinskim tijelima dr\u017eava koje sudjeluju u Programu.<\/p>\n<p>Dr\u017eave \u010dlanice EU, dr\u017eave pristupnice, dr\u017eave kandidatkinje i potencijalne dr\u017eave kandidatkinje te partnerske dr\u017eave obuhva\u0107ene Europskom politikom susjedstva pod uvjetom da postignu dovoljnu razinu pribli\u017eavanja relevantnog zakonodavstva i administrativnih postupaka onima u EU.<\/p>\n<div class=\"accordion version_2\"><\/p>\n<h2><span class=\"naslov\">KORISNE POVEZNICE I KONTAKTI<\/span><\/h2><div><\/p>\n<p><strong>Ministarstvo financija<\/strong><\/p>\n<p>Stipe \u017dupan, pomo\u0107nik ministra<\/p>\n<p>Kontakt:<\/p>\n<p>Silvija \u0160plajt<\/p>\n<p>01 6211 479; silvija.splajt@carina.hr<\/p>\n<h4><strong><span style=\"color: #333399;\">SAZNAJ VI\u0160E:<\/span><\/strong><\/h4>\n<p><a class=\"button primary small\" href=\"https:\/\/ec.europa.eu\/taxation_customs\/business\/customs-cooperation-programmes\/customs-2020-programme_en\">Europska komisija<\/a><\/p>\n<\/div><\/p>\n<\/div>\n","protected":false},"excerpt":{"rendered":"<p>Program CARINA 2020. ure\u0111en je Uredbom br. 1294\/2013 EP i Vije\u0107a od 11. prosinca 2013. PRORA\u010cUN PROGRAMA &#8211; 522,9 milijuna&#8230;<\/p>\n","protected":false},"author":795,"featured_media":0,"parent":0,"menu_order":0,"comment_status":"closed","ping_status":"closed","template":"page-template2.php","meta":{"inline_featured_image":false,"footnotes":""},"class_list":["post-11852","page","type-page","status-publish","hentry"],"yoast_head":"<!-- This site is optimized with the Yoast SEO plugin v26.8 - https:\/\/yoast.com\/product\/yoast-seo-wordpress\/ -->\n<title>Carina 2020. (Customs 2020) - Europski strukturni i investicijski fondovi % %<\/title>\n<meta name=\"robots\" content=\"index, follow, max-snippet:-1, max-image-preview:large, max-video-preview:-1\" \/>\n<link rel=\"canonical\" href=\"https:\/\/arhiva.strukturnifondovi.hr\/carina-2020-customs-2020\/\" \/>\n<meta property=\"og:locale\" content=\"en_US\" \/>\n<meta property=\"og:type\" content=\"article\" \/>\n<meta property=\"og:title\" content=\"Carina 2020. (Customs 2020) - Europski strukturni i investicijski fondovi % %\" \/>\n<meta property=\"og:description\" content=\"Program CARINA 2020. ure\u0111en je Uredbom br. 1294\/2013 EP i Vije\u0107a od 11. prosinca 2013. PRORA\u010cUN PROGRAMA &#8211; 522,9 milijuna...\" \/>\n<meta property=\"og:url\" content=\"https:\/\/arhiva.strukturnifondovi.hr\/carina-2020-customs-2020\/\" \/>\n<meta property=\"og:site_name\" content=\"Europski strukturni i investicijski fondovi\" \/>\n<meta property=\"article:modified_time\" content=\"2018-08-20T10:44:30+00:00\" \/>\n<meta name=\"twitter:card\" content=\"summary_large_image\" \/>\n<meta name=\"twitter:label1\" content=\"Est. reading time\" \/>\n\t<meta name=\"twitter:data1\" content=\"2 minutes\" \/>\n<script type=\"application\/ld+json\" class=\"yoast-schema-graph\">{\"@context\":\"https:\/\/schema.org\",\"@graph\":[{\"@type\":\"WebPage\",\"@id\":\"https:\/\/arhiva.strukturnifondovi.hr\/carina-2020-customs-2020\/\",\"url\":\"https:\/\/arhiva.strukturnifondovi.hr\/carina-2020-customs-2020\/\",\"name\":\"Carina 2020. (Customs 2020) - Europski strukturni i investicijski fondovi % %\",\"isPartOf\":{\"@id\":\"https:\/\/arhiva.strukturnifondovi.hr\/#website\"},\"datePublished\":\"2018-08-09T10:51:56+00:00\",\"dateModified\":\"2018-08-20T10:44:30+00:00\",\"breadcrumb\":{\"@id\":\"https:\/\/arhiva.strukturnifondovi.hr\/carina-2020-customs-2020\/#breadcrumb\"},\"inLanguage\":\"en-US\",\"potentialAction\":[{\"@type\":\"ReadAction\",\"target\":[\"https:\/\/arhiva.strukturnifondovi.hr\/carina-2020-customs-2020\/\"]}]},{\"@type\":\"BreadcrumbList\",\"@id\":\"https:\/\/arhiva.strukturnifondovi.hr\/carina-2020-customs-2020\/#breadcrumb\",\"itemListElement\":[{\"@type\":\"ListItem\",\"position\":1,\"name\":\"Home\",\"item\":\"https:\/\/arhiva.strukturnifondovi.hr\/en\/\"},{\"@type\":\"ListItem\",\"position\":2,\"name\":\"Carina 2020. (Customs 2020)\"}]},{\"@type\":\"WebSite\",\"@id\":\"https:\/\/arhiva.strukturnifondovi.hr\/#website\",\"url\":\"https:\/\/arhiva.strukturnifondovi.hr\/\",\"name\":\"Europski strukturni i investicijski fondovi\",\"description\":\"Europski strukturni i investicijski fondovi\",\"publisher\":{\"@id\":\"https:\/\/arhiva.strukturnifondovi.hr\/#organization\"},\"potentialAction\":[{\"@type\":\"SearchAction\",\"target\":{\"@type\":\"EntryPoint\",\"urlTemplate\":\"https:\/\/arhiva.strukturnifondovi.hr\/?s={search_term_string}\"},\"query-input\":{\"@type\":\"PropertyValueSpecification\",\"valueRequired\":true,\"valueName\":\"search_term_string\"}}],\"inLanguage\":\"en-US\"},{\"@type\":\"Organization\",\"@id\":\"https:\/\/arhiva.strukturnifondovi.hr\/#organization\",\"name\":\"Ministarstvo regionalnoga razvoja i fondova Europske unije\",\"url\":\"https:\/\/arhiva.strukturnifondovi.hr\/\",\"logo\":{\"@type\":\"ImageObject\",\"inLanguage\":\"en-US\",\"@id\":\"https:\/\/arhiva.strukturnifondovi.hr\/#\/schema\/logo\/image\/\",\"url\":\"https:\/\/arhiva.strukturnifondovi.hr\/wp-content\/uploads\/2022\/03\/ESI-logotip_boja_bez-pozadine_manji.png\",\"contentUrl\":\"https:\/\/arhiva.strukturnifondovi.hr\/wp-content\/uploads\/2022\/03\/ESI-logotip_boja_bez-pozadine_manji.png\",\"width\":1256,\"height\":413,\"caption\":\"Ministarstvo regionalnoga razvoja i fondova Europske unije\"},\"image\":{\"@id\":\"https:\/\/arhiva.strukturnifondovi.hr\/#\/schema\/logo\/image\/\"}}]}<\/script>\n<!-- \/ Yoast SEO plugin. -->","yoast_head_json":{"title":"Carina 2020. (Customs 2020) - Europski strukturni i investicijski fondovi % %","robots":{"index":"index","follow":"follow","max-snippet":"max-snippet:-1","max-image-preview":"max-image-preview:large","max-video-preview":"max-video-preview:-1"},"canonical":"https:\/\/arhiva.strukturnifondovi.hr\/carina-2020-customs-2020\/","og_locale":"en_US","og_type":"article","og_title":"Carina 2020. (Customs 2020) - Europski strukturni i investicijski fondovi % %","og_description":"Program CARINA 2020. ure\u0111en je Uredbom br. 1294\/2013 EP i Vije\u0107a od 11. prosinca 2013. PRORA\u010cUN PROGRAMA &#8211; 522,9 milijuna...","og_url":"https:\/\/arhiva.strukturnifondovi.hr\/carina-2020-customs-2020\/","og_site_name":"Europski strukturni i investicijski fondovi","article_modified_time":"2018-08-20T10:44:30+00:00","twitter_card":"summary_large_image","twitter_misc":{"Est. reading time":"2 minutes"},"schema":{"@context":"https:\/\/schema.org","@graph":[{"@type":"WebPage","@id":"https:\/\/arhiva.strukturnifondovi.hr\/carina-2020-customs-2020\/","url":"https:\/\/arhiva.strukturnifondovi.hr\/carina-2020-customs-2020\/","name":"Carina 2020. (Customs 2020) - Europski strukturni i investicijski fondovi % %","isPartOf":{"@id":"https:\/\/arhiva.strukturnifondovi.hr\/#website"},"datePublished":"2018-08-09T10:51:56+00:00","dateModified":"2018-08-20T10:44:30+00:00","breadcrumb":{"@id":"https:\/\/arhiva.strukturnifondovi.hr\/carina-2020-customs-2020\/#breadcrumb"},"inLanguage":"en-US","potentialAction":[{"@type":"ReadAction","target":["https:\/\/arhiva.strukturnifondovi.hr\/carina-2020-customs-2020\/"]}]},{"@type":"BreadcrumbList","@id":"https:\/\/arhiva.strukturnifondovi.hr\/carina-2020-customs-2020\/#breadcrumb","itemListElement":[{"@type":"ListItem","position":1,"name":"Home","item":"https:\/\/arhiva.strukturnifondovi.hr\/en\/"},{"@type":"ListItem","position":2,"name":"Carina 2020. (Customs 2020)"}]},{"@type":"WebSite","@id":"https:\/\/arhiva.strukturnifondovi.hr\/#website","url":"https:\/\/arhiva.strukturnifondovi.hr\/","name":"Europski strukturni i investicijski fondovi","description":"Europski strukturni i investicijski fondovi","publisher":{"@id":"https:\/\/arhiva.strukturnifondovi.hr\/#organization"},"potentialAction":[{"@type":"SearchAction","target":{"@type":"EntryPoint","urlTemplate":"https:\/\/arhiva.strukturnifondovi.hr\/?s={search_term_string}"},"query-input":{"@type":"PropertyValueSpecification","valueRequired":true,"valueName":"search_term_string"}}],"inLanguage":"en-US"},{"@type":"Organization","@id":"https:\/\/arhiva.strukturnifondovi.hr\/#organization","name":"Ministarstvo regionalnoga razvoja i fondova Europske unije","url":"https:\/\/arhiva.strukturnifondovi.hr\/","logo":{"@type":"ImageObject","inLanguage":"en-US","@id":"https:\/\/arhiva.strukturnifondovi.hr\/#\/schema\/logo\/image\/","url":"https:\/\/arhiva.strukturnifondovi.hr\/wp-content\/uploads\/2022\/03\/ESI-logotip_boja_bez-pozadine_manji.png","contentUrl":"https:\/\/arhiva.strukturnifondovi.hr\/wp-content\/uploads\/2022\/03\/ESI-logotip_boja_bez-pozadine_manji.png","width":1256,"height":413,"caption":"Ministarstvo regionalnoga razvoja i fondova Europske unije"},"image":{"@id":"https:\/\/arhiva.strukturnifondovi.hr\/#\/schema\/logo\/image\/"}}]}},"_links":{"self":[{"href":"https:\/\/arhiva.strukturnifondovi.hr\/en\/wp-json\/wp\/v2\/pages\/11852","targetHints":{"allow":["GET"]}}],"collection":[{"href":"https:\/\/arhiva.strukturnifondovi.hr\/en\/wp-json\/wp\/v2\/pages"}],"about":[{"href":"https:\/\/arhiva.strukturnifondovi.hr\/en\/wp-json\/wp\/v2\/types\/page"}],"author":[{"embeddable":true,"href":"https:\/\/arhiva.strukturnifondovi.hr\/en\/wp-json\/wp\/v2\/users\/795"}],"replies":[{"embeddable":true,"href":"https:\/\/arhiva.strukturnifondovi.hr\/en\/wp-json\/wp\/v2\/comments?post=11852"}],"version-history":[{"count":4,"href":"https:\/\/arhiva.strukturnifondovi.hr\/en\/wp-json\/wp\/v2\/pages\/11852\/revisions"}],"predecessor-version":[{"id":12115,"href":"https:\/\/arhiva.strukturnifondovi.hr\/en\/wp-json\/wp\/v2\/pages\/11852\/revisions\/12115"}],"wp:attachment":[{"href":"https:\/\/arhiva.strukturnifondovi.hr\/en\/wp-json\/wp\/v2\/media?parent=11852"}],"curies":[{"name":"wp","href":"https:\/\/api.w.org\/{rel}","templated":true}]}}