{"id":11856,"date":"2018-08-09T13:20:36","date_gmt":"2018-08-09T11:20:36","guid":{"rendered":"https:\/\/arhiva.strukturnifondovi.hr\/?page_id=11856"},"modified":"2018-09-11T11:07:39","modified_gmt":"2018-09-11T09:07:39","slug":"erasmus","status":"publish","type":"page","link":"https:\/\/arhiva.strukturnifondovi.hr\/en\/erasmus\/","title":{"rendered":"Erasmus+"},"content":{"rendered":"<h4><strong><span style=\"color: #333399;\">UKUPNI PRORA\u010cUN PROGRAMA &#8211; 14,7 milijardi eura<\/span><\/strong><\/h4>\n<h4><strong><span style=\"color: #333399;\">PRORA\u010cUN PROGRAMA ZA RH &#8211; 1,25 milijardi kuna<\/span><\/strong><\/h4>\n<hr \/>\n<h4><strong><span style=\"color: #333399;\">CILJ<\/span><\/strong><\/h4>\n<p>Erasmus+ najve\u0107i je program Europske unije za obrazovanje, osposobljavanje, mlade i sport. Erasmus+ zamijenio je sedam postoje\u0107ih programa iz generacije 2007. \u2013 2013. (Program za cjelo\u017eivotno u\u010denje s potprogramima Erasmus, Leonardo da Vinci, Comenius i Grundtvig, program Mladi na djelu te pet programa me\u0111unarodne suradnje: Erasmus Mundus, Tempus, Alfa, Edulink i Program suradnje s industrijaliziranim dr\u017eavama i teritorijima).<\/p>\n<p>Program Erasmus+ doprinosi ostvarenju:<\/p>\n<ul>\n<li>ciljeva Strategije Europa 2020., uklju\u010duju\u0107i vode\u0107i cilj u podru\u010dju obrazovanja;<\/li>\n<li>ciljeva Strate\u0161kog okvira za europsku suradnju u obrazovanju i osposobljavanju (ET 2020.), uklju\u010duju\u0107i odgovaraju\u0107a mjerila;<\/li>\n<li>odr\u017eivog razvoja partnerskih dr\u017eava u podru\u010dju visokog obrazovanja;<\/li>\n<li>ukupnih ciljeva Obnovljenog okvira za europsku suradnju u podru\u010dju povezanim s mladima (2010. \u2013 2018.);<\/li>\n<li>cilja razvijanja europske dimenzije u sportu, posebno sportu na lokalnoj razini, u skladu s programom rada EU-a za sport;<\/li>\n<li>promicanja europskih vrijednosti u skladu s \u010dlankom 2. Ugovora o Europskoj uniji.<\/li>\n<\/ul>\n<h4><span style=\"color: #333399;\"><strong>AKTIVNOSTI<\/strong><\/span><\/h4>\n<p>Erasmus+ strukturiran je prema\u00a0sljede\u0107im\u00a0aktivnostima:<\/p>\n<ul>\n<li><a href=\"http:\/\/www.mobilnost.hr\/hr\/sadrzaj\/erasmus-opce-informacije\/kljucna-aktivnost-1\/\"><strong>Klju\u010dna aktivnost 1\u00a0<\/strong><\/a>\u2013 Mobilnost u svrhu u\u010denja za pojedince<\/li>\n<li><a href=\"http:\/\/www.mobilnost.hr\/hr\/sadrzaj\/erasmus-opce-informacije\/kljucna-aktivnost-2\/\"><strong>Klju\u010dna aktivnost 2<\/strong><\/a>\u00a0&#8211; Suradnja za inovacije i razmjenu dobre prakse<\/li>\n<li><a href=\"http:\/\/www.mobilnost.hr\/hr\/sadrzaj\/erasmus-opce-informacije\/kljucna-aktivnost-3\/\"><strong>Klju\u010dna aktivnost 3<\/strong><\/a>\u00a0&#8211; Podr\u0161ka reformi politika<\/li>\n<li><a href=\"http:\/\/www.mobilnost.hr\/hr\/sadrzaj\/erasmus-opce-informacije\/program-jean-monnet\/\"><strong>Program Jean Monnet<\/strong><\/a><\/li>\n<li><a href=\"http:\/\/www.mobilnost.hr\/hr\/sadrzaj\/erasmus-opce-informacije\/sport\/\"><strong>Sport<\/strong><\/a><\/li>\n<\/ul>\n<p>Erasmus+ nudi mogu\u0107nosti me\u0111unarodne mobilnosti za pojedince te me\u0111unarodne suradnje za organizacije, me\u0111u ostalim:<\/p>\n<p>&#8211; provo\u0111enje razdoblja studija u inozemstvu,<\/p>\n<p>&#8211; obavljanje stru\u010dne prakse u inozemstvu za u\u010denike i studente,<\/p>\n<p>&#8211; stru\u010dna usavr\u0161avanja i osposobljavanja nastavnog i nenastavnog osoblja u vrti\u0107ima, \u0161kolama, visokim u\u010dili\u0161tima te ostalim organizacijama,<\/p>\n<p>&#8211; volontiranje<\/p>\n<p>&#8211; razmjene mladih i osoba koje rade s mladima<\/p>\n<p>&#8211; rad na me\u0111unarodnim projektima usmjerenima na modernizaciju i internacionalizaciju sektora obrazovanja, osposobljavanja, mladih i sporta.<\/p>\n<h4><strong><span style=\"color: #333399;\">POTENCIJALNI KORISNICI<\/span><\/strong><\/h4>\n<p>Program je otvoren za sva privatna i javna tijela aktivna u podru\u010djima obrazovanja, osposobljavanja, mladih i sporta. Erasmus+ otvoren je mnogim pojedincima i organizacijama, iako se prihvatljivost razlikuje ovisno o aktivnosti te o dr\u017eavi.<\/p>\n<p>Pojedinci imaju mnogobrojne mogu\u0107nosti za sudjelovanje u aktivnostima programa Erasmus+, no bitno je napomenuti da se zainteresirani pojedinci za sudjelovanje prijavljuju putem svojih mati\u010dnih organizacija (\u0161kola, fakulteta, udruga itd.).<\/p>\n<p>Prihvatljive su dr\u017eave podijeljene u dvije skupine, dr\u017eave sudionice u programu, koje mogu sudjelovati u svim aktivnostima programa, te partnerske dr\u017eave, koje mogu sudjelovati samo u nekim aktivnostima te podlije\u017eu posebnim uvjetima.<\/p>\n<div class=\"accordion version_2\"><\/p>\n<h2><span class=\"naslov\">KORISNE POVEZNICE I KONTAKTI<\/span><\/h2><div><\/p>\n<p>Za provedbu programa nadle\u017ena je<\/p>\n<p><strong>Agencija za mobilnost i programe EU <\/strong><strong>(AMPEU)<\/strong><\/p>\n<p>Ravnateljica, mr.sc. Antonija Gladovi\u0107<\/p>\n<p>Kontakt:<\/p>\n<p>01 5005 635; ured@mobilnost.hr<\/p>\n<h4><strong><span style=\"color: #333399;\">SAZNAJ VI\u0160E:<\/span><\/strong><\/h4>\n<p><a class=\"button primary small\" href=\"http:\/\/ec.europa.eu\/programmes\/erasmus-plus\/\">Europska komisija<\/a> <a class=\"button transparent small\" href=\"http:\/\/www.mobilnost.hr\/\">Agencija za mobilnost i programe EU<\/a><\/p>\n<\/div><\/p>\n<\/div>\n","protected":false},"excerpt":{"rendered":"<p>UKUPNI PRORA\u010cUN PROGRAMA &#8211; 14,7 milijardi eura PRORA\u010cUN PROGRAMA ZA RH &#8211; 1,25 milijardi kuna CILJ Erasmus+ najve\u0107i je program&#8230;<\/p>\n","protected":false},"author":795,"featured_media":0,"parent":0,"menu_order":0,"comment_status":"closed","ping_status":"closed","template":"page-template2.php","meta":{"inline_featured_image":false,"footnotes":""},"class_list":["post-11856","page","type-page","status-publish","hentry"],"yoast_head":"<!-- This site is optimized with the Yoast SEO plugin v26.8 - https:\/\/yoast.com\/product\/yoast-seo-wordpress\/ -->\n<title>Erasmus+ - Europski strukturni i investicijski fondovi % %<\/title>\n<meta name=\"robots\" content=\"index, follow, max-snippet:-1, max-image-preview:large, max-video-preview:-1\" \/>\n<link rel=\"canonical\" href=\"https:\/\/arhiva.strukturnifondovi.hr\/erasmus\/\" \/>\n<meta property=\"og:locale\" content=\"en_US\" \/>\n<meta property=\"og:type\" content=\"article\" \/>\n<meta property=\"og:title\" content=\"Erasmus+ - Europski strukturni i investicijski fondovi % %\" \/>\n<meta property=\"og:description\" content=\"UKUPNI PRORA\u010cUN PROGRAMA &#8211; 14,7 milijardi eura PRORA\u010cUN PROGRAMA ZA RH &#8211; 1,25 milijardi kuna CILJ Erasmus+ najve\u0107i je program...\" \/>\n<meta property=\"og:url\" content=\"https:\/\/arhiva.strukturnifondovi.hr\/erasmus\/\" \/>\n<meta property=\"og:site_name\" content=\"Europski strukturni i investicijski fondovi\" \/>\n<meta property=\"article:modified_time\" content=\"2018-09-11T09:07:39+00:00\" \/>\n<meta name=\"twitter:card\" content=\"summary_large_image\" \/>\n<meta name=\"twitter:label1\" content=\"Est. reading time\" \/>\n\t<meta name=\"twitter:data1\" content=\"2 minutes\" \/>\n<script type=\"application\/ld+json\" class=\"yoast-schema-graph\">{\"@context\":\"https:\/\/schema.org\",\"@graph\":[{\"@type\":\"WebPage\",\"@id\":\"https:\/\/arhiva.strukturnifondovi.hr\/erasmus\/\",\"url\":\"https:\/\/arhiva.strukturnifondovi.hr\/erasmus\/\",\"name\":\"Erasmus+ - Europski strukturni i investicijski fondovi % %\",\"isPartOf\":{\"@id\":\"https:\/\/arhiva.strukturnifondovi.hr\/#website\"},\"datePublished\":\"2018-08-09T11:20:36+00:00\",\"dateModified\":\"2018-09-11T09:07:39+00:00\",\"breadcrumb\":{\"@id\":\"https:\/\/arhiva.strukturnifondovi.hr\/erasmus\/#breadcrumb\"},\"inLanguage\":\"en-US\",\"potentialAction\":[{\"@type\":\"ReadAction\",\"target\":[\"https:\/\/arhiva.strukturnifondovi.hr\/erasmus\/\"]}]},{\"@type\":\"BreadcrumbList\",\"@id\":\"https:\/\/arhiva.strukturnifondovi.hr\/erasmus\/#breadcrumb\",\"itemListElement\":[{\"@type\":\"ListItem\",\"position\":1,\"name\":\"Home\",\"item\":\"https:\/\/arhiva.strukturnifondovi.hr\/en\/\"},{\"@type\":\"ListItem\",\"position\":2,\"name\":\"Erasmus+\"}]},{\"@type\":\"WebSite\",\"@id\":\"https:\/\/arhiva.strukturnifondovi.hr\/#website\",\"url\":\"https:\/\/arhiva.strukturnifondovi.hr\/\",\"name\":\"Europski strukturni i investicijski fondovi\",\"description\":\"Europski strukturni i investicijski fondovi\",\"publisher\":{\"@id\":\"https:\/\/arhiva.strukturnifondovi.hr\/#organization\"},\"potentialAction\":[{\"@type\":\"SearchAction\",\"target\":{\"@type\":\"EntryPoint\",\"urlTemplate\":\"https:\/\/arhiva.strukturnifondovi.hr\/?s={search_term_string}\"},\"query-input\":{\"@type\":\"PropertyValueSpecification\",\"valueRequired\":true,\"valueName\":\"search_term_string\"}}],\"inLanguage\":\"en-US\"},{\"@type\":\"Organization\",\"@id\":\"https:\/\/arhiva.strukturnifondovi.hr\/#organization\",\"name\":\"Ministarstvo regionalnoga razvoja i fondova Europske unije\",\"url\":\"https:\/\/arhiva.strukturnifondovi.hr\/\",\"logo\":{\"@type\":\"ImageObject\",\"inLanguage\":\"en-US\",\"@id\":\"https:\/\/arhiva.strukturnifondovi.hr\/#\/schema\/logo\/image\/\",\"url\":\"https:\/\/arhiva.strukturnifondovi.hr\/wp-content\/uploads\/2022\/03\/ESI-logotip_boja_bez-pozadine_manji.png\",\"contentUrl\":\"https:\/\/arhiva.strukturnifondovi.hr\/wp-content\/uploads\/2022\/03\/ESI-logotip_boja_bez-pozadine_manji.png\",\"width\":1256,\"height\":413,\"caption\":\"Ministarstvo regionalnoga razvoja i fondova Europske unije\"},\"image\":{\"@id\":\"https:\/\/arhiva.strukturnifondovi.hr\/#\/schema\/logo\/image\/\"}}]}<\/script>\n<!-- \/ Yoast SEO plugin. -->","yoast_head_json":{"title":"Erasmus+ - Europski strukturni i investicijski fondovi % %","robots":{"index":"index","follow":"follow","max-snippet":"max-snippet:-1","max-image-preview":"max-image-preview:large","max-video-preview":"max-video-preview:-1"},"canonical":"https:\/\/arhiva.strukturnifondovi.hr\/erasmus\/","og_locale":"en_US","og_type":"article","og_title":"Erasmus+ - Europski strukturni i investicijski fondovi % %","og_description":"UKUPNI PRORA\u010cUN PROGRAMA &#8211; 14,7 milijardi eura PRORA\u010cUN PROGRAMA ZA RH &#8211; 1,25 milijardi kuna CILJ Erasmus+ najve\u0107i je program...","og_url":"https:\/\/arhiva.strukturnifondovi.hr\/erasmus\/","og_site_name":"Europski strukturni i investicijski fondovi","article_modified_time":"2018-09-11T09:07:39+00:00","twitter_card":"summary_large_image","twitter_misc":{"Est. reading time":"2 minutes"},"schema":{"@context":"https:\/\/schema.org","@graph":[{"@type":"WebPage","@id":"https:\/\/arhiva.strukturnifondovi.hr\/erasmus\/","url":"https:\/\/arhiva.strukturnifondovi.hr\/erasmus\/","name":"Erasmus+ - Europski strukturni i investicijski fondovi % %","isPartOf":{"@id":"https:\/\/arhiva.strukturnifondovi.hr\/#website"},"datePublished":"2018-08-09T11:20:36+00:00","dateModified":"2018-09-11T09:07:39+00:00","breadcrumb":{"@id":"https:\/\/arhiva.strukturnifondovi.hr\/erasmus\/#breadcrumb"},"inLanguage":"en-US","potentialAction":[{"@type":"ReadAction","target":["https:\/\/arhiva.strukturnifondovi.hr\/erasmus\/"]}]},{"@type":"BreadcrumbList","@id":"https:\/\/arhiva.strukturnifondovi.hr\/erasmus\/#breadcrumb","itemListElement":[{"@type":"ListItem","position":1,"name":"Home","item":"https:\/\/arhiva.strukturnifondovi.hr\/en\/"},{"@type":"ListItem","position":2,"name":"Erasmus+"}]},{"@type":"WebSite","@id":"https:\/\/arhiva.strukturnifondovi.hr\/#website","url":"https:\/\/arhiva.strukturnifondovi.hr\/","name":"Europski strukturni i investicijski fondovi","description":"Europski strukturni i investicijski fondovi","publisher":{"@id":"https:\/\/arhiva.strukturnifondovi.hr\/#organization"},"potentialAction":[{"@type":"SearchAction","target":{"@type":"EntryPoint","urlTemplate":"https:\/\/arhiva.strukturnifondovi.hr\/?s={search_term_string}"},"query-input":{"@type":"PropertyValueSpecification","valueRequired":true,"valueName":"search_term_string"}}],"inLanguage":"en-US"},{"@type":"Organization","@id":"https:\/\/arhiva.strukturnifondovi.hr\/#organization","name":"Ministarstvo regionalnoga razvoja i fondova Europske unije","url":"https:\/\/arhiva.strukturnifondovi.hr\/","logo":{"@type":"ImageObject","inLanguage":"en-US","@id":"https:\/\/arhiva.strukturnifondovi.hr\/#\/schema\/logo\/image\/","url":"https:\/\/arhiva.strukturnifondovi.hr\/wp-content\/uploads\/2022\/03\/ESI-logotip_boja_bez-pozadine_manji.png","contentUrl":"https:\/\/arhiva.strukturnifondovi.hr\/wp-content\/uploads\/2022\/03\/ESI-logotip_boja_bez-pozadine_manji.png","width":1256,"height":413,"caption":"Ministarstvo regionalnoga razvoja i fondova Europske unije"},"image":{"@id":"https:\/\/arhiva.strukturnifondovi.hr\/#\/schema\/logo\/image\/"}}]}},"_links":{"self":[{"href":"https:\/\/arhiva.strukturnifondovi.hr\/en\/wp-json\/wp\/v2\/pages\/11856","targetHints":{"allow":["GET"]}}],"collection":[{"href":"https:\/\/arhiva.strukturnifondovi.hr\/en\/wp-json\/wp\/v2\/pages"}],"about":[{"href":"https:\/\/arhiva.strukturnifondovi.hr\/en\/wp-json\/wp\/v2\/types\/page"}],"author":[{"embeddable":true,"href":"https:\/\/arhiva.strukturnifondovi.hr\/en\/wp-json\/wp\/v2\/users\/795"}],"replies":[{"embeddable":true,"href":"https:\/\/arhiva.strukturnifondovi.hr\/en\/wp-json\/wp\/v2\/comments?post=11856"}],"version-history":[{"count":4,"href":"https:\/\/arhiva.strukturnifondovi.hr\/en\/wp-json\/wp\/v2\/pages\/11856\/revisions"}],"predecessor-version":[{"id":12724,"href":"https:\/\/arhiva.strukturnifondovi.hr\/en\/wp-json\/wp\/v2\/pages\/11856\/revisions\/12724"}],"wp:attachment":[{"href":"https:\/\/arhiva.strukturnifondovi.hr\/en\/wp-json\/wp\/v2\/media?parent=11856"}],"curies":[{"name":"wp","href":"https:\/\/api.w.org\/{rel}","templated":true}]}}