{"id":11862,"date":"2018-08-20T15:21:11","date_gmt":"2018-08-20T13:21:11","guid":{"rendered":"https:\/\/arhiva.strukturnifondovi.hr\/?page_id=11862"},"modified":"2018-08-20T15:42:35","modified_gmt":"2018-08-20T13:42:35","slug":"herkul-iii-hercule-iii","status":"publish","type":"page","link":"https:\/\/arhiva.strukturnifondovi.hr\/en\/herkul-iii-hercule-iii\/","title":{"rendered":"Herkul III (Hercule III)"},"content":{"rendered":"<h4><strong><span style=\"color: #333399;\">PRORA\u010cUN PROGRAMA &#8211; 104,9 milijuna eura<\/span><\/strong><\/h4>\n<hr \/>\n<h4><strong><span style=\"color: #333399;\">CILJ<\/span><\/strong><\/h4>\n<p>Herkul III promi\u010de aktivnosti protiv prijevare, korupcije i drugih nezakonitih radnji koje utje\u010du na financijske interese EU. Program \u0107e doprinijeti ja\u010danju transnacionalne suradnje i efikasnijoj prevenciji prijevare, korupcije i drugih nezakonitih radnji uz pomo\u0107 specijalizirane obuke za osoblje nacionalne i regionalne administracije i druge dionike. Op\u0107i cilj ovog programa jest za\u0161tita financijskih interesa Unije, \u010dime se pobolj\u0161ava konkurentnost europskog gospodarstva i osigurava za\u0161tita novca poreznih obveznika.<\/p>\n<p>Posebni cilj programa jest spre\u010davanje prijevara, korupcije i svih drugih nezakonitih radnji koje \u0161tete financijskim interesima Unije te borba protiv njih.<\/p>\n<p>Specifi\u010dni ciljevi programa su:<\/p>\n<ol>\n<li>Za\u0161tititi financijske interese EU te pove\u0107ati konkurentnost europske ekonomije kao i osigurati za\u0161titu novca poreznih obveznika<\/li>\n<li>Sprije\u010diti i boriti se protiv prijevare, korupcije i drugih nezakonitih radnji koje utje\u010du na financijski interes EU<\/li>\n<\/ol>\n<h4><span style=\"color: #333399;\"><strong>AKTIVNOSTI<\/strong><\/span><\/h4>\n<ul>\n<li>Pru\u017eanje specifi\u010dnih znanja, specijalizirane i tehnolo\u0161ki napredne tehnologije te u\u010dinkovitih IKT alata koji olak\u0161avaju transnacionalnu suradnju i suradnju s Europskom Komisijom<\/li>\n<li>Osiguravanje potrebne podr\u0161ke i olak\u0161avanje istra\u017eivanja (stvaranje zajedni\u010dkih istra\u017eiva\u010dkih timova i prekograni\u010dnih aktivnosti<\/li>\n<li>Podr\u0161ka kapacitetu zemalja \u010dlanica da pohrane i uni\u0161te zaplijenjene cigarete kao i neovisne analiti\u010dke usluge za analizu zaplijenjenih cigareta<\/li>\n<li>Unapre\u0111enje razmjene osoblja za odre\u0111ene projekte, pogotovo u podru\u010dju borbe protiv krijum\u010darenja cigareta i krivotvorenja<\/li>\n<li>Pru\u017eanje tehni\u010dke i operativne podr\u0161ke za policijske slu\u017ebe zemalja \u010dlanica u njihovoj borbi protiv nezakonitih prekograni\u010dnih radnji i prijevara koje utje\u010du na financijske interese EU<\/li>\n<li>Izgradnja tehnolo\u0161kih kapaciteta razvijanjem posebnih baza podataka i IKT alata koji olak\u0161avaju pristup podacima i analize<\/li>\n<li>Pove\u0107anje razmjene podataka, razvijanja i pru\u017eanja IKT alata za istrage i nadziranje obavje\u0161tajnog rada<\/li>\n<\/ul>\n<h4><strong><span style=\"color: #333399;\">POTENCIJALNI KORISNICI<\/span><\/strong><\/h4>\n<p>Nacionalne ili regionalne administracije zemalja \u010dlanica ili ostalih zemalja te istra\u017eiva\u010dke i obrazovne ustanove kao i neprofitne organizacije pod uvjetom da rade najmanje godinu dana te promi\u010du ja\u010danje za\u0161tite financijskih interesa EU.<\/p>\n<div class=\"accordion version_2\"><\/p>\n<h2><span class=\"naslov\">KORISNE POVEZNICE I KONTAKTI<\/span><\/h2><div><\/p>\n<p><strong>Ministarstvo financija<\/strong><\/p>\n<p>Stipe \u017dupan, pomo\u0107nik ministra<\/p>\n<p>Kontakt:<\/p>\n<p>Ivana Ramljak<\/p>\n<p>01 4591369; ivana.ramljak@mfin.hr<\/p>\n<h4><strong><span style=\"color: #333399;\">SAZNAJ VI\u0160E:<\/span><\/strong><\/h4>\n<p><a class=\"button primary small\" href=\"https:\/\/ec.europa.eu\/anti-fraud\/policy\/hercule_en\">Europska komisija<\/a><\/p>\n<\/div><\/p>\n<\/div>\n","protected":false},"excerpt":{"rendered":"<p>PRORA\u010cUN PROGRAMA &#8211; 104,9 milijuna eura CILJ Herkul III promi\u010de aktivnosti protiv prijevare, korupcije i drugih nezakonitih radnji koje utje\u010du&#8230;<\/p>\n","protected":false},"author":795,"featured_media":0,"parent":0,"menu_order":0,"comment_status":"closed","ping_status":"closed","template":"page-template2.php","meta":{"inline_featured_image":false,"footnotes":""},"class_list":["post-11862","page","type-page","status-publish","hentry"],"yoast_head":"<!-- This site is optimized with the Yoast SEO plugin v26.8 - https:\/\/yoast.com\/product\/yoast-seo-wordpress\/ -->\n<title>Herkul III (Hercule III) - Europski strukturni i investicijski fondovi % %<\/title>\n<meta name=\"robots\" content=\"index, follow, max-snippet:-1, max-image-preview:large, max-video-preview:-1\" \/>\n<link rel=\"canonical\" href=\"https:\/\/arhiva.strukturnifondovi.hr\/en\/herkul-iii-hercule-iii\/\" \/>\n<meta property=\"og:locale\" content=\"en_US\" \/>\n<meta property=\"og:type\" content=\"article\" \/>\n<meta property=\"og:title\" content=\"Herkul III (Hercule III) - Europski strukturni i investicijski fondovi % %\" \/>\n<meta property=\"og:description\" content=\"PRORA\u010cUN PROGRAMA &#8211; 104,9 milijuna eura CILJ Herkul III promi\u010de aktivnosti protiv prijevare, korupcije i drugih nezakonitih radnji koje utje\u010du...\" \/>\n<meta property=\"og:url\" content=\"https:\/\/arhiva.strukturnifondovi.hr\/en\/herkul-iii-hercule-iii\/\" \/>\n<meta property=\"og:site_name\" content=\"Europski strukturni i investicijski fondovi\" \/>\n<meta property=\"article:modified_time\" content=\"2018-08-20T13:42:35+00:00\" \/>\n<meta name=\"twitter:card\" content=\"summary_large_image\" \/>\n<meta name=\"twitter:label1\" content=\"Est. reading time\" \/>\n\t<meta name=\"twitter:data1\" content=\"2 minutes\" \/>\n<script type=\"application\/ld+json\" class=\"yoast-schema-graph\">{\"@context\":\"https:\/\/schema.org\",\"@graph\":[{\"@type\":\"WebPage\",\"@id\":\"https:\/\/arhiva.strukturnifondovi.hr\/en\/herkul-iii-hercule-iii\/\",\"url\":\"https:\/\/arhiva.strukturnifondovi.hr\/en\/herkul-iii-hercule-iii\/\",\"name\":\"Herkul III (Hercule III) - Europski strukturni i investicijski fondovi % %\",\"isPartOf\":{\"@id\":\"https:\/\/arhiva.strukturnifondovi.hr\/#website\"},\"datePublished\":\"2018-08-20T13:21:11+00:00\",\"dateModified\":\"2018-08-20T13:42:35+00:00\",\"breadcrumb\":{\"@id\":\"https:\/\/arhiva.strukturnifondovi.hr\/en\/herkul-iii-hercule-iii\/#breadcrumb\"},\"inLanguage\":\"en-US\",\"potentialAction\":[{\"@type\":\"ReadAction\",\"target\":[\"https:\/\/arhiva.strukturnifondovi.hr\/en\/herkul-iii-hercule-iii\/\"]}]},{\"@type\":\"BreadcrumbList\",\"@id\":\"https:\/\/arhiva.strukturnifondovi.hr\/en\/herkul-iii-hercule-iii\/#breadcrumb\",\"itemListElement\":[{\"@type\":\"ListItem\",\"position\":1,\"name\":\"Home\",\"item\":\"https:\/\/arhiva.strukturnifondovi.hr\/en\/\"},{\"@type\":\"ListItem\",\"position\":2,\"name\":\"Herkul III (Hercule III)\"}]},{\"@type\":\"WebSite\",\"@id\":\"https:\/\/arhiva.strukturnifondovi.hr\/#website\",\"url\":\"https:\/\/arhiva.strukturnifondovi.hr\/\",\"name\":\"Europski strukturni i investicijski fondovi\",\"description\":\"Europski strukturni i investicijski fondovi\",\"publisher\":{\"@id\":\"https:\/\/arhiva.strukturnifondovi.hr\/#organization\"},\"potentialAction\":[{\"@type\":\"SearchAction\",\"target\":{\"@type\":\"EntryPoint\",\"urlTemplate\":\"https:\/\/arhiva.strukturnifondovi.hr\/?s={search_term_string}\"},\"query-input\":{\"@type\":\"PropertyValueSpecification\",\"valueRequired\":true,\"valueName\":\"search_term_string\"}}],\"inLanguage\":\"en-US\"},{\"@type\":\"Organization\",\"@id\":\"https:\/\/arhiva.strukturnifondovi.hr\/#organization\",\"name\":\"Ministarstvo regionalnoga razvoja i fondova Europske unije\",\"url\":\"https:\/\/arhiva.strukturnifondovi.hr\/\",\"logo\":{\"@type\":\"ImageObject\",\"inLanguage\":\"en-US\",\"@id\":\"https:\/\/arhiva.strukturnifondovi.hr\/#\/schema\/logo\/image\/\",\"url\":\"https:\/\/arhiva.strukturnifondovi.hr\/wp-content\/uploads\/2022\/03\/ESI-logotip_boja_bez-pozadine_manji.png\",\"contentUrl\":\"https:\/\/arhiva.strukturnifondovi.hr\/wp-content\/uploads\/2022\/03\/ESI-logotip_boja_bez-pozadine_manji.png\",\"width\":1256,\"height\":413,\"caption\":\"Ministarstvo regionalnoga razvoja i fondova Europske unije\"},\"image\":{\"@id\":\"https:\/\/arhiva.strukturnifondovi.hr\/#\/schema\/logo\/image\/\"}}]}<\/script>\n<!-- \/ Yoast SEO plugin. -->","yoast_head_json":{"title":"Herkul III (Hercule III) - Europski strukturni i investicijski fondovi % %","robots":{"index":"index","follow":"follow","max-snippet":"max-snippet:-1","max-image-preview":"max-image-preview:large","max-video-preview":"max-video-preview:-1"},"canonical":"https:\/\/arhiva.strukturnifondovi.hr\/en\/herkul-iii-hercule-iii\/","og_locale":"en_US","og_type":"article","og_title":"Herkul III (Hercule III) - Europski strukturni i investicijski fondovi % %","og_description":"PRORA\u010cUN PROGRAMA &#8211; 104,9 milijuna eura CILJ Herkul III promi\u010de aktivnosti protiv prijevare, korupcije i drugih nezakonitih radnji koje utje\u010du...","og_url":"https:\/\/arhiva.strukturnifondovi.hr\/en\/herkul-iii-hercule-iii\/","og_site_name":"Europski strukturni i investicijski fondovi","article_modified_time":"2018-08-20T13:42:35+00:00","twitter_card":"summary_large_image","twitter_misc":{"Est. reading time":"2 minutes"},"schema":{"@context":"https:\/\/schema.org","@graph":[{"@type":"WebPage","@id":"https:\/\/arhiva.strukturnifondovi.hr\/en\/herkul-iii-hercule-iii\/","url":"https:\/\/arhiva.strukturnifondovi.hr\/en\/herkul-iii-hercule-iii\/","name":"Herkul III (Hercule III) - Europski strukturni i investicijski fondovi % %","isPartOf":{"@id":"https:\/\/arhiva.strukturnifondovi.hr\/#website"},"datePublished":"2018-08-20T13:21:11+00:00","dateModified":"2018-08-20T13:42:35+00:00","breadcrumb":{"@id":"https:\/\/arhiva.strukturnifondovi.hr\/en\/herkul-iii-hercule-iii\/#breadcrumb"},"inLanguage":"en-US","potentialAction":[{"@type":"ReadAction","target":["https:\/\/arhiva.strukturnifondovi.hr\/en\/herkul-iii-hercule-iii\/"]}]},{"@type":"BreadcrumbList","@id":"https:\/\/arhiva.strukturnifondovi.hr\/en\/herkul-iii-hercule-iii\/#breadcrumb","itemListElement":[{"@type":"ListItem","position":1,"name":"Home","item":"https:\/\/arhiva.strukturnifondovi.hr\/en\/"},{"@type":"ListItem","position":2,"name":"Herkul III (Hercule III)"}]},{"@type":"WebSite","@id":"https:\/\/arhiva.strukturnifondovi.hr\/#website","url":"https:\/\/arhiva.strukturnifondovi.hr\/","name":"Europski strukturni i investicijski fondovi","description":"Europski strukturni i investicijski fondovi","publisher":{"@id":"https:\/\/arhiva.strukturnifondovi.hr\/#organization"},"potentialAction":[{"@type":"SearchAction","target":{"@type":"EntryPoint","urlTemplate":"https:\/\/arhiva.strukturnifondovi.hr\/?s={search_term_string}"},"query-input":{"@type":"PropertyValueSpecification","valueRequired":true,"valueName":"search_term_string"}}],"inLanguage":"en-US"},{"@type":"Organization","@id":"https:\/\/arhiva.strukturnifondovi.hr\/#organization","name":"Ministarstvo regionalnoga razvoja i fondova Europske unije","url":"https:\/\/arhiva.strukturnifondovi.hr\/","logo":{"@type":"ImageObject","inLanguage":"en-US","@id":"https:\/\/arhiva.strukturnifondovi.hr\/#\/schema\/logo\/image\/","url":"https:\/\/arhiva.strukturnifondovi.hr\/wp-content\/uploads\/2022\/03\/ESI-logotip_boja_bez-pozadine_manji.png","contentUrl":"https:\/\/arhiva.strukturnifondovi.hr\/wp-content\/uploads\/2022\/03\/ESI-logotip_boja_bez-pozadine_manji.png","width":1256,"height":413,"caption":"Ministarstvo regionalnoga razvoja i fondova Europske unije"},"image":{"@id":"https:\/\/arhiva.strukturnifondovi.hr\/#\/schema\/logo\/image\/"}}]}},"_links":{"self":[{"href":"https:\/\/arhiva.strukturnifondovi.hr\/en\/wp-json\/wp\/v2\/pages\/11862","targetHints":{"allow":["GET"]}}],"collection":[{"href":"https:\/\/arhiva.strukturnifondovi.hr\/en\/wp-json\/wp\/v2\/pages"}],"about":[{"href":"https:\/\/arhiva.strukturnifondovi.hr\/en\/wp-json\/wp\/v2\/types\/page"}],"author":[{"embeddable":true,"href":"https:\/\/arhiva.strukturnifondovi.hr\/en\/wp-json\/wp\/v2\/users\/795"}],"replies":[{"embeddable":true,"href":"https:\/\/arhiva.strukturnifondovi.hr\/en\/wp-json\/wp\/v2\/comments?post=11862"}],"version-history":[{"count":1,"href":"https:\/\/arhiva.strukturnifondovi.hr\/en\/wp-json\/wp\/v2\/pages\/11862\/revisions"}],"predecessor-version":[{"id":11864,"href":"https:\/\/arhiva.strukturnifondovi.hr\/en\/wp-json\/wp\/v2\/pages\/11862\/revisions\/11864"}],"wp:attachment":[{"href":"https:\/\/arhiva.strukturnifondovi.hr\/en\/wp-json\/wp\/v2\/media?parent=11862"}],"curies":[{"name":"wp","href":"https:\/\/api.w.org\/{rel}","templated":true}]}}