{"id":11891,"date":"2018-08-10T10:14:20","date_gmt":"2018-08-10T08:14:20","guid":{"rendered":"https:\/\/arhiva.strukturnifondovi.hr\/?page_id=11891"},"modified":"2018-09-12T09:40:17","modified_gmt":"2018-09-12T07:40:17","slug":"interoperabilna-rjesenja-za-europsku-javnu-upravu-isa2-2016-2020","status":"publish","type":"page","link":"https:\/\/arhiva.strukturnifondovi.hr\/en\/interoperabilna-rjesenja-za-europsku-javnu-upravu-isa2-2016-2020\/","title":{"rendered":"Interoperabilna rje\u0161enja za europsku javnu upravu (ISA2 ) 2016-2020"},"content":{"rendered":"<h4><strong><span style=\"color: #333399;\">PRORA\u010cUN PROGRAMA &#8211; 131 milijun eura<\/span><\/strong><\/h4>\n<hr \/>\n<h4><strong><span style=\"color: #333399;\">CILJEVI<\/span><\/strong><\/h4>\n<ul>\n<li>razvijanje, odr\u017eavanje i promicanje holisti\u010dkog pristupa interoperabilnosti u Uniji kako bi se uklonila fragmentacija u okru\u017eenju interoperabilnosti u Uniji;<\/li>\n<li>olak\u0161avanje u\u010dinkovite i djelotvorne elektroni\u010dke prekograni\u010dne ili me\u0111usektorske interakcije europskih javnih uprava s jedne strane te europskih javnih uprava i poduzetnika i gra\u0111ana s druge strane, doprino\u0161enje razvoju u\u010dinkovitije, jednostavnije i prakti\u010dnije e-uprave na nacionalnoj, regionalnoj i lokalnoj razini javne uprave;<\/li>\n<li>utvr\u0111ivanje, osmi\u0161ljavanje i primjena interoperabilnih rje\u0161enja kojima se poti\u010du provedba politika i aktivnosti Unije;<\/li>\n<li>olak\u0161avanje ponovne uporabe interoperabilnih rje\u0161enja u europskim javnim upravama.<\/li>\n<\/ul>\n<h4><span style=\"color: #333399;\"><strong>AKTIVNOSTI<\/strong><\/span><\/h4>\n<p>Program ISA2\u00a0podr\u017eava i poti\u010de:<\/p>\n<ol>\n<li>Procjenu, pobolj\u0161anje, primjenu i ponovnu uporabu postoje\u0107ih prekograni\u010dnih i me\u0111usektorskih interoperabilnih rje\u0161enja i zajedni\u010dkih okvira.<\/li>\n<li>Razvoj, uspostavu, usavr\u0161avanje, primjenu i ponovnu uporabu novih prekograni\u010dnih ili me\u0111usektorskih interoperabilnih rje\u0161enja i zajedni\u010dkih okvira.<\/li>\n<li>Procjenu posljedica predlo\u017eenog ili donesenog zakonodavstva Unije na IKT.<\/li>\n<li>Utvr\u0111ivanje praznina u zakonodavstvu na razini Unije i na nacionalnoj razini kojima se ote\u017eava prekograni\u010dna ili me\u0111usektorska interoperabilnost europskih javnih uprava.<\/li>\n<li>Razvoj mehanizama kojima se mjere i kvantificiraju koristi od interoperabilnih rje\u0161enja, uklju\u010duju\u0107i metodologije za procjenu u\u0161teda tro\u0161kova.<\/li>\n<li>Mapiranje i analiza ukupnog okru\u017eenja interoperabilnosti u Uniji putem uspostave, odr\u017eavanja i pobolj\u0161anja EIRA-e i EIC-a kao instrumenata kojima se olak\u0161ava ponovna uporaba postoje\u0107ih interoperabilnih rje\u0161enja i utvr\u0111uju podru\u010dja u kojima su takva rje\u0161enja jo\u0161 uvijek nedostatna.<\/li>\n<li>Odr\u017eavanje, a\u017euriranje, promicanje i pra\u0107enje provedbe EIS-a, EIF-a i EIRA-e.<\/li>\n<li>Procjenu, a\u017euriranje i promicanje postoje\u0107ih zajedni\u010dkih specifikacija i normi te razvoj, uspostavu i promicanje novih zajedni\u010dkih specifikacija i otvorenih specifikacija i normi preko platformi Unije za normizaciju i u suradnji s europskim ili me\u0111unarodnim organizacijama za normizaciju, kako je primjereno.<\/li>\n<li>Odr\u017eavanje i \u0161irenje platforme kojom se omogu\u0107uje pristup funkcioniranju kao na\u010dinu ja\u010danja svijesti i \u0161irenja dostupnih rje\u0161enja, te suradnja u pogledu najboljih praksi, uklju\u010duju\u0107i sigurnosne okvire i poma\u017eu\u0107i u izbjegavanju udvostru\u010davanja napora, istodobno poti\u010du\u0107i ponovnu primjenu rje\u0161enja i standarda.<\/li>\n<li>Usavr\u0161avanje novih interoperabilnih usluga i alata te odr\u017eavanje i primjena postoje\u0107ih interoperabilnih usluga i alata na privremenoj osnovi.<\/li>\n<li>Utvr\u0111ivanje i promicanje najboljih praksi, izra\u0111ivanje smjernica za uskla\u0111ivanje inicijativa za interoperabilnost te poticanje i podr\u017eavanje zajednica koje rade na pitanjima bitnima za podru\u010dje elektroni\u010dke prekograni\u010dne ili me\u0111usektorske interakcije me\u0111u krajnjim korisnicima.<\/li>\n<\/ol>\n<h4><strong><span style=\"color: #333399;\">POTENCIJALNI KORISNICI<\/span><\/strong><\/h4>\n<p>Ovisno o pozivu za dostavu projektnih prijedloga:<\/p>\n<p>* tijela dr\u017eavne uprave,<\/p>\n<p>* tijela lokalne i podru\u010dne (regionalna) samouprave<\/p>\n<div class=\"accordion version_2\"><\/p>\n<h2><span class=\"naslov\">KORISNE POVEZNICE I KONTAKTI<\/span><\/h2><div><\/p>\n<p><strong>Ministarstvo uprave<\/strong><\/p>\n<p>Zrinka Buli\u0107, pomo\u0107nica ministra<\/p>\n<p>Kontakt:<\/p>\n<p>Zoran Lu\u0161a<\/p>\n<p>01 2357 527; <a href=\"mailto:zoran.lusa@uprava.hr\">zoran.lusa@uprava.hr<\/a><\/p>\n<h4><strong><span style=\"color: #333399;\">SAZNAJ VI\u0160E:<\/span><\/strong><\/h4>\n<p><a class=\"button primary small\" href=\"https:\/\/ec.europa.eu\/isa2\/actions_en\">Europska komisija<\/a> <a class=\"button transparent small\" href=\"https:\/\/uprava.gov.hr\/program-interoperabilna-rjesenja-za-europsku-javnu-upravu-interoperability-solutions-for-european-public-administrations-isa\/876\">Ministarstvo uprave<\/a><\/p>\n<\/div><\/p>\n<\/div>\n<p>&nbsp;<\/p>\n","protected":false},"excerpt":{"rendered":"<p>PRORA\u010cUN PROGRAMA &#8211; 131 milijun eura CILJEVI razvijanje, odr\u017eavanje i promicanje holisti\u010dkog pristupa interoperabilnosti u Uniji kako bi se uklonila&#8230;<\/p>\n","protected":false},"author":795,"featured_media":0,"parent":0,"menu_order":0,"comment_status":"closed","ping_status":"closed","template":"page-template2.php","meta":{"inline_featured_image":false,"footnotes":""},"class_list":["post-11891","page","type-page","status-publish","hentry"],"yoast_head":"<!-- This site is optimized with the Yoast SEO plugin v26.8 - https:\/\/yoast.com\/product\/yoast-seo-wordpress\/ -->\n<title>Interoperabilna rje\u0161enja za europsku javnu upravu (ISA2 ) 2016-2020 - Europski strukturni i investicijski fondovi % %<\/title>\n<meta name=\"robots\" content=\"index, follow, max-snippet:-1, max-image-preview:large, max-video-preview:-1\" \/>\n<link rel=\"canonical\" href=\"https:\/\/arhiva.strukturnifondovi.hr\/interoperabilna-rjesenja-za-europsku-javnu-upravu-isa2-2016-2020\/\" \/>\n<meta property=\"og:locale\" content=\"en_US\" \/>\n<meta property=\"og:type\" content=\"article\" \/>\n<meta property=\"og:title\" content=\"Interoperabilna rje\u0161enja za europsku javnu upravu (ISA2 ) 2016-2020 - Europski strukturni i investicijski fondovi % %\" \/>\n<meta property=\"og:description\" content=\"PRORA\u010cUN PROGRAMA &#8211; 131 milijun eura CILJEVI razvijanje, odr\u017eavanje i promicanje holisti\u010dkog pristupa interoperabilnosti u Uniji kako bi se uklonila...\" \/>\n<meta property=\"og:url\" content=\"https:\/\/arhiva.strukturnifondovi.hr\/interoperabilna-rjesenja-za-europsku-javnu-upravu-isa2-2016-2020\/\" \/>\n<meta property=\"og:site_name\" content=\"Europski strukturni i investicijski fondovi\" \/>\n<meta property=\"article:modified_time\" content=\"2018-09-12T07:40:17+00:00\" \/>\n<meta name=\"twitter:card\" content=\"summary_large_image\" \/>\n<meta name=\"twitter:label1\" content=\"Est. reading time\" \/>\n\t<meta name=\"twitter:data1\" content=\"2 minutes\" \/>\n<script type=\"application\/ld+json\" class=\"yoast-schema-graph\">{\"@context\":\"https:\/\/schema.org\",\"@graph\":[{\"@type\":\"WebPage\",\"@id\":\"https:\/\/arhiva.strukturnifondovi.hr\/interoperabilna-rjesenja-za-europsku-javnu-upravu-isa2-2016-2020\/\",\"url\":\"https:\/\/arhiva.strukturnifondovi.hr\/interoperabilna-rjesenja-za-europsku-javnu-upravu-isa2-2016-2020\/\",\"name\":\"Interoperabilna rje\u0161enja za europsku javnu upravu (ISA2 ) 2016-2020 - Europski strukturni i investicijski fondovi % %\",\"isPartOf\":{\"@id\":\"https:\/\/arhiva.strukturnifondovi.hr\/#website\"},\"datePublished\":\"2018-08-10T08:14:20+00:00\",\"dateModified\":\"2018-09-12T07:40:17+00:00\",\"breadcrumb\":{\"@id\":\"https:\/\/arhiva.strukturnifondovi.hr\/interoperabilna-rjesenja-za-europsku-javnu-upravu-isa2-2016-2020\/#breadcrumb\"},\"inLanguage\":\"en-US\",\"potentialAction\":[{\"@type\":\"ReadAction\",\"target\":[\"https:\/\/arhiva.strukturnifondovi.hr\/interoperabilna-rjesenja-za-europsku-javnu-upravu-isa2-2016-2020\/\"]}]},{\"@type\":\"BreadcrumbList\",\"@id\":\"https:\/\/arhiva.strukturnifondovi.hr\/interoperabilna-rjesenja-za-europsku-javnu-upravu-isa2-2016-2020\/#breadcrumb\",\"itemListElement\":[{\"@type\":\"ListItem\",\"position\":1,\"name\":\"Home\",\"item\":\"https:\/\/arhiva.strukturnifondovi.hr\/en\/\"},{\"@type\":\"ListItem\",\"position\":2,\"name\":\"Interoperabilna rje\u0161enja za europsku javnu upravu (ISA2 ) 2016-2020\"}]},{\"@type\":\"WebSite\",\"@id\":\"https:\/\/arhiva.strukturnifondovi.hr\/#website\",\"url\":\"https:\/\/arhiva.strukturnifondovi.hr\/\",\"name\":\"Europski strukturni i investicijski fondovi\",\"description\":\"Europski strukturni i investicijski fondovi\",\"publisher\":{\"@id\":\"https:\/\/arhiva.strukturnifondovi.hr\/#organization\"},\"potentialAction\":[{\"@type\":\"SearchAction\",\"target\":{\"@type\":\"EntryPoint\",\"urlTemplate\":\"https:\/\/arhiva.strukturnifondovi.hr\/?s={search_term_string}\"},\"query-input\":{\"@type\":\"PropertyValueSpecification\",\"valueRequired\":true,\"valueName\":\"search_term_string\"}}],\"inLanguage\":\"en-US\"},{\"@type\":\"Organization\",\"@id\":\"https:\/\/arhiva.strukturnifondovi.hr\/#organization\",\"name\":\"Ministarstvo regionalnoga razvoja i fondova Europske unije\",\"url\":\"https:\/\/arhiva.strukturnifondovi.hr\/\",\"logo\":{\"@type\":\"ImageObject\",\"inLanguage\":\"en-US\",\"@id\":\"https:\/\/arhiva.strukturnifondovi.hr\/#\/schema\/logo\/image\/\",\"url\":\"https:\/\/arhiva.strukturnifondovi.hr\/wp-content\/uploads\/2022\/03\/ESI-logotip_boja_bez-pozadine_manji.png\",\"contentUrl\":\"https:\/\/arhiva.strukturnifondovi.hr\/wp-content\/uploads\/2022\/03\/ESI-logotip_boja_bez-pozadine_manji.png\",\"width\":1256,\"height\":413,\"caption\":\"Ministarstvo regionalnoga razvoja i fondova Europske unije\"},\"image\":{\"@id\":\"https:\/\/arhiva.strukturnifondovi.hr\/#\/schema\/logo\/image\/\"}}]}<\/script>\n<!-- \/ Yoast SEO plugin. -->","yoast_head_json":{"title":"Interoperabilna rje\u0161enja za europsku javnu upravu (ISA2 ) 2016-2020 - Europski strukturni i investicijski fondovi % %","robots":{"index":"index","follow":"follow","max-snippet":"max-snippet:-1","max-image-preview":"max-image-preview:large","max-video-preview":"max-video-preview:-1"},"canonical":"https:\/\/arhiva.strukturnifondovi.hr\/interoperabilna-rjesenja-za-europsku-javnu-upravu-isa2-2016-2020\/","og_locale":"en_US","og_type":"article","og_title":"Interoperabilna rje\u0161enja za europsku javnu upravu (ISA2 ) 2016-2020 - Europski strukturni i investicijski fondovi % %","og_description":"PRORA\u010cUN PROGRAMA &#8211; 131 milijun eura CILJEVI razvijanje, odr\u017eavanje i promicanje holisti\u010dkog pristupa interoperabilnosti u Uniji kako bi se uklonila...","og_url":"https:\/\/arhiva.strukturnifondovi.hr\/interoperabilna-rjesenja-za-europsku-javnu-upravu-isa2-2016-2020\/","og_site_name":"Europski strukturni i investicijski fondovi","article_modified_time":"2018-09-12T07:40:17+00:00","twitter_card":"summary_large_image","twitter_misc":{"Est. reading time":"2 minutes"},"schema":{"@context":"https:\/\/schema.org","@graph":[{"@type":"WebPage","@id":"https:\/\/arhiva.strukturnifondovi.hr\/interoperabilna-rjesenja-za-europsku-javnu-upravu-isa2-2016-2020\/","url":"https:\/\/arhiva.strukturnifondovi.hr\/interoperabilna-rjesenja-za-europsku-javnu-upravu-isa2-2016-2020\/","name":"Interoperabilna rje\u0161enja za europsku javnu upravu (ISA2 ) 2016-2020 - Europski strukturni i investicijski fondovi % %","isPartOf":{"@id":"https:\/\/arhiva.strukturnifondovi.hr\/#website"},"datePublished":"2018-08-10T08:14:20+00:00","dateModified":"2018-09-12T07:40:17+00:00","breadcrumb":{"@id":"https:\/\/arhiva.strukturnifondovi.hr\/interoperabilna-rjesenja-za-europsku-javnu-upravu-isa2-2016-2020\/#breadcrumb"},"inLanguage":"en-US","potentialAction":[{"@type":"ReadAction","target":["https:\/\/arhiva.strukturnifondovi.hr\/interoperabilna-rjesenja-za-europsku-javnu-upravu-isa2-2016-2020\/"]}]},{"@type":"BreadcrumbList","@id":"https:\/\/arhiva.strukturnifondovi.hr\/interoperabilna-rjesenja-za-europsku-javnu-upravu-isa2-2016-2020\/#breadcrumb","itemListElement":[{"@type":"ListItem","position":1,"name":"Home","item":"https:\/\/arhiva.strukturnifondovi.hr\/en\/"},{"@type":"ListItem","position":2,"name":"Interoperabilna rje\u0161enja za europsku javnu upravu (ISA2 ) 2016-2020"}]},{"@type":"WebSite","@id":"https:\/\/arhiva.strukturnifondovi.hr\/#website","url":"https:\/\/arhiva.strukturnifondovi.hr\/","name":"Europski strukturni i investicijski fondovi","description":"Europski strukturni i investicijski fondovi","publisher":{"@id":"https:\/\/arhiva.strukturnifondovi.hr\/#organization"},"potentialAction":[{"@type":"SearchAction","target":{"@type":"EntryPoint","urlTemplate":"https:\/\/arhiva.strukturnifondovi.hr\/?s={search_term_string}"},"query-input":{"@type":"PropertyValueSpecification","valueRequired":true,"valueName":"search_term_string"}}],"inLanguage":"en-US"},{"@type":"Organization","@id":"https:\/\/arhiva.strukturnifondovi.hr\/#organization","name":"Ministarstvo regionalnoga razvoja i fondova Europske unije","url":"https:\/\/arhiva.strukturnifondovi.hr\/","logo":{"@type":"ImageObject","inLanguage":"en-US","@id":"https:\/\/arhiva.strukturnifondovi.hr\/#\/schema\/logo\/image\/","url":"https:\/\/arhiva.strukturnifondovi.hr\/wp-content\/uploads\/2022\/03\/ESI-logotip_boja_bez-pozadine_manji.png","contentUrl":"https:\/\/arhiva.strukturnifondovi.hr\/wp-content\/uploads\/2022\/03\/ESI-logotip_boja_bez-pozadine_manji.png","width":1256,"height":413,"caption":"Ministarstvo regionalnoga razvoja i fondova Europske unije"},"image":{"@id":"https:\/\/arhiva.strukturnifondovi.hr\/#\/schema\/logo\/image\/"}}]}},"_links":{"self":[{"href":"https:\/\/arhiva.strukturnifondovi.hr\/en\/wp-json\/wp\/v2\/pages\/11891","targetHints":{"allow":["GET"]}}],"collection":[{"href":"https:\/\/arhiva.strukturnifondovi.hr\/en\/wp-json\/wp\/v2\/pages"}],"about":[{"href":"https:\/\/arhiva.strukturnifondovi.hr\/en\/wp-json\/wp\/v2\/types\/page"}],"author":[{"embeddable":true,"href":"https:\/\/arhiva.strukturnifondovi.hr\/en\/wp-json\/wp\/v2\/users\/795"}],"replies":[{"embeddable":true,"href":"https:\/\/arhiva.strukturnifondovi.hr\/en\/wp-json\/wp\/v2\/comments?post=11891"}],"version-history":[{"count":4,"href":"https:\/\/arhiva.strukturnifondovi.hr\/en\/wp-json\/wp\/v2\/pages\/11891\/revisions"}],"predecessor-version":[{"id":12767,"href":"https:\/\/arhiva.strukturnifondovi.hr\/en\/wp-json\/wp\/v2\/pages\/11891\/revisions\/12767"}],"wp:attachment":[{"href":"https:\/\/arhiva.strukturnifondovi.hr\/en\/wp-json\/wp\/v2\/media?parent=11891"}],"curies":[{"name":"wp","href":"https:\/\/api.w.org\/{rel}","templated":true}]}}