{"id":11894,"date":"2018-08-10T10:37:25","date_gmt":"2018-08-10T08:37:25","guid":{"rendered":"https:\/\/arhiva.strukturnifondovi.hr\/?page_id=11894"},"modified":"2018-08-20T12:12:38","modified_gmt":"2018-08-20T10:12:38","slug":"life","status":"publish","type":"page","link":"https:\/\/arhiva.strukturnifondovi.hr\/en\/life\/","title":{"rendered":"Program LIFE"},"content":{"rendered":"<h4><strong><span style=\"color: #333399;\">PRORA\u010cUN PROGRAMA &#8211; 3,4 milijardi eura<\/span><\/strong><\/h4>\n<hr \/>\n<h4><strong><span style=\"color: #333399;\">CILJ<\/span><\/strong><\/h4>\n<p>Program LIFE je financijski instrument Europske unije namijenjen financiranju projektnih aktivnosti na podru\u010dju za\u0161tite okoli\u0161a i klime. Cilj Programa LIFE je doprinijeti implementaciji, a\u017euriranju i razvoju EU politika i zakonodavstva iz podru\u010dja okoli\u0161a i klime kroz sufinanciranje projekata koji imaju europsku dodanu vrijednost. Program LIFE zapo\u010deo je 1992. godine, a trenuta\u010dno se nalazimo u programskom razdoblju 2014. \u2013 2020.\u00a0koji je nastavak LIFE + iz razdoblja 2007. \u2013 2013.<\/p>\n<p>Europska unija kroz Program LIFE sufinancira pilot, demonstracijske, informacijske i projekte najbolje prakse iz podru\u010dja okoli\u0161a, u\u010dinkovitosti resursa, prirode i bioraznolikosti kroz potprogram Okoli\u0161 te ubla\u017eavanje klimatskih promjena i prilagodbu na njih kroz potprogram Klimatske aktivnosti. LIFE program doprinijeti \u0107e odr\u017eivom razvoju i postizanju ciljeva iz Strategije Europa 2020, Sedmog Akcijskog plana za okoli\u0161 i drugih relevantnih EU strategija i planova na podru\u010dju okoli\u0161a i klimatskih aktivnosti.<\/p>\n<p>Europska komisija jedanput godi\u0161nje raspisuje natje\u010daj za projektne prijedloge.<\/p>\n<p>Op\u0107i ciljevi programa su:<\/p>\n<ol>\n<li>Doprinijeti prelasku na gospodarstvo koje upotrebljava u\u010dinkovite resurse, ima nisku razinu emisije CO2 i otporno je na klimatske promjene, doprinijeti za\u0161titi i pobolj\u0161anju kvalitete okoli\u0161a te zaustavljanju i smanjenju gubitka bioraznolikosti, uklju\u010duju\u0107i davanje podr\u0161ke mre\u017ei Natura 2000 i borbu protiv naru\u0161avanja ekosustava<\/li>\n<li>Pobolj\u0161ati razvoj, provedbu i primjenu okoli\u0161ne i klimatske politike i zakonodavstva unije te djelovati kao katalizator i promicati integraciju i uklju\u010divanje okoli\u0161nih i klimatskih ciljeva u druge politike Unije<\/li>\n<li>Podupirati bolje upravljanje u podru\u010dju okoli\u0161a i klime na svim razinama, uklju\u010duju\u0107i bolje sudjelovanje civilnog dru\u0161tva, NVO-a i lokalnih aktera<\/li>\n<li>Podr\u017eati provedbu Sedmog akcijskog plana za okoli\u0161.<\/li>\n<\/ol>\n<h4><span style=\"color: #333399;\"><strong>AKTIVNOSTI &#8211; PRIORITETNA PODRU\u010cJA<\/strong><\/span><\/h4>\n<p style=\"padding-left: 30px;\"><span style=\"color: #333399;\"><span style=\"color: #333300;\">&#8211; Okoli\u0161 i u\u010dinkovito kori\u0161tenje resursa<\/span><br \/>\n<span style=\"color: #333300;\">&#8211; Priroda i bioraznolikost<\/span><br \/>\n<span style=\"color: #333300;\">&#8211; Okoli\u0161no upravljanje i informacije<\/span><br \/>\n<span style=\"color: #333300;\">&#8211; Ubla\u017eavanje klimatskih promjena <\/span><br \/>\n<span style=\"color: #333300;\">&#8211; Prilago\u0111avanje klimatskim promjena<\/span><br \/>\n<span style=\"color: #333300;\">&#8211; Upravljanje i informacije na podru\u010dju klime<\/span><strong><br \/>\n<\/strong><\/span><\/p>\n<h4><strong><span style=\"color: #333399;\">POTENCIJALNI KORISNICI<\/span><\/strong><\/h4>\n<p>Svaka pravna osoba registrirana na podru\u010dju Europske unije.<\/p>\n<p>Javna i privatna tijela koja dolaze iz zemalja \u010dlanica EU, EFTA-e, zemalja kandidata, potencijalni kandidati iz zemalja pristupnica EU te zemlje na koje se primjenjuje Europska politika susjedstva.<\/p>\n<div class=\"accordion version_2\"><\/p>\n<h2><span class=\"naslov\">KORISNE POVEZNICE I KONTAKTI<\/span><\/h2><div><\/p>\n<p><strong>Ministarstvo za\u0161tite okoli\u0161a i energetike<\/strong><\/p>\n<p>Igor Kreitmeyer, pomo\u0107nik ministra<\/p>\n<p>Kontakt:<\/p>\n<p>Nikolina Petkovi\u0107 Gregori\u0107<\/p>\n<p>01 3717 209; Nikolina.PetkovicGregoric@mzoe.hr<\/p>\n<h4><strong><span style=\"color: #333399;\">SAZNAJ VI\u0160E:<\/span><\/strong><\/h4>\n<p><a class=\"button primary small\" href=\"http:\/\/ec.europa.eu\/environment\/life\/\">Europska komisija<\/a>\u00a0<a class=\"button transparent small\" href=\"https:\/\/lifeprogramhrvatska.hr\/hr\/\">Life Hrvatska<\/a><\/p>\n<\/div><\/p>\n<\/div>\n","protected":false},"excerpt":{"rendered":"<p>PRORA\u010cUN PROGRAMA &#8211; 3,4 milijardi eura CILJ Program LIFE je financijski instrument Europske unije namijenjen financiranju projektnih aktivnosti na podru\u010dju&#8230;<\/p>\n","protected":false},"author":795,"featured_media":0,"parent":0,"menu_order":0,"comment_status":"closed","ping_status":"closed","template":"page-template2.php","meta":{"inline_featured_image":false,"footnotes":""},"class_list":["post-11894","page","type-page","status-publish","hentry"],"yoast_head":"<!-- This site is optimized with the Yoast SEO plugin v26.8 - https:\/\/yoast.com\/product\/yoast-seo-wordpress\/ -->\n<title>Program LIFE - Europski strukturni i investicijski fondovi % %<\/title>\n<meta name=\"robots\" content=\"index, follow, max-snippet:-1, max-image-preview:large, max-video-preview:-1\" \/>\n<link rel=\"canonical\" href=\"https:\/\/arhiva.strukturnifondovi.hr\/en\/life\/\" \/>\n<meta property=\"og:locale\" content=\"en_US\" \/>\n<meta property=\"og:type\" content=\"article\" \/>\n<meta property=\"og:title\" content=\"Program LIFE - Europski strukturni i investicijski fondovi % %\" \/>\n<meta property=\"og:description\" content=\"PRORA\u010cUN PROGRAMA &#8211; 3,4 milijardi eura CILJ Program LIFE je financijski instrument Europske unije namijenjen financiranju projektnih aktivnosti na podru\u010dju...\" \/>\n<meta property=\"og:url\" content=\"https:\/\/arhiva.strukturnifondovi.hr\/en\/life\/\" \/>\n<meta property=\"og:site_name\" content=\"Europski strukturni i investicijski fondovi\" \/>\n<meta property=\"article:modified_time\" content=\"2018-08-20T10:12:38+00:00\" \/>\n<meta name=\"twitter:card\" content=\"summary_large_image\" \/>\n<meta name=\"twitter:label1\" content=\"Est. reading time\" \/>\n\t<meta name=\"twitter:data1\" content=\"2 minutes\" \/>\n<script type=\"application\/ld+json\" class=\"yoast-schema-graph\">{\"@context\":\"https:\/\/schema.org\",\"@graph\":[{\"@type\":\"WebPage\",\"@id\":\"https:\/\/arhiva.strukturnifondovi.hr\/en\/life\/\",\"url\":\"https:\/\/arhiva.strukturnifondovi.hr\/en\/life\/\",\"name\":\"Program LIFE - Europski strukturni i investicijski fondovi % %\",\"isPartOf\":{\"@id\":\"https:\/\/arhiva.strukturnifondovi.hr\/#website\"},\"datePublished\":\"2018-08-10T08:37:25+00:00\",\"dateModified\":\"2018-08-20T10:12:38+00:00\",\"breadcrumb\":{\"@id\":\"https:\/\/arhiva.strukturnifondovi.hr\/en\/life\/#breadcrumb\"},\"inLanguage\":\"en-US\",\"potentialAction\":[{\"@type\":\"ReadAction\",\"target\":[\"https:\/\/arhiva.strukturnifondovi.hr\/en\/life\/\"]}]},{\"@type\":\"BreadcrumbList\",\"@id\":\"https:\/\/arhiva.strukturnifondovi.hr\/en\/life\/#breadcrumb\",\"itemListElement\":[{\"@type\":\"ListItem\",\"position\":1,\"name\":\"Home\",\"item\":\"https:\/\/arhiva.strukturnifondovi.hr\/en\/\"},{\"@type\":\"ListItem\",\"position\":2,\"name\":\"Program LIFE\"}]},{\"@type\":\"WebSite\",\"@id\":\"https:\/\/arhiva.strukturnifondovi.hr\/#website\",\"url\":\"https:\/\/arhiva.strukturnifondovi.hr\/\",\"name\":\"Europski strukturni i investicijski fondovi\",\"description\":\"Europski strukturni i investicijski fondovi\",\"publisher\":{\"@id\":\"https:\/\/arhiva.strukturnifondovi.hr\/#organization\"},\"potentialAction\":[{\"@type\":\"SearchAction\",\"target\":{\"@type\":\"EntryPoint\",\"urlTemplate\":\"https:\/\/arhiva.strukturnifondovi.hr\/?s={search_term_string}\"},\"query-input\":{\"@type\":\"PropertyValueSpecification\",\"valueRequired\":true,\"valueName\":\"search_term_string\"}}],\"inLanguage\":\"en-US\"},{\"@type\":\"Organization\",\"@id\":\"https:\/\/arhiva.strukturnifondovi.hr\/#organization\",\"name\":\"Ministarstvo regionalnoga razvoja i fondova Europske unije\",\"url\":\"https:\/\/arhiva.strukturnifondovi.hr\/\",\"logo\":{\"@type\":\"ImageObject\",\"inLanguage\":\"en-US\",\"@id\":\"https:\/\/arhiva.strukturnifondovi.hr\/#\/schema\/logo\/image\/\",\"url\":\"https:\/\/arhiva.strukturnifondovi.hr\/wp-content\/uploads\/2022\/03\/ESI-logotip_boja_bez-pozadine_manji.png\",\"contentUrl\":\"https:\/\/arhiva.strukturnifondovi.hr\/wp-content\/uploads\/2022\/03\/ESI-logotip_boja_bez-pozadine_manji.png\",\"width\":1256,\"height\":413,\"caption\":\"Ministarstvo regionalnoga razvoja i fondova Europske unije\"},\"image\":{\"@id\":\"https:\/\/arhiva.strukturnifondovi.hr\/#\/schema\/logo\/image\/\"}}]}<\/script>\n<!-- \/ Yoast SEO plugin. -->","yoast_head_json":{"title":"Program LIFE - Europski strukturni i investicijski fondovi % %","robots":{"index":"index","follow":"follow","max-snippet":"max-snippet:-1","max-image-preview":"max-image-preview:large","max-video-preview":"max-video-preview:-1"},"canonical":"https:\/\/arhiva.strukturnifondovi.hr\/en\/life\/","og_locale":"en_US","og_type":"article","og_title":"Program LIFE - Europski strukturni i investicijski fondovi % %","og_description":"PRORA\u010cUN PROGRAMA &#8211; 3,4 milijardi eura CILJ Program LIFE je financijski instrument Europske unije namijenjen financiranju projektnih aktivnosti na podru\u010dju...","og_url":"https:\/\/arhiva.strukturnifondovi.hr\/en\/life\/","og_site_name":"Europski strukturni i investicijski fondovi","article_modified_time":"2018-08-20T10:12:38+00:00","twitter_card":"summary_large_image","twitter_misc":{"Est. reading time":"2 minutes"},"schema":{"@context":"https:\/\/schema.org","@graph":[{"@type":"WebPage","@id":"https:\/\/arhiva.strukturnifondovi.hr\/en\/life\/","url":"https:\/\/arhiva.strukturnifondovi.hr\/en\/life\/","name":"Program LIFE - Europski strukturni i investicijski fondovi % %","isPartOf":{"@id":"https:\/\/arhiva.strukturnifondovi.hr\/#website"},"datePublished":"2018-08-10T08:37:25+00:00","dateModified":"2018-08-20T10:12:38+00:00","breadcrumb":{"@id":"https:\/\/arhiva.strukturnifondovi.hr\/en\/life\/#breadcrumb"},"inLanguage":"en-US","potentialAction":[{"@type":"ReadAction","target":["https:\/\/arhiva.strukturnifondovi.hr\/en\/life\/"]}]},{"@type":"BreadcrumbList","@id":"https:\/\/arhiva.strukturnifondovi.hr\/en\/life\/#breadcrumb","itemListElement":[{"@type":"ListItem","position":1,"name":"Home","item":"https:\/\/arhiva.strukturnifondovi.hr\/en\/"},{"@type":"ListItem","position":2,"name":"Program LIFE"}]},{"@type":"WebSite","@id":"https:\/\/arhiva.strukturnifondovi.hr\/#website","url":"https:\/\/arhiva.strukturnifondovi.hr\/","name":"Europski strukturni i investicijski fondovi","description":"Europski strukturni i investicijski fondovi","publisher":{"@id":"https:\/\/arhiva.strukturnifondovi.hr\/#organization"},"potentialAction":[{"@type":"SearchAction","target":{"@type":"EntryPoint","urlTemplate":"https:\/\/arhiva.strukturnifondovi.hr\/?s={search_term_string}"},"query-input":{"@type":"PropertyValueSpecification","valueRequired":true,"valueName":"search_term_string"}}],"inLanguage":"en-US"},{"@type":"Organization","@id":"https:\/\/arhiva.strukturnifondovi.hr\/#organization","name":"Ministarstvo regionalnoga razvoja i fondova Europske unije","url":"https:\/\/arhiva.strukturnifondovi.hr\/","logo":{"@type":"ImageObject","inLanguage":"en-US","@id":"https:\/\/arhiva.strukturnifondovi.hr\/#\/schema\/logo\/image\/","url":"https:\/\/arhiva.strukturnifondovi.hr\/wp-content\/uploads\/2022\/03\/ESI-logotip_boja_bez-pozadine_manji.png","contentUrl":"https:\/\/arhiva.strukturnifondovi.hr\/wp-content\/uploads\/2022\/03\/ESI-logotip_boja_bez-pozadine_manji.png","width":1256,"height":413,"caption":"Ministarstvo regionalnoga razvoja i fondova Europske unije"},"image":{"@id":"https:\/\/arhiva.strukturnifondovi.hr\/#\/schema\/logo\/image\/"}}]}},"_links":{"self":[{"href":"https:\/\/arhiva.strukturnifondovi.hr\/en\/wp-json\/wp\/v2\/pages\/11894","targetHints":{"allow":["GET"]}}],"collection":[{"href":"https:\/\/arhiva.strukturnifondovi.hr\/en\/wp-json\/wp\/v2\/pages"}],"about":[{"href":"https:\/\/arhiva.strukturnifondovi.hr\/en\/wp-json\/wp\/v2\/types\/page"}],"author":[{"embeddable":true,"href":"https:\/\/arhiva.strukturnifondovi.hr\/en\/wp-json\/wp\/v2\/users\/795"}],"replies":[{"embeddable":true,"href":"https:\/\/arhiva.strukturnifondovi.hr\/en\/wp-json\/wp\/v2\/comments?post=11894"}],"version-history":[{"count":3,"href":"https:\/\/arhiva.strukturnifondovi.hr\/en\/wp-json\/wp\/v2\/pages\/11894\/revisions"}],"predecessor-version":[{"id":12092,"href":"https:\/\/arhiva.strukturnifondovi.hr\/en\/wp-json\/wp\/v2\/pages\/11894\/revisions\/12092"}],"wp:attachment":[{"href":"https:\/\/arhiva.strukturnifondovi.hr\/en\/wp-json\/wp\/v2\/media?parent=11894"}],"curies":[{"name":"wp","href":"https:\/\/api.w.org\/{rel}","templated":true}]}}