{"id":11904,"date":"2018-08-10T13:13:27","date_gmt":"2018-08-10T11:13:27","guid":{"rendered":"https:\/\/arhiva.strukturnifondovi.hr\/?page_id=11904"},"modified":"2018-09-12T09:23:42","modified_gmt":"2018-09-12T07:23:42","slug":"mehanizam-unije-za-civilnu-zastitu","status":"publish","type":"page","link":"https:\/\/arhiva.strukturnifondovi.hr\/en\/mehanizam-unije-za-civilnu-zastitu\/","title":{"rendered":"Mehanizam Unije za civilnu za\u0161titu (EU Civil Protection Mechanism)"},"content":{"rendered":"<h4><strong><span style=\"color: #333399;\">PRORA\u010cUN PROGRAMA &#8211; 368,4 milijuna eura<\/span><\/strong><\/h4>\n<hr \/>\n<h4><strong><span style=\"color: #333399;\">CILJ<\/span><\/strong><\/h4>\n<p>Glavna uloga Mehanizama Unije za civilnu za\u0161titu je olak\u0161ati suradnju dr\u017eava \u010dlanica u intervencijama civilne za\u0161tite u slu\u010daju katastrofa.<\/p>\n<p>Ovaj program pru\u017ea podr\u0161ku naporima dr\u017eava \u010dlanica usmjerenih na za\u0161titu, ponajprije ljudi, ali i okoli\u0161a i imovine, uklju\u010duju\u0107i kulturnu ba\u0161tinu u slu\u010daju prirodnih katastrofa i tehnolo\u0161kih ili ekolo\u0161kih nesre\u0107a velikih razmjera.<\/p>\n<p>Mehanizam Unije za civilnu za\u0161titu obuhva\u0107a tri glavne faze ciklusa upravljanja u katastrofama: prevenciju, pripravnost i odgovor u slu\u010daju katastrofe.<\/p>\n<p>AKTIVNOSTI<\/p>\n<ol>\n<li>Projekti prevencije koji doprinose razvoju politika prevencije nesre\u0107a, povezivanju dionika i politika kroz ciklus upravljanja nesre\u0107ama te pobolj\u0161anja u\u010dinkovitosti postoje\u0107ih instrumenata politike za prevenciju nesre\u0107a.<\/li>\n<li>Projekti pripravnosti (otkrivanje, edukacija, umre\u017eavanje, vje\u017ebe, mobilizacija stru\u010dnjaka) koji doprinose pobolj\u0161anju u\u010dinkovitosti \u017eurnog djelovanja unaprje\u0111enjem pripravnosti i svijesti o snagama civilne za\u0161tite, potpori nastojanjima za\u0161tite gra\u0111ana, okoli\u0161a i imovine u slu\u010daju prirodne i od strane \u010dovjeka uzrokovane nesre\u0107e, omogu\u0107avanju suradnje me\u0111u zemljama u kontekstu pripravnosti civilne za\u0161tite i one\u010di\u0161\u0107enja mora.<\/li>\n<li>Vje\u017ebe civilne za\u0161tite.<\/li>\n<\/ol>\n<h4><strong><span style=\"color: #333399;\">KORISNICI<\/span><\/strong><\/h4>\n<p>Ovisno o pozivu za dostavu projektnih prijedloga, u programu mogu sudjelovati razni potencijalni korisnici (dokle god se projektom ne ostvaruje profit):<\/p>\n<ul>\n<li>tijela dr\u017eavne uprave,<\/li>\n<li>tijela lokalne i podru\u010dne (regionalna) samouprave,<\/li>\n<li>sveu\u010dili\u0161ta,<\/li>\n<li>me\u0111unarodne organizacije,<\/li>\n<li>nevladine udruge i<\/li>\n<li>komercijalne tvrtke, uklju\u010duju\u0107i i malo i srednje poduzetni\u0161tvo.<\/li>\n<\/ul>\n<p>Fizi\u010dke osobe (pojedinci) ne mogu sudjelovati.<\/p>\n<div class=\"accordion version_2\"><\/p>\n<h2><span class=\"naslov\">KORISNE POVEZNICE I KONTAKTI<\/span><\/h2><div><\/p>\n<p><strong>Dr\u017eavna uprava za za\u0161titu i spa\u0161avanje<\/strong><\/p>\n<p>Ravnatelj, dr.sc. Dragan Lozan\u010di\u0107<\/p>\n<p>Kontakt: Arabela Vahtari\u0107<\/p>\n<h4><strong><span style=\"color: #333399;\">SAZNAJ VI\u0160E:<\/span><\/strong><\/h4>\n<p><a class=\"button primary small\" href=\"http:\/\/ec.europa.eu\/echo\/node\/524&quot;\">Europska komisija\u00a0<\/a>\u00a0<a class=\"button transparent small\" href=\"https:\/\/duzs.hr\/\">Dr\u017eavna uprava za za\u0161titu i spa\u0161avanje<\/a><\/p>\n<\/div><\/p>\n<\/div>\n","protected":false},"excerpt":{"rendered":"<p>PRORA\u010cUN PROGRAMA &#8211; 368,4 milijuna eura CILJ Glavna uloga Mehanizama Unije za civilnu za\u0161titu je olak\u0161ati suradnju dr\u017eava \u010dlanica u&#8230;<\/p>\n","protected":false},"author":795,"featured_media":0,"parent":0,"menu_order":0,"comment_status":"closed","ping_status":"closed","template":"page-template2.php","meta":{"inline_featured_image":false,"footnotes":""},"class_list":["post-11904","page","type-page","status-publish","hentry"],"yoast_head":"<!-- This site is optimized with the Yoast SEO plugin v26.8 - https:\/\/yoast.com\/product\/yoast-seo-wordpress\/ -->\n<title>Mehanizam Unije za civilnu za\u0161titu (EU Civil Protection Mechanism) - Europski strukturni i investicijski fondovi % %<\/title>\n<meta name=\"robots\" content=\"index, follow, max-snippet:-1, max-image-preview:large, max-video-preview:-1\" \/>\n<link rel=\"canonical\" href=\"https:\/\/arhiva.strukturnifondovi.hr\/en\/mehanizam-unije-za-civilnu-zastitu\/\" \/>\n<meta property=\"og:locale\" content=\"en_US\" \/>\n<meta property=\"og:type\" content=\"article\" \/>\n<meta property=\"og:title\" content=\"Mehanizam Unije za civilnu za\u0161titu (EU Civil Protection Mechanism) - Europski strukturni i investicijski fondovi % %\" \/>\n<meta property=\"og:description\" content=\"PRORA\u010cUN PROGRAMA &#8211; 368,4 milijuna eura CILJ Glavna uloga Mehanizama Unije za civilnu za\u0161titu je olak\u0161ati suradnju dr\u017eava \u010dlanica u...\" \/>\n<meta property=\"og:url\" content=\"https:\/\/arhiva.strukturnifondovi.hr\/en\/mehanizam-unije-za-civilnu-zastitu\/\" \/>\n<meta property=\"og:site_name\" content=\"Europski strukturni i investicijski fondovi\" \/>\n<meta property=\"article:modified_time\" content=\"2018-09-12T07:23:42+00:00\" \/>\n<meta name=\"twitter:card\" content=\"summary_large_image\" \/>\n<meta name=\"twitter:label1\" content=\"Est. reading time\" \/>\n\t<meta name=\"twitter:data1\" content=\"2 minutes\" \/>\n<script type=\"application\/ld+json\" class=\"yoast-schema-graph\">{\"@context\":\"https:\/\/schema.org\",\"@graph\":[{\"@type\":\"WebPage\",\"@id\":\"https:\/\/arhiva.strukturnifondovi.hr\/en\/mehanizam-unije-za-civilnu-zastitu\/\",\"url\":\"https:\/\/arhiva.strukturnifondovi.hr\/en\/mehanizam-unije-za-civilnu-zastitu\/\",\"name\":\"Mehanizam Unije za civilnu za\u0161titu (EU Civil Protection Mechanism) - Europski strukturni i investicijski fondovi % %\",\"isPartOf\":{\"@id\":\"https:\/\/arhiva.strukturnifondovi.hr\/#website\"},\"datePublished\":\"2018-08-10T11:13:27+00:00\",\"dateModified\":\"2018-09-12T07:23:42+00:00\",\"breadcrumb\":{\"@id\":\"https:\/\/arhiva.strukturnifondovi.hr\/en\/mehanizam-unije-za-civilnu-zastitu\/#breadcrumb\"},\"inLanguage\":\"en-US\",\"potentialAction\":[{\"@type\":\"ReadAction\",\"target\":[\"https:\/\/arhiva.strukturnifondovi.hr\/en\/mehanizam-unije-za-civilnu-zastitu\/\"]}]},{\"@type\":\"BreadcrumbList\",\"@id\":\"https:\/\/arhiva.strukturnifondovi.hr\/en\/mehanizam-unije-za-civilnu-zastitu\/#breadcrumb\",\"itemListElement\":[{\"@type\":\"ListItem\",\"position\":1,\"name\":\"Home\",\"item\":\"https:\/\/arhiva.strukturnifondovi.hr\/en\/\"},{\"@type\":\"ListItem\",\"position\":2,\"name\":\"Mehanizam Unije za civilnu za\u0161titu (EU Civil Protection Mechanism)\"}]},{\"@type\":\"WebSite\",\"@id\":\"https:\/\/arhiva.strukturnifondovi.hr\/#website\",\"url\":\"https:\/\/arhiva.strukturnifondovi.hr\/\",\"name\":\"Europski strukturni i investicijski fondovi\",\"description\":\"Europski strukturni i investicijski fondovi\",\"publisher\":{\"@id\":\"https:\/\/arhiva.strukturnifondovi.hr\/#organization\"},\"potentialAction\":[{\"@type\":\"SearchAction\",\"target\":{\"@type\":\"EntryPoint\",\"urlTemplate\":\"https:\/\/arhiva.strukturnifondovi.hr\/?s={search_term_string}\"},\"query-input\":{\"@type\":\"PropertyValueSpecification\",\"valueRequired\":true,\"valueName\":\"search_term_string\"}}],\"inLanguage\":\"en-US\"},{\"@type\":\"Organization\",\"@id\":\"https:\/\/arhiva.strukturnifondovi.hr\/#organization\",\"name\":\"Ministarstvo regionalnoga razvoja i fondova Europske unije\",\"url\":\"https:\/\/arhiva.strukturnifondovi.hr\/\",\"logo\":{\"@type\":\"ImageObject\",\"inLanguage\":\"en-US\",\"@id\":\"https:\/\/arhiva.strukturnifondovi.hr\/#\/schema\/logo\/image\/\",\"url\":\"https:\/\/arhiva.strukturnifondovi.hr\/wp-content\/uploads\/2022\/03\/ESI-logotip_boja_bez-pozadine_manji.png\",\"contentUrl\":\"https:\/\/arhiva.strukturnifondovi.hr\/wp-content\/uploads\/2022\/03\/ESI-logotip_boja_bez-pozadine_manji.png\",\"width\":1256,\"height\":413,\"caption\":\"Ministarstvo regionalnoga razvoja i fondova Europske unije\"},\"image\":{\"@id\":\"https:\/\/arhiva.strukturnifondovi.hr\/#\/schema\/logo\/image\/\"}}]}<\/script>\n<!-- \/ Yoast SEO plugin. -->","yoast_head_json":{"title":"Mehanizam Unije za civilnu za\u0161titu (EU Civil Protection Mechanism) - Europski strukturni i investicijski fondovi % %","robots":{"index":"index","follow":"follow","max-snippet":"max-snippet:-1","max-image-preview":"max-image-preview:large","max-video-preview":"max-video-preview:-1"},"canonical":"https:\/\/arhiva.strukturnifondovi.hr\/en\/mehanizam-unije-za-civilnu-zastitu\/","og_locale":"en_US","og_type":"article","og_title":"Mehanizam Unije za civilnu za\u0161titu (EU Civil Protection Mechanism) - Europski strukturni i investicijski fondovi % %","og_description":"PRORA\u010cUN PROGRAMA &#8211; 368,4 milijuna eura CILJ Glavna uloga Mehanizama Unije za civilnu za\u0161titu je olak\u0161ati suradnju dr\u017eava \u010dlanica u...","og_url":"https:\/\/arhiva.strukturnifondovi.hr\/en\/mehanizam-unije-za-civilnu-zastitu\/","og_site_name":"Europski strukturni i investicijski fondovi","article_modified_time":"2018-09-12T07:23:42+00:00","twitter_card":"summary_large_image","twitter_misc":{"Est. reading time":"2 minutes"},"schema":{"@context":"https:\/\/schema.org","@graph":[{"@type":"WebPage","@id":"https:\/\/arhiva.strukturnifondovi.hr\/en\/mehanizam-unije-za-civilnu-zastitu\/","url":"https:\/\/arhiva.strukturnifondovi.hr\/en\/mehanizam-unije-za-civilnu-zastitu\/","name":"Mehanizam Unije za civilnu za\u0161titu (EU Civil Protection Mechanism) - Europski strukturni i investicijski fondovi % %","isPartOf":{"@id":"https:\/\/arhiva.strukturnifondovi.hr\/#website"},"datePublished":"2018-08-10T11:13:27+00:00","dateModified":"2018-09-12T07:23:42+00:00","breadcrumb":{"@id":"https:\/\/arhiva.strukturnifondovi.hr\/en\/mehanizam-unije-za-civilnu-zastitu\/#breadcrumb"},"inLanguage":"en-US","potentialAction":[{"@type":"ReadAction","target":["https:\/\/arhiva.strukturnifondovi.hr\/en\/mehanizam-unije-za-civilnu-zastitu\/"]}]},{"@type":"BreadcrumbList","@id":"https:\/\/arhiva.strukturnifondovi.hr\/en\/mehanizam-unije-za-civilnu-zastitu\/#breadcrumb","itemListElement":[{"@type":"ListItem","position":1,"name":"Home","item":"https:\/\/arhiva.strukturnifondovi.hr\/en\/"},{"@type":"ListItem","position":2,"name":"Mehanizam Unije za civilnu za\u0161titu (EU Civil Protection Mechanism)"}]},{"@type":"WebSite","@id":"https:\/\/arhiva.strukturnifondovi.hr\/#website","url":"https:\/\/arhiva.strukturnifondovi.hr\/","name":"Europski strukturni i investicijski fondovi","description":"Europski strukturni i investicijski fondovi","publisher":{"@id":"https:\/\/arhiva.strukturnifondovi.hr\/#organization"},"potentialAction":[{"@type":"SearchAction","target":{"@type":"EntryPoint","urlTemplate":"https:\/\/arhiva.strukturnifondovi.hr\/?s={search_term_string}"},"query-input":{"@type":"PropertyValueSpecification","valueRequired":true,"valueName":"search_term_string"}}],"inLanguage":"en-US"},{"@type":"Organization","@id":"https:\/\/arhiva.strukturnifondovi.hr\/#organization","name":"Ministarstvo regionalnoga razvoja i fondova Europske unije","url":"https:\/\/arhiva.strukturnifondovi.hr\/","logo":{"@type":"ImageObject","inLanguage":"en-US","@id":"https:\/\/arhiva.strukturnifondovi.hr\/#\/schema\/logo\/image\/","url":"https:\/\/arhiva.strukturnifondovi.hr\/wp-content\/uploads\/2022\/03\/ESI-logotip_boja_bez-pozadine_manji.png","contentUrl":"https:\/\/arhiva.strukturnifondovi.hr\/wp-content\/uploads\/2022\/03\/ESI-logotip_boja_bez-pozadine_manji.png","width":1256,"height":413,"caption":"Ministarstvo regionalnoga razvoja i fondova Europske unije"},"image":{"@id":"https:\/\/arhiva.strukturnifondovi.hr\/#\/schema\/logo\/image\/"}}]}},"_links":{"self":[{"href":"https:\/\/arhiva.strukturnifondovi.hr\/en\/wp-json\/wp\/v2\/pages\/11904","targetHints":{"allow":["GET"]}}],"collection":[{"href":"https:\/\/arhiva.strukturnifondovi.hr\/en\/wp-json\/wp\/v2\/pages"}],"about":[{"href":"https:\/\/arhiva.strukturnifondovi.hr\/en\/wp-json\/wp\/v2\/types\/page"}],"author":[{"embeddable":true,"href":"https:\/\/arhiva.strukturnifondovi.hr\/en\/wp-json\/wp\/v2\/users\/795"}],"replies":[{"embeddable":true,"href":"https:\/\/arhiva.strukturnifondovi.hr\/en\/wp-json\/wp\/v2\/comments?post=11904"}],"version-history":[{"count":6,"href":"https:\/\/arhiva.strukturnifondovi.hr\/en\/wp-json\/wp\/v2\/pages\/11904\/revisions"}],"predecessor-version":[{"id":12760,"href":"https:\/\/arhiva.strukturnifondovi.hr\/en\/wp-json\/wp\/v2\/pages\/11904\/revisions\/12760"}],"wp:attachment":[{"href":"https:\/\/arhiva.strukturnifondovi.hr\/en\/wp-json\/wp\/v2\/media?parent=11904"}],"curies":[{"name":"wp","href":"https:\/\/api.w.org\/{rel}","templated":true}]}}