{"id":11918,"date":"2018-08-10T13:45:44","date_gmt":"2018-08-10T11:45:44","guid":{"rendered":"https:\/\/arhiva.strukturnifondovi.hr\/?page_id=11918"},"modified":"2018-09-11T16:12:29","modified_gmt":"2018-09-11T14:12:29","slug":"obzor-2020-horizon-2020","status":"publish","type":"page","link":"https:\/\/arhiva.strukturnifondovi.hr\/en\/obzor-2020-horizon-2020\/","title":{"rendered":"Obzor 2020. (Horizon 2020)"},"content":{"rendered":"<h4><strong><span style=\"color: #333399;\">PRORA\u010cUN PROGRAMA &#8211; Ne\u0161to manje od 80 milijardi eura za razdoblje 2014.-2020.<\/span><\/strong><\/h4>\n<hr \/>\n<h4><strong><span style=\"color: #333399;\">CILJ<\/span><\/strong><\/h4>\n<p>Obzor 2020. <em>(Horizon 2020)<\/em> je program Europske unije za istra\u017eivanje i inovacije za razdoblje\u00a0od 2014. do 2020. godine. Obzor 2020 dio je javnih politika Europske Unije za stvaranje novog rasta i radnih mjesta u Europi. Obzor 2020. bi trebao doprinijeti ostvarivanju ciljeva klju\u010dnih strate\u0161kih dokumenata Europske unije vezanih za istra\u017eivanje, tehnologijski razvoj i inovacije, Europa 2020. i Unija inovacija (Innovation Union) te izgradnji Europskog istra\u017eiva\u010dkog prostora (European Research Area).<\/p>\n<p>Obzor 2020. temelji se na tri glavna prioriteta: Izvrsna znanost, Industrijsko vodstvo i Dru\u0161tveni izazovi<\/p>\n<h4><span style=\"color: #333399;\"><strong>AKTIVNOSTI<\/strong><\/span><\/h4>\n<p>Prioritet <strong>Izvrsna znanost<\/strong> sastoji se od \u010detiri aktivnosti koje se provode kroz:<\/p>\n<ol>\n<li><strong>Europsko istra\u017eiva\u010dko vije\u0107e<\/strong> (ERC) \u2013 ja\u010danje vrhunskih istra\u017eivanja i istra\u017eiva\u010da<\/li>\n<li><strong>Budu\u0107e tehnologije i tehnologije u nastajanju<\/strong> (FET) \u2013 ja\u010danje kolaborativnih, transdisciplinarnih istra\u017eivanja koja te\u017ee nastanku radikalnih inovacija i podr\u017eavaju neistra\u017eene koncepte i podru\u010dja istra\u017eivanja<\/li>\n<li>Aktivnosti <strong>MSCA<\/strong> (Marie Sklodowska Curie Actions) \u2013 podr\u0161ka inovativnoj izobrazbi i osposobljavanje istra\u017eiva\u010da, njihovih vje\u0161tina, te geografskoj i transdisciplinarnoj mobilnosti<\/li>\n<li><strong>Istra\u017eiva\u010dke infrastrukture<\/strong> (RI) \u2013 razvoj i ja\u010danje europskih istra\u017eiva\u010dkih infrastruktura svjetske klase, uklju\u010duju\u0107i i e-infrastrukture<\/li>\n<\/ol>\n<p>Prioritet <strong>Industrijsko vodstvo<\/strong> sastoji se od glavne komponente Vodstvo u razvojnim tehnologijama (LEIT) koja podr\u017eava kolaborativne istra\u017eiva\u010dke i inovacijske projekte s jakim fokusom na primijenjena istra\u017eivanja strate\u0161kih tehnologija Europe, odnosno klju\u010dnih razvojnih tehnologija (KET):<\/p>\n<ul>\n<li>Informacijske i komunikacijske tehnologije (ICT),<\/li>\n<li>Nanotehnologije, napredni materijali, biotehnologija, napredna proizvodnja i prerada,<\/li>\n<\/ul>\n<p>U okviru ovog prioriteta jo\u0161 dvije aktivnosti su osobito va\u017ene za mala i srednja poduze\u0107a: <strong>Pristup rizi\u010dnom kapitalu<\/strong> s naglaskom na osiguranje rizi\u010dnog kapitala potrebnog u ranoj fazi inovacijskog razvoja i aktivnost <strong>Inovacije u malim i srednjim poduze\u0107ima<\/strong> pomo\u0107u kojih se promi\u010de njihov rast pove\u0107anjem inovativnosti putem raznih instrumenata.<\/p>\n<p>Prioritet <strong>Dru\u0161tveni izazovi<\/strong> sastoji se od sedam dru\u0161tvenih izazova u okviru kojih su dostupni brojni pozivi i teme:<\/p>\n<ol>\n<li>Zdravlje, demografske promjene i kvaliteta \u017eivota<\/li>\n<li>Sigurnost hrane, odr\u017eiva poljoprivreda i \u0161umarstvo, istra\u017eivanje mora, pomorja i unutarnjih voda i bio ekonomija<\/li>\n<li>Sigurna, \u010dista i u\u010dinkovita energija<\/li>\n<li>Pametni, zeleni i integrirani promet<\/li>\n<li>Klimatska aktivnost, okoli\u0161, u\u010dinkovitost resursa i sirovine<\/li>\n<li>Uklju\u010diva inovativna i promi\u0161ljena dru\u0161tva<\/li>\n<li>Sigurna dru\u0161tva<\/li>\n<\/ol>\n<p>Program uklju\u010duje i dvije aktivnosti horizontalnog karaktera:<\/p>\n<p><strong>\u0160irenje izvrsnosti i sudjelovanja<\/strong> usmjerena na smanjivanje podjele izme\u0111u zemalja i regija EU u iskori\u0161tavanju rezultata istra\u017eivanja i inovacija i koji poti\u010de sinergiju s ESIF fondovima, \u0161to ga \u010dini posebno zanimljivim za hrvatske prijavitelje.<\/p>\n<p><strong>Znanost za dru\u0161tvo i u dru\u0161tvu<\/strong> ima za cilj promicanje suradnje izme\u0111u znanosti i dru\u0161tva, razvijanje aktivnog interesa mladih generacija za znanost, zapo\u0161ljavanje talentiranih mladih znanstvenika te udru\u017eivanje znanstvene izvrsnosti s dru\u0161tvenom osvije\u0161teno\u0161\u0107u i odgovorno\u0161\u0107u.<\/p>\n<p>U Radnom programu za razdoblje 2018.-2020. kao pilot program uvedeno je <strong>Europsko inovacijsko vije\u0107e (EIC)<\/strong> koji objedinjuje postoje\u0107e i uvodi nove aktivnosti i instrumente namijenjene malim i srednjim poduze\u0107ima odnosno inovatorima, start-upovima, malim poduze\u0107ima i istra\u017eiva\u010dima s odli\u010dnim idejama koji nadilaze granice postoje\u0107ih proizvoda, usluga i poslovnih modela, koji su rizi\u010dni i imaju potencijal internacionalizacije poslovanja. Na jednom mjestu nudi 2.7 miljarde EUR za financiranje projekata u razdoblju 2018.-2020. putem sljede\u0107ih instrumenata:<\/p>\n<ul>\n<li>Instrument za mala i srednja poduze\u0107a<\/li>\n<li>Fast track to Innovation (FTI)<\/li>\n<li>Budu\u0107e tehnologije i tehnologije u nastajanju (FET) Open i<\/li>\n<li>Obzor nagrade itd.<\/li>\n<\/ul>\n<p>Va\u017ean dio Obzora 2020. predstavlja i <strong>Europski institut za inovacije i tehnologiju (EIT)<\/strong> i aktivnosti <strong>Zajedni\u010dkog istra\u017eiva\u010dkog centra (JRC)<\/strong>.<\/p>\n<h4><strong><span style=\"color: #333399;\">POTENCIJALNI KORISNICI<\/span><\/strong><\/h4>\n<p>Program pru\u017ea podr\u0161ku organizacijama i pojedincima iz javnog, privatnog i civilnog sektora, a posebice sveu\u010dili\u0161tima, istra\u017eiva\u010dkim institutima i centrima, industriji (uklju\u010duju\u0107i mala i srednja poduze\u0107a), tijelima javne vlasti, organizacijama civilnoga dru\u0161tva i pojedincima.<\/p>\n<div class=\"accordion version_2\"><\/p>\n<h2><span class=\"naslov\">KORISNE POVEZNICE I KONTAKTI<\/span><\/h2><div><\/p>\n<p><strong>Ministarstvo znanosti i obrazovanja<\/strong><\/p>\n<p>dr.sc. Tomo Anti\u010di\u0107, dr\u017eavni tajnik<\/p>\n<p>Miljenka Kuhar, zamjenica koordinatora<\/p>\n<p>Kontakt:<\/p>\n<p>\u017deljka Sko\u010dili\u0107<\/p>\n<p>01 4594 346; zeljka.Skocilic@mzo.gov.hr<\/p>\n<p>Mirela \u010coke\u0161i\u0107<\/p>\n<p>01 4594 209; mirela.cokesic@mzo.gov.hr<\/p>\n<h4><strong><span style=\"color: #333399;\">SAZNAJ VI\u0160E:<\/span><\/strong><\/h4>\n<p><a class=\"button primary small\" href=\"http:\/\/ec.europa.eu\/programmes\/horizon2020\/en\/\">Europska komisija<\/a>\u00a0<a class=\"button transparent small\" href=\"http:\/\/www.obzor2020.hr\/\">Obzor2020<\/a><\/p>\n<\/div><\/p>\n<\/div>\n<p>&nbsp;<\/p>\n","protected":false},"excerpt":{"rendered":"<p>PRORA\u010cUN PROGRAMA &#8211; Ne\u0161to manje od 80 milijardi eura za razdoblje 2014.-2020. CILJ Obzor 2020. (Horizon 2020) je program Europske&#8230;<\/p>\n","protected":false},"author":795,"featured_media":0,"parent":0,"menu_order":0,"comment_status":"closed","ping_status":"closed","template":"page-template2.php","meta":{"inline_featured_image":false,"footnotes":""},"class_list":["post-11918","page","type-page","status-publish","hentry"],"yoast_head":"<!-- This site is optimized with the Yoast SEO plugin v26.8 - https:\/\/yoast.com\/product\/yoast-seo-wordpress\/ -->\n<title>Obzor 2020. (Horizon 2020) - Europski strukturni i investicijski fondovi % %<\/title>\n<meta name=\"robots\" content=\"index, follow, max-snippet:-1, max-image-preview:large, max-video-preview:-1\" \/>\n<link rel=\"canonical\" href=\"https:\/\/arhiva.strukturnifondovi.hr\/obzor-2020-horizon-2020\/\" \/>\n<meta property=\"og:locale\" content=\"en_US\" \/>\n<meta property=\"og:type\" content=\"article\" \/>\n<meta property=\"og:title\" content=\"Obzor 2020. (Horizon 2020) - Europski strukturni i investicijski fondovi % %\" \/>\n<meta property=\"og:description\" content=\"PRORA\u010cUN PROGRAMA &#8211; Ne\u0161to manje od 80 milijardi eura za razdoblje 2014.-2020. CILJ Obzor 2020. (Horizon 2020) je program Europske...\" \/>\n<meta property=\"og:url\" content=\"https:\/\/arhiva.strukturnifondovi.hr\/obzor-2020-horizon-2020\/\" \/>\n<meta property=\"og:site_name\" content=\"Europski strukturni i investicijski fondovi\" \/>\n<meta property=\"article:modified_time\" content=\"2018-09-11T14:12:29+00:00\" \/>\n<meta name=\"twitter:card\" content=\"summary_large_image\" \/>\n<meta name=\"twitter:label1\" content=\"Est. reading time\" \/>\n\t<meta name=\"twitter:data1\" content=\"4 minutes\" \/>\n<script type=\"application\/ld+json\" class=\"yoast-schema-graph\">{\"@context\":\"https:\/\/schema.org\",\"@graph\":[{\"@type\":\"WebPage\",\"@id\":\"https:\/\/arhiva.strukturnifondovi.hr\/obzor-2020-horizon-2020\/\",\"url\":\"https:\/\/arhiva.strukturnifondovi.hr\/obzor-2020-horizon-2020\/\",\"name\":\"Obzor 2020. (Horizon 2020) - Europski strukturni i investicijski fondovi % %\",\"isPartOf\":{\"@id\":\"https:\/\/arhiva.strukturnifondovi.hr\/#website\"},\"datePublished\":\"2018-08-10T11:45:44+00:00\",\"dateModified\":\"2018-09-11T14:12:29+00:00\",\"breadcrumb\":{\"@id\":\"https:\/\/arhiva.strukturnifondovi.hr\/obzor-2020-horizon-2020\/#breadcrumb\"},\"inLanguage\":\"en-US\",\"potentialAction\":[{\"@type\":\"ReadAction\",\"target\":[\"https:\/\/arhiva.strukturnifondovi.hr\/obzor-2020-horizon-2020\/\"]}]},{\"@type\":\"BreadcrumbList\",\"@id\":\"https:\/\/arhiva.strukturnifondovi.hr\/obzor-2020-horizon-2020\/#breadcrumb\",\"itemListElement\":[{\"@type\":\"ListItem\",\"position\":1,\"name\":\"Home\",\"item\":\"https:\/\/arhiva.strukturnifondovi.hr\/en\/\"},{\"@type\":\"ListItem\",\"position\":2,\"name\":\"Obzor 2020. (Horizon 2020)\"}]},{\"@type\":\"WebSite\",\"@id\":\"https:\/\/arhiva.strukturnifondovi.hr\/#website\",\"url\":\"https:\/\/arhiva.strukturnifondovi.hr\/\",\"name\":\"Europski strukturni i investicijski fondovi\",\"description\":\"Europski strukturni i investicijski fondovi\",\"publisher\":{\"@id\":\"https:\/\/arhiva.strukturnifondovi.hr\/#organization\"},\"potentialAction\":[{\"@type\":\"SearchAction\",\"target\":{\"@type\":\"EntryPoint\",\"urlTemplate\":\"https:\/\/arhiva.strukturnifondovi.hr\/?s={search_term_string}\"},\"query-input\":{\"@type\":\"PropertyValueSpecification\",\"valueRequired\":true,\"valueName\":\"search_term_string\"}}],\"inLanguage\":\"en-US\"},{\"@type\":\"Organization\",\"@id\":\"https:\/\/arhiva.strukturnifondovi.hr\/#organization\",\"name\":\"Ministarstvo regionalnoga razvoja i fondova Europske unije\",\"url\":\"https:\/\/arhiva.strukturnifondovi.hr\/\",\"logo\":{\"@type\":\"ImageObject\",\"inLanguage\":\"en-US\",\"@id\":\"https:\/\/arhiva.strukturnifondovi.hr\/#\/schema\/logo\/image\/\",\"url\":\"https:\/\/arhiva.strukturnifondovi.hr\/wp-content\/uploads\/2022\/03\/ESI-logotip_boja_bez-pozadine_manji.png\",\"contentUrl\":\"https:\/\/arhiva.strukturnifondovi.hr\/wp-content\/uploads\/2022\/03\/ESI-logotip_boja_bez-pozadine_manji.png\",\"width\":1256,\"height\":413,\"caption\":\"Ministarstvo regionalnoga razvoja i fondova Europske unije\"},\"image\":{\"@id\":\"https:\/\/arhiva.strukturnifondovi.hr\/#\/schema\/logo\/image\/\"}}]}<\/script>\n<!-- \/ Yoast SEO plugin. -->","yoast_head_json":{"title":"Obzor 2020. (Horizon 2020) - Europski strukturni i investicijski fondovi % %","robots":{"index":"index","follow":"follow","max-snippet":"max-snippet:-1","max-image-preview":"max-image-preview:large","max-video-preview":"max-video-preview:-1"},"canonical":"https:\/\/arhiva.strukturnifondovi.hr\/obzor-2020-horizon-2020\/","og_locale":"en_US","og_type":"article","og_title":"Obzor 2020. (Horizon 2020) - Europski strukturni i investicijski fondovi % %","og_description":"PRORA\u010cUN PROGRAMA &#8211; Ne\u0161to manje od 80 milijardi eura za razdoblje 2014.-2020. CILJ Obzor 2020. (Horizon 2020) je program Europske...","og_url":"https:\/\/arhiva.strukturnifondovi.hr\/obzor-2020-horizon-2020\/","og_site_name":"Europski strukturni i investicijski fondovi","article_modified_time":"2018-09-11T14:12:29+00:00","twitter_card":"summary_large_image","twitter_misc":{"Est. reading time":"4 minutes"},"schema":{"@context":"https:\/\/schema.org","@graph":[{"@type":"WebPage","@id":"https:\/\/arhiva.strukturnifondovi.hr\/obzor-2020-horizon-2020\/","url":"https:\/\/arhiva.strukturnifondovi.hr\/obzor-2020-horizon-2020\/","name":"Obzor 2020. (Horizon 2020) - Europski strukturni i investicijski fondovi % %","isPartOf":{"@id":"https:\/\/arhiva.strukturnifondovi.hr\/#website"},"datePublished":"2018-08-10T11:45:44+00:00","dateModified":"2018-09-11T14:12:29+00:00","breadcrumb":{"@id":"https:\/\/arhiva.strukturnifondovi.hr\/obzor-2020-horizon-2020\/#breadcrumb"},"inLanguage":"en-US","potentialAction":[{"@type":"ReadAction","target":["https:\/\/arhiva.strukturnifondovi.hr\/obzor-2020-horizon-2020\/"]}]},{"@type":"BreadcrumbList","@id":"https:\/\/arhiva.strukturnifondovi.hr\/obzor-2020-horizon-2020\/#breadcrumb","itemListElement":[{"@type":"ListItem","position":1,"name":"Home","item":"https:\/\/arhiva.strukturnifondovi.hr\/en\/"},{"@type":"ListItem","position":2,"name":"Obzor 2020. (Horizon 2020)"}]},{"@type":"WebSite","@id":"https:\/\/arhiva.strukturnifondovi.hr\/#website","url":"https:\/\/arhiva.strukturnifondovi.hr\/","name":"Europski strukturni i investicijski fondovi","description":"Europski strukturni i investicijski fondovi","publisher":{"@id":"https:\/\/arhiva.strukturnifondovi.hr\/#organization"},"potentialAction":[{"@type":"SearchAction","target":{"@type":"EntryPoint","urlTemplate":"https:\/\/arhiva.strukturnifondovi.hr\/?s={search_term_string}"},"query-input":{"@type":"PropertyValueSpecification","valueRequired":true,"valueName":"search_term_string"}}],"inLanguage":"en-US"},{"@type":"Organization","@id":"https:\/\/arhiva.strukturnifondovi.hr\/#organization","name":"Ministarstvo regionalnoga razvoja i fondova Europske unije","url":"https:\/\/arhiva.strukturnifondovi.hr\/","logo":{"@type":"ImageObject","inLanguage":"en-US","@id":"https:\/\/arhiva.strukturnifondovi.hr\/#\/schema\/logo\/image\/","url":"https:\/\/arhiva.strukturnifondovi.hr\/wp-content\/uploads\/2022\/03\/ESI-logotip_boja_bez-pozadine_manji.png","contentUrl":"https:\/\/arhiva.strukturnifondovi.hr\/wp-content\/uploads\/2022\/03\/ESI-logotip_boja_bez-pozadine_manji.png","width":1256,"height":413,"caption":"Ministarstvo regionalnoga razvoja i fondova Europske unije"},"image":{"@id":"https:\/\/arhiva.strukturnifondovi.hr\/#\/schema\/logo\/image\/"}}]}},"_links":{"self":[{"href":"https:\/\/arhiva.strukturnifondovi.hr\/en\/wp-json\/wp\/v2\/pages\/11918","targetHints":{"allow":["GET"]}}],"collection":[{"href":"https:\/\/arhiva.strukturnifondovi.hr\/en\/wp-json\/wp\/v2\/pages"}],"about":[{"href":"https:\/\/arhiva.strukturnifondovi.hr\/en\/wp-json\/wp\/v2\/types\/page"}],"author":[{"embeddable":true,"href":"https:\/\/arhiva.strukturnifondovi.hr\/en\/wp-json\/wp\/v2\/users\/795"}],"replies":[{"embeddable":true,"href":"https:\/\/arhiva.strukturnifondovi.hr\/en\/wp-json\/wp\/v2\/comments?post=11918"}],"version-history":[{"count":1,"href":"https:\/\/arhiva.strukturnifondovi.hr\/en\/wp-json\/wp\/v2\/pages\/11918\/revisions"}],"predecessor-version":[{"id":11919,"href":"https:\/\/arhiva.strukturnifondovi.hr\/en\/wp-json\/wp\/v2\/pages\/11918\/revisions\/11919"}],"wp:attachment":[{"href":"https:\/\/arhiva.strukturnifondovi.hr\/en\/wp-json\/wp\/v2\/media?parent=11918"}],"curies":[{"name":"wp","href":"https:\/\/api.w.org\/{rel}","templated":true}]}}