{"id":11924,"date":"2018-08-10T15:13:12","date_gmt":"2018-08-10T13:13:12","guid":{"rendered":"https:\/\/arhiva.strukturnifondovi.hr\/?page_id=11924"},"modified":"2018-09-12T09:29:32","modified_gmt":"2018-09-12T07:29:32","slug":"program-za-pravosude-justice-programme","status":"publish","type":"page","link":"https:\/\/arhiva.strukturnifondovi.hr\/en\/program-za-pravosude-justice-programme\/","title":{"rendered":"Program za pravosu\u0111e (Justice Programme)"},"content":{"rendered":"<h4><strong><span style=\"color: #333399;\">PRORA\u010cUN PROGRAMA &#8211; 378 milijuna eura<\/span><\/strong><\/h4>\n<hr \/>\n<p><strong><span style=\"color: #333399;\">CILJ<\/span><\/strong><\/p>\n<p>Program pravosu\u0111e nastavlja se na tri prethodna financirana programa iz razdoblja 2007. &#8211; 2013. (Gra\u0111ansko pravo, Kazneno pravo te Prevencija zloporabe droga i informiranje) i ima za cilj pru\u017eiti pomo\u0107 u stvaranju podru\u010dja europskog pravosu\u0111a temeljenog na obostranom povjerenju.<\/p>\n<p>Specifi\u010dni ciljevi programa su:<\/p>\n<ol>\n<li>Promicati u\u010dinkovitu, opse\u017enu i dosljednu primjenu zakonodavstva u podru\u010djima pravosudne suradnje te gra\u0111anskog i kaznenog pravosu\u0111a;<\/li>\n<li>Olak\u0161ati pristup pravosu\u0111u;<\/li>\n<li>Sprije\u010diti i smanjiti potra\u017enju i opskrbu drogom te provoditi ostale aktivnosti s podru\u010dja suzbijanja zlouporabe droga.<\/li>\n<\/ol>\n<h4><span style=\"color: #333399;\"><strong>AKTIVNOSTI<\/strong><\/span><\/h4>\n<ol>\n<li>Analiti\u010dke aktivnosti poput prikupljanja podataka i statistika; razvijanje zajedni\u010dkih metodologija; studije, istra\u017eivanja, analize i ankete; evaluacije i procjene u\u010dinka;<\/li>\n<li>Organiziranje tematskih edukacija za suce, dr\u017eavne odvjetnike, pravne prakti\u010dare i ostale stru\u010dnjake iz podru\u010dja prava;<\/li>\n<li>Razmjena znanja i iskustava, suradnja, podizanje svijesti i diseminacijske aktivnosti;<\/li>\n<li>Podr\u0161ka klju\u010dnim sudionicima, umre\u017eavanje specijaliziranih tijela i organizacija te nacionalnih, regionalnih i lokalnih vlasti na razini Europe; financiranje mre\u017ea stru\u010dnjaka; financiranje europskih promatra\u010dnica;<\/li>\n<li>Nadogradnja informati\u010dkih sustava \u00a0u dr\u017eavama korisnicama programa\u00a0 s ciljem razvoja i povezivanja informati\u010dkih tehnologija u podru\u010dju pravosu\u0111a.<\/li>\n<\/ol>\n<h4><strong><span style=\"color: #333399;\">POTENCIJALNI KORISNICI<\/span><\/strong><\/h4>\n<p>Privatna i javna tijela i organizacije iz zemalja \u010dlanica, zemalja koje su potpisale EEA sporazum te potencijalnih zemalja kandidatkinja.<\/p>\n<div class=\"accordion version_2\"><\/p>\n<h2><span class=\"naslov\">KORISNE POVEZNICE I KONTAKTI<\/span><\/h2><div><\/p>\n<p><strong>Ministarstvo pravosu\u0111a<\/strong><\/p>\n<p>Lana Letilovi\u0107, pomo\u0107nica ministra<\/p>\n<p>Kontakt:<\/p>\n<p>Dubravka Vinke\u0161evi\u0107<\/p>\n<p>01\/3714 355; dubravka.vinkesevic@pravosudje.hr<\/p>\n<h4><strong><span style=\"color: #333399;\">SAZNAJ VI\u0160E:<\/span><\/strong><\/h4>\n<p><a class=\"button primary small\" href=\"https:\/\/ec.europa.eu\/info\/policies\/justice-and-fundamental-rights_en\">Europska komisija<\/a> <a class=\"button transparent small\" href=\"https:\/\/pravosudje.gov.hr\/pristup-informacijama-6341\/ostale-informacije\/projekti\/programi-europskog-parlamenta-i-vijeca-europske-unije\/9967\">Ministarstvo pravosu\u0111a<\/a><\/p>\n<\/div><\/p>\n<\/div>\n","protected":false},"excerpt":{"rendered":"<p>PRORA\u010cUN PROGRAMA &#8211; 378 milijuna eura CILJ Program pravosu\u0111e nastavlja se na tri prethodna financirana programa iz razdoblja 2007. &#8211;&#8230;<\/p>\n","protected":false},"author":795,"featured_media":0,"parent":0,"menu_order":0,"comment_status":"closed","ping_status":"closed","template":"page-template2.php","meta":{"inline_featured_image":false,"footnotes":""},"class_list":["post-11924","page","type-page","status-publish","hentry"],"yoast_head":"<!-- This site is optimized with the Yoast SEO plugin v26.8 - https:\/\/yoast.com\/product\/yoast-seo-wordpress\/ -->\n<title>Program za pravosu\u0111e (Justice Programme) - Europski strukturni i investicijski fondovi % %<\/title>\n<meta name=\"robots\" content=\"index, follow, max-snippet:-1, max-image-preview:large, max-video-preview:-1\" \/>\n<link rel=\"canonical\" href=\"https:\/\/arhiva.strukturnifondovi.hr\/program-za-pravosude-justice-programme\/\" \/>\n<meta property=\"og:locale\" content=\"en_US\" \/>\n<meta property=\"og:type\" content=\"article\" \/>\n<meta property=\"og:title\" content=\"Program za pravosu\u0111e (Justice Programme) - Europski strukturni i investicijski fondovi % %\" \/>\n<meta property=\"og:description\" content=\"PRORA\u010cUN PROGRAMA &#8211; 378 milijuna eura CILJ Program pravosu\u0111e nastavlja se na tri prethodna financirana programa iz razdoblja 2007. &#8211;...\" \/>\n<meta property=\"og:url\" content=\"https:\/\/arhiva.strukturnifondovi.hr\/program-za-pravosude-justice-programme\/\" \/>\n<meta property=\"og:site_name\" content=\"Europski strukturni i investicijski fondovi\" \/>\n<meta property=\"article:modified_time\" content=\"2018-09-12T07:29:32+00:00\" \/>\n<meta name=\"twitter:card\" content=\"summary_large_image\" \/>\n<meta name=\"twitter:label1\" content=\"Est. reading time\" \/>\n\t<meta name=\"twitter:data1\" content=\"1 minute\" \/>\n<script type=\"application\/ld+json\" class=\"yoast-schema-graph\">{\"@context\":\"https:\/\/schema.org\",\"@graph\":[{\"@type\":\"WebPage\",\"@id\":\"https:\/\/arhiva.strukturnifondovi.hr\/program-za-pravosude-justice-programme\/\",\"url\":\"https:\/\/arhiva.strukturnifondovi.hr\/program-za-pravosude-justice-programme\/\",\"name\":\"Program za pravosu\u0111e (Justice Programme) - Europski strukturni i investicijski fondovi % %\",\"isPartOf\":{\"@id\":\"https:\/\/arhiva.strukturnifondovi.hr\/#website\"},\"datePublished\":\"2018-08-10T13:13:12+00:00\",\"dateModified\":\"2018-09-12T07:29:32+00:00\",\"breadcrumb\":{\"@id\":\"https:\/\/arhiva.strukturnifondovi.hr\/program-za-pravosude-justice-programme\/#breadcrumb\"},\"inLanguage\":\"en-US\",\"potentialAction\":[{\"@type\":\"ReadAction\",\"target\":[\"https:\/\/arhiva.strukturnifondovi.hr\/program-za-pravosude-justice-programme\/\"]}]},{\"@type\":\"BreadcrumbList\",\"@id\":\"https:\/\/arhiva.strukturnifondovi.hr\/program-za-pravosude-justice-programme\/#breadcrumb\",\"itemListElement\":[{\"@type\":\"ListItem\",\"position\":1,\"name\":\"Home\",\"item\":\"https:\/\/arhiva.strukturnifondovi.hr\/en\/\"},{\"@type\":\"ListItem\",\"position\":2,\"name\":\"Program za pravosu\u0111e (Justice Programme)\"}]},{\"@type\":\"WebSite\",\"@id\":\"https:\/\/arhiva.strukturnifondovi.hr\/#website\",\"url\":\"https:\/\/arhiva.strukturnifondovi.hr\/\",\"name\":\"Europski strukturni i investicijski fondovi\",\"description\":\"Europski strukturni i investicijski fondovi\",\"publisher\":{\"@id\":\"https:\/\/arhiva.strukturnifondovi.hr\/#organization\"},\"potentialAction\":[{\"@type\":\"SearchAction\",\"target\":{\"@type\":\"EntryPoint\",\"urlTemplate\":\"https:\/\/arhiva.strukturnifondovi.hr\/?s={search_term_string}\"},\"query-input\":{\"@type\":\"PropertyValueSpecification\",\"valueRequired\":true,\"valueName\":\"search_term_string\"}}],\"inLanguage\":\"en-US\"},{\"@type\":\"Organization\",\"@id\":\"https:\/\/arhiva.strukturnifondovi.hr\/#organization\",\"name\":\"Ministarstvo regionalnoga razvoja i fondova Europske unije\",\"url\":\"https:\/\/arhiva.strukturnifondovi.hr\/\",\"logo\":{\"@type\":\"ImageObject\",\"inLanguage\":\"en-US\",\"@id\":\"https:\/\/arhiva.strukturnifondovi.hr\/#\/schema\/logo\/image\/\",\"url\":\"https:\/\/arhiva.strukturnifondovi.hr\/wp-content\/uploads\/2022\/03\/ESI-logotip_boja_bez-pozadine_manji.png\",\"contentUrl\":\"https:\/\/arhiva.strukturnifondovi.hr\/wp-content\/uploads\/2022\/03\/ESI-logotip_boja_bez-pozadine_manji.png\",\"width\":1256,\"height\":413,\"caption\":\"Ministarstvo regionalnoga razvoja i fondova Europske unije\"},\"image\":{\"@id\":\"https:\/\/arhiva.strukturnifondovi.hr\/#\/schema\/logo\/image\/\"}}]}<\/script>\n<!-- \/ Yoast SEO plugin. -->","yoast_head_json":{"title":"Program za pravosu\u0111e (Justice Programme) - Europski strukturni i investicijski fondovi % %","robots":{"index":"index","follow":"follow","max-snippet":"max-snippet:-1","max-image-preview":"max-image-preview:large","max-video-preview":"max-video-preview:-1"},"canonical":"https:\/\/arhiva.strukturnifondovi.hr\/program-za-pravosude-justice-programme\/","og_locale":"en_US","og_type":"article","og_title":"Program za pravosu\u0111e (Justice Programme) - Europski strukturni i investicijski fondovi % %","og_description":"PRORA\u010cUN PROGRAMA &#8211; 378 milijuna eura CILJ Program pravosu\u0111e nastavlja se na tri prethodna financirana programa iz razdoblja 2007. &#8211;...","og_url":"https:\/\/arhiva.strukturnifondovi.hr\/program-za-pravosude-justice-programme\/","og_site_name":"Europski strukturni i investicijski fondovi","article_modified_time":"2018-09-12T07:29:32+00:00","twitter_card":"summary_large_image","twitter_misc":{"Est. reading time":"1 minute"},"schema":{"@context":"https:\/\/schema.org","@graph":[{"@type":"WebPage","@id":"https:\/\/arhiva.strukturnifondovi.hr\/program-za-pravosude-justice-programme\/","url":"https:\/\/arhiva.strukturnifondovi.hr\/program-za-pravosude-justice-programme\/","name":"Program za pravosu\u0111e (Justice Programme) - Europski strukturni i investicijski fondovi % %","isPartOf":{"@id":"https:\/\/arhiva.strukturnifondovi.hr\/#website"},"datePublished":"2018-08-10T13:13:12+00:00","dateModified":"2018-09-12T07:29:32+00:00","breadcrumb":{"@id":"https:\/\/arhiva.strukturnifondovi.hr\/program-za-pravosude-justice-programme\/#breadcrumb"},"inLanguage":"en-US","potentialAction":[{"@type":"ReadAction","target":["https:\/\/arhiva.strukturnifondovi.hr\/program-za-pravosude-justice-programme\/"]}]},{"@type":"BreadcrumbList","@id":"https:\/\/arhiva.strukturnifondovi.hr\/program-za-pravosude-justice-programme\/#breadcrumb","itemListElement":[{"@type":"ListItem","position":1,"name":"Home","item":"https:\/\/arhiva.strukturnifondovi.hr\/en\/"},{"@type":"ListItem","position":2,"name":"Program za pravosu\u0111e (Justice Programme)"}]},{"@type":"WebSite","@id":"https:\/\/arhiva.strukturnifondovi.hr\/#website","url":"https:\/\/arhiva.strukturnifondovi.hr\/","name":"Europski strukturni i investicijski fondovi","description":"Europski strukturni i investicijski fondovi","publisher":{"@id":"https:\/\/arhiva.strukturnifondovi.hr\/#organization"},"potentialAction":[{"@type":"SearchAction","target":{"@type":"EntryPoint","urlTemplate":"https:\/\/arhiva.strukturnifondovi.hr\/?s={search_term_string}"},"query-input":{"@type":"PropertyValueSpecification","valueRequired":true,"valueName":"search_term_string"}}],"inLanguage":"en-US"},{"@type":"Organization","@id":"https:\/\/arhiva.strukturnifondovi.hr\/#organization","name":"Ministarstvo regionalnoga razvoja i fondova Europske unije","url":"https:\/\/arhiva.strukturnifondovi.hr\/","logo":{"@type":"ImageObject","inLanguage":"en-US","@id":"https:\/\/arhiva.strukturnifondovi.hr\/#\/schema\/logo\/image\/","url":"https:\/\/arhiva.strukturnifondovi.hr\/wp-content\/uploads\/2022\/03\/ESI-logotip_boja_bez-pozadine_manji.png","contentUrl":"https:\/\/arhiva.strukturnifondovi.hr\/wp-content\/uploads\/2022\/03\/ESI-logotip_boja_bez-pozadine_manji.png","width":1256,"height":413,"caption":"Ministarstvo regionalnoga razvoja i fondova Europske unije"},"image":{"@id":"https:\/\/arhiva.strukturnifondovi.hr\/#\/schema\/logo\/image\/"}}]}},"_links":{"self":[{"href":"https:\/\/arhiva.strukturnifondovi.hr\/en\/wp-json\/wp\/v2\/pages\/11924","targetHints":{"allow":["GET"]}}],"collection":[{"href":"https:\/\/arhiva.strukturnifondovi.hr\/en\/wp-json\/wp\/v2\/pages"}],"about":[{"href":"https:\/\/arhiva.strukturnifondovi.hr\/en\/wp-json\/wp\/v2\/types\/page"}],"author":[{"embeddable":true,"href":"https:\/\/arhiva.strukturnifondovi.hr\/en\/wp-json\/wp\/v2\/users\/795"}],"replies":[{"embeddable":true,"href":"https:\/\/arhiva.strukturnifondovi.hr\/en\/wp-json\/wp\/v2\/comments?post=11924"}],"version-history":[{"count":3,"href":"https:\/\/arhiva.strukturnifondovi.hr\/en\/wp-json\/wp\/v2\/pages\/11924\/revisions"}],"predecessor-version":[{"id":12762,"href":"https:\/\/arhiva.strukturnifondovi.hr\/en\/wp-json\/wp\/v2\/pages\/11924\/revisions\/12762"}],"wp:attachment":[{"href":"https:\/\/arhiva.strukturnifondovi.hr\/en\/wp-json\/wp\/v2\/media?parent=11924"}],"curies":[{"name":"wp","href":"https:\/\/api.w.org\/{rel}","templated":true}]}}