{"id":11926,"date":"2018-08-10T15:23:06","date_gmt":"2018-08-10T13:23:06","guid":{"rendered":"https:\/\/arhiva.strukturnifondovi.hr\/?page_id=11926"},"modified":"2018-09-12T09:35:30","modified_gmt":"2018-09-12T07:35:30","slug":"program-o-pravima-jednakosti-i-gradanstvu-rights-and-citizenship-programme","status":"publish","type":"page","link":"https:\/\/arhiva.strukturnifondovi.hr\/en\/program-o-pravima-jednakosti-i-gradanstvu-rights-and-citizenship-programme\/","title":{"rendered":"Program o pravima, jednakosti i gra\u0111anstvu (Rights and Citizenship Programme)"},"content":{"rendered":"<h4><strong><span style=\"color: #333399;\">PRORA\u010cUN PROGRAMA &#8211; 439 milijuna eura<\/span><\/strong><\/h4>\n<hr \/>\n<h4><strong><span style=\"color: #333399;\">CILJ<\/span><\/strong><\/h4>\n<p>Program o pravima, jednakosti i gra\u0111anstvu \u00a0ima za cilj za\u0161titu osobnih prava i sloboda koje proistje\u010du iz europskog zakonodavstva. Svrha ovog programa je u\u010diniti EU podru\u010djem na kojem \u0107e ljudska prava biti po\u0161tivana i promicana. Tim programom financirat \u0107e se i sprje\u010davanje nasilja nad \u017eenama, mladima i djecom. Tako\u0111er pomo\u0107i \u0107e gra\u0111anima u ostvarivanju njihovih prava koja proizlaze iz EU dr\u017eavljanstva, za\u0161tite potro\u0161a\u010da i zakonodavstva u podru\u010dju za\u0161tite podataka.<\/p>\n<p>Ovaj program je nasljednik tri programa iz perspektive 2007. \u2013 2013. (Temeljna prava i dr\u017eavljanstvo, Daphne III i dvije cjeline Progress programa \u2013 Anti-diskriminacija i Ravnopravnost spolova).<\/p>\n<p>Specifi\u010dni ciljevi programa su:<\/p>\n<ol>\n<li>Doprinijeti unapre\u0111enju izvr\u0161enja prava koja proizlaze iz europskog gra\u0111anstva<\/li>\n<li>Promicanje u\u010dinkovite implementacije na\u010dela nepostojanja diskriminacije na temelju spola, rasnog ili etni\u010dkog porijekla, vjere ili uvjerenja, invalidnosti, godina ili seksualne orijentacije kao i promicanje jednakosti izme\u0111u mu\u0161karaca i \u017eena te prava osoba s invaliditetom i starijih osoba kao i spre\u010davanje nasilja nad djecom, mladima i \u017eenama<\/li>\n<li>Osigurati visoku razinu za\u0161tite privatnosti i osobnih podataka<\/li>\n<li>Unaprijediti po\u0161tivanje i za\u0161titu dje\u010djih prava<\/li>\n<li>Potaknuti potro\u0161a\u010de i poduze\u0107a da kupuju i razmjenjuju dobra s povjerenjem AKTIVNOSTI<\/li>\n<li>Analiti\u010dke aktivnosti poput prikupljanja podataka i statistika; razvoj zajedni\u010dkih metodologija; istra\u017eivanja, analize i ankete; evaluacije i procjene u\u010dinka; objavljivanje vodi\u010da, izvje\u0161\u0107a i edukativnog materijala; nadziranje i procjena primjene zakonodavstva EU i implementacija politika; radionice, seminari, sastanci stru\u010dnjaka i konferencije<\/li>\n<li>Aktivnosti osposobljavanja poput razmjene osoblja, radionica, seminara, obuke, razvijanja on-line ili drugih modula za osposobljavanje<\/li>\n<li>Razmjena znanja i iskustava, suradnja, podizanje svijesti i diseminacijske aktivnosti (identifikacija i razmjena primjera dobre prakse, inovativnih pristupa i iskustva); organizacija konferencija i seminara; organizacija informativnih kampanja i kampanja za podizanje svijesti; objava materijala za diseminaciju informacija kao i rezultata Programa<\/li>\n<li>Potpora za klju\u010dne europske mre\u017ee \u010dije su aktivnosti povezane s implementacijom ciljeva Programa; umre\u017eavanje specijaliziranih tijela i organizacija; financiranje stru\u010dnih mre\u017ea; financiranje promatra\u010dnica na razini EU<\/li>\n<\/ol>\n<h4><strong><span style=\"color: #333399;\">POTENCIJALNI KORISNICI<\/span><\/strong><\/h4>\n<p>Sva javna i\/ili privatna tijela iz zemalja \u010dlanica, zemalja kandidatkinja i zemalja koje su potpisale sporazum EEA.<\/p>\n<div class=\"accordion version_2\"><\/p>\n<h2><span class=\"naslov\">KORISNE POVEZNICE I KONTAKTI<\/span><\/h2><div><\/p>\n<p><strong>Ministarstvo pravosu\u0111a<\/strong><\/p>\n<p>Lana Letilovi\u0107, pomo\u0107nica ministra<\/p>\n<p>Kontakt:<\/p>\n<p>Dubravka Vinke\u0161evi\u0107<\/p>\n<p>01\/3714 355; dubravka.vinkesevic@pravosudje.hr<\/p>\n<h4><strong><span style=\"color: #333399;\">SAZNAJ VI\u0160E:<\/span><\/strong><\/h4>\n<p><a class=\"button primary small\" href=\"https:\/\/ec.europa.eu\/info\/policies\/justice-and-fundamental-rights_en\">Europska komisija<\/a> <a class=\"button transparent small\" href=\"https:\/\/pravosudje.gov.hr\/pristup-informacijama-6341\/ostale-informacije\/projekti\/programi-europskog-parlamenta-i-vijeca-europske-unije\/9967\">Ministarstvo pravosu\u0111a<\/a><\/p>\n<\/div><\/p>\n<\/div>\n<p>&nbsp;<\/p>\n","protected":false},"excerpt":{"rendered":"<p>PRORA\u010cUN PROGRAMA &#8211; 439 milijuna eura CILJ Program o pravima, jednakosti i gra\u0111anstvu \u00a0ima za cilj za\u0161titu osobnih prava i&#8230;<\/p>\n","protected":false},"author":795,"featured_media":0,"parent":0,"menu_order":0,"comment_status":"closed","ping_status":"closed","template":"page-template2.php","meta":{"inline_featured_image":false,"footnotes":""},"class_list":["post-11926","page","type-page","status-publish","hentry"],"yoast_head":"<!-- This site is optimized with the Yoast SEO plugin v26.8 - https:\/\/yoast.com\/product\/yoast-seo-wordpress\/ -->\n<title>Program o pravima, jednakosti i gra\u0111anstvu (Rights and Citizenship Programme) - Europski strukturni i investicijski fondovi % %<\/title>\n<meta name=\"robots\" content=\"index, follow, max-snippet:-1, max-image-preview:large, max-video-preview:-1\" \/>\n<link rel=\"canonical\" href=\"https:\/\/arhiva.strukturnifondovi.hr\/en\/program-o-pravima-jednakosti-i-gradanstvu-rights-and-citizenship-programme\/\" \/>\n<meta property=\"og:locale\" content=\"en_US\" \/>\n<meta property=\"og:type\" content=\"article\" \/>\n<meta property=\"og:title\" content=\"Program o pravima, jednakosti i gra\u0111anstvu (Rights and Citizenship Programme) - Europski strukturni i investicijski fondovi % %\" \/>\n<meta property=\"og:description\" content=\"PRORA\u010cUN PROGRAMA &#8211; 439 milijuna eura CILJ Program o pravima, jednakosti i gra\u0111anstvu \u00a0ima za cilj za\u0161titu osobnih prava i...\" \/>\n<meta property=\"og:url\" content=\"https:\/\/arhiva.strukturnifondovi.hr\/en\/program-o-pravima-jednakosti-i-gradanstvu-rights-and-citizenship-programme\/\" \/>\n<meta property=\"og:site_name\" content=\"Europski strukturni i investicijski fondovi\" \/>\n<meta property=\"article:modified_time\" content=\"2018-09-12T07:35:30+00:00\" \/>\n<meta name=\"twitter:card\" content=\"summary_large_image\" \/>\n<meta name=\"twitter:label1\" content=\"Est. reading time\" \/>\n\t<meta name=\"twitter:data1\" content=\"2 minutes\" \/>\n<script type=\"application\/ld+json\" class=\"yoast-schema-graph\">{\"@context\":\"https:\/\/schema.org\",\"@graph\":[{\"@type\":\"WebPage\",\"@id\":\"https:\/\/arhiva.strukturnifondovi.hr\/en\/program-o-pravima-jednakosti-i-gradanstvu-rights-and-citizenship-programme\/\",\"url\":\"https:\/\/arhiva.strukturnifondovi.hr\/en\/program-o-pravima-jednakosti-i-gradanstvu-rights-and-citizenship-programme\/\",\"name\":\"Program o pravima, jednakosti i gra\u0111anstvu (Rights and Citizenship Programme) - Europski strukturni i investicijski fondovi % %\",\"isPartOf\":{\"@id\":\"https:\/\/arhiva.strukturnifondovi.hr\/#website\"},\"datePublished\":\"2018-08-10T13:23:06+00:00\",\"dateModified\":\"2018-09-12T07:35:30+00:00\",\"breadcrumb\":{\"@id\":\"https:\/\/arhiva.strukturnifondovi.hr\/en\/program-o-pravima-jednakosti-i-gradanstvu-rights-and-citizenship-programme\/#breadcrumb\"},\"inLanguage\":\"en-US\",\"potentialAction\":[{\"@type\":\"ReadAction\",\"target\":[\"https:\/\/arhiva.strukturnifondovi.hr\/en\/program-o-pravima-jednakosti-i-gradanstvu-rights-and-citizenship-programme\/\"]}]},{\"@type\":\"BreadcrumbList\",\"@id\":\"https:\/\/arhiva.strukturnifondovi.hr\/en\/program-o-pravima-jednakosti-i-gradanstvu-rights-and-citizenship-programme\/#breadcrumb\",\"itemListElement\":[{\"@type\":\"ListItem\",\"position\":1,\"name\":\"Home\",\"item\":\"https:\/\/arhiva.strukturnifondovi.hr\/en\/\"},{\"@type\":\"ListItem\",\"position\":2,\"name\":\"Program o pravima, jednakosti i gra\u0111anstvu (Rights and Citizenship Programme)\"}]},{\"@type\":\"WebSite\",\"@id\":\"https:\/\/arhiva.strukturnifondovi.hr\/#website\",\"url\":\"https:\/\/arhiva.strukturnifondovi.hr\/\",\"name\":\"Europski strukturni i investicijski fondovi\",\"description\":\"Europski strukturni i investicijski fondovi\",\"publisher\":{\"@id\":\"https:\/\/arhiva.strukturnifondovi.hr\/#organization\"},\"potentialAction\":[{\"@type\":\"SearchAction\",\"target\":{\"@type\":\"EntryPoint\",\"urlTemplate\":\"https:\/\/arhiva.strukturnifondovi.hr\/?s={search_term_string}\"},\"query-input\":{\"@type\":\"PropertyValueSpecification\",\"valueRequired\":true,\"valueName\":\"search_term_string\"}}],\"inLanguage\":\"en-US\"},{\"@type\":\"Organization\",\"@id\":\"https:\/\/arhiva.strukturnifondovi.hr\/#organization\",\"name\":\"Ministarstvo regionalnoga razvoja i fondova Europske unije\",\"url\":\"https:\/\/arhiva.strukturnifondovi.hr\/\",\"logo\":{\"@type\":\"ImageObject\",\"inLanguage\":\"en-US\",\"@id\":\"https:\/\/arhiva.strukturnifondovi.hr\/#\/schema\/logo\/image\/\",\"url\":\"https:\/\/arhiva.strukturnifondovi.hr\/wp-content\/uploads\/2022\/03\/ESI-logotip_boja_bez-pozadine_manji.png\",\"contentUrl\":\"https:\/\/arhiva.strukturnifondovi.hr\/wp-content\/uploads\/2022\/03\/ESI-logotip_boja_bez-pozadine_manji.png\",\"width\":1256,\"height\":413,\"caption\":\"Ministarstvo regionalnoga razvoja i fondova Europske unije\"},\"image\":{\"@id\":\"https:\/\/arhiva.strukturnifondovi.hr\/#\/schema\/logo\/image\/\"}}]}<\/script>\n<!-- \/ Yoast SEO plugin. -->","yoast_head_json":{"title":"Program o pravima, jednakosti i gra\u0111anstvu (Rights and Citizenship Programme) - Europski strukturni i investicijski fondovi % %","robots":{"index":"index","follow":"follow","max-snippet":"max-snippet:-1","max-image-preview":"max-image-preview:large","max-video-preview":"max-video-preview:-1"},"canonical":"https:\/\/arhiva.strukturnifondovi.hr\/en\/program-o-pravima-jednakosti-i-gradanstvu-rights-and-citizenship-programme\/","og_locale":"en_US","og_type":"article","og_title":"Program o pravima, jednakosti i gra\u0111anstvu (Rights and Citizenship Programme) - Europski strukturni i investicijski fondovi % %","og_description":"PRORA\u010cUN PROGRAMA &#8211; 439 milijuna eura CILJ Program o pravima, jednakosti i gra\u0111anstvu \u00a0ima za cilj za\u0161titu osobnih prava i...","og_url":"https:\/\/arhiva.strukturnifondovi.hr\/en\/program-o-pravima-jednakosti-i-gradanstvu-rights-and-citizenship-programme\/","og_site_name":"Europski strukturni i investicijski fondovi","article_modified_time":"2018-09-12T07:35:30+00:00","twitter_card":"summary_large_image","twitter_misc":{"Est. reading time":"2 minutes"},"schema":{"@context":"https:\/\/schema.org","@graph":[{"@type":"WebPage","@id":"https:\/\/arhiva.strukturnifondovi.hr\/en\/program-o-pravima-jednakosti-i-gradanstvu-rights-and-citizenship-programme\/","url":"https:\/\/arhiva.strukturnifondovi.hr\/en\/program-o-pravima-jednakosti-i-gradanstvu-rights-and-citizenship-programme\/","name":"Program o pravima, jednakosti i gra\u0111anstvu (Rights and Citizenship Programme) - Europski strukturni i investicijski fondovi % %","isPartOf":{"@id":"https:\/\/arhiva.strukturnifondovi.hr\/#website"},"datePublished":"2018-08-10T13:23:06+00:00","dateModified":"2018-09-12T07:35:30+00:00","breadcrumb":{"@id":"https:\/\/arhiva.strukturnifondovi.hr\/en\/program-o-pravima-jednakosti-i-gradanstvu-rights-and-citizenship-programme\/#breadcrumb"},"inLanguage":"en-US","potentialAction":[{"@type":"ReadAction","target":["https:\/\/arhiva.strukturnifondovi.hr\/en\/program-o-pravima-jednakosti-i-gradanstvu-rights-and-citizenship-programme\/"]}]},{"@type":"BreadcrumbList","@id":"https:\/\/arhiva.strukturnifondovi.hr\/en\/program-o-pravima-jednakosti-i-gradanstvu-rights-and-citizenship-programme\/#breadcrumb","itemListElement":[{"@type":"ListItem","position":1,"name":"Home","item":"https:\/\/arhiva.strukturnifondovi.hr\/en\/"},{"@type":"ListItem","position":2,"name":"Program o pravima, jednakosti i gra\u0111anstvu (Rights and Citizenship Programme)"}]},{"@type":"WebSite","@id":"https:\/\/arhiva.strukturnifondovi.hr\/#website","url":"https:\/\/arhiva.strukturnifondovi.hr\/","name":"Europski strukturni i investicijski fondovi","description":"Europski strukturni i investicijski fondovi","publisher":{"@id":"https:\/\/arhiva.strukturnifondovi.hr\/#organization"},"potentialAction":[{"@type":"SearchAction","target":{"@type":"EntryPoint","urlTemplate":"https:\/\/arhiva.strukturnifondovi.hr\/?s={search_term_string}"},"query-input":{"@type":"PropertyValueSpecification","valueRequired":true,"valueName":"search_term_string"}}],"inLanguage":"en-US"},{"@type":"Organization","@id":"https:\/\/arhiva.strukturnifondovi.hr\/#organization","name":"Ministarstvo regionalnoga razvoja i fondova Europske unije","url":"https:\/\/arhiva.strukturnifondovi.hr\/","logo":{"@type":"ImageObject","inLanguage":"en-US","@id":"https:\/\/arhiva.strukturnifondovi.hr\/#\/schema\/logo\/image\/","url":"https:\/\/arhiva.strukturnifondovi.hr\/wp-content\/uploads\/2022\/03\/ESI-logotip_boja_bez-pozadine_manji.png","contentUrl":"https:\/\/arhiva.strukturnifondovi.hr\/wp-content\/uploads\/2022\/03\/ESI-logotip_boja_bez-pozadine_manji.png","width":1256,"height":413,"caption":"Ministarstvo regionalnoga razvoja i fondova Europske unije"},"image":{"@id":"https:\/\/arhiva.strukturnifondovi.hr\/#\/schema\/logo\/image\/"}}]}},"_links":{"self":[{"href":"https:\/\/arhiva.strukturnifondovi.hr\/en\/wp-json\/wp\/v2\/pages\/11926","targetHints":{"allow":["GET"]}}],"collection":[{"href":"https:\/\/arhiva.strukturnifondovi.hr\/en\/wp-json\/wp\/v2\/pages"}],"about":[{"href":"https:\/\/arhiva.strukturnifondovi.hr\/en\/wp-json\/wp\/v2\/types\/page"}],"author":[{"embeddable":true,"href":"https:\/\/arhiva.strukturnifondovi.hr\/en\/wp-json\/wp\/v2\/users\/795"}],"replies":[{"embeddable":true,"href":"https:\/\/arhiva.strukturnifondovi.hr\/en\/wp-json\/wp\/v2\/comments?post=11926"}],"version-history":[{"count":3,"href":"https:\/\/arhiva.strukturnifondovi.hr\/en\/wp-json\/wp\/v2\/pages\/11926\/revisions"}],"predecessor-version":[{"id":12764,"href":"https:\/\/arhiva.strukturnifondovi.hr\/en\/wp-json\/wp\/v2\/pages\/11926\/revisions\/12764"}],"wp:attachment":[{"href":"https:\/\/arhiva.strukturnifondovi.hr\/en\/wp-json\/wp\/v2\/media?parent=11926"}],"curies":[{"name":"wp","href":"https:\/\/api.w.org\/{rel}","templated":true}]}}