{"id":11930,"date":"2018-08-10T15:38:32","date_gmt":"2018-08-10T13:38:32","guid":{"rendered":"https:\/\/arhiva.strukturnifondovi.hr\/?page_id=11930"},"modified":"2018-09-04T14:24:13","modified_gmt":"2018-09-04T12:24:13","slug":"program-za-zaposljavanje-i-socijalne-inovacije-easi-employment-and-social-innovation","status":"publish","type":"page","link":"https:\/\/arhiva.strukturnifondovi.hr\/en\/program-za-zaposljavanje-i-socijalne-inovacije-easi-employment-and-social-innovation\/","title":{"rendered":"Program za zapo\u0161ljavanje i socijalne inovacije (EASI \u2013 Employment and Social Innovation)"},"content":{"rendered":"<h4><strong><span style=\"color: #333399;\">PRORA\u010cUN PROGRAMA &#8211; 919,5 milijuna eura<\/span><\/strong><\/h4>\n<hr \/>\n<h4><strong><span style=\"color: #333399;\">CILJ<\/span><\/strong><\/h4>\n<p>Novi program Zapo\u0161ljavanje i socijalne inovacije za cilj ima podr\u017eati napore dr\u017eava \u010dlanica u osmi\u0161ljavanju i provedbi zapo\u0161ljavanja i socijalnih reformi na europskoj, nacionalnoj, regionalnoj i lokalnoj razini kroz koordinaciju politika aktivnog zapo\u0161ljavanja te analizu i razmjenu dobrih praksi. Program integrira i pro\u0161iruje tri postoje\u0107a programa: Progress, EURES i Europski instrument za mikrofinanciranje te \u010dini 4. stup europske inicijative za zapo\u0161ljavanje i socijalno uklju\u010divanje 2014.-2020. uz Europski socijalni fond, Fond europske pomo\u0107i za najugro\u017eenije i Europski fond za prilagodbe globalizaciji.<\/p>\n<p>Program za zapo\u0161ljavanje i socijalne inovacije financijski je instrument za promicanje visoke razine kvalitetnog i odr\u017eivog zapo\u0161ljavanja na razini EU-a, jam\u010denje primjerene i dostojne socijalne za\u0161tite, borbu protiv socijalne isklju\u010denosti i siroma\u0161tva te pobolj\u0161anje radnih uvjeta<\/p>\n<p>Glavni ciljevi Programa su:<\/p>\n<ul>\n<li>Pove\u0107anje odgovornosti u pogledu ciljeva EU-a te koordinacija djelovanja na razini EU-a i na nacionalnoj razini u podru\u010djima zapo\u0161ljavanja, socijalnih pitanja i uklju\u010denosti.<\/li>\n<li>Podupiranje razvoja primjerenih sustava socijalne za\u0161tite i politika tr\u017ei\u0161ta rada.<\/li>\n<li>Moderniziranje zakonodavstva EU-a i osiguravanje njegove u\u010dinkovite primjene.<\/li>\n<li>Promicanje geografske mobilnosti i pove\u0107anje mogu\u0107nosti zapo\u0161ljavanja razvijanjem otvorenog tr\u017ei\u0161ta rada.<\/li>\n<li>Pove\u0107anje raspolo\u017eivosti i dostupnosti mikrofinanciranja za ranjive skupine i mikropoduze\u0107a te pobolj\u0161anje pristupa financiranju socijalnih poduze\u0107a.<\/li>\n<\/ul>\n<h4><span style=\"color: #333399;\"><strong>AKTIVNOSTI<\/strong><\/span><\/h4>\n<ol>\n<li>Prikupljanje (statisti\u010dkih) podataka, priprema anketa, analiza, studija, izvje\u0161taja<\/li>\n<li>Vr\u0161enje evaluacije i procjena utjecaja, diseminacija rezultata<\/li>\n<li>Razmjena dobrih praksi, inovativnih pristupa i iskustava<\/li>\n<li>Sudjelovanje na seminarima, konferencijama, priprema izvje\u0161taja, edukativnog materijala<\/li>\n<li>Razvoj i odr\u017eavanje informacijskog sustava<\/li>\n<li>Izgradnja kapaciteta tijela javne uprave i razmjena slu\u017ebenika izme\u0111u zemalja \u010dlanica programa<\/li>\n<li>Razvoj ciljanih programa mobilnosti<\/li>\n<li>Podr\u0161ka mikrofinanciranju i socijalnim poduze\u0107ima i dr.<\/li>\n<\/ol>\n<h4><strong><span style=\"color: #333399;\">POTENCIJALNI KORISNICI<\/span><\/strong><\/h4>\n<p>Program je namijenjen nacionalnim, regionalnim i lokalnim vlastima, slu\u017ebama za zapo\u0161ljavanje, socijalnim partnerima, nevladinim organizacijama, visoko\u0161kolskim institucijama, istra\u017eiva\u010dkim institutima, nacionalnim statisti\u010dkim uredima te medijima.<\/p>\n<div class=\"accordion version_2\"><\/p>\n<h2><span class=\"naslov\">KORISNE POVEZNICE I KONTAKTI<\/span><\/h2><div><\/p>\n<p><strong>Ministarstvo rada i mirovinskog sustava<\/strong><\/p>\n<p>Luka Raj\u010di\u0107, pomo\u0107nik ministra<\/p>\n<p>Kontakt:<\/p>\n<p>Lovrenka Brajkovi\u0107 Bulat<\/p>\n<p>01 3696 463;<\/p>\n<p>lovrenka.bulat-brajkovic@mrms.hr<\/p>\n<h4><strong><span style=\"color: #333399;\">SAZNAJ VI\u0160E:<\/span><\/strong><\/h4>\n<p><a class=\"button primary small\" href=\"http:\/\/ec.europa.eu\/social\/main.jsp?langId=en&amp;catId=89&amp;newsId=1093\">Europska komisija<\/a><\/p>\n<\/div><\/p>\n<\/div>\n<p>&nbsp;<\/p>\n","protected":false},"excerpt":{"rendered":"<p>PRORA\u010cUN PROGRAMA &#8211; 919,5 milijuna eura CILJ Novi program Zapo\u0161ljavanje i socijalne inovacije za cilj ima podr\u017eati napore dr\u017eava \u010dlanica&#8230;<\/p>\n","protected":false},"author":795,"featured_media":0,"parent":0,"menu_order":0,"comment_status":"closed","ping_status":"closed","template":"page-template2.php","meta":{"inline_featured_image":false,"footnotes":""},"class_list":["post-11930","page","type-page","status-publish","hentry"],"yoast_head":"<!-- This site is optimized with the Yoast SEO plugin v26.8 - https:\/\/yoast.com\/product\/yoast-seo-wordpress\/ -->\n<title>Program za zapo\u0161ljavanje i socijalne inovacije (EASI \u2013 Employment and Social Innovation) - Europski strukturni i investicijski fondovi % %<\/title>\n<meta name=\"robots\" content=\"index, follow, max-snippet:-1, max-image-preview:large, max-video-preview:-1\" \/>\n<link rel=\"canonical\" href=\"https:\/\/arhiva.strukturnifondovi.hr\/en\/program-za-zaposljavanje-i-socijalne-inovacije-easi-employment-and-social-innovation\/\" \/>\n<meta property=\"og:locale\" content=\"en_US\" \/>\n<meta property=\"og:type\" content=\"article\" \/>\n<meta property=\"og:title\" content=\"Program za zapo\u0161ljavanje i socijalne inovacije (EASI \u2013 Employment and Social Innovation) - Europski strukturni i investicijski fondovi % %\" \/>\n<meta property=\"og:description\" content=\"PRORA\u010cUN PROGRAMA &#8211; 919,5 milijuna eura CILJ Novi program Zapo\u0161ljavanje i socijalne inovacije za cilj ima podr\u017eati napore dr\u017eava \u010dlanica...\" \/>\n<meta property=\"og:url\" content=\"https:\/\/arhiva.strukturnifondovi.hr\/en\/program-za-zaposljavanje-i-socijalne-inovacije-easi-employment-and-social-innovation\/\" \/>\n<meta property=\"og:site_name\" content=\"Europski strukturni i investicijski fondovi\" \/>\n<meta property=\"article:modified_time\" content=\"2018-09-04T12:24:13+00:00\" \/>\n<meta name=\"twitter:card\" content=\"summary_large_image\" \/>\n<meta name=\"twitter:label1\" content=\"Est. reading time\" \/>\n\t<meta name=\"twitter:data1\" content=\"2 minutes\" \/>\n<script type=\"application\/ld+json\" class=\"yoast-schema-graph\">{\"@context\":\"https:\/\/schema.org\",\"@graph\":[{\"@type\":\"WebPage\",\"@id\":\"https:\/\/arhiva.strukturnifondovi.hr\/en\/program-za-zaposljavanje-i-socijalne-inovacije-easi-employment-and-social-innovation\/\",\"url\":\"https:\/\/arhiva.strukturnifondovi.hr\/en\/program-za-zaposljavanje-i-socijalne-inovacije-easi-employment-and-social-innovation\/\",\"name\":\"Program za zapo\u0161ljavanje i socijalne inovacije (EASI \u2013 Employment and Social Innovation) - Europski strukturni i investicijski fondovi % %\",\"isPartOf\":{\"@id\":\"https:\/\/arhiva.strukturnifondovi.hr\/#website\"},\"datePublished\":\"2018-08-10T13:38:32+00:00\",\"dateModified\":\"2018-09-04T12:24:13+00:00\",\"breadcrumb\":{\"@id\":\"https:\/\/arhiva.strukturnifondovi.hr\/en\/program-za-zaposljavanje-i-socijalne-inovacije-easi-employment-and-social-innovation\/#breadcrumb\"},\"inLanguage\":\"en-US\",\"potentialAction\":[{\"@type\":\"ReadAction\",\"target\":[\"https:\/\/arhiva.strukturnifondovi.hr\/en\/program-za-zaposljavanje-i-socijalne-inovacije-easi-employment-and-social-innovation\/\"]}]},{\"@type\":\"BreadcrumbList\",\"@id\":\"https:\/\/arhiva.strukturnifondovi.hr\/en\/program-za-zaposljavanje-i-socijalne-inovacije-easi-employment-and-social-innovation\/#breadcrumb\",\"itemListElement\":[{\"@type\":\"ListItem\",\"position\":1,\"name\":\"Home\",\"item\":\"https:\/\/arhiva.strukturnifondovi.hr\/en\/\"},{\"@type\":\"ListItem\",\"position\":2,\"name\":\"Program za zapo\u0161ljavanje i socijalne inovacije (EASI \u2013 Employment and Social Innovation)\"}]},{\"@type\":\"WebSite\",\"@id\":\"https:\/\/arhiva.strukturnifondovi.hr\/#website\",\"url\":\"https:\/\/arhiva.strukturnifondovi.hr\/\",\"name\":\"Europski strukturni i investicijski fondovi\",\"description\":\"Europski strukturni i investicijski fondovi\",\"publisher\":{\"@id\":\"https:\/\/arhiva.strukturnifondovi.hr\/#organization\"},\"potentialAction\":[{\"@type\":\"SearchAction\",\"target\":{\"@type\":\"EntryPoint\",\"urlTemplate\":\"https:\/\/arhiva.strukturnifondovi.hr\/?s={search_term_string}\"},\"query-input\":{\"@type\":\"PropertyValueSpecification\",\"valueRequired\":true,\"valueName\":\"search_term_string\"}}],\"inLanguage\":\"en-US\"},{\"@type\":\"Organization\",\"@id\":\"https:\/\/arhiva.strukturnifondovi.hr\/#organization\",\"name\":\"Ministarstvo regionalnoga razvoja i fondova Europske unije\",\"url\":\"https:\/\/arhiva.strukturnifondovi.hr\/\",\"logo\":{\"@type\":\"ImageObject\",\"inLanguage\":\"en-US\",\"@id\":\"https:\/\/arhiva.strukturnifondovi.hr\/#\/schema\/logo\/image\/\",\"url\":\"https:\/\/arhiva.strukturnifondovi.hr\/wp-content\/uploads\/2022\/03\/ESI-logotip_boja_bez-pozadine_manji.png\",\"contentUrl\":\"https:\/\/arhiva.strukturnifondovi.hr\/wp-content\/uploads\/2022\/03\/ESI-logotip_boja_bez-pozadine_manji.png\",\"width\":1256,\"height\":413,\"caption\":\"Ministarstvo regionalnoga razvoja i fondova Europske unije\"},\"image\":{\"@id\":\"https:\/\/arhiva.strukturnifondovi.hr\/#\/schema\/logo\/image\/\"}}]}<\/script>\n<!-- \/ Yoast SEO plugin. -->","yoast_head_json":{"title":"Program za zapo\u0161ljavanje i socijalne inovacije (EASI \u2013 Employment and Social Innovation) - Europski strukturni i investicijski fondovi % %","robots":{"index":"index","follow":"follow","max-snippet":"max-snippet:-1","max-image-preview":"max-image-preview:large","max-video-preview":"max-video-preview:-1"},"canonical":"https:\/\/arhiva.strukturnifondovi.hr\/en\/program-za-zaposljavanje-i-socijalne-inovacije-easi-employment-and-social-innovation\/","og_locale":"en_US","og_type":"article","og_title":"Program za zapo\u0161ljavanje i socijalne inovacije (EASI \u2013 Employment and Social Innovation) - Europski strukturni i investicijski fondovi % %","og_description":"PRORA\u010cUN PROGRAMA &#8211; 919,5 milijuna eura CILJ Novi program Zapo\u0161ljavanje i socijalne inovacije za cilj ima podr\u017eati napore dr\u017eava \u010dlanica...","og_url":"https:\/\/arhiva.strukturnifondovi.hr\/en\/program-za-zaposljavanje-i-socijalne-inovacije-easi-employment-and-social-innovation\/","og_site_name":"Europski strukturni i investicijski fondovi","article_modified_time":"2018-09-04T12:24:13+00:00","twitter_card":"summary_large_image","twitter_misc":{"Est. reading time":"2 minutes"},"schema":{"@context":"https:\/\/schema.org","@graph":[{"@type":"WebPage","@id":"https:\/\/arhiva.strukturnifondovi.hr\/en\/program-za-zaposljavanje-i-socijalne-inovacije-easi-employment-and-social-innovation\/","url":"https:\/\/arhiva.strukturnifondovi.hr\/en\/program-za-zaposljavanje-i-socijalne-inovacije-easi-employment-and-social-innovation\/","name":"Program za zapo\u0161ljavanje i socijalne inovacije (EASI \u2013 Employment and Social Innovation) - Europski strukturni i investicijski fondovi % %","isPartOf":{"@id":"https:\/\/arhiva.strukturnifondovi.hr\/#website"},"datePublished":"2018-08-10T13:38:32+00:00","dateModified":"2018-09-04T12:24:13+00:00","breadcrumb":{"@id":"https:\/\/arhiva.strukturnifondovi.hr\/en\/program-za-zaposljavanje-i-socijalne-inovacije-easi-employment-and-social-innovation\/#breadcrumb"},"inLanguage":"en-US","potentialAction":[{"@type":"ReadAction","target":["https:\/\/arhiva.strukturnifondovi.hr\/en\/program-za-zaposljavanje-i-socijalne-inovacije-easi-employment-and-social-innovation\/"]}]},{"@type":"BreadcrumbList","@id":"https:\/\/arhiva.strukturnifondovi.hr\/en\/program-za-zaposljavanje-i-socijalne-inovacije-easi-employment-and-social-innovation\/#breadcrumb","itemListElement":[{"@type":"ListItem","position":1,"name":"Home","item":"https:\/\/arhiva.strukturnifondovi.hr\/en\/"},{"@type":"ListItem","position":2,"name":"Program za zapo\u0161ljavanje i socijalne inovacije (EASI \u2013 Employment and Social Innovation)"}]},{"@type":"WebSite","@id":"https:\/\/arhiva.strukturnifondovi.hr\/#website","url":"https:\/\/arhiva.strukturnifondovi.hr\/","name":"Europski strukturni i investicijski fondovi","description":"Europski strukturni i investicijski fondovi","publisher":{"@id":"https:\/\/arhiva.strukturnifondovi.hr\/#organization"},"potentialAction":[{"@type":"SearchAction","target":{"@type":"EntryPoint","urlTemplate":"https:\/\/arhiva.strukturnifondovi.hr\/?s={search_term_string}"},"query-input":{"@type":"PropertyValueSpecification","valueRequired":true,"valueName":"search_term_string"}}],"inLanguage":"en-US"},{"@type":"Organization","@id":"https:\/\/arhiva.strukturnifondovi.hr\/#organization","name":"Ministarstvo regionalnoga razvoja i fondova Europske unije","url":"https:\/\/arhiva.strukturnifondovi.hr\/","logo":{"@type":"ImageObject","inLanguage":"en-US","@id":"https:\/\/arhiva.strukturnifondovi.hr\/#\/schema\/logo\/image\/","url":"https:\/\/arhiva.strukturnifondovi.hr\/wp-content\/uploads\/2022\/03\/ESI-logotip_boja_bez-pozadine_manji.png","contentUrl":"https:\/\/arhiva.strukturnifondovi.hr\/wp-content\/uploads\/2022\/03\/ESI-logotip_boja_bez-pozadine_manji.png","width":1256,"height":413,"caption":"Ministarstvo regionalnoga razvoja i fondova Europske unije"},"image":{"@id":"https:\/\/arhiva.strukturnifondovi.hr\/#\/schema\/logo\/image\/"}}]}},"_links":{"self":[{"href":"https:\/\/arhiva.strukturnifondovi.hr\/en\/wp-json\/wp\/v2\/pages\/11930","targetHints":{"allow":["GET"]}}],"collection":[{"href":"https:\/\/arhiva.strukturnifondovi.hr\/en\/wp-json\/wp\/v2\/pages"}],"about":[{"href":"https:\/\/arhiva.strukturnifondovi.hr\/en\/wp-json\/wp\/v2\/types\/page"}],"author":[{"embeddable":true,"href":"https:\/\/arhiva.strukturnifondovi.hr\/en\/wp-json\/wp\/v2\/users\/795"}],"replies":[{"embeddable":true,"href":"https:\/\/arhiva.strukturnifondovi.hr\/en\/wp-json\/wp\/v2\/comments?post=11930"}],"version-history":[{"count":1,"href":"https:\/\/arhiva.strukturnifondovi.hr\/en\/wp-json\/wp\/v2\/pages\/11930\/revisions"}],"predecessor-version":[{"id":11931,"href":"https:\/\/arhiva.strukturnifondovi.hr\/en\/wp-json\/wp\/v2\/pages\/11930\/revisions\/11931"}],"wp:attachment":[{"href":"https:\/\/arhiva.strukturnifondovi.hr\/en\/wp-json\/wp\/v2\/media?parent=11930"}],"curies":[{"name":"wp","href":"https:\/\/api.w.org\/{rel}","templated":true}]}}