{"id":12649,"date":"2018-09-07T10:35:28","date_gmt":"2018-09-07T08:35:28","guid":{"rendered":"https:\/\/arhiva.strukturnifondovi.hr\/?page_id=12649"},"modified":"2018-09-07T10:53:04","modified_gmt":"2018-09-07T08:53:04","slug":"europa-za-gradane-2014-2020-europe-for-citizens-2014-2020","status":"publish","type":"page","link":"https:\/\/arhiva.strukturnifondovi.hr\/en\/europa-za-gradane-2014-2020-europe-for-citizens-2014-2020\/","title":{"rendered":"Europa za gra\u0111ane 2014.-2020. (Europe for Citizens 2014-2020)"},"content":{"rendered":"<h4><strong><span style=\"color: #333399;\">PRORA\u010cUN PROGRAMA &#8211; 187,7 milijuna eura<\/span><\/strong><\/h4>\n<hr \/>\n<h4><strong><span style=\"color: #333399;\">CILJ<\/span><\/strong><\/h4>\n<p>Program Europa za gra\u0111ane jedan je od centraliziranih programa Europske unije s ciljem promicanja suradnje me\u0111u zemljama sudionicama Programa u podru\u010djima vezanima za zajedni\u010dku europsku povijest i aktivno europsko gra\u0111anstvo.<\/p>\n<p>Cilj Programa je Uniju pribli\u017eiti gra\u0111anima\/kama na na\u010din da ih se kroz projekte aktivno uklju\u010di u promi\u0161ljanje zajedni\u010dkih europskih vrijednosti i povijesti te da ih se potakne na aktivno gra\u0111ansko i demokratsko sudjelovanje na razini Unije. Financijska sredstva programa dostupna su neprofitnim organizacijama i lokalnim vlastima koji zajedno sa partnerima iz drugih zemalja \u010dlanica i kandidatkinja trebaju provesti me\u0111unarodni projekt koji se bavi nekom od sljede\u0107ih tema Programa:<\/p>\n<ul>\n<li><strong>Potprogram 1: Europsko sje\u0107anje<\/strong>, a potrebno je odabrati jedan od sljede\u0107ih prioriteta:\n<ul>\n<li>Komemoracija zna\u010dajnih povijesnih prekretnica u novijoj europskoj povijesti: 2018 \u2013 2019 \u2013 2020<\/li>\n<li>Civilno dru\u0161tvo i gra\u0111ansko sudjelovanje pod totalitarnim re\u017eimima<\/li>\n<li>Antisemitizam, antiromstvo, ksenofobija, homofobija i drugi oblici netolerancije<\/li>\n<li>Demokratska tranzicija i pristupanje Europskoj uniji<\/li>\n<\/ul>\n<\/li>\n<li><strong>Potprogram 2: Demokratski anga\u017eman i gra\u0111ansko sudjelovanje<\/strong>, koji uklju\u010duje 3 vrste projekta:\n<ul>\n<li>Mjera 2.1. Bratimljenje gradova,<\/li>\n<li>Mjera 2.2. Umre\u017eavanje gradova,<\/li>\n<li>Mjera 2.3. Projekti civilnog dru\u0161tva, a potrebno je odabrati jedan od sljede\u0107ih prioriteta:<\/li>\n<li>Rasprava o budu\u0107nosti Europe i izazovi euroskepticizma<\/li>\n<li>Poticanje solidarnosti u vremenima krize<\/li>\n<li>Poticanje interkulturalnog dijaloga i me\u0111usobnog razumijevanje te borba protiv stigmatizacije izbjeglica i manjinskih skupina<\/li>\n<li>Europska godina kulturne ba\u0161tine 2018<\/li>\n<\/ul>\n<\/li>\n<\/ul>\n<h4><span style=\"color: #333399;\"><strong>AKTIVNOSTI\u00a0<\/strong><\/span><\/h4>\n<ol>\n<li>Aktivnosti koje pozivaju na promi\u0161ljanje europske kulturne raznolikosti i zajedni\u010dkih vrijednosti u naj\u0161irem smislu,<\/li>\n<li>Aktivnosti koje pozivaju na promi\u0161ljanje uzroka i posljedica autoritarnih i totalitarnih re\u017eima u suvremenoj povijesti Europe te koje odaju po\u010dast \u017ertvama tih re\u017eima,<\/li>\n<li>Aktivnosti obilje\u017eavanja drugih va\u017enih doga\u0111aja koji su odredili noviju europsku povijest,<\/li>\n<li>Aktivnosti koje promi\u010du i pozivaju na toleranciju, uzajamno razumijevanje, me\u0111ukulturni dijalog i pomirenje, s ciljem dopiranja do mla\u0111ih generacija,<\/li>\n<li>Sastanci gra\u0111ana iz razli\u010ditih zemalja \u010dlanica sa ciljem njihovog uklju\u010divanja u rasprave o konkretnim pitanjima europskog politi\u010dkog programa, te poticanja njihovog sudjelovanja u postupcima dono\u0161enja javnih europskih politika (bratimljenje gradova)<\/li>\n<li>Stvaranje me\u0111unarodnih mre\u017ea gradova koji planiraju dugoro\u010dnu suradnju od zajedni\u010dkog interesa i razmjena njihovih dobrih praksi,<\/li>\n<li>Aktivnosti koje gra\u0111ane aktivno uklju\u010duju u oblikovanje politika Unije u podru\u010djima povezanima s ciljevima Programa,<\/li>\n<li>Aktivnosti poticanja i organiziranja rasprava i sli\u010dnih aktivnosti povezanih s temama prioriteta Programa kako bi gra\u0111ani\/ke predlagali prakti\u010dna rje\u0161enja do kojih se mo\u017ee do\u0107i suradnjom ili koordinacijom na europskoj razini te osigurati stvarnu vezu s procesom oblikovanja politika,<\/li>\n<li>Aktivnosti koje poti\u010du prilike za solidarnost, dru\u0161tveni anga\u017eman i volontiranje na me\u0111unarodnoj i EU razini, itd.<\/li>\n<\/ol>\n<h4><strong><span style=\"color: #333399;\">POTENCIJALNI KORISNICI<\/span><\/strong><\/h4>\n<p>Program je namijenjen neprofitnim organizacijama (udrugama, zakladama, obrazovnim i istra\u017eiva\u010dkim institucijama, organizacijama koje se bave istra\u017eivanjem europskih javnih politika i sl.) te jedinicama lokalne i regionalne samouprave (op\u0107inama, gradovima, \u017eupanijama)..<br \/>\nProgram je otvoren za 28 zemalja \u010dlanica Europske unije, te zemljama kandidatkinjama, potencijalnim kandidatima i\u00a0 EFTA zemljama potpisnicama ugovora o Europskom gospodarskom prostoru pod uvjetom da su potpisali Memorandum o razumijevanju s Europskom komisijom.<\/p>\n<div class=\"accordion version_2\"><\/p>\n<h2><span class=\"naslov\">KORISNE POVEZNICE I KONTAKTI<\/span><\/h2><div><\/p>\n<p><strong>Ured za udruge VRH<\/strong><\/p>\n<p>Vesna Lendi\u0107 Kasalo<\/p>\n<p>Kontakt:<\/p>\n<p>Maja Tomi\u010di\u0107<\/p>\n<p>01 4599 872;\u00a0 maja-tomicic@udruge.vlada.hr \u017deljka Markulin<\/p>\n<p>01 4599816; zeljka.markulin@udruge.vlada.hr;\u00a0\u00a0 europazagradane@udruge.vlada.hr<\/p>\n<p>&nbsp;<\/p>\n<h4><strong><span style=\"color: #333399;\">SAZNAJ VI\u0160E:<\/span><\/strong><\/h4>\n<p><a class=\"button primary small\" href=\"https:\/\/eacea.ec.europa.eu\/europe-for-citizens_en\">Izvr\u0161ne agencije za obrazovanje, audiovizualnu politiku i kulturu (EACEA)<\/a> <a class=\"button transparent small\" href=\"http:\/\/europazagradane.hr\/\">Ured za udruge Vlade Republike Hrvatske, Kontakt to\u010dka programa u RH <\/a><\/p>\n<\/div><\/p>\n<\/div>\n<p>&nbsp;<\/p>\n","protected":false},"excerpt":{"rendered":"<p>PRORA\u010cUN PROGRAMA &#8211; 187,7 milijuna eura CILJ Program Europa za gra\u0111ane jedan je od centraliziranih programa Europske unije s ciljem&#8230;<\/p>\n","protected":false},"author":795,"featured_media":0,"parent":0,"menu_order":0,"comment_status":"closed","ping_status":"closed","template":"page-template2.php","meta":{"inline_featured_image":false,"footnotes":""},"class_list":["post-12649","page","type-page","status-publish","hentry"],"yoast_head":"<!-- This site is optimized with the Yoast SEO plugin v26.8 - https:\/\/yoast.com\/product\/yoast-seo-wordpress\/ -->\n<title>Europa za gra\u0111ane 2014.-2020. (Europe for Citizens 2014-2020) - Europski strukturni i investicijski fondovi % %<\/title>\n<meta name=\"robots\" content=\"index, follow, max-snippet:-1, max-image-preview:large, max-video-preview:-1\" \/>\n<link rel=\"canonical\" href=\"https:\/\/arhiva.strukturnifondovi.hr\/en\/europa-za-gradane-2014-2020-europe-for-citizens-2014-2020\/\" \/>\n<meta property=\"og:locale\" content=\"en_US\" \/>\n<meta property=\"og:type\" content=\"article\" \/>\n<meta property=\"og:title\" content=\"Europa za gra\u0111ane 2014.-2020. (Europe for Citizens 2014-2020) - Europski strukturni i investicijski fondovi % %\" \/>\n<meta property=\"og:description\" content=\"PRORA\u010cUN PROGRAMA &#8211; 187,7 milijuna eura CILJ Program Europa za gra\u0111ane jedan je od centraliziranih programa Europske unije s ciljem...\" \/>\n<meta property=\"og:url\" content=\"https:\/\/arhiva.strukturnifondovi.hr\/en\/europa-za-gradane-2014-2020-europe-for-citizens-2014-2020\/\" \/>\n<meta property=\"og:site_name\" content=\"Europski strukturni i investicijski fondovi\" \/>\n<meta property=\"article:modified_time\" content=\"2018-09-07T08:53:04+00:00\" \/>\n<meta name=\"twitter:card\" content=\"summary_large_image\" \/>\n<meta name=\"twitter:label1\" content=\"Est. reading time\" \/>\n\t<meta name=\"twitter:data1\" content=\"3 minutes\" \/>\n<script type=\"application\/ld+json\" class=\"yoast-schema-graph\">{\"@context\":\"https:\/\/schema.org\",\"@graph\":[{\"@type\":\"WebPage\",\"@id\":\"https:\/\/arhiva.strukturnifondovi.hr\/en\/europa-za-gradane-2014-2020-europe-for-citizens-2014-2020\/\",\"url\":\"https:\/\/arhiva.strukturnifondovi.hr\/en\/europa-za-gradane-2014-2020-europe-for-citizens-2014-2020\/\",\"name\":\"Europa za gra\u0111ane 2014.-2020. (Europe for Citizens 2014-2020) - Europski strukturni i investicijski fondovi % %\",\"isPartOf\":{\"@id\":\"https:\/\/arhiva.strukturnifondovi.hr\/#website\"},\"datePublished\":\"2018-09-07T08:35:28+00:00\",\"dateModified\":\"2018-09-07T08:53:04+00:00\",\"breadcrumb\":{\"@id\":\"https:\/\/arhiva.strukturnifondovi.hr\/en\/europa-za-gradane-2014-2020-europe-for-citizens-2014-2020\/#breadcrumb\"},\"inLanguage\":\"en-US\",\"potentialAction\":[{\"@type\":\"ReadAction\",\"target\":[\"https:\/\/arhiva.strukturnifondovi.hr\/en\/europa-za-gradane-2014-2020-europe-for-citizens-2014-2020\/\"]}]},{\"@type\":\"BreadcrumbList\",\"@id\":\"https:\/\/arhiva.strukturnifondovi.hr\/en\/europa-za-gradane-2014-2020-europe-for-citizens-2014-2020\/#breadcrumb\",\"itemListElement\":[{\"@type\":\"ListItem\",\"position\":1,\"name\":\"Home\",\"item\":\"https:\/\/arhiva.strukturnifondovi.hr\/en\/\"},{\"@type\":\"ListItem\",\"position\":2,\"name\":\"Europa za gra\u0111ane 2014.-2020. (Europe for Citizens 2014-2020)\"}]},{\"@type\":\"WebSite\",\"@id\":\"https:\/\/arhiva.strukturnifondovi.hr\/#website\",\"url\":\"https:\/\/arhiva.strukturnifondovi.hr\/\",\"name\":\"Europski strukturni i investicijski fondovi\",\"description\":\"Europski strukturni i investicijski fondovi\",\"publisher\":{\"@id\":\"https:\/\/arhiva.strukturnifondovi.hr\/#organization\"},\"potentialAction\":[{\"@type\":\"SearchAction\",\"target\":{\"@type\":\"EntryPoint\",\"urlTemplate\":\"https:\/\/arhiva.strukturnifondovi.hr\/?s={search_term_string}\"},\"query-input\":{\"@type\":\"PropertyValueSpecification\",\"valueRequired\":true,\"valueName\":\"search_term_string\"}}],\"inLanguage\":\"en-US\"},{\"@type\":\"Organization\",\"@id\":\"https:\/\/arhiva.strukturnifondovi.hr\/#organization\",\"name\":\"Ministarstvo regionalnoga razvoja i fondova Europske unije\",\"url\":\"https:\/\/arhiva.strukturnifondovi.hr\/\",\"logo\":{\"@type\":\"ImageObject\",\"inLanguage\":\"en-US\",\"@id\":\"https:\/\/arhiva.strukturnifondovi.hr\/#\/schema\/logo\/image\/\",\"url\":\"https:\/\/arhiva.strukturnifondovi.hr\/wp-content\/uploads\/2022\/03\/ESI-logotip_boja_bez-pozadine_manji.png\",\"contentUrl\":\"https:\/\/arhiva.strukturnifondovi.hr\/wp-content\/uploads\/2022\/03\/ESI-logotip_boja_bez-pozadine_manji.png\",\"width\":1256,\"height\":413,\"caption\":\"Ministarstvo regionalnoga razvoja i fondova Europske unije\"},\"image\":{\"@id\":\"https:\/\/arhiva.strukturnifondovi.hr\/#\/schema\/logo\/image\/\"}}]}<\/script>\n<!-- \/ Yoast SEO plugin. -->","yoast_head_json":{"title":"Europa za gra\u0111ane 2014.-2020. (Europe for Citizens 2014-2020) - Europski strukturni i investicijski fondovi % %","robots":{"index":"index","follow":"follow","max-snippet":"max-snippet:-1","max-image-preview":"max-image-preview:large","max-video-preview":"max-video-preview:-1"},"canonical":"https:\/\/arhiva.strukturnifondovi.hr\/en\/europa-za-gradane-2014-2020-europe-for-citizens-2014-2020\/","og_locale":"en_US","og_type":"article","og_title":"Europa za gra\u0111ane 2014.-2020. (Europe for Citizens 2014-2020) - Europski strukturni i investicijski fondovi % %","og_description":"PRORA\u010cUN PROGRAMA &#8211; 187,7 milijuna eura CILJ Program Europa za gra\u0111ane jedan je od centraliziranih programa Europske unije s ciljem...","og_url":"https:\/\/arhiva.strukturnifondovi.hr\/en\/europa-za-gradane-2014-2020-europe-for-citizens-2014-2020\/","og_site_name":"Europski strukturni i investicijski fondovi","article_modified_time":"2018-09-07T08:53:04+00:00","twitter_card":"summary_large_image","twitter_misc":{"Est. reading time":"3 minutes"},"schema":{"@context":"https:\/\/schema.org","@graph":[{"@type":"WebPage","@id":"https:\/\/arhiva.strukturnifondovi.hr\/en\/europa-za-gradane-2014-2020-europe-for-citizens-2014-2020\/","url":"https:\/\/arhiva.strukturnifondovi.hr\/en\/europa-za-gradane-2014-2020-europe-for-citizens-2014-2020\/","name":"Europa za gra\u0111ane 2014.-2020. (Europe for Citizens 2014-2020) - Europski strukturni i investicijski fondovi % %","isPartOf":{"@id":"https:\/\/arhiva.strukturnifondovi.hr\/#website"},"datePublished":"2018-09-07T08:35:28+00:00","dateModified":"2018-09-07T08:53:04+00:00","breadcrumb":{"@id":"https:\/\/arhiva.strukturnifondovi.hr\/en\/europa-za-gradane-2014-2020-europe-for-citizens-2014-2020\/#breadcrumb"},"inLanguage":"en-US","potentialAction":[{"@type":"ReadAction","target":["https:\/\/arhiva.strukturnifondovi.hr\/en\/europa-za-gradane-2014-2020-europe-for-citizens-2014-2020\/"]}]},{"@type":"BreadcrumbList","@id":"https:\/\/arhiva.strukturnifondovi.hr\/en\/europa-za-gradane-2014-2020-europe-for-citizens-2014-2020\/#breadcrumb","itemListElement":[{"@type":"ListItem","position":1,"name":"Home","item":"https:\/\/arhiva.strukturnifondovi.hr\/en\/"},{"@type":"ListItem","position":2,"name":"Europa za gra\u0111ane 2014.-2020. (Europe for Citizens 2014-2020)"}]},{"@type":"WebSite","@id":"https:\/\/arhiva.strukturnifondovi.hr\/#website","url":"https:\/\/arhiva.strukturnifondovi.hr\/","name":"Europski strukturni i investicijski fondovi","description":"Europski strukturni i investicijski fondovi","publisher":{"@id":"https:\/\/arhiva.strukturnifondovi.hr\/#organization"},"potentialAction":[{"@type":"SearchAction","target":{"@type":"EntryPoint","urlTemplate":"https:\/\/arhiva.strukturnifondovi.hr\/?s={search_term_string}"},"query-input":{"@type":"PropertyValueSpecification","valueRequired":true,"valueName":"search_term_string"}}],"inLanguage":"en-US"},{"@type":"Organization","@id":"https:\/\/arhiva.strukturnifondovi.hr\/#organization","name":"Ministarstvo regionalnoga razvoja i fondova Europske unije","url":"https:\/\/arhiva.strukturnifondovi.hr\/","logo":{"@type":"ImageObject","inLanguage":"en-US","@id":"https:\/\/arhiva.strukturnifondovi.hr\/#\/schema\/logo\/image\/","url":"https:\/\/arhiva.strukturnifondovi.hr\/wp-content\/uploads\/2022\/03\/ESI-logotip_boja_bez-pozadine_manji.png","contentUrl":"https:\/\/arhiva.strukturnifondovi.hr\/wp-content\/uploads\/2022\/03\/ESI-logotip_boja_bez-pozadine_manji.png","width":1256,"height":413,"caption":"Ministarstvo regionalnoga razvoja i fondova Europske unije"},"image":{"@id":"https:\/\/arhiva.strukturnifondovi.hr\/#\/schema\/logo\/image\/"}}]}},"_links":{"self":[{"href":"https:\/\/arhiva.strukturnifondovi.hr\/en\/wp-json\/wp\/v2\/pages\/12649","targetHints":{"allow":["GET"]}}],"collection":[{"href":"https:\/\/arhiva.strukturnifondovi.hr\/en\/wp-json\/wp\/v2\/pages"}],"about":[{"href":"https:\/\/arhiva.strukturnifondovi.hr\/en\/wp-json\/wp\/v2\/types\/page"}],"author":[{"embeddable":true,"href":"https:\/\/arhiva.strukturnifondovi.hr\/en\/wp-json\/wp\/v2\/users\/795"}],"replies":[{"embeddable":true,"href":"https:\/\/arhiva.strukturnifondovi.hr\/en\/wp-json\/wp\/v2\/comments?post=12649"}],"version-history":[{"count":5,"href":"https:\/\/arhiva.strukturnifondovi.hr\/en\/wp-json\/wp\/v2\/pages\/12649\/revisions"}],"predecessor-version":[{"id":12662,"href":"https:\/\/arhiva.strukturnifondovi.hr\/en\/wp-json\/wp\/v2\/pages\/12649\/revisions\/12662"}],"wp:attachment":[{"href":"https:\/\/arhiva.strukturnifondovi.hr\/en\/wp-json\/wp\/v2\/media?parent=12649"}],"curies":[{"name":"wp","href":"https:\/\/api.w.org\/{rel}","templated":true}]}}