{"id":1343,"date":"2017-06-14T09:28:39","date_gmt":"2017-06-14T09:28:39","guid":{"rendered":"https:\/\/arhiva.strukturnifondovi.hr\/?page_id=1343"},"modified":"2023-09-11T15:42:17","modified_gmt":"2023-09-11T13:42:17","slug":"indikativni-godisnji-plan-objave-natjecaja","status":"publish","type":"page","link":"https:\/\/arhiva.strukturnifondovi.hr\/en\/indikativni-godisnji-plan-objave-natjecaja\/","title":{"rendered":"Indikativni godi\u0161nji plan objave natje\u010daja"},"content":{"rendered":"<h3><strong>OPERATIVNI PROGRAM KONKURENTNOST I KOHEZIJA 2014.-2020.<\/strong><\/h3>\n<p>Ministarstvo regionalnoga razvoja i fondova Europske unije u svojstvu Upravlja\u010dkog tijela za Operativni program Konkurentnost i kohezija 2014.-2020. objavljuje indikativni godi\u0161nji plan objave poziva na dostavu projektnih prijedloga za 2019. godinu u okviru Operativnog programa Konkurentnost i kohezija 2014.-2020., radi informiranja i pravovremene pripreme projektnih prijedloga potencijalnih prijavitelja.<\/p>\n<p>Pozivi na dostavu projektnih prijedloga u indikativnom godi\u0161njem planu objave mogu biti:<\/p>\n<ul>\n<li>otvoreni pozivi na dostavu projektnih prijedloga,<\/li>\n<li>ograni\u010deni pozivi na dostavu projektnih prijedloga kod kojih postoji vi\u0161e od jedan unaprijed poznati potencijalni prijavitelj.<\/li>\n<\/ul>\n<p>Napomena: indikativni godi\u0161nji plan objave poziva na dostavu projektnih prijedloga (PDP-ova) sadr\u017ei popis poziva na dostavu projektnih prijedloga i rokova poznatih u trenutku izrade plana te je podlo\u017ean izmjenama i dopunama sukladno dinamici poslovnih procesa uklju\u010denih institucija. Pokretanje poziva na dostavu projektnih prijedloga uvjetovano je prethodnim odobrenjem od strane Odbora za pra\u0107enje.<\/p>\n<p><a class=\"button transparent large\" href=\"https:\/\/arhiva.strukturnifondovi.hr\/wp-content\/uploads\/2021\/05\/Indikativni-godisnji-plan-objave-PDP-a_052021-final14955.xlsx\">Godi\u0161nji plan objave Poziva na dostavu projektnih prijedloga Operativni program Konkurentnost i kohezija 2014.-2020. za 2020. godinu<\/a><\/p>\n<h3>\u00a0<strong>OPERATIVNI PROGRAM U\u010cINKOVITI LJUDSKI POTENCIJALI 2014.-2020.<\/strong><\/h3>\n<p>Ministarstvo rada i mirovinskoga sustava, Upravlja\u010dko tijelo za Operativni program U\u010dinkoviti ljudski potencijali 2014.-2020. (OPULJP) objavljuje godi\u0161nji plan objave poziva na dostavu projektnih prijedloga za 2018. godinu u okviru Operativnog programa U\u010dinkoviti ljudski potencijali 2014.-2020., radi informiranja i pravovremene pripreme projektnih prijedloga potencijalnih prijavitelja.<\/p>\n<p>Pozivi na dostavu projektnih prijedloga u godi\u0161njem planu objave mogu biti:<\/p>\n<ul>\n<li>otvoreni pozivi na dostavu projektnih prijedloga,<\/li>\n<li>ograni\u010deni pozivi na dostavu projektnih prijedloga kod kojih postoji unaprijed odre\u0111en prijavitelj\/prijavitelji.<\/li>\n<\/ul>\n<p>Napomena:\u00a0godi\u0161nji plan objave poziva na dostavu projektnih prijedloga sadr\u017ei \u00a0popis poziva na dostavu projektnih prijedloga i rokova poznatih u trenutku izrade plana te je podlo\u017ean izmjenama i dopunama sukladno dinamici poslovnih procesa uklju\u010denih institucija.<\/p>\n<p><a class=\"button transparent large\" href=\"https:\/\/arhiva.strukturnifondovi.hr\/wp-content\/uploads\/2019\/03\/Godi\u0161nji-plan-objave-Poziva-na-dostavu-projektnih-prijedloga-za-2019.-godinu.xlsx\">Godi\u0161nji plan objave Poziva na dostavu projektnih prijedloga Operativni program u\u010dinkoviti ljudski potencijali 2014.-2020. za 2019. godinu<\/a><\/p>\n<h3><strong>PROGRAM RURALNOG RAZVOJA 2014.-2020.<\/strong><\/h3>\n<p>Ministarstvo poljoprivrede u svojstvu Upravlja\u010dkog tijela za Program ruralnog razvoja 2014.-2020. objavljuje indikativni godi\u0161nji plan objave poziva na dostavu projektnih prijedloga za 2019. godinu u okviru Programa ruralnog razvoja 2014.-2020., radi informiranja i pravovremene pripreme projektnih prijedloga potencijalnih prijavitelja.<\/p>\n<p>Napomena: godi\u0161nji plan objave poziva na dostavu projektnih prijedloga sadr\u017ei \u00a0popis poziva na dostavu projektnih prijedloga i rokova poznatih u trenutku izrade plana te je podlo\u017ean izmjenama i dopunama sukladno dinamici poslovnih procesa uklju\u010denih institucija.<\/p>\n<p><a class=\"button transparent large\" href=\"https:\/\/ruralnirazvoj.hr\/plan-objave-natjecaja\/\">Indikativni godi\u0161nji plan objave poziva na dostavu projektnih prijedloga Program ruralnog razvoja 2014.-2020. za 2019. godinu<\/a><\/p>\n<h3><strong>OPERATIVNI PROGRAM POMORSTVO I RIBARSTVO 2014.-2020.<\/strong><\/h3>\n<p>Uprava ribarstva u svojstvu Upravlja\u010dkog tijela za Operativni program za pomorstvo i ribarstvo Republike Hrvatske za programsko razdoblje 2014.-2020. objavljuje indikativni godi\u0161nji plan objave natje\u010daja u okviru Operativnog programa za pomorstvo i ribarstvo, s ciljem obavje\u0161tavanja relevantnih dionika i \u0161ire javnosti o mogu\u0107nostima kori\u0161tenja sredstava iz Europskog fonda za pomorstvo i ribarstvo te omogu\u0107avanja pravovremene pripreme i planiranja ulaganja i aktivnosti potencijalnih korisnika.<\/p>\n<p>Napomena: indikativni godi\u0161nji plan objave natje\u010daja sadr\u017ei popis mjera i rokova poznatih u trenutku izrade plana te je podlo\u017ean izmjenama i dopunama sukladno dinamici poslovnih procesa uklju\u010denih dionika.<\/p>\n<p><a class=\"button transparent large\" href=\"https:\/\/arhiva.strukturnifondovi.hr\/wp-content\/uploads\/2020\/02\/Indikativni-plan-natje\u010daja-za-2020_OPPiR.pdf\">Indikativni godi\u0161nji plan objave natje\u010daja za Operativni program pomorstvo i ribarstvo 2020.<\/a><\/p>\n","protected":false},"excerpt":{"rendered":"<p>OPERATIVNI PROGRAM KONKURENTNOST I KOHEZIJA 2014.-2020. Ministarstvo regionalnoga razvoja i fondova Europske unije u svojstvu Upravlja\u010dkog tijela za Operativni program&#8230;<\/p>\n","protected":false},"author":795,"featured_media":0,"parent":0,"menu_order":0,"comment_status":"closed","ping_status":"closed","template":"","meta":{"inline_featured_image":false,"footnotes":""},"class_list":["post-1343","page","type-page","status-publish","hentry"],"yoast_head":"<!-- This site is optimized with the Yoast SEO plugin v26.8 - https:\/\/yoast.com\/product\/yoast-seo-wordpress\/ -->\n<title>Indikativni godi\u0161nji plan objave natje\u010daja - Europski strukturni i investicijski fondovi % %<\/title>\n<meta name=\"robots\" content=\"index, follow, max-snippet:-1, max-image-preview:large, max-video-preview:-1\" \/>\n<link rel=\"canonical\" href=\"https:\/\/arhiva.strukturnifondovi.hr\/indikativni-godisnji-plan-objave-natjecaja\/\" \/>\n<meta property=\"og:locale\" content=\"en_US\" \/>\n<meta property=\"og:type\" content=\"article\" \/>\n<meta property=\"og:title\" content=\"Indikativni godi\u0161nji plan objave natje\u010daja - Europski strukturni i investicijski fondovi % %\" \/>\n<meta property=\"og:description\" content=\"OPERATIVNI PROGRAM KONKURENTNOST I KOHEZIJA 2014.-2020. Ministarstvo regionalnoga razvoja i fondova Europske unije u svojstvu Upravlja\u010dkog tijela za Operativni program...\" \/>\n<meta property=\"og:url\" content=\"https:\/\/arhiva.strukturnifondovi.hr\/indikativni-godisnji-plan-objave-natjecaja\/\" \/>\n<meta property=\"og:site_name\" content=\"Europski strukturni i investicijski fondovi\" \/>\n<meta property=\"article:modified_time\" content=\"2023-09-11T13:42:17+00:00\" \/>\n<meta name=\"twitter:card\" content=\"summary_large_image\" \/>\n<meta name=\"twitter:label1\" content=\"Est. reading time\" \/>\n\t<meta name=\"twitter:data1\" content=\"3 minutes\" \/>\n<script type=\"application\/ld+json\" class=\"yoast-schema-graph\">{\"@context\":\"https:\/\/schema.org\",\"@graph\":[{\"@type\":\"WebPage\",\"@id\":\"https:\/\/arhiva.strukturnifondovi.hr\/indikativni-godisnji-plan-objave-natjecaja\/\",\"url\":\"https:\/\/arhiva.strukturnifondovi.hr\/indikativni-godisnji-plan-objave-natjecaja\/\",\"name\":\"Indikativni godi\u0161nji plan objave natje\u010daja - Europski strukturni i investicijski fondovi % %\",\"isPartOf\":{\"@id\":\"https:\/\/arhiva.strukturnifondovi.hr\/#website\"},\"datePublished\":\"2017-06-14T09:28:39+00:00\",\"dateModified\":\"2023-09-11T13:42:17+00:00\",\"breadcrumb\":{\"@id\":\"https:\/\/arhiva.strukturnifondovi.hr\/indikativni-godisnji-plan-objave-natjecaja\/#breadcrumb\"},\"inLanguage\":\"en-US\",\"potentialAction\":[{\"@type\":\"ReadAction\",\"target\":[\"https:\/\/arhiva.strukturnifondovi.hr\/indikativni-godisnji-plan-objave-natjecaja\/\"]}]},{\"@type\":\"BreadcrumbList\",\"@id\":\"https:\/\/arhiva.strukturnifondovi.hr\/indikativni-godisnji-plan-objave-natjecaja\/#breadcrumb\",\"itemListElement\":[{\"@type\":\"ListItem\",\"position\":1,\"name\":\"Home\",\"item\":\"https:\/\/arhiva.strukturnifondovi.hr\/en\/\"},{\"@type\":\"ListItem\",\"position\":2,\"name\":\"Indikativni godi\u0161nji plan objave natje\u010daja\"}]},{\"@type\":\"WebSite\",\"@id\":\"https:\/\/arhiva.strukturnifondovi.hr\/#website\",\"url\":\"https:\/\/arhiva.strukturnifondovi.hr\/\",\"name\":\"Europski strukturni i investicijski fondovi\",\"description\":\"Europski strukturni i investicijski fondovi\",\"publisher\":{\"@id\":\"https:\/\/arhiva.strukturnifondovi.hr\/#organization\"},\"potentialAction\":[{\"@type\":\"SearchAction\",\"target\":{\"@type\":\"EntryPoint\",\"urlTemplate\":\"https:\/\/arhiva.strukturnifondovi.hr\/?s={search_term_string}\"},\"query-input\":{\"@type\":\"PropertyValueSpecification\",\"valueRequired\":true,\"valueName\":\"search_term_string\"}}],\"inLanguage\":\"en-US\"},{\"@type\":\"Organization\",\"@id\":\"https:\/\/arhiva.strukturnifondovi.hr\/#organization\",\"name\":\"Ministarstvo regionalnoga razvoja i fondova Europske unije\",\"url\":\"https:\/\/arhiva.strukturnifondovi.hr\/\",\"logo\":{\"@type\":\"ImageObject\",\"inLanguage\":\"en-US\",\"@id\":\"https:\/\/arhiva.strukturnifondovi.hr\/#\/schema\/logo\/image\/\",\"url\":\"https:\/\/arhiva.strukturnifondovi.hr\/wp-content\/uploads\/2022\/03\/ESI-logotip_boja_bez-pozadine_manji.png\",\"contentUrl\":\"https:\/\/arhiva.strukturnifondovi.hr\/wp-content\/uploads\/2022\/03\/ESI-logotip_boja_bez-pozadine_manji.png\",\"width\":1256,\"height\":413,\"caption\":\"Ministarstvo regionalnoga razvoja i fondova Europske unije\"},\"image\":{\"@id\":\"https:\/\/arhiva.strukturnifondovi.hr\/#\/schema\/logo\/image\/\"}}]}<\/script>\n<!-- \/ Yoast SEO plugin. -->","yoast_head_json":{"title":"Indikativni godi\u0161nji plan objave natje\u010daja - Europski strukturni i investicijski fondovi % %","robots":{"index":"index","follow":"follow","max-snippet":"max-snippet:-1","max-image-preview":"max-image-preview:large","max-video-preview":"max-video-preview:-1"},"canonical":"https:\/\/arhiva.strukturnifondovi.hr\/indikativni-godisnji-plan-objave-natjecaja\/","og_locale":"en_US","og_type":"article","og_title":"Indikativni godi\u0161nji plan objave natje\u010daja - Europski strukturni i investicijski fondovi % %","og_description":"OPERATIVNI PROGRAM KONKURENTNOST I KOHEZIJA 2014.-2020. Ministarstvo regionalnoga razvoja i fondova Europske unije u svojstvu Upravlja\u010dkog tijela za Operativni program...","og_url":"https:\/\/arhiva.strukturnifondovi.hr\/indikativni-godisnji-plan-objave-natjecaja\/","og_site_name":"Europski strukturni i investicijski fondovi","article_modified_time":"2023-09-11T13:42:17+00:00","twitter_card":"summary_large_image","twitter_misc":{"Est. reading time":"3 minutes"},"schema":{"@context":"https:\/\/schema.org","@graph":[{"@type":"WebPage","@id":"https:\/\/arhiva.strukturnifondovi.hr\/indikativni-godisnji-plan-objave-natjecaja\/","url":"https:\/\/arhiva.strukturnifondovi.hr\/indikativni-godisnji-plan-objave-natjecaja\/","name":"Indikativni godi\u0161nji plan objave natje\u010daja - Europski strukturni i investicijski fondovi % %","isPartOf":{"@id":"https:\/\/arhiva.strukturnifondovi.hr\/#website"},"datePublished":"2017-06-14T09:28:39+00:00","dateModified":"2023-09-11T13:42:17+00:00","breadcrumb":{"@id":"https:\/\/arhiva.strukturnifondovi.hr\/indikativni-godisnji-plan-objave-natjecaja\/#breadcrumb"},"inLanguage":"en-US","potentialAction":[{"@type":"ReadAction","target":["https:\/\/arhiva.strukturnifondovi.hr\/indikativni-godisnji-plan-objave-natjecaja\/"]}]},{"@type":"BreadcrumbList","@id":"https:\/\/arhiva.strukturnifondovi.hr\/indikativni-godisnji-plan-objave-natjecaja\/#breadcrumb","itemListElement":[{"@type":"ListItem","position":1,"name":"Home","item":"https:\/\/arhiva.strukturnifondovi.hr\/en\/"},{"@type":"ListItem","position":2,"name":"Indikativni godi\u0161nji plan objave natje\u010daja"}]},{"@type":"WebSite","@id":"https:\/\/arhiva.strukturnifondovi.hr\/#website","url":"https:\/\/arhiva.strukturnifondovi.hr\/","name":"Europski strukturni i investicijski fondovi","description":"Europski strukturni i investicijski fondovi","publisher":{"@id":"https:\/\/arhiva.strukturnifondovi.hr\/#organization"},"potentialAction":[{"@type":"SearchAction","target":{"@type":"EntryPoint","urlTemplate":"https:\/\/arhiva.strukturnifondovi.hr\/?s={search_term_string}"},"query-input":{"@type":"PropertyValueSpecification","valueRequired":true,"valueName":"search_term_string"}}],"inLanguage":"en-US"},{"@type":"Organization","@id":"https:\/\/arhiva.strukturnifondovi.hr\/#organization","name":"Ministarstvo regionalnoga razvoja i fondova Europske unije","url":"https:\/\/arhiva.strukturnifondovi.hr\/","logo":{"@type":"ImageObject","inLanguage":"en-US","@id":"https:\/\/arhiva.strukturnifondovi.hr\/#\/schema\/logo\/image\/","url":"https:\/\/arhiva.strukturnifondovi.hr\/wp-content\/uploads\/2022\/03\/ESI-logotip_boja_bez-pozadine_manji.png","contentUrl":"https:\/\/arhiva.strukturnifondovi.hr\/wp-content\/uploads\/2022\/03\/ESI-logotip_boja_bez-pozadine_manji.png","width":1256,"height":413,"caption":"Ministarstvo regionalnoga razvoja i fondova Europske unije"},"image":{"@id":"https:\/\/arhiva.strukturnifondovi.hr\/#\/schema\/logo\/image\/"}}]}},"_links":{"self":[{"href":"https:\/\/arhiva.strukturnifondovi.hr\/en\/wp-json\/wp\/v2\/pages\/1343","targetHints":{"allow":["GET"]}}],"collection":[{"href":"https:\/\/arhiva.strukturnifondovi.hr\/en\/wp-json\/wp\/v2\/pages"}],"about":[{"href":"https:\/\/arhiva.strukturnifondovi.hr\/en\/wp-json\/wp\/v2\/types\/page"}],"author":[{"embeddable":true,"href":"https:\/\/arhiva.strukturnifondovi.hr\/en\/wp-json\/wp\/v2\/users\/795"}],"replies":[{"embeddable":true,"href":"https:\/\/arhiva.strukturnifondovi.hr\/en\/wp-json\/wp\/v2\/comments?post=1343"}],"version-history":[{"count":201,"href":"https:\/\/arhiva.strukturnifondovi.hr\/en\/wp-json\/wp\/v2\/pages\/1343\/revisions"}],"predecessor-version":[{"id":124534,"href":"https:\/\/arhiva.strukturnifondovi.hr\/en\/wp-json\/wp\/v2\/pages\/1343\/revisions\/124534"}],"wp:attachment":[{"href":"https:\/\/arhiva.strukturnifondovi.hr\/en\/wp-json\/wp\/v2\/media?parent=1343"}],"curies":[{"name":"wp","href":"https:\/\/api.w.org\/{rel}","templated":true}]}}