{"id":14935,"date":"2018-11-15T12:36:49","date_gmt":"2018-11-15T11:36:49","guid":{"rendered":"https:\/\/arhiva.strukturnifondovi.hr\/?page_id=14935"},"modified":"2023-02-02T11:28:10","modified_gmt":"2023-02-02T10:28:10","slug":"program-integrirane-fizicke-gospodarske-i-socijalne-regeneracije-malih-gradova-na-ratom-pogodenim-podrucjima","status":"publish","type":"page","link":"https:\/\/arhiva.strukturnifondovi.hr\/en\/program-integrirane-fizicke-gospodarske-i-socijalne-regeneracije-malih-gradova-na-ratom-pogodenim-podrucjima\/","title":{"rendered":"Program integrirane fizi\u010dke, gospodarske i socijalne regeneracije malih gradova na ratom pogo\u0111enim podru\u010djima"},"content":{"rendered":"<p>Program integrirane fizi\u010dke, gospodarske i socijalne regeneracije malih gradova na ratom pogo\u0111enim podru\u010djima predstavlja novi pristup integriranih ulaganja koji se provodi u pet depriviranih pilot podru\u010dja (gradovi: Beli Manastir s op\u0107inom Darda, Benkovac, Knin, Petrinja i Vukovar).<\/p>\n<p>Program provodi Ministarstvo regionalnoga razvoja i fondova Europske unije u suradnji s Ministarstvom rada i mirovinskoga sustava. Provedba\u00a0 Programa smanjit \u0107e regionalne razlike, socijalnu nejednakost, isklju\u010denost i siroma\u0161tvo te daljnju depopulaciju navedenih podru\u010dja.<\/p>\n<p>Program integrirane fizi\u010dke, gospodarske i socijalne regeneracije malih gradova na ratom pogo\u0111enim podru\u010djima integrira aktivnosti specifi\u010dnih ciljeva 9b1 Operativnog programa \u201cKonkurentnost i kohezija\u201d 2014. \u2013 2020. (OPKK) i 9i2 Operativnog programa \u201cU\u010dinkoviti ljudski potencijali\u201d 2014. \u2013 2020. (OPULJP) te sredstva Europskog fonda za regionalni razvoj (EFRR) i Europskog socijalnog fonda (ESF).<\/p>\n<p>Cilj koji se \u017eeli posti\u0107i ovakvim teritorijalno utemeljenim pristupom integriranoj fizi\u010dkoj, gospodarskoj i socijalnoj regeneraciji depriviranih podru\u010dja\u00a0 je smanjenje socijalne nejednakosti, isklju\u010denosti i siroma\u0161tva, pobolj\u0161anje infrastrukture, ja\u010danje potencijala rasta, pove\u0107anje atraktivnosti za \u017eivljenje i potencijalna ulaganja, ja\u010danje socijalnog uklju\u010divanja i aktivnog sudjelovanja stanovnika tih podru\u010dja u gospodarskom i dru\u0161tvenom \u017eivotu.<\/p>\n<p>Sredstva za ulaganje u pilot podru\u010dja osigurana su kroz dva fonda:<\/p>\n<ul>\n<li>100 milijuna eura iz EFRR kroz OPKK za aktivnosti usmjerene na izgradnju i unaprje\u0111enje infrastrukture u zajednici te podr\u0161ku gospodarstvu.<\/li>\n<li>20 milijuna eura iz ESF kroz OPULJP za aktivnosti usmjerene na ja\u010danje ljudskih potencijala kroz pru\u017eanje socijalnih, obrazovnih i\u00a0 ekonomskih usluga te usluga u vezi sa zapo\u0161ljavanjem.<\/li>\n<\/ul>\n<p><strong><a href=\"https:\/\/arhiva.strukturnifondovi.hr\/wp-content\/uploads\/2018\/11\/Odluka-o-pilot-podrucjima.pdf\">Odluka o pilot podru\u010djima za provedbu Programa<\/a><\/strong><\/p>\n<div class=\"accordion version_2\"><\/p>\n<h2><span class=\"naslov\">NA\u010cIN ODABIRA PILOT PODRU\u010cJA<\/span><\/h2><div><p>\nGradovi su odabrani temeljem kriterija unaprijed definiranim u Operativnom programu \u201eKonkurentnost i kohezija 2014.-2020\u201c :<\/p>\n<ul>\n<li>indeks vi\u0161estruke deprivacije &#8211; izra\u010dunat na temelju socioekonomskih podataka (stopa nezaposlenosti, kretanje stanovni\u0161tva, stupanj obrazovanja, osobni dohodak po stanovniku i prora\u010dunski prihod JLS-a po stanovniku, starosna obilje\u017eja, socijalni status, gusto\u0107a stanovni\u0161tva i koeficijent s obzirom na pripadnost PPDS-u)<\/li>\n<li>veli\u010dina grada &#8211; 10.000 do 35.000 stanovnika<\/li>\n<li>status okupiranosti tijekom Domovinskog rata<\/li>\n<\/ul>\n<p>Kako je jedan od uvjeta za odabiranje pilot gradova bio i da imaju zna\u010dajan udjel romskog stanovni\u0161tva, podru\u010dje Grada Belog Manastira pro\u0161ireno je na op\u0107inu Darda.<\/p>\n<\/div><\/p>\n<\/div>\n<p>&nbsp;<\/p>\n<p>&nbsp;<\/p>\n","protected":false},"excerpt":{"rendered":"<p>Program integrirane fizi\u010dke, gospodarske i socijalne regeneracije malih gradova na ratom pogo\u0111enim podru\u010djima predstavlja novi pristup integriranih ulaganja koji se&#8230;<\/p>\n","protected":false},"author":795,"featured_media":15049,"parent":0,"menu_order":0,"comment_status":"closed","ping_status":"closed","template":"page-template2.php","meta":{"inline_featured_image":false,"footnotes":""},"class_list":["post-14935","page","type-page","status-publish","has-post-thumbnail","hentry"],"yoast_head":"<!-- This site is optimized with the Yoast SEO plugin v26.8 - https:\/\/yoast.com\/product\/yoast-seo-wordpress\/ -->\n<title>Program integrirane fizi\u010dke, gospodarske i socijalne regeneracije malih gradova na ratom pogo\u0111enim podru\u010djima - Europski strukturni i investicijski fondovi % %<\/title>\n<meta name=\"robots\" content=\"index, follow, max-snippet:-1, max-image-preview:large, max-video-preview:-1\" \/>\n<link rel=\"canonical\" href=\"https:\/\/arhiva.strukturnifondovi.hr\/en\/program-integrirane-fizicke-gospodarske-i-socijalne-regeneracije-malih-gradova-na-ratom-pogodenim-podrucjima\/\" \/>\n<meta property=\"og:locale\" content=\"en_US\" \/>\n<meta property=\"og:type\" content=\"article\" \/>\n<meta property=\"og:title\" content=\"Program integrirane fizi\u010dke, gospodarske i socijalne regeneracije malih gradova na ratom pogo\u0111enim podru\u010djima - Europski strukturni i investicijski fondovi % %\" \/>\n<meta property=\"og:description\" content=\"Program integrirane fizi\u010dke, gospodarske i socijalne regeneracije malih gradova na ratom pogo\u0111enim podru\u010djima predstavlja novi pristup integriranih ulaganja koji se...\" \/>\n<meta property=\"og:url\" content=\"https:\/\/arhiva.strukturnifondovi.hr\/en\/program-integrirane-fizicke-gospodarske-i-socijalne-regeneracije-malih-gradova-na-ratom-pogodenim-podrucjima\/\" \/>\n<meta property=\"og:site_name\" content=\"Europski strukturni i investicijski fondovi\" \/>\n<meta property=\"article:modified_time\" content=\"2023-02-02T10:28:10+00:00\" \/>\n<meta property=\"og:image\" content=\"https:\/\/arhiva.strukturnifondovi.hr\/wp-content\/uploads\/2018\/11\/krugovi_logo-page-001.jpg\" \/>\n\t<meta property=\"og:image:width\" content=\"2480\" \/>\n\t<meta property=\"og:image:height\" content=\"650\" \/>\n\t<meta property=\"og:image:type\" content=\"image\/jpeg\" \/>\n<meta name=\"twitter:card\" content=\"summary_large_image\" \/>\n<meta name=\"twitter:label1\" content=\"Est. reading time\" \/>\n\t<meta name=\"twitter:data1\" content=\"2 minutes\" \/>\n<script type=\"application\/ld+json\" class=\"yoast-schema-graph\">{\"@context\":\"https:\/\/schema.org\",\"@graph\":[{\"@type\":\"WebPage\",\"@id\":\"https:\/\/arhiva.strukturnifondovi.hr\/en\/program-integrirane-fizicke-gospodarske-i-socijalne-regeneracije-malih-gradova-na-ratom-pogodenim-podrucjima\/\",\"url\":\"https:\/\/arhiva.strukturnifondovi.hr\/en\/program-integrirane-fizicke-gospodarske-i-socijalne-regeneracije-malih-gradova-na-ratom-pogodenim-podrucjima\/\",\"name\":\"Program integrirane fizi\u010dke, gospodarske i socijalne regeneracije malih gradova na ratom pogo\u0111enim podru\u010djima - Europski strukturni i investicijski fondovi % %\",\"isPartOf\":{\"@id\":\"https:\/\/arhiva.strukturnifondovi.hr\/#website\"},\"primaryImageOfPage\":{\"@id\":\"https:\/\/arhiva.strukturnifondovi.hr\/en\/program-integrirane-fizicke-gospodarske-i-socijalne-regeneracije-malih-gradova-na-ratom-pogodenim-podrucjima\/#primaryimage\"},\"image\":{\"@id\":\"https:\/\/arhiva.strukturnifondovi.hr\/en\/program-integrirane-fizicke-gospodarske-i-socijalne-regeneracije-malih-gradova-na-ratom-pogodenim-podrucjima\/#primaryimage\"},\"thumbnailUrl\":\"https:\/\/arhiva.strukturnifondovi.hr\/wp-content\/uploads\/2018\/11\/krugovi_logo-page-001.jpg\",\"datePublished\":\"2018-11-15T11:36:49+00:00\",\"dateModified\":\"2023-02-02T10:28:10+00:00\",\"breadcrumb\":{\"@id\":\"https:\/\/arhiva.strukturnifondovi.hr\/en\/program-integrirane-fizicke-gospodarske-i-socijalne-regeneracije-malih-gradova-na-ratom-pogodenim-podrucjima\/#breadcrumb\"},\"inLanguage\":\"en-US\",\"potentialAction\":[{\"@type\":\"ReadAction\",\"target\":[\"https:\/\/arhiva.strukturnifondovi.hr\/en\/program-integrirane-fizicke-gospodarske-i-socijalne-regeneracije-malih-gradova-na-ratom-pogodenim-podrucjima\/\"]}]},{\"@type\":\"ImageObject\",\"inLanguage\":\"en-US\",\"@id\":\"https:\/\/arhiva.strukturnifondovi.hr\/en\/program-integrirane-fizicke-gospodarske-i-socijalne-regeneracije-malih-gradova-na-ratom-pogodenim-podrucjima\/#primaryimage\",\"url\":\"https:\/\/arhiva.strukturnifondovi.hr\/wp-content\/uploads\/2018\/11\/krugovi_logo-page-001.jpg\",\"contentUrl\":\"https:\/\/arhiva.strukturnifondovi.hr\/wp-content\/uploads\/2018\/11\/krugovi_logo-page-001.jpg\",\"width\":2480,\"height\":650},{\"@type\":\"BreadcrumbList\",\"@id\":\"https:\/\/arhiva.strukturnifondovi.hr\/en\/program-integrirane-fizicke-gospodarske-i-socijalne-regeneracije-malih-gradova-na-ratom-pogodenim-podrucjima\/#breadcrumb\",\"itemListElement\":[{\"@type\":\"ListItem\",\"position\":1,\"name\":\"Home\",\"item\":\"https:\/\/arhiva.strukturnifondovi.hr\/en\/\"},{\"@type\":\"ListItem\",\"position\":2,\"name\":\"Program integrirane fizi\u010dke, gospodarske i socijalne regeneracije malih gradova na ratom pogo\u0111enim podru\u010djima\"}]},{\"@type\":\"WebSite\",\"@id\":\"https:\/\/arhiva.strukturnifondovi.hr\/#website\",\"url\":\"https:\/\/arhiva.strukturnifondovi.hr\/\",\"name\":\"Europski strukturni i investicijski fondovi\",\"description\":\"Europski strukturni i investicijski fondovi\",\"publisher\":{\"@id\":\"https:\/\/arhiva.strukturnifondovi.hr\/#organization\"},\"potentialAction\":[{\"@type\":\"SearchAction\",\"target\":{\"@type\":\"EntryPoint\",\"urlTemplate\":\"https:\/\/arhiva.strukturnifondovi.hr\/?s={search_term_string}\"},\"query-input\":{\"@type\":\"PropertyValueSpecification\",\"valueRequired\":true,\"valueName\":\"search_term_string\"}}],\"inLanguage\":\"en-US\"},{\"@type\":\"Organization\",\"@id\":\"https:\/\/arhiva.strukturnifondovi.hr\/#organization\",\"name\":\"Ministarstvo regionalnoga razvoja i fondova Europske unije\",\"url\":\"https:\/\/arhiva.strukturnifondovi.hr\/\",\"logo\":{\"@type\":\"ImageObject\",\"inLanguage\":\"en-US\",\"@id\":\"https:\/\/arhiva.strukturnifondovi.hr\/#\/schema\/logo\/image\/\",\"url\":\"https:\/\/arhiva.strukturnifondovi.hr\/wp-content\/uploads\/2022\/03\/ESI-logotip_boja_bez-pozadine_manji.png\",\"contentUrl\":\"https:\/\/arhiva.strukturnifondovi.hr\/wp-content\/uploads\/2022\/03\/ESI-logotip_boja_bez-pozadine_manji.png\",\"width\":1256,\"height\":413,\"caption\":\"Ministarstvo regionalnoga razvoja i fondova Europske unije\"},\"image\":{\"@id\":\"https:\/\/arhiva.strukturnifondovi.hr\/#\/schema\/logo\/image\/\"}}]}<\/script>\n<!-- \/ Yoast SEO plugin. -->","yoast_head_json":{"title":"Program integrirane fizi\u010dke, gospodarske i socijalne regeneracije malih gradova na ratom pogo\u0111enim podru\u010djima - Europski strukturni i investicijski fondovi % %","robots":{"index":"index","follow":"follow","max-snippet":"max-snippet:-1","max-image-preview":"max-image-preview:large","max-video-preview":"max-video-preview:-1"},"canonical":"https:\/\/arhiva.strukturnifondovi.hr\/en\/program-integrirane-fizicke-gospodarske-i-socijalne-regeneracije-malih-gradova-na-ratom-pogodenim-podrucjima\/","og_locale":"en_US","og_type":"article","og_title":"Program integrirane fizi\u010dke, gospodarske i socijalne regeneracije malih gradova na ratom pogo\u0111enim podru\u010djima - Europski strukturni i investicijski fondovi % %","og_description":"Program integrirane fizi\u010dke, gospodarske i socijalne regeneracije malih gradova na ratom pogo\u0111enim podru\u010djima predstavlja novi pristup integriranih ulaganja koji se...","og_url":"https:\/\/arhiva.strukturnifondovi.hr\/en\/program-integrirane-fizicke-gospodarske-i-socijalne-regeneracije-malih-gradova-na-ratom-pogodenim-podrucjima\/","og_site_name":"Europski strukturni i investicijski fondovi","article_modified_time":"2023-02-02T10:28:10+00:00","og_image":[{"width":2480,"height":650,"url":"https:\/\/arhiva.strukturnifondovi.hr\/wp-content\/uploads\/2018\/11\/krugovi_logo-page-001.jpg","type":"image\/jpeg"}],"twitter_card":"summary_large_image","twitter_misc":{"Est. reading time":"2 minutes"},"schema":{"@context":"https:\/\/schema.org","@graph":[{"@type":"WebPage","@id":"https:\/\/arhiva.strukturnifondovi.hr\/en\/program-integrirane-fizicke-gospodarske-i-socijalne-regeneracije-malih-gradova-na-ratom-pogodenim-podrucjima\/","url":"https:\/\/arhiva.strukturnifondovi.hr\/en\/program-integrirane-fizicke-gospodarske-i-socijalne-regeneracije-malih-gradova-na-ratom-pogodenim-podrucjima\/","name":"Program integrirane fizi\u010dke, gospodarske i socijalne regeneracije malih gradova na ratom pogo\u0111enim podru\u010djima - Europski strukturni i investicijski fondovi % %","isPartOf":{"@id":"https:\/\/arhiva.strukturnifondovi.hr\/#website"},"primaryImageOfPage":{"@id":"https:\/\/arhiva.strukturnifondovi.hr\/en\/program-integrirane-fizicke-gospodarske-i-socijalne-regeneracije-malih-gradova-na-ratom-pogodenim-podrucjima\/#primaryimage"},"image":{"@id":"https:\/\/arhiva.strukturnifondovi.hr\/en\/program-integrirane-fizicke-gospodarske-i-socijalne-regeneracije-malih-gradova-na-ratom-pogodenim-podrucjima\/#primaryimage"},"thumbnailUrl":"https:\/\/arhiva.strukturnifondovi.hr\/wp-content\/uploads\/2018\/11\/krugovi_logo-page-001.jpg","datePublished":"2018-11-15T11:36:49+00:00","dateModified":"2023-02-02T10:28:10+00:00","breadcrumb":{"@id":"https:\/\/arhiva.strukturnifondovi.hr\/en\/program-integrirane-fizicke-gospodarske-i-socijalne-regeneracije-malih-gradova-na-ratom-pogodenim-podrucjima\/#breadcrumb"},"inLanguage":"en-US","potentialAction":[{"@type":"ReadAction","target":["https:\/\/arhiva.strukturnifondovi.hr\/en\/program-integrirane-fizicke-gospodarske-i-socijalne-regeneracije-malih-gradova-na-ratom-pogodenim-podrucjima\/"]}]},{"@type":"ImageObject","inLanguage":"en-US","@id":"https:\/\/arhiva.strukturnifondovi.hr\/en\/program-integrirane-fizicke-gospodarske-i-socijalne-regeneracije-malih-gradova-na-ratom-pogodenim-podrucjima\/#primaryimage","url":"https:\/\/arhiva.strukturnifondovi.hr\/wp-content\/uploads\/2018\/11\/krugovi_logo-page-001.jpg","contentUrl":"https:\/\/arhiva.strukturnifondovi.hr\/wp-content\/uploads\/2018\/11\/krugovi_logo-page-001.jpg","width":2480,"height":650},{"@type":"BreadcrumbList","@id":"https:\/\/arhiva.strukturnifondovi.hr\/en\/program-integrirane-fizicke-gospodarske-i-socijalne-regeneracije-malih-gradova-na-ratom-pogodenim-podrucjima\/#breadcrumb","itemListElement":[{"@type":"ListItem","position":1,"name":"Home","item":"https:\/\/arhiva.strukturnifondovi.hr\/en\/"},{"@type":"ListItem","position":2,"name":"Program integrirane fizi\u010dke, gospodarske i socijalne regeneracije malih gradova na ratom pogo\u0111enim podru\u010djima"}]},{"@type":"WebSite","@id":"https:\/\/arhiva.strukturnifondovi.hr\/#website","url":"https:\/\/arhiva.strukturnifondovi.hr\/","name":"Europski strukturni i investicijski fondovi","description":"Europski strukturni i investicijski fondovi","publisher":{"@id":"https:\/\/arhiva.strukturnifondovi.hr\/#organization"},"potentialAction":[{"@type":"SearchAction","target":{"@type":"EntryPoint","urlTemplate":"https:\/\/arhiva.strukturnifondovi.hr\/?s={search_term_string}"},"query-input":{"@type":"PropertyValueSpecification","valueRequired":true,"valueName":"search_term_string"}}],"inLanguage":"en-US"},{"@type":"Organization","@id":"https:\/\/arhiva.strukturnifondovi.hr\/#organization","name":"Ministarstvo regionalnoga razvoja i fondova Europske unije","url":"https:\/\/arhiva.strukturnifondovi.hr\/","logo":{"@type":"ImageObject","inLanguage":"en-US","@id":"https:\/\/arhiva.strukturnifondovi.hr\/#\/schema\/logo\/image\/","url":"https:\/\/arhiva.strukturnifondovi.hr\/wp-content\/uploads\/2022\/03\/ESI-logotip_boja_bez-pozadine_manji.png","contentUrl":"https:\/\/arhiva.strukturnifondovi.hr\/wp-content\/uploads\/2022\/03\/ESI-logotip_boja_bez-pozadine_manji.png","width":1256,"height":413,"caption":"Ministarstvo regionalnoga razvoja i fondova Europske unije"},"image":{"@id":"https:\/\/arhiva.strukturnifondovi.hr\/#\/schema\/logo\/image\/"}}]}},"_links":{"self":[{"href":"https:\/\/arhiva.strukturnifondovi.hr\/en\/wp-json\/wp\/v2\/pages\/14935","targetHints":{"allow":["GET"]}}],"collection":[{"href":"https:\/\/arhiva.strukturnifondovi.hr\/en\/wp-json\/wp\/v2\/pages"}],"about":[{"href":"https:\/\/arhiva.strukturnifondovi.hr\/en\/wp-json\/wp\/v2\/types\/page"}],"author":[{"embeddable":true,"href":"https:\/\/arhiva.strukturnifondovi.hr\/en\/wp-json\/wp\/v2\/users\/795"}],"replies":[{"embeddable":true,"href":"https:\/\/arhiva.strukturnifondovi.hr\/en\/wp-json\/wp\/v2\/comments?post=14935"}],"version-history":[{"count":31,"href":"https:\/\/arhiva.strukturnifondovi.hr\/en\/wp-json\/wp\/v2\/pages\/14935\/revisions"}],"predecessor-version":[{"id":115969,"href":"https:\/\/arhiva.strukturnifondovi.hr\/en\/wp-json\/wp\/v2\/pages\/14935\/revisions\/115969"}],"wp:featuredmedia":[{"embeddable":true,"href":"https:\/\/arhiva.strukturnifondovi.hr\/en\/wp-json\/wp\/v2\/media\/15049"}],"wp:attachment":[{"href":"https:\/\/arhiva.strukturnifondovi.hr\/en\/wp-json\/wp\/v2\/media?parent=14935"}],"curies":[{"name":"wp","href":"https:\/\/api.w.org\/{rel}","templated":true}]}}