{"id":14957,"date":"2018-11-16T10:19:48","date_gmt":"2018-11-16T09:19:48","guid":{"rendered":"https:\/\/arhiva.strukturnifondovi.hr\/?page_id=14957"},"modified":"2018-11-23T14:56:55","modified_gmt":"2018-11-23T13:56:55","slug":"intervencijski-planovi","status":"publish","type":"page","link":"https:\/\/arhiva.strukturnifondovi.hr\/en\/intervencijski-planovi\/","title":{"rendered":"Intervencijski planovi"},"content":{"rendered":"<p>Priprema i planiranje provedbe integrirane urbane regeneracije uklju\u010duje 3 glavne faze:<\/p>\n<p>1) Izrada intervencijskih planova<\/p>\n<p style=\"padding-left: 30px;\">&#8211; Izrada analize podru\u010dja (analiti\u010dka faza planiranja)<\/p>\n<p style=\"padding-left: 30px;\">&#8211; Priprema intervencijskog plana (operativno planiranje)<\/p>\n<p>2)\u00a0 Provedba intervencijskih planova<\/p>\n<p>3) Evaluacija provedbe intervencijskih planova i eventualno \u0161irenje Programa na druga podru\u010dja.<\/p>\n<p>Intervencijski planovi se trebaju temeljiti na potrebama stanovni\u0161tva na tom podru\u010dju, pri \u010demu se posebna pozornost mora posvetiti osiguravanju njihove socijalne uklju\u010denosti. Provedba intervencijskih planova doprinijet \u0107e smanjenju siroma\u0161tva, stvorit \u0107e korpus znanja o integriranom pristupu fizi\u010dkoj, gospodarskoj i socijalnoj regeneraciji te \u0107e doprinijeti izgradnji kapaciteta svih uklju\u010denih dionika.<\/p>\n<p>Intervencijski planovi su istovremeno strate\u0161ki i operativni planski dokumenti koji ukazuju na jasnu viziju i ciljeve razvoja pilot gradova, a istovremeno sadr\u017ee strate\u0161ki usmjeren skup projekata koji integriraju\u00a0 \u201einfrastrukturne\u201c aktivnosti sa \u201esoft\u201c aktivnostima. Intervencijski planovi integriraju razli\u010dita podru\u010dja ulaganja (npr. za\u0161titu okoli\u0161a, kulturnu ba\u0161tinu, promet, poduzetni\u0161tvo, ruralni razvoj i sl.).<\/p>\n<p>Svako odabrano pilot podru\u010dje (uz podr\u0161ku Ministarstva regionalnoga razvoja i fondova Europske unije i tehni\u010dke pomo\u0107i) izradilo je svoj Intervencijski plan u kojem su definirani projekti koje pilot gradovi planiraju provesti do kraja 2023. godine, a s ciljem fizi\u010dke, socijalne i gospodarske regeneracije svog podru\u010dja.<\/p>\n<p>Projekti iz Intervencijskih planova sufinanciraju se temeljem natje\u010daja (poziva na dostavu projektnih prijedloga) koje u okviru svojih nadle\u017enosti pokre\u0107u Ministarstvo regionalnoga razvoja i fondova Europske unije (za infrastrukturne projekte financirane iz Europskog fonda za regionalni razvoj) i Ministarstvo rada i mirovinskoga sustava (za projekte ja\u010danja ljudskih potencijala iz Europskog socijalnog fonda).<\/p>\n<h4><strong><span style=\"color: #333399;\">INTERVENCIJSKI PLANOVI<\/span><\/strong><\/h4>\n<p><a href=\"https:\/\/arhiva.strukturnifondovi.hr\/wp-content\/uploads\/2018\/11\/Intervencijski-plan-Grada-Benkovca.pdf\">Intervencijski plan Grada Benkovca<\/a><\/p>\n<p><a href=\"https:\/\/arhiva.strukturnifondovi.hr\/wp-content\/uploads\/2018\/11\/Intervencijski-plan-Grada-Belog-Manastira-i-Op\u00e5ine-Darda.pdf\">Intervencijski plan Grada Belog Manastira i Op\u0107ine Darda<\/a><\/p>\n<p><a href=\"https:\/\/arhiva.strukturnifondovi.hr\/wp-content\/uploads\/2018\/11\/Intervencijski-plan-Grada-Knina.pdf\">Intervencijski plan Grada Knina<\/a><\/p>\n<p><a href=\"https:\/\/arhiva.strukturnifondovi.hr\/wp-content\/uploads\/2018\/11\/Intervencijski-plan-Grada-Petrinje.pdf\">Intervencijski plan Grada Petrinje<\/a><\/p>\n<p><a href=\"https:\/\/arhiva.strukturnifondovi.hr\/wp-content\/uploads\/2018\/11\/Intervencijski-plan-Grada-Vukovara.pdf\">Intervencijski plan Grada Vukovara<\/a><\/p>\n","protected":false},"excerpt":{"rendered":"<p>Priprema i planiranje provedbe integrirane urbane regeneracije uklju\u010duje 3 glavne faze: 1) Izrada intervencijskih planova &#8211; Izrada analize podru\u010dja (analiti\u010dka&#8230;<\/p>\n","protected":false},"author":795,"featured_media":0,"parent":0,"menu_order":0,"comment_status":"closed","ping_status":"closed","template":"","meta":{"inline_featured_image":false,"footnotes":""},"class_list":["post-14957","page","type-page","status-publish","hentry"],"yoast_head":"<!-- This site is optimized with the Yoast SEO plugin v26.8 - https:\/\/yoast.com\/product\/yoast-seo-wordpress\/ -->\n<title>Intervencijski planovi - Europski strukturni i investicijski fondovi % %<\/title>\n<meta name=\"robots\" content=\"index, follow, max-snippet:-1, max-image-preview:large, max-video-preview:-1\" \/>\n<link rel=\"canonical\" href=\"https:\/\/arhiva.strukturnifondovi.hr\/intervencijski-planovi\/\" \/>\n<meta property=\"og:locale\" content=\"en_US\" \/>\n<meta property=\"og:type\" content=\"article\" \/>\n<meta property=\"og:title\" content=\"Intervencijski planovi - Europski strukturni i investicijski fondovi % %\" \/>\n<meta property=\"og:description\" content=\"Priprema i planiranje provedbe integrirane urbane regeneracije uklju\u010duje 3 glavne faze: 1) Izrada intervencijskih planova &#8211; Izrada analize podru\u010dja (analiti\u010dka...\" \/>\n<meta property=\"og:url\" content=\"https:\/\/arhiva.strukturnifondovi.hr\/intervencijski-planovi\/\" \/>\n<meta property=\"og:site_name\" content=\"Europski strukturni i investicijski fondovi\" \/>\n<meta property=\"article:modified_time\" content=\"2018-11-23T13:56:55+00:00\" \/>\n<meta name=\"twitter:card\" content=\"summary_large_image\" \/>\n<meta name=\"twitter:label1\" content=\"Est. reading time\" \/>\n\t<meta name=\"twitter:data1\" content=\"1 minute\" \/>\n<script type=\"application\/ld+json\" class=\"yoast-schema-graph\">{\"@context\":\"https:\/\/schema.org\",\"@graph\":[{\"@type\":\"WebPage\",\"@id\":\"https:\/\/arhiva.strukturnifondovi.hr\/intervencijski-planovi\/\",\"url\":\"https:\/\/arhiva.strukturnifondovi.hr\/intervencijski-planovi\/\",\"name\":\"Intervencijski planovi - Europski strukturni i investicijski fondovi % %\",\"isPartOf\":{\"@id\":\"https:\/\/arhiva.strukturnifondovi.hr\/#website\"},\"datePublished\":\"2018-11-16T09:19:48+00:00\",\"dateModified\":\"2018-11-23T13:56:55+00:00\",\"breadcrumb\":{\"@id\":\"https:\/\/arhiva.strukturnifondovi.hr\/intervencijski-planovi\/#breadcrumb\"},\"inLanguage\":\"en-US\",\"potentialAction\":[{\"@type\":\"ReadAction\",\"target\":[\"https:\/\/arhiva.strukturnifondovi.hr\/intervencijski-planovi\/\"]}]},{\"@type\":\"BreadcrumbList\",\"@id\":\"https:\/\/arhiva.strukturnifondovi.hr\/intervencijski-planovi\/#breadcrumb\",\"itemListElement\":[{\"@type\":\"ListItem\",\"position\":1,\"name\":\"Home\",\"item\":\"https:\/\/arhiva.strukturnifondovi.hr\/en\/\"},{\"@type\":\"ListItem\",\"position\":2,\"name\":\"Intervencijski planovi\"}]},{\"@type\":\"WebSite\",\"@id\":\"https:\/\/arhiva.strukturnifondovi.hr\/#website\",\"url\":\"https:\/\/arhiva.strukturnifondovi.hr\/\",\"name\":\"Europski strukturni i investicijski fondovi\",\"description\":\"Europski strukturni i investicijski fondovi\",\"publisher\":{\"@id\":\"https:\/\/arhiva.strukturnifondovi.hr\/#organization\"},\"potentialAction\":[{\"@type\":\"SearchAction\",\"target\":{\"@type\":\"EntryPoint\",\"urlTemplate\":\"https:\/\/arhiva.strukturnifondovi.hr\/?s={search_term_string}\"},\"query-input\":{\"@type\":\"PropertyValueSpecification\",\"valueRequired\":true,\"valueName\":\"search_term_string\"}}],\"inLanguage\":\"en-US\"},{\"@type\":\"Organization\",\"@id\":\"https:\/\/arhiva.strukturnifondovi.hr\/#organization\",\"name\":\"Ministarstvo regionalnoga razvoja i fondova Europske unije\",\"url\":\"https:\/\/arhiva.strukturnifondovi.hr\/\",\"logo\":{\"@type\":\"ImageObject\",\"inLanguage\":\"en-US\",\"@id\":\"https:\/\/arhiva.strukturnifondovi.hr\/#\/schema\/logo\/image\/\",\"url\":\"https:\/\/arhiva.strukturnifondovi.hr\/wp-content\/uploads\/2022\/03\/ESI-logotip_boja_bez-pozadine_manji.png\",\"contentUrl\":\"https:\/\/arhiva.strukturnifondovi.hr\/wp-content\/uploads\/2022\/03\/ESI-logotip_boja_bez-pozadine_manji.png\",\"width\":1256,\"height\":413,\"caption\":\"Ministarstvo regionalnoga razvoja i fondova Europske unije\"},\"image\":{\"@id\":\"https:\/\/arhiva.strukturnifondovi.hr\/#\/schema\/logo\/image\/\"}}]}<\/script>\n<!-- \/ Yoast SEO plugin. -->","yoast_head_json":{"title":"Intervencijski planovi - Europski strukturni i investicijski fondovi % %","robots":{"index":"index","follow":"follow","max-snippet":"max-snippet:-1","max-image-preview":"max-image-preview:large","max-video-preview":"max-video-preview:-1"},"canonical":"https:\/\/arhiva.strukturnifondovi.hr\/intervencijski-planovi\/","og_locale":"en_US","og_type":"article","og_title":"Intervencijski planovi - Europski strukturni i investicijski fondovi % %","og_description":"Priprema i planiranje provedbe integrirane urbane regeneracije uklju\u010duje 3 glavne faze: 1) Izrada intervencijskih planova &#8211; Izrada analize podru\u010dja (analiti\u010dka...","og_url":"https:\/\/arhiva.strukturnifondovi.hr\/intervencijski-planovi\/","og_site_name":"Europski strukturni i investicijski fondovi","article_modified_time":"2018-11-23T13:56:55+00:00","twitter_card":"summary_large_image","twitter_misc":{"Est. reading time":"1 minute"},"schema":{"@context":"https:\/\/schema.org","@graph":[{"@type":"WebPage","@id":"https:\/\/arhiva.strukturnifondovi.hr\/intervencijski-planovi\/","url":"https:\/\/arhiva.strukturnifondovi.hr\/intervencijski-planovi\/","name":"Intervencijski planovi - Europski strukturni i investicijski fondovi % %","isPartOf":{"@id":"https:\/\/arhiva.strukturnifondovi.hr\/#website"},"datePublished":"2018-11-16T09:19:48+00:00","dateModified":"2018-11-23T13:56:55+00:00","breadcrumb":{"@id":"https:\/\/arhiva.strukturnifondovi.hr\/intervencijski-planovi\/#breadcrumb"},"inLanguage":"en-US","potentialAction":[{"@type":"ReadAction","target":["https:\/\/arhiva.strukturnifondovi.hr\/intervencijski-planovi\/"]}]},{"@type":"BreadcrumbList","@id":"https:\/\/arhiva.strukturnifondovi.hr\/intervencijski-planovi\/#breadcrumb","itemListElement":[{"@type":"ListItem","position":1,"name":"Home","item":"https:\/\/arhiva.strukturnifondovi.hr\/en\/"},{"@type":"ListItem","position":2,"name":"Intervencijski planovi"}]},{"@type":"WebSite","@id":"https:\/\/arhiva.strukturnifondovi.hr\/#website","url":"https:\/\/arhiva.strukturnifondovi.hr\/","name":"Europski strukturni i investicijski fondovi","description":"Europski strukturni i investicijski fondovi","publisher":{"@id":"https:\/\/arhiva.strukturnifondovi.hr\/#organization"},"potentialAction":[{"@type":"SearchAction","target":{"@type":"EntryPoint","urlTemplate":"https:\/\/arhiva.strukturnifondovi.hr\/?s={search_term_string}"},"query-input":{"@type":"PropertyValueSpecification","valueRequired":true,"valueName":"search_term_string"}}],"inLanguage":"en-US"},{"@type":"Organization","@id":"https:\/\/arhiva.strukturnifondovi.hr\/#organization","name":"Ministarstvo regionalnoga razvoja i fondova Europske unije","url":"https:\/\/arhiva.strukturnifondovi.hr\/","logo":{"@type":"ImageObject","inLanguage":"en-US","@id":"https:\/\/arhiva.strukturnifondovi.hr\/#\/schema\/logo\/image\/","url":"https:\/\/arhiva.strukturnifondovi.hr\/wp-content\/uploads\/2022\/03\/ESI-logotip_boja_bez-pozadine_manji.png","contentUrl":"https:\/\/arhiva.strukturnifondovi.hr\/wp-content\/uploads\/2022\/03\/ESI-logotip_boja_bez-pozadine_manji.png","width":1256,"height":413,"caption":"Ministarstvo regionalnoga razvoja i fondova Europske unije"},"image":{"@id":"https:\/\/arhiva.strukturnifondovi.hr\/#\/schema\/logo\/image\/"}}]}},"_links":{"self":[{"href":"https:\/\/arhiva.strukturnifondovi.hr\/en\/wp-json\/wp\/v2\/pages\/14957","targetHints":{"allow":["GET"]}}],"collection":[{"href":"https:\/\/arhiva.strukturnifondovi.hr\/en\/wp-json\/wp\/v2\/pages"}],"about":[{"href":"https:\/\/arhiva.strukturnifondovi.hr\/en\/wp-json\/wp\/v2\/types\/page"}],"author":[{"embeddable":true,"href":"https:\/\/arhiva.strukturnifondovi.hr\/en\/wp-json\/wp\/v2\/users\/795"}],"replies":[{"embeddable":true,"href":"https:\/\/arhiva.strukturnifondovi.hr\/en\/wp-json\/wp\/v2\/comments?post=14957"}],"version-history":[{"count":6,"href":"https:\/\/arhiva.strukturnifondovi.hr\/en\/wp-json\/wp\/v2\/pages\/14957\/revisions"}],"predecessor-version":[{"id":15427,"href":"https:\/\/arhiva.strukturnifondovi.hr\/en\/wp-json\/wp\/v2\/pages\/14957\/revisions\/15427"}],"wp:attachment":[{"href":"https:\/\/arhiva.strukturnifondovi.hr\/en\/wp-json\/wp\/v2\/media?parent=14957"}],"curies":[{"name":"wp","href":"https:\/\/api.w.org\/{rel}","templated":true}]}}