{"id":14996,"date":"2018-11-16T10:17:24","date_gmt":"2018-11-16T09:17:24","guid":{"rendered":"https:\/\/arhiva.strukturnifondovi.hr\/?page_id=14996"},"modified":"2023-02-02T11:30:18","modified_gmt":"2023-02-02T10:30:18","slug":"rezultati-provedbe-programa","status":"publish","type":"page","link":"https:\/\/arhiva.strukturnifondovi.hr\/en\/rezultati-provedbe-programa\/","title":{"rendered":"Rezultati provedbe Programa"},"content":{"rendered":"<p>U okviru provedbe Programa do sada su izvr\u0161ene sljede\u0107e aktivnosti:<\/p>\n<p>Temeljem Odluke Ministarstva od\u00a0 18. velja\u010de 2015.\u00a0 odabrano je pet pilot gradova:<\/p>\n<ul>\n<li>Benkovac<\/li>\n<li>Knin<\/li>\n<li>Petrinja<\/li>\n<li>Vukovar<\/li>\n<li>Beli Manastir s Op\u0107inom Darda.<\/li>\n<\/ul>\n<p>Za provedbu projekata iz intervencijskih planova, svakom odabranom gradu su na raspolaganju sredstva u visini 22,5 mil EUR (18,5 milijuna eura iz Europskog fonda za regionalni razvoj i 4 milijuna eura iz Europskog socijalnog fonda).<\/p>\n<p>Uz podr\u0161ku tehni\u010dke pomo\u0107i izra\u0111eni su metodolo\u0161ki dokumenti za razvoj i provedbu modela integrirane regeneracije, izra\u0111ene su\u00a0 analize podru\u010dja te su izra\u0111eni i odobreni intervencijski planovi za svih pet pilot podru\u010dja.<\/p>\n<p>Sklopljen je Sporazum\u00a0 o suradnji u provedbi Programa izme\u0111u Ministarstva regionalnoga razvoja i fondova Europske unije i Ministarstva rada i mirovinskoga sustava.<\/p>\n<p>Sklopljeni su sporazumi o provedbi intervencijskih planova izme\u0111u Ministarstva regionalnoga razvoja i fondova Europske unije, Ministarstva rada i mirovinskoga sustava te pet pilot podru\u010dja.<\/p>\n<p>U intervencijskim planovima gradova prepoznata je potreba ulaganja u razvoj poduzetni\u0161tva slijedom \u010dega je MRRFEU krajem 2017. i po\u010detkom 2018. objavilo pet poziva za mikro, male i srednje poduzetnike ukupne alokacije 66,65 milijuna kuna (za svako pilot podru\u010dje po jedan natje\u010daj za razvoj poduzetni\u0161tva) sa svrhom podr\u0161ke procesu ja\u010danja gospodarske aktivnosti i pobolj\u0161anje konkurentnosti poduzetnika u pet pilot podru\u010dja kroz dodjelu regionalnih potpora i potpora male vrijednosti. Rezultati bi trebali biti identificirani kroz rast broja investicija, rast konkurentnosti postoje\u0107ih poduze\u0107a, rast zapo\u0161ljavanja i samozapo\u0161ljavanja u svim sektorima uklju\u010duju\u0107i i proizvodnju.<\/p>\n<p>Ministarstvo regionalnoga razvoja i fondova EU je pripremilo i pokrenulo 13 poziva na dostavu projektnih prijedloga ukupne alokacije 707,4 mil. kn za aktivnosti ja\u010danja kapaciteta Ministarstva i pet odabranih pilot podru\u010dja, za aktivnosti pripreme projektne dokumentacije, za aktivnosti provedbe infrastrukturnih projekata u pet pilot podru\u010dja te za razvoj poduzetni\u0161tva.<\/p>\n<p>Ministarstvo rada i mirovinskoga sustava je objavilo poziv na dodjelu bespovratnih sredstava za razvoj i provedbu programa za socijalnu koheziju i pove\u0107anje zaposlenosti u gradovima: Belom Manastiru i op\u0107ini Darda, Benkovcu, Kninu, Petrinji i Vukovaru\u201c s ukupnom alokacijom od 76,4 mil. kn.<\/p>\n","protected":false},"excerpt":{"rendered":"<p>U okviru provedbe Programa do sada su izvr\u0161ene sljede\u0107e aktivnosti: Temeljem Odluke Ministarstva od\u00a0 18. velja\u010de 2015.\u00a0 odabrano je pet&#8230;<\/p>\n","protected":false},"author":795,"featured_media":0,"parent":0,"menu_order":0,"comment_status":"closed","ping_status":"closed","template":"","meta":{"inline_featured_image":false,"footnotes":""},"class_list":["post-14996","page","type-page","status-publish","hentry"],"yoast_head":"<!-- This site is optimized with the Yoast SEO plugin v26.8 - https:\/\/yoast.com\/product\/yoast-seo-wordpress\/ -->\n<title>Rezultati provedbe Programa - Europski strukturni i investicijski fondovi % %<\/title>\n<meta name=\"robots\" content=\"index, follow, max-snippet:-1, max-image-preview:large, max-video-preview:-1\" \/>\n<link rel=\"canonical\" href=\"https:\/\/arhiva.strukturnifondovi.hr\/en\/rezultati-provedbe-programa\/\" \/>\n<meta property=\"og:locale\" content=\"en_US\" \/>\n<meta property=\"og:type\" content=\"article\" \/>\n<meta property=\"og:title\" content=\"Rezultati provedbe Programa - Europski strukturni i investicijski fondovi % %\" \/>\n<meta property=\"og:description\" content=\"U okviru provedbe Programa do sada su izvr\u0161ene sljede\u0107e aktivnosti: Temeljem Odluke Ministarstva od\u00a0 18. velja\u010de 2015.\u00a0 odabrano je pet...\" \/>\n<meta property=\"og:url\" content=\"https:\/\/arhiva.strukturnifondovi.hr\/en\/rezultati-provedbe-programa\/\" \/>\n<meta property=\"og:site_name\" content=\"Europski strukturni i investicijski fondovi\" \/>\n<meta property=\"article:modified_time\" content=\"2023-02-02T10:30:18+00:00\" \/>\n<meta name=\"twitter:card\" content=\"summary_large_image\" \/>\n<meta name=\"twitter:label1\" content=\"Est. reading time\" \/>\n\t<meta name=\"twitter:data1\" content=\"2 minutes\" \/>\n<script type=\"application\/ld+json\" class=\"yoast-schema-graph\">{\"@context\":\"https:\/\/schema.org\",\"@graph\":[{\"@type\":\"WebPage\",\"@id\":\"https:\/\/arhiva.strukturnifondovi.hr\/en\/rezultati-provedbe-programa\/\",\"url\":\"https:\/\/arhiva.strukturnifondovi.hr\/en\/rezultati-provedbe-programa\/\",\"name\":\"Rezultati provedbe Programa - Europski strukturni i investicijski fondovi % %\",\"isPartOf\":{\"@id\":\"https:\/\/arhiva.strukturnifondovi.hr\/#website\"},\"datePublished\":\"2018-11-16T09:17:24+00:00\",\"dateModified\":\"2023-02-02T10:30:18+00:00\",\"breadcrumb\":{\"@id\":\"https:\/\/arhiva.strukturnifondovi.hr\/en\/rezultati-provedbe-programa\/#breadcrumb\"},\"inLanguage\":\"en-US\",\"potentialAction\":[{\"@type\":\"ReadAction\",\"target\":[\"https:\/\/arhiva.strukturnifondovi.hr\/en\/rezultati-provedbe-programa\/\"]}]},{\"@type\":\"BreadcrumbList\",\"@id\":\"https:\/\/arhiva.strukturnifondovi.hr\/en\/rezultati-provedbe-programa\/#breadcrumb\",\"itemListElement\":[{\"@type\":\"ListItem\",\"position\":1,\"name\":\"Home\",\"item\":\"https:\/\/arhiva.strukturnifondovi.hr\/en\/\"},{\"@type\":\"ListItem\",\"position\":2,\"name\":\"Rezultati provedbe Programa\"}]},{\"@type\":\"WebSite\",\"@id\":\"https:\/\/arhiva.strukturnifondovi.hr\/#website\",\"url\":\"https:\/\/arhiva.strukturnifondovi.hr\/\",\"name\":\"Europski strukturni i investicijski fondovi\",\"description\":\"Europski strukturni i investicijski fondovi\",\"publisher\":{\"@id\":\"https:\/\/arhiva.strukturnifondovi.hr\/#organization\"},\"potentialAction\":[{\"@type\":\"SearchAction\",\"target\":{\"@type\":\"EntryPoint\",\"urlTemplate\":\"https:\/\/arhiva.strukturnifondovi.hr\/?s={search_term_string}\"},\"query-input\":{\"@type\":\"PropertyValueSpecification\",\"valueRequired\":true,\"valueName\":\"search_term_string\"}}],\"inLanguage\":\"en-US\"},{\"@type\":\"Organization\",\"@id\":\"https:\/\/arhiva.strukturnifondovi.hr\/#organization\",\"name\":\"Ministarstvo regionalnoga razvoja i fondova Europske unije\",\"url\":\"https:\/\/arhiva.strukturnifondovi.hr\/\",\"logo\":{\"@type\":\"ImageObject\",\"inLanguage\":\"en-US\",\"@id\":\"https:\/\/arhiva.strukturnifondovi.hr\/#\/schema\/logo\/image\/\",\"url\":\"https:\/\/arhiva.strukturnifondovi.hr\/wp-content\/uploads\/2022\/03\/ESI-logotip_boja_bez-pozadine_manji.png\",\"contentUrl\":\"https:\/\/arhiva.strukturnifondovi.hr\/wp-content\/uploads\/2022\/03\/ESI-logotip_boja_bez-pozadine_manji.png\",\"width\":1256,\"height\":413,\"caption\":\"Ministarstvo regionalnoga razvoja i fondova Europske unije\"},\"image\":{\"@id\":\"https:\/\/arhiva.strukturnifondovi.hr\/#\/schema\/logo\/image\/\"}}]}<\/script>\n<!-- \/ Yoast SEO plugin. -->","yoast_head_json":{"title":"Rezultati provedbe Programa - Europski strukturni i investicijski fondovi % %","robots":{"index":"index","follow":"follow","max-snippet":"max-snippet:-1","max-image-preview":"max-image-preview:large","max-video-preview":"max-video-preview:-1"},"canonical":"https:\/\/arhiva.strukturnifondovi.hr\/en\/rezultati-provedbe-programa\/","og_locale":"en_US","og_type":"article","og_title":"Rezultati provedbe Programa - Europski strukturni i investicijski fondovi % %","og_description":"U okviru provedbe Programa do sada su izvr\u0161ene sljede\u0107e aktivnosti: Temeljem Odluke Ministarstva od\u00a0 18. velja\u010de 2015.\u00a0 odabrano je pet...","og_url":"https:\/\/arhiva.strukturnifondovi.hr\/en\/rezultati-provedbe-programa\/","og_site_name":"Europski strukturni i investicijski fondovi","article_modified_time":"2023-02-02T10:30:18+00:00","twitter_card":"summary_large_image","twitter_misc":{"Est. reading time":"2 minutes"},"schema":{"@context":"https:\/\/schema.org","@graph":[{"@type":"WebPage","@id":"https:\/\/arhiva.strukturnifondovi.hr\/en\/rezultati-provedbe-programa\/","url":"https:\/\/arhiva.strukturnifondovi.hr\/en\/rezultati-provedbe-programa\/","name":"Rezultati provedbe Programa - Europski strukturni i investicijski fondovi % %","isPartOf":{"@id":"https:\/\/arhiva.strukturnifondovi.hr\/#website"},"datePublished":"2018-11-16T09:17:24+00:00","dateModified":"2023-02-02T10:30:18+00:00","breadcrumb":{"@id":"https:\/\/arhiva.strukturnifondovi.hr\/en\/rezultati-provedbe-programa\/#breadcrumb"},"inLanguage":"en-US","potentialAction":[{"@type":"ReadAction","target":["https:\/\/arhiva.strukturnifondovi.hr\/en\/rezultati-provedbe-programa\/"]}]},{"@type":"BreadcrumbList","@id":"https:\/\/arhiva.strukturnifondovi.hr\/en\/rezultati-provedbe-programa\/#breadcrumb","itemListElement":[{"@type":"ListItem","position":1,"name":"Home","item":"https:\/\/arhiva.strukturnifondovi.hr\/en\/"},{"@type":"ListItem","position":2,"name":"Rezultati provedbe Programa"}]},{"@type":"WebSite","@id":"https:\/\/arhiva.strukturnifondovi.hr\/#website","url":"https:\/\/arhiva.strukturnifondovi.hr\/","name":"Europski strukturni i investicijski fondovi","description":"Europski strukturni i investicijski fondovi","publisher":{"@id":"https:\/\/arhiva.strukturnifondovi.hr\/#organization"},"potentialAction":[{"@type":"SearchAction","target":{"@type":"EntryPoint","urlTemplate":"https:\/\/arhiva.strukturnifondovi.hr\/?s={search_term_string}"},"query-input":{"@type":"PropertyValueSpecification","valueRequired":true,"valueName":"search_term_string"}}],"inLanguage":"en-US"},{"@type":"Organization","@id":"https:\/\/arhiva.strukturnifondovi.hr\/#organization","name":"Ministarstvo regionalnoga razvoja i fondova Europske unije","url":"https:\/\/arhiva.strukturnifondovi.hr\/","logo":{"@type":"ImageObject","inLanguage":"en-US","@id":"https:\/\/arhiva.strukturnifondovi.hr\/#\/schema\/logo\/image\/","url":"https:\/\/arhiva.strukturnifondovi.hr\/wp-content\/uploads\/2022\/03\/ESI-logotip_boja_bez-pozadine_manji.png","contentUrl":"https:\/\/arhiva.strukturnifondovi.hr\/wp-content\/uploads\/2022\/03\/ESI-logotip_boja_bez-pozadine_manji.png","width":1256,"height":413,"caption":"Ministarstvo regionalnoga razvoja i fondova Europske unije"},"image":{"@id":"https:\/\/arhiva.strukturnifondovi.hr\/#\/schema\/logo\/image\/"}}]}},"_links":{"self":[{"href":"https:\/\/arhiva.strukturnifondovi.hr\/en\/wp-json\/wp\/v2\/pages\/14996","targetHints":{"allow":["GET"]}}],"collection":[{"href":"https:\/\/arhiva.strukturnifondovi.hr\/en\/wp-json\/wp\/v2\/pages"}],"about":[{"href":"https:\/\/arhiva.strukturnifondovi.hr\/en\/wp-json\/wp\/v2\/types\/page"}],"author":[{"embeddable":true,"href":"https:\/\/arhiva.strukturnifondovi.hr\/en\/wp-json\/wp\/v2\/users\/795"}],"replies":[{"embeddable":true,"href":"https:\/\/arhiva.strukturnifondovi.hr\/en\/wp-json\/wp\/v2\/comments?post=14996"}],"version-history":[{"count":3,"href":"https:\/\/arhiva.strukturnifondovi.hr\/en\/wp-json\/wp\/v2\/pages\/14996\/revisions"}],"predecessor-version":[{"id":115970,"href":"https:\/\/arhiva.strukturnifondovi.hr\/en\/wp-json\/wp\/v2\/pages\/14996\/revisions\/115970"}],"wp:attachment":[{"href":"https:\/\/arhiva.strukturnifondovi.hr\/en\/wp-json\/wp\/v2\/media?parent=14996"}],"curies":[{"name":"wp","href":"https:\/\/api.w.org\/{rel}","templated":true}]}}