{"id":15396,"date":"2018-11-23T12:18:09","date_gmt":"2018-11-23T11:18:09","guid":{"rendered":"https:\/\/arhiva.strukturnifondovi.hr\/?page_id=15396"},"modified":"2023-03-07T15:06:05","modified_gmt":"2023-03-07T14:06:05","slug":"pregled-vijesti","status":"publish","type":"page","link":"https:\/\/arhiva.strukturnifondovi.hr\/en\/pregled-vijesti\/","title":{"rendered":"Pregled vijesti"},"content":{"rendered":"<p><a href=\"https:\/\/arhiva.strukturnifondovi.hr\/wp-content\/uploads\/2020\/10\/Informacije-o-potpisanim-ugovorima_KK.08.2.1.10.pdf\">21.10.2020.<\/a><\/p>\n<p><a href=\"https:\/\/arhiva.strukturnifondovi.hr\/wp-content\/uploads\/2020\/10\/Informacije-o-potpisanim-ugovorima_KK.08.2.1.10.pdf\">Ugovori o dodjeli bespovratnih sredstava potpisani u okviru Poziva za dostavu projektnih prijedloga u otvorenom postupku dodjele bespovratnih sredstava trajnog modaliteta &#8220;Razvoj poduzetni\u0161tva u gradu Petrinji&#8221;, Referentna oznaka: KK.08.2.1.10<\/a><\/p>\n<p><a href=\"https:\/\/petrinja.hr\/vijesti\/2020\/gradu-petrinji-dodijeljeno-bespovratnih-10-milijuna-kuna-za-nova-zaposljavanja\/\">29.6.2020.<\/a><\/p>\n<p><a href=\"https:\/\/petrinja.hr\/vijesti\/2020\/gradu-petrinji-dodijeljeno-bespovratnih-10-milijuna-kuna-za-nova-zaposljavanja\/\">Gradu Petrinji dodijeljeno bespovratnih 10 milijuna kuna za nova zapo\u0161ljavanja<\/a><\/p>\n<p><a href=\"https:\/\/knin.hr\/novosti\/grad-knin-krece-u-realizaciju-jos-jednog-eu-projekta\/\">9.6.2020.<\/a><\/p>\n<p><a href=\"https:\/\/knin.hr\/novosti\/grad-knin-krece-u-realizaciju-jos-jednog-eu-projekta\/\">Grad Knin kre\u0107e u realizaciju jo\u0161 jednog EU projekta<\/a><\/p>\n<p><a href=\"https:\/\/arhiva.strukturnifondovi.hr\/u-petrinji-odrzani-regionalni-dani-eu-fondova\/\">27.2.2019. <\/a><br \/>\n<a href=\"https:\/\/arhiva.strukturnifondovi.hr\/u-petrinji-odrzani-regionalni-dani-eu-fondova\/\">U Petrinji odr\u017eani Regionalni dani EU fondova<\/a><\/p>\n<p><a href=\"https:\/\/razvoj.gov.hr\/vijesti\/novi-projekti-za-osijek-i-beli-manastir\/3966\">8.2.2019.<\/a><br \/>\n<a href=\"https:\/\/razvoj.gov.hr\/vijesti\/novi-projekti-za-osijek-i-beli-manastir\/3966\">Novi projekti za Osijek i Beli Manastir<\/a><\/p>\n<p><a href=\"https:\/\/arhiva.strukturnifondovi.hr\/u-belom-manastiru-odrzani-regionalni-dani-eu-fondova\/\">13.12.2018.<\/a><br \/>\n<a href=\"https:\/\/arhiva.strukturnifondovi.hr\/u-belom-manastiru-odrzani-regionalni-dani-eu-fondova\/\">U Belom Manastiru odr\u017eani Regionalni dani EU fondova<\/a><\/p>\n<p><a href=\"https:\/\/razvoj.gov.hr\/vijesti\/dodatnih-osam-gradova-na-depriviranim-podrucjima-dobit-ce-vlastiti-program-za-financiranje-razvojnih-projekata-eu-sredstvima\/3872\">23.7.2018.<\/a><br \/>\n<a href=\"https:\/\/razvoj.gov.hr\/vijesti\/dodatnih-osam-gradova-na-depriviranim-podrucjima-dobit-ce-vlastiti-program-za-financiranje-razvojnih-projekata-eu-sredstvima\/3872\">Dodatnih osam gradova na depriviranim podru\u010djima dobit \u0107e vlastiti program za financiranje razvojnih projekata EU sredstvima<\/a><\/p>\n<p><a href=\"https:\/\/razvoj.gov.hr\/vijesti\/129-milijuna-kuna-za-devet-eu-projekata\/3845\">13.6.2018.<\/a><br \/>\n<a href=\"https:\/\/razvoj.gov.hr\/vijesti\/129-milijuna-kuna-za-devet-eu-projekata\/3845\">129 milijuna kuna za devet EU projekata<\/a><\/p>\n<p><a href=\"https:\/\/razvoj.gov.hr\/vijesti\/potpisani-ugovori-za-eu-projekte-vrijedne-380-milijuna-kuna\/3795\">4.4.2018.<\/a><br \/>\n<a href=\"https:\/\/razvoj.gov.hr\/vijesti\/potpisani-ugovori-za-eu-projekte-vrijedne-380-milijuna-kuna\/3795\">Potpisani ugovori za EU projekte vrijedne 380 milijuna kuna<\/a><\/p>\n<p><a href=\"https:\/\/razvoj.gov.hr\/vijesti\/potpisani-ugovori-za-eu-projekte-vrijedne-182-milijuna-kuna\/3773\">9.3.2018.<\/a><br \/>\n<a href=\"https:\/\/razvoj.gov.hr\/vijesti\/potpisani-ugovori-za-eu-projekte-vrijedne-182-milijuna-kuna\/3773\">Potpisani ugovori za EU projekte vrijedne 182 milijuna kuna<\/a><\/p>\n<p><a href=\"https:\/\/razvoj.gov.hr\/vijesti\/potpisano-osam-ugovora-za-eu-projekte-vrijedne-115-milijuna-kuna\/3753\">31.1.2018.<\/a><br \/>\n<a href=\"https:\/\/razvoj.gov.hr\/vijesti\/potpisano-osam-ugovora-za-eu-projekte-vrijedne-115-milijuna-kuna\/3753\">Potpisano osam ugovora za EU projekte vrijedne 115 milijuna kuna<\/a><\/p>\n<p><a href=\"https:\/\/arhiva.strukturnifondovi.hr\/objavljen-poziv-za-razvoj-poduzetnistva-u-gradu-vukovaru-u-okviru-programa-integrirane-fizicke-gospodarske-i-socijalne-regeneracije-malih-gradova-na-ratom-pogodenim-podrucjima\/\">26.1.2018.<\/a><br \/>\n<a href=\"https:\/\/arhiva.strukturnifondovi.hr\/objavljen-poziv-za-razvoj-poduzetnistva-u-gradu-vukovaru-u-okviru-programa-integrirane-fizicke-gospodarske-i-socijalne-regeneracije-malih-gradova-na-ratom-pogodenim-podrucjima\/\">Objavljen poziv za razvoj poduzetni\u0161tva u gradu Vukovaru u okviru Programa integrirane fizi\u010dke, gospodarske i socijalne regeneracije malih gradova na ratom pogo\u0111enim podru\u010djima<\/a><\/p>\n<p><a href=\"https:\/\/razvoj.gov.hr\/vijesti\/potpisano-11-ugovora-ukupne-vrijednosti-vise-od-31-milijun-kuna\/3734\">20.12.2017.<\/a><br \/>\n<a href=\"https:\/\/razvoj.gov.hr\/vijesti\/potpisano-11-ugovora-ukupne-vrijednosti-vise-od-31-milijun-kuna\/3734\">Potpisano 11 ugovora ukupne vrijednosti vi\u0161e od 31 milijun kuna<\/a><\/p>\n<p><a href=\"https:\/\/arhiva.strukturnifondovi.hr\/zapoceli-radovi-uredenju-centra-opcine-darda-vrijednosti-257-milijuna-kuna-okviru-programa-pomoci-malim-gradovima-ratom-pogodenim-podrucjima\/\">6.12.2017.<\/a><br \/>\n<a href=\"https:\/\/arhiva.strukturnifondovi.hr\/zapoceli-radovi-uredenju-centra-opcine-darda-vrijednosti-257-milijuna-kuna-okviru-programa-pomoci-malim-gradovima-ratom-pogodenim-podrucjima\/\">Zapo\u010deli radovi na ure\u0111enju centra op\u0107ine Darda financirani iz Programa integrirane fizi\u010dke, gospodarske i socijalne regeneracije malih gradova na ratom pogo\u0111enim podru\u010djima\u00a0<\/a><\/p>\n<p><a href=\"https:\/\/razvoj.gov.hr\/pristup-informacijama\/javni-pozivi-i-natjecaji\/aktualno\/3724\">7.12.2017.<\/a><br \/>\n<a href=\"https:\/\/razvoj.gov.hr\/pristup-informacijama\/javni-pozivi-i-natjecaji\/aktualno\/3724\">Programi potpora u sklopu poziva za razvoj poduzetni\u0161tva u gradovima Beli Manastir, Benkovac, Knin i Petrinja u okviru Programa integrirane fizi\u010dke, gospodarske i socijalne regeneracije malih gradova na ratom pogo\u0111enim podru\u010djima<\/a><\/p>\n<p><a href=\"https:\/\/razvoj.gov.hr\/vijesti\/odrzana-sjednica-vlade-republike-hrvatske-u-osijeku\/3722\">1.12.2017.<\/a><br \/>\n<a href=\"https:\/\/razvoj.gov.hr\/vijesti\/odrzana-sjednica-vlade-republike-hrvatske-u-osijeku\/3722\">Odr\u017eana sjednica Vlade Republike Hrvatske u Osijeku<\/a><\/p>\n<p><a href=\"https:\/\/razvoj.gov.hr\/vijesti\/5-milijuna-kuna-za-5-projekata-fizicke-gospodarske-i-socijalne-regeneracije-grada-benkovca\/3717\">24.11.2017.<\/a><br \/>\n<a href=\"https:\/\/razvoj.gov.hr\/vijesti\/5-milijuna-kuna-za-5-projekata-fizicke-gospodarske-i-socijalne-regeneracije-grada-benkovca\/3717\">5 milijuna kuna za 5 projekata fizi\u010dke, gospodarske i socijalne regeneracije Grada Benkovca<\/a><\/p>\n<p><a href=\"https:\/\/arhiva.strukturnifondovi.hr\/objavljena-cetiri-poziva-za-provedbu-intervencijskih-planova-beli-manastir-i-darda-benkovac-knin-i-petrinja-u-okviru-programa-integrirane-fizicke-gospodarske-i-socijalne-regeneracije-pilot-podruc\/\">9.6.2017.<\/a><br \/>\n<a href=\"https:\/\/arhiva.strukturnifondovi.hr\/objavljena-cetiri-poziva-za-provedbu-intervencijskih-planova-beli-manastir-i-darda-benkovac-knin-i-petrinja-u-okviru-programa-integrirane-fizicke-gospodarske-i-socijalne-regeneracije-pilot-podruc\/\">Objavljena \u010detiri poziva za provedbu intervencijskih planova (Beli Manastir i Darda, Benkovac, Knin i Petrinja) u okviru Programa integrirane fizi\u010dke, gospodarske i socijalne regeneracije pilot podru\u010dja malih gradova na ratom pogo\u0111enim podru\u010djima<\/a><\/p>\n<div class=\"page_content\"><a href=\"https:\/\/razvoj.gov.hr\/vijesti\/ministrica-zalac-izaslanica-predsjednice-republike-hrvatske-u-osijeku\/3620\">25.5.2017.<\/a><br \/>\n<a href=\"https:\/\/razvoj.gov.hr\/vijesti\/ministrica-zalac-izaslanica-predsjednice-republike-hrvatske-u-osijeku\/3620\">Ministrica \u017dalac izaslanica predsjednice Republike Hrvatske u Osijeku<\/a><\/div>\n<p><a href=\"https:\/\/razvoj.gov.hr\/vijesti\/vukovar-beli-manastir-benkovac-petrinja-i-opcina-darda-krecu-u-realizaciju-projekata-vrijednih-120-milijuna-eura\/3618\">16.5.2017.<\/a><br \/>\n<a href=\"https:\/\/razvoj.gov.hr\/vijesti\/vukovar-beli-manastir-benkovac-petrinja-i-opcina-darda-krecu-u-realizaciju-projekata-vrijednih-120-milijuna-eura\/3618\">Vukovar, Beli Manastir, Benkovac, Petrinja i op\u0107ina Darda kre\u0107u u realizaciju projekata vrijednih 120 milijuna eura<\/a><\/p>\n<p><a href=\"https:\/\/razvoj.gov.hr\/vijesti\/3587\">31.3.2017.<\/a><br \/>\n<a href=\"https:\/\/razvoj.gov.hr\/vijesti\/3587\">Objavljen prvi poziv za gradove Benkovac, Beli Manastir (uklju\u010duju\u0107i Dardu), Knin, Petrinju i Vukovar u okviru Programa integrirane fizi\u010dke, gospodarske i socijalne regeneracije pilot podru\u010dja malih gradova na ratom pogo\u0111enim podru\u010djima<\/a><\/p>\n<p><a href=\"https:\/\/razvoj.gov.hr\/vijesti\/120-milijuna-eura-iz-eu-fondova-za-pocetak-procesa-decentralizacije-kroz-regeneraciju-malih-gradova-na-ratom-pogodjenom-podrucju\/3570\">20.3.2017.<\/a><br \/>\n<a href=\"https:\/\/razvoj.gov.hr\/vijesti\/120-milijuna-eura-iz-eu-fondova-za-pocetak-procesa-decentralizacije-kroz-regeneraciju-malih-gradova-na-ratom-pogodjenom-podrucju\/3570\">120 milijuna eura iz EU fondova za po\u010detak procesa decentralizacije kroz regeneraciju malih gradova na ratom pogo\u0111enom podru\u010dju<\/a><\/p>\n<p><a href=\"https:\/\/razvoj.gov.hr\/vijesti\/knin-osigurao-oko-168-milijuna-kuna-eu-sredstava-za-projekte-koji-ce-omoguciti-gospodarski-i-drustveni-razvoj-grada\/3507\">20.12.2016.<\/a><br \/>\n<a href=\"https:\/\/razvoj.gov.hr\/vijesti\/knin-osigurao-oko-168-milijuna-kuna-eu-sredstava-za-projekte-koji-ce-omoguciti-gospodarski-i-drustveni-razvoj-grada\/3507\">Knin osigurao oko 168 milijuna kuna EU sredstava za projekte koji \u0107e omogu\u0107iti gospodarski i dru\u0161tveni razvoj grada<\/a><\/p>\n<p><a href=\"https:\/\/razvoj.gov.hr\/vijesti\/po-prvi-puta-u-hrvatskoj-predstavljene-mape-siromastva\/3463\">18.10.2016.<\/a><br \/>\n<a href=\"https:\/\/razvoj.gov.hr\/vijesti\/po-prvi-puta-u-hrvatskoj-predstavljene-mape-siromastva\/3463\">Po prvi puta u Hrvatskoj predstavljene mape siroma\u0161tva<\/a><\/p>\n<p><a href=\"https:\/\/razvoj.gov.hr\/vijesti\/prihvacen-intervencijski-plan-grada-knina\/3445\">30.9.2016.<\/a><br \/>\n<a href=\"https:\/\/razvoj.gov.hr\/vijesti\/prihvacen-intervencijski-plan-grada-knina\/3445\">Prihva\u0107en Intervencijski plan grada Knina<\/a><\/p>\n<p><a href=\"https:\/\/razvoj.gov.hr\/vijesti\/120-milijuna-eura-iz-eu-fondova-za-beli-manastir-benkovac-knin-petrinju-vukovar-i-opcinu-darda\/3380\">14.7.2016.<\/a><br \/>\n<a href=\"https:\/\/razvoj.gov.hr\/vijesti\/120-milijuna-eura-iz-eu-fondova-za-beli-manastir-benkovac-knin-petrinju-vukovar-i-opcinu-darda\/3380\">120 milijuna eura iz EU fondova za Beli Manastir, Benkovac, Knin, Petrinju, Vukovar i op\u0107inu Darda<\/a><\/p>\n<p><a href=\"https:\/\/razvoj.gov.hr\/vijesti\/vukovar-beli-manastir-knin-benkovac-petrinja-i-darda-u-programu-integrirane-fizicke-gospodarske-i-socijalne-regeneracije-pilot-podrucja-malih-gradova-na-ratom-pogodjenim-podrucjima\/1071\">23.3.2015.<\/a><br \/>\n<a href=\"https:\/\/razvoj.gov.hr\/vijesti\/vukovar-beli-manastir-knin-benkovac-petrinja-i-darda-u-programu-integrirane-fizicke-gospodarske-i-socijalne-regeneracije-pilot-podrucja-malih-gradova-na-ratom-pogodjenim-podrucjima\/1071\">Vukovar, Beli Manastir, Knin, Benkovac, Petrinja i Darda u Programu integrirane fizi\u010dke, gospodarske i socijalne regeneracije pilot podru\u010dja malih gradova na ratom pogo\u0111enim podru\u010djima<\/a><\/p>\n<p><a href=\"https:\/\/razvoj.gov.hr\/vijesti\/predstavljen-projekt-tehnicke-pomoci-u-pripremi-programa-integrirane-regeneracije\/3237\">24.12.2015.<\/a><br \/>\n<a href=\"https:\/\/razvoj.gov.hr\/vijesti\/predstavljen-projekt-tehnicke-pomoci-u-pripremi-programa-integrirane-regeneracije\/3237\">Predstavljen Projekt tehni\u010dke pomo\u0107i u pripremi Programa integrirane regeneracije<\/a><\/p>\n","protected":false},"excerpt":{"rendered":"<p>21.10.2020. Ugovori o dodjeli bespovratnih sredstava potpisani u okviru Poziva za dostavu projektnih prijedloga u otvorenom postupku dodjele bespovratnih sredstava&#8230;<\/p>\n","protected":false},"author":795,"featured_media":0,"parent":0,"menu_order":0,"comment_status":"closed","ping_status":"closed","template":"","meta":{"inline_featured_image":false,"footnotes":""},"class_list":["post-15396","page","type-page","status-publish","hentry"],"yoast_head":"<!-- This site is optimized with the Yoast SEO plugin v26.8 - https:\/\/yoast.com\/product\/yoast-seo-wordpress\/ -->\n<title>Pregled vijesti - Europski strukturni i investicijski fondovi % %<\/title>\n<meta name=\"robots\" content=\"index, follow, max-snippet:-1, max-image-preview:large, max-video-preview:-1\" \/>\n<link rel=\"canonical\" href=\"https:\/\/arhiva.strukturnifondovi.hr\/pregled-vijesti\/\" \/>\n<meta property=\"og:locale\" content=\"en_US\" \/>\n<meta property=\"og:type\" content=\"article\" \/>\n<meta property=\"og:title\" content=\"Pregled vijesti - Europski strukturni i investicijski fondovi % %\" \/>\n<meta property=\"og:description\" content=\"21.10.2020. Ugovori o dodjeli bespovratnih sredstava potpisani u okviru Poziva za dostavu projektnih prijedloga u otvorenom postupku dodjele bespovratnih sredstava...\" \/>\n<meta property=\"og:url\" content=\"https:\/\/arhiva.strukturnifondovi.hr\/pregled-vijesti\/\" \/>\n<meta property=\"og:site_name\" content=\"Europski strukturni i investicijski fondovi\" \/>\n<meta property=\"article:modified_time\" content=\"2023-03-07T14:06:05+00:00\" \/>\n<meta name=\"twitter:card\" content=\"summary_large_image\" \/>\n<meta name=\"twitter:label1\" content=\"Est. reading time\" \/>\n\t<meta name=\"twitter:data1\" content=\"2 minutes\" \/>\n<script type=\"application\/ld+json\" class=\"yoast-schema-graph\">{\"@context\":\"https:\/\/schema.org\",\"@graph\":[{\"@type\":\"WebPage\",\"@id\":\"https:\/\/arhiva.strukturnifondovi.hr\/pregled-vijesti\/\",\"url\":\"https:\/\/arhiva.strukturnifondovi.hr\/pregled-vijesti\/\",\"name\":\"Pregled vijesti - Europski strukturni i investicijski fondovi % %\",\"isPartOf\":{\"@id\":\"https:\/\/arhiva.strukturnifondovi.hr\/#website\"},\"datePublished\":\"2018-11-23T11:18:09+00:00\",\"dateModified\":\"2023-03-07T14:06:05+00:00\",\"breadcrumb\":{\"@id\":\"https:\/\/arhiva.strukturnifondovi.hr\/pregled-vijesti\/#breadcrumb\"},\"inLanguage\":\"en-US\",\"potentialAction\":[{\"@type\":\"ReadAction\",\"target\":[\"https:\/\/arhiva.strukturnifondovi.hr\/pregled-vijesti\/\"]}]},{\"@type\":\"BreadcrumbList\",\"@id\":\"https:\/\/arhiva.strukturnifondovi.hr\/pregled-vijesti\/#breadcrumb\",\"itemListElement\":[{\"@type\":\"ListItem\",\"position\":1,\"name\":\"Home\",\"item\":\"https:\/\/arhiva.strukturnifondovi.hr\/en\/\"},{\"@type\":\"ListItem\",\"position\":2,\"name\":\"Pregled vijesti\"}]},{\"@type\":\"WebSite\",\"@id\":\"https:\/\/arhiva.strukturnifondovi.hr\/#website\",\"url\":\"https:\/\/arhiva.strukturnifondovi.hr\/\",\"name\":\"Europski strukturni i investicijski fondovi\",\"description\":\"Europski strukturni i investicijski fondovi\",\"publisher\":{\"@id\":\"https:\/\/arhiva.strukturnifondovi.hr\/#organization\"},\"potentialAction\":[{\"@type\":\"SearchAction\",\"target\":{\"@type\":\"EntryPoint\",\"urlTemplate\":\"https:\/\/arhiva.strukturnifondovi.hr\/?s={search_term_string}\"},\"query-input\":{\"@type\":\"PropertyValueSpecification\",\"valueRequired\":true,\"valueName\":\"search_term_string\"}}],\"inLanguage\":\"en-US\"},{\"@type\":\"Organization\",\"@id\":\"https:\/\/arhiva.strukturnifondovi.hr\/#organization\",\"name\":\"Ministarstvo regionalnoga razvoja i fondova Europske unije\",\"url\":\"https:\/\/arhiva.strukturnifondovi.hr\/\",\"logo\":{\"@type\":\"ImageObject\",\"inLanguage\":\"en-US\",\"@id\":\"https:\/\/arhiva.strukturnifondovi.hr\/#\/schema\/logo\/image\/\",\"url\":\"https:\/\/arhiva.strukturnifondovi.hr\/wp-content\/uploads\/2022\/03\/ESI-logotip_boja_bez-pozadine_manji.png\",\"contentUrl\":\"https:\/\/arhiva.strukturnifondovi.hr\/wp-content\/uploads\/2022\/03\/ESI-logotip_boja_bez-pozadine_manji.png\",\"width\":1256,\"height\":413,\"caption\":\"Ministarstvo regionalnoga razvoja i fondova Europske unije\"},\"image\":{\"@id\":\"https:\/\/arhiva.strukturnifondovi.hr\/#\/schema\/logo\/image\/\"}}]}<\/script>\n<!-- \/ Yoast SEO plugin. -->","yoast_head_json":{"title":"Pregled vijesti - Europski strukturni i investicijski fondovi % %","robots":{"index":"index","follow":"follow","max-snippet":"max-snippet:-1","max-image-preview":"max-image-preview:large","max-video-preview":"max-video-preview:-1"},"canonical":"https:\/\/arhiva.strukturnifondovi.hr\/pregled-vijesti\/","og_locale":"en_US","og_type":"article","og_title":"Pregled vijesti - Europski strukturni i investicijski fondovi % %","og_description":"21.10.2020. Ugovori o dodjeli bespovratnih sredstava potpisani u okviru Poziva za dostavu projektnih prijedloga u otvorenom postupku dodjele bespovratnih sredstava...","og_url":"https:\/\/arhiva.strukturnifondovi.hr\/pregled-vijesti\/","og_site_name":"Europski strukturni i investicijski fondovi","article_modified_time":"2023-03-07T14:06:05+00:00","twitter_card":"summary_large_image","twitter_misc":{"Est. reading time":"2 minutes"},"schema":{"@context":"https:\/\/schema.org","@graph":[{"@type":"WebPage","@id":"https:\/\/arhiva.strukturnifondovi.hr\/pregled-vijesti\/","url":"https:\/\/arhiva.strukturnifondovi.hr\/pregled-vijesti\/","name":"Pregled vijesti - Europski strukturni i investicijski fondovi % %","isPartOf":{"@id":"https:\/\/arhiva.strukturnifondovi.hr\/#website"},"datePublished":"2018-11-23T11:18:09+00:00","dateModified":"2023-03-07T14:06:05+00:00","breadcrumb":{"@id":"https:\/\/arhiva.strukturnifondovi.hr\/pregled-vijesti\/#breadcrumb"},"inLanguage":"en-US","potentialAction":[{"@type":"ReadAction","target":["https:\/\/arhiva.strukturnifondovi.hr\/pregled-vijesti\/"]}]},{"@type":"BreadcrumbList","@id":"https:\/\/arhiva.strukturnifondovi.hr\/pregled-vijesti\/#breadcrumb","itemListElement":[{"@type":"ListItem","position":1,"name":"Home","item":"https:\/\/arhiva.strukturnifondovi.hr\/en\/"},{"@type":"ListItem","position":2,"name":"Pregled vijesti"}]},{"@type":"WebSite","@id":"https:\/\/arhiva.strukturnifondovi.hr\/#website","url":"https:\/\/arhiva.strukturnifondovi.hr\/","name":"Europski strukturni i investicijski fondovi","description":"Europski strukturni i investicijski fondovi","publisher":{"@id":"https:\/\/arhiva.strukturnifondovi.hr\/#organization"},"potentialAction":[{"@type":"SearchAction","target":{"@type":"EntryPoint","urlTemplate":"https:\/\/arhiva.strukturnifondovi.hr\/?s={search_term_string}"},"query-input":{"@type":"PropertyValueSpecification","valueRequired":true,"valueName":"search_term_string"}}],"inLanguage":"en-US"},{"@type":"Organization","@id":"https:\/\/arhiva.strukturnifondovi.hr\/#organization","name":"Ministarstvo regionalnoga razvoja i fondova Europske unije","url":"https:\/\/arhiva.strukturnifondovi.hr\/","logo":{"@type":"ImageObject","inLanguage":"en-US","@id":"https:\/\/arhiva.strukturnifondovi.hr\/#\/schema\/logo\/image\/","url":"https:\/\/arhiva.strukturnifondovi.hr\/wp-content\/uploads\/2022\/03\/ESI-logotip_boja_bez-pozadine_manji.png","contentUrl":"https:\/\/arhiva.strukturnifondovi.hr\/wp-content\/uploads\/2022\/03\/ESI-logotip_boja_bez-pozadine_manji.png","width":1256,"height":413,"caption":"Ministarstvo regionalnoga razvoja i fondova Europske unije"},"image":{"@id":"https:\/\/arhiva.strukturnifondovi.hr\/#\/schema\/logo\/image\/"}}]}},"_links":{"self":[{"href":"https:\/\/arhiva.strukturnifondovi.hr\/en\/wp-json\/wp\/v2\/pages\/15396","targetHints":{"allow":["GET"]}}],"collection":[{"href":"https:\/\/arhiva.strukturnifondovi.hr\/en\/wp-json\/wp\/v2\/pages"}],"about":[{"href":"https:\/\/arhiva.strukturnifondovi.hr\/en\/wp-json\/wp\/v2\/types\/page"}],"author":[{"embeddable":true,"href":"https:\/\/arhiva.strukturnifondovi.hr\/en\/wp-json\/wp\/v2\/users\/795"}],"replies":[{"embeddable":true,"href":"https:\/\/arhiva.strukturnifondovi.hr\/en\/wp-json\/wp\/v2\/comments?post=15396"}],"version-history":[{"count":90,"href":"https:\/\/arhiva.strukturnifondovi.hr\/en\/wp-json\/wp\/v2\/pages\/15396\/revisions"}],"predecessor-version":[{"id":117385,"href":"https:\/\/arhiva.strukturnifondovi.hr\/en\/wp-json\/wp\/v2\/pages\/15396\/revisions\/117385"}],"wp:attachment":[{"href":"https:\/\/arhiva.strukturnifondovi.hr\/en\/wp-json\/wp\/v2\/media?parent=15396"}],"curies":[{"name":"wp","href":"https:\/\/api.w.org\/{rel}","templated":true}]}}