{"id":26766,"date":"2019-02-28T15:06:34","date_gmt":"2019-02-28T14:06:34","guid":{"rendered":"https:\/\/arhiva.strukturnifondovi.hr\/?page_id=26766"},"modified":"2019-12-04T15:45:17","modified_gmt":"2019-12-04T14:45:17","slug":"integrirana-teritorijalna-ulaganja","status":"publish","type":"page","link":"https:\/\/arhiva.strukturnifondovi.hr\/en\/integrirana-teritorijalna-ulaganja\/","title":{"rendered":"Integrirana teritorijalna ulaganja"},"content":{"rendered":"\r\n<p><strong>INTEGRIRANA TERITORIJALNA ULAGANJA <\/strong>predstavljaju mehanizam koji se po prvi puta koristi u Europskoj uniji u razdoblju 2014.-2020. godine, a koji omogu\u0107uje integriranje sredstava iz razli\u010ditih europskih fondova i operativnih programa te ulaganje tih sredstava u aktivnosti kojima \u0107e se oja\u010dati uloga gradova kao pokreta\u010da gospodarskog razvoja.<\/p>\r\n\r\n\r\n\r\n<p>U programskim dokumentima za financijsko razdoblje 2014.\u20132020. definirano je da \u0107e Republika Hrvatska mjere odr\u017eivog urbanog razvoja provoditi putem mehanizma integriranih teritorijalnih ulaganja u okviru dva operativna programa \u2013 <strong>Operativnog programa Konkurentnost i kohezija (OPKK) i Operativnog programa U\u010dinkoviti ljudski potencijali (OPULJP)<\/strong>, iz tri razli\u010dita europska fonda \u2013 <strong>Europskog fonda za regionalni razvoj, Kohezijskog fonda i Europskog socijalnog fonda<\/strong>.<\/p>\r\n\r\n\r\n\r\n<p>Mjere odr\u017eivog urbanoga razvoja putem ITU mehanizma u Republici Hrvatskoj provodi <strong>Ministarstvo regionalnoga razvoja i fondova Europske unije<\/strong>, Upravlja\u010dko tijelo za Operativni program Konkurentnost i kohezija i Koordinacijsko tijelo za provedbu mehanizma integriranih teritorijalnih ulaganja, u suradnji s <strong>Ministarstvom rada i mirovinskoga sustava<\/strong> kao Upravlja\u010dkim tijelom za Operativni program U\u010dinkoviti ljudski potencijali.<\/p>\r\n\r\n\r\n\r\n<p>Mjere se provode u sedam najve\u0107ih urbanih sredi\u0161ta s najvi\u0161om koncentracijom stanovni\u0161tva i kapacitetima za provedbu projekata, a koja su za provedbu ITU mehanizma odabrana temeljem kriterija iz javnog poziva Ministarstva regionalnoga razvoja i fondova Europske unije. Radi se o 4 urbane aglomeracije s vi\u0161e od 100.000 stanovnika u sredi\u0161njim naseljima: <strong>Zagreb, Osijek, Rijeka i Split<\/strong> te 3 urbana podru\u010dja s vi\u0161e od 50.000 stanovnika u sredi\u0161njim naseljima: <strong>Zadar, Slavonski Brod i Pula<\/strong>. Pri tome gradovi sredi\u0161ta urbanih podru\u010dja nisu ograni\u010deni na svoje administrativne granice, ve\u0107 uklju\u010duju i susjedne jedinice lokalne samouprave (JLS) ili njihove dijelove koji zajedno stvaraju prostorno-funkcionalnu cjelinu &#8211; urbanu aglomeraciju odnosno urbano podru\u010dje.<\/p>\r\n\r\n\r\n\r\n<p>Republika Hrvatska za provedbu mjera odr\u017eivog urbanog razdoblja putem ITU mehanizma ima na raspolaganju <strong>345.351.269,00 EUR-a<\/strong>:<\/p>\r\n\r\n\r\n\r\n<p>\u2022 <strong>303.351.269,00 EUR-a<\/strong> iz Europskog fonda za regionalni razvoj i Kohezijskog fonda u okviru Operativnog programa Konkurentnost i kohezija,<\/p>\r\n\r\n\r\n\r\n<p><em>\u2022<\/em> <strong>42.000.000,00 EUR-a<\/strong> iz Europskog socijalnog fonda u okviru Operativnog programa U\u010dinkoviti ljudski potencijali.<\/p>\r\n<p><a class=\"button transparent small\" style=\"border: 1px solid #323f8b;\" href=\"https:\/\/arhiva.strukturnifondovi.hr\/wp-content\/uploads\/2019\/04\/Raspodjela-ITU-alokacije-po-gradovima-i-specifi\u010dnim-ciljevima.pdf\">RASPODJELA ITU ALOKACIJE PO GRADOVIMA I SPECIFI\u010cNIM CILJEVIMA\u00a0<\/a><\/p>\r\n\r\n<p><a class=\"button transparent small\" style=\"border: 1px solid #323f8b;\" href=\"https:\/\/arhiva.strukturnifondovi.hr\/wp-content\/uploads\/2019\/04\/ITU_brosura_03012019_web.pdf\">Preuzmite bro\u0161uru o ITU mehanizmu<\/a><\/p>","protected":false},"excerpt":{"rendered":"<p>INTEGRIRANA TERITORIJALNA ULAGANJA predstavljaju mehanizam koji se po prvi puta koristi u Europskoj uniji u razdoblju 2014.-2020. godine, a koji&#8230;<\/p>\n","protected":false},"author":795,"featured_media":27616,"parent":0,"menu_order":0,"comment_status":"closed","ping_status":"closed","template":"page-template2.php","meta":{"inline_featured_image":false,"footnotes":""},"class_list":["post-26766","page","type-page","status-publish","has-post-thumbnail","hentry"],"yoast_head":"<!-- This site is optimized with the Yoast SEO plugin v26.8 - https:\/\/yoast.com\/product\/yoast-seo-wordpress\/ -->\n<title>Integrirana teritorijalna ulaganja - Europski strukturni i investicijski fondovi % %<\/title>\n<meta name=\"robots\" content=\"index, follow, max-snippet:-1, max-image-preview:large, max-video-preview:-1\" \/>\n<link rel=\"canonical\" href=\"https:\/\/arhiva.strukturnifondovi.hr\/integrirana-teritorijalna-ulaganja\/\" \/>\n<meta property=\"og:locale\" content=\"en_US\" \/>\n<meta property=\"og:type\" content=\"article\" \/>\n<meta property=\"og:title\" content=\"Integrirana teritorijalna ulaganja - Europski strukturni i investicijski fondovi % %\" \/>\n<meta property=\"og:description\" content=\"INTEGRIRANA TERITORIJALNA ULAGANJA predstavljaju mehanizam koji se po prvi puta koristi u Europskoj uniji u razdoblju 2014.-2020. godine, a koji...\" \/>\n<meta property=\"og:url\" content=\"https:\/\/arhiva.strukturnifondovi.hr\/integrirana-teritorijalna-ulaganja\/\" \/>\n<meta property=\"og:site_name\" content=\"Europski strukturni i investicijski fondovi\" \/>\n<meta property=\"article:modified_time\" content=\"2019-12-04T14:45:17+00:00\" \/>\n<meta property=\"og:image\" content=\"https:\/\/arhiva.strukturnifondovi.hr\/wp-content\/uploads\/2019\/03\/logo.jpg\" \/>\n\t<meta property=\"og:image:width\" content=\"600\" \/>\n\t<meta property=\"og:image:height\" content=\"296\" \/>\n\t<meta property=\"og:image:type\" content=\"image\/jpeg\" \/>\n<meta name=\"twitter:card\" content=\"summary_large_image\" \/>\n<meta name=\"twitter:label1\" content=\"Est. reading time\" \/>\n\t<meta name=\"twitter:data1\" content=\"2 minutes\" \/>\n<script type=\"application\/ld+json\" class=\"yoast-schema-graph\">{\"@context\":\"https:\/\/schema.org\",\"@graph\":[{\"@type\":\"WebPage\",\"@id\":\"https:\/\/arhiva.strukturnifondovi.hr\/integrirana-teritorijalna-ulaganja\/\",\"url\":\"https:\/\/arhiva.strukturnifondovi.hr\/integrirana-teritorijalna-ulaganja\/\",\"name\":\"Integrirana teritorijalna ulaganja - Europski strukturni i investicijski fondovi % %\",\"isPartOf\":{\"@id\":\"https:\/\/arhiva.strukturnifondovi.hr\/#website\"},\"primaryImageOfPage\":{\"@id\":\"https:\/\/arhiva.strukturnifondovi.hr\/integrirana-teritorijalna-ulaganja\/#primaryimage\"},\"image\":{\"@id\":\"https:\/\/arhiva.strukturnifondovi.hr\/integrirana-teritorijalna-ulaganja\/#primaryimage\"},\"thumbnailUrl\":\"https:\/\/arhiva.strukturnifondovi.hr\/wp-content\/uploads\/2019\/03\/logo.jpg\",\"datePublished\":\"2019-02-28T14:06:34+00:00\",\"dateModified\":\"2019-12-04T14:45:17+00:00\",\"breadcrumb\":{\"@id\":\"https:\/\/arhiva.strukturnifondovi.hr\/integrirana-teritorijalna-ulaganja\/#breadcrumb\"},\"inLanguage\":\"en-US\",\"potentialAction\":[{\"@type\":\"ReadAction\",\"target\":[\"https:\/\/arhiva.strukturnifondovi.hr\/integrirana-teritorijalna-ulaganja\/\"]}]},{\"@type\":\"ImageObject\",\"inLanguage\":\"en-US\",\"@id\":\"https:\/\/arhiva.strukturnifondovi.hr\/integrirana-teritorijalna-ulaganja\/#primaryimage\",\"url\":\"https:\/\/arhiva.strukturnifondovi.hr\/wp-content\/uploads\/2019\/03\/logo.jpg\",\"contentUrl\":\"https:\/\/arhiva.strukturnifondovi.hr\/wp-content\/uploads\/2019\/03\/logo.jpg\",\"width\":600,\"height\":296},{\"@type\":\"BreadcrumbList\",\"@id\":\"https:\/\/arhiva.strukturnifondovi.hr\/integrirana-teritorijalna-ulaganja\/#breadcrumb\",\"itemListElement\":[{\"@type\":\"ListItem\",\"position\":1,\"name\":\"Home\",\"item\":\"https:\/\/arhiva.strukturnifondovi.hr\/en\/\"},{\"@type\":\"ListItem\",\"position\":2,\"name\":\"Integrirana teritorijalna ulaganja\"}]},{\"@type\":\"WebSite\",\"@id\":\"https:\/\/arhiva.strukturnifondovi.hr\/#website\",\"url\":\"https:\/\/arhiva.strukturnifondovi.hr\/\",\"name\":\"Europski strukturni i investicijski fondovi\",\"description\":\"Europski strukturni i investicijski fondovi\",\"publisher\":{\"@id\":\"https:\/\/arhiva.strukturnifondovi.hr\/#organization\"},\"potentialAction\":[{\"@type\":\"SearchAction\",\"target\":{\"@type\":\"EntryPoint\",\"urlTemplate\":\"https:\/\/arhiva.strukturnifondovi.hr\/?s={search_term_string}\"},\"query-input\":{\"@type\":\"PropertyValueSpecification\",\"valueRequired\":true,\"valueName\":\"search_term_string\"}}],\"inLanguage\":\"en-US\"},{\"@type\":\"Organization\",\"@id\":\"https:\/\/arhiva.strukturnifondovi.hr\/#organization\",\"name\":\"Ministarstvo regionalnoga razvoja i fondova Europske unije\",\"url\":\"https:\/\/arhiva.strukturnifondovi.hr\/\",\"logo\":{\"@type\":\"ImageObject\",\"inLanguage\":\"en-US\",\"@id\":\"https:\/\/arhiva.strukturnifondovi.hr\/#\/schema\/logo\/image\/\",\"url\":\"https:\/\/arhiva.strukturnifondovi.hr\/wp-content\/uploads\/2022\/03\/ESI-logotip_boja_bez-pozadine_manji.png\",\"contentUrl\":\"https:\/\/arhiva.strukturnifondovi.hr\/wp-content\/uploads\/2022\/03\/ESI-logotip_boja_bez-pozadine_manji.png\",\"width\":1256,\"height\":413,\"caption\":\"Ministarstvo regionalnoga razvoja i fondova Europske unije\"},\"image\":{\"@id\":\"https:\/\/arhiva.strukturnifondovi.hr\/#\/schema\/logo\/image\/\"}}]}<\/script>\n<!-- \/ Yoast SEO plugin. -->","yoast_head_json":{"title":"Integrirana teritorijalna ulaganja - Europski strukturni i investicijski fondovi % %","robots":{"index":"index","follow":"follow","max-snippet":"max-snippet:-1","max-image-preview":"max-image-preview:large","max-video-preview":"max-video-preview:-1"},"canonical":"https:\/\/arhiva.strukturnifondovi.hr\/integrirana-teritorijalna-ulaganja\/","og_locale":"en_US","og_type":"article","og_title":"Integrirana teritorijalna ulaganja - Europski strukturni i investicijski fondovi % %","og_description":"INTEGRIRANA TERITORIJALNA ULAGANJA predstavljaju mehanizam koji se po prvi puta koristi u Europskoj uniji u razdoblju 2014.-2020. godine, a koji...","og_url":"https:\/\/arhiva.strukturnifondovi.hr\/integrirana-teritorijalna-ulaganja\/","og_site_name":"Europski strukturni i investicijski fondovi","article_modified_time":"2019-12-04T14:45:17+00:00","og_image":[{"width":600,"height":296,"url":"https:\/\/arhiva.strukturnifondovi.hr\/wp-content\/uploads\/2019\/03\/logo.jpg","type":"image\/jpeg"}],"twitter_card":"summary_large_image","twitter_misc":{"Est. reading time":"2 minutes"},"schema":{"@context":"https:\/\/schema.org","@graph":[{"@type":"WebPage","@id":"https:\/\/arhiva.strukturnifondovi.hr\/integrirana-teritorijalna-ulaganja\/","url":"https:\/\/arhiva.strukturnifondovi.hr\/integrirana-teritorijalna-ulaganja\/","name":"Integrirana teritorijalna ulaganja - Europski strukturni i investicijski fondovi % %","isPartOf":{"@id":"https:\/\/arhiva.strukturnifondovi.hr\/#website"},"primaryImageOfPage":{"@id":"https:\/\/arhiva.strukturnifondovi.hr\/integrirana-teritorijalna-ulaganja\/#primaryimage"},"image":{"@id":"https:\/\/arhiva.strukturnifondovi.hr\/integrirana-teritorijalna-ulaganja\/#primaryimage"},"thumbnailUrl":"https:\/\/arhiva.strukturnifondovi.hr\/wp-content\/uploads\/2019\/03\/logo.jpg","datePublished":"2019-02-28T14:06:34+00:00","dateModified":"2019-12-04T14:45:17+00:00","breadcrumb":{"@id":"https:\/\/arhiva.strukturnifondovi.hr\/integrirana-teritorijalna-ulaganja\/#breadcrumb"},"inLanguage":"en-US","potentialAction":[{"@type":"ReadAction","target":["https:\/\/arhiva.strukturnifondovi.hr\/integrirana-teritorijalna-ulaganja\/"]}]},{"@type":"ImageObject","inLanguage":"en-US","@id":"https:\/\/arhiva.strukturnifondovi.hr\/integrirana-teritorijalna-ulaganja\/#primaryimage","url":"https:\/\/arhiva.strukturnifondovi.hr\/wp-content\/uploads\/2019\/03\/logo.jpg","contentUrl":"https:\/\/arhiva.strukturnifondovi.hr\/wp-content\/uploads\/2019\/03\/logo.jpg","width":600,"height":296},{"@type":"BreadcrumbList","@id":"https:\/\/arhiva.strukturnifondovi.hr\/integrirana-teritorijalna-ulaganja\/#breadcrumb","itemListElement":[{"@type":"ListItem","position":1,"name":"Home","item":"https:\/\/arhiva.strukturnifondovi.hr\/en\/"},{"@type":"ListItem","position":2,"name":"Integrirana teritorijalna ulaganja"}]},{"@type":"WebSite","@id":"https:\/\/arhiva.strukturnifondovi.hr\/#website","url":"https:\/\/arhiva.strukturnifondovi.hr\/","name":"Europski strukturni i investicijski fondovi","description":"Europski strukturni i investicijski fondovi","publisher":{"@id":"https:\/\/arhiva.strukturnifondovi.hr\/#organization"},"potentialAction":[{"@type":"SearchAction","target":{"@type":"EntryPoint","urlTemplate":"https:\/\/arhiva.strukturnifondovi.hr\/?s={search_term_string}"},"query-input":{"@type":"PropertyValueSpecification","valueRequired":true,"valueName":"search_term_string"}}],"inLanguage":"en-US"},{"@type":"Organization","@id":"https:\/\/arhiva.strukturnifondovi.hr\/#organization","name":"Ministarstvo regionalnoga razvoja i fondova Europske unije","url":"https:\/\/arhiva.strukturnifondovi.hr\/","logo":{"@type":"ImageObject","inLanguage":"en-US","@id":"https:\/\/arhiva.strukturnifondovi.hr\/#\/schema\/logo\/image\/","url":"https:\/\/arhiva.strukturnifondovi.hr\/wp-content\/uploads\/2022\/03\/ESI-logotip_boja_bez-pozadine_manji.png","contentUrl":"https:\/\/arhiva.strukturnifondovi.hr\/wp-content\/uploads\/2022\/03\/ESI-logotip_boja_bez-pozadine_manji.png","width":1256,"height":413,"caption":"Ministarstvo regionalnoga razvoja i fondova Europske unije"},"image":{"@id":"https:\/\/arhiva.strukturnifondovi.hr\/#\/schema\/logo\/image\/"}}]}},"_links":{"self":[{"href":"https:\/\/arhiva.strukturnifondovi.hr\/en\/wp-json\/wp\/v2\/pages\/26766","targetHints":{"allow":["GET"]}}],"collection":[{"href":"https:\/\/arhiva.strukturnifondovi.hr\/en\/wp-json\/wp\/v2\/pages"}],"about":[{"href":"https:\/\/arhiva.strukturnifondovi.hr\/en\/wp-json\/wp\/v2\/types\/page"}],"author":[{"embeddable":true,"href":"https:\/\/arhiva.strukturnifondovi.hr\/en\/wp-json\/wp\/v2\/users\/795"}],"replies":[{"embeddable":true,"href":"https:\/\/arhiva.strukturnifondovi.hr\/en\/wp-json\/wp\/v2\/comments?post=26766"}],"version-history":[{"count":39,"href":"https:\/\/arhiva.strukturnifondovi.hr\/en\/wp-json\/wp\/v2\/pages\/26766\/revisions"}],"predecessor-version":[{"id":48179,"href":"https:\/\/arhiva.strukturnifondovi.hr\/en\/wp-json\/wp\/v2\/pages\/26766\/revisions\/48179"}],"wp:featuredmedia":[{"embeddable":true,"href":"https:\/\/arhiva.strukturnifondovi.hr\/en\/wp-json\/wp\/v2\/media\/27616"}],"wp:attachment":[{"href":"https:\/\/arhiva.strukturnifondovi.hr\/en\/wp-json\/wp\/v2\/media?parent=26766"}],"curies":[{"name":"wp","href":"https:\/\/api.w.org\/{rel}","templated":true}]}}