{"id":26771,"date":"2019-02-27T15:20:18","date_gmt":"2019-02-27T14:20:18","guid":{"rendered":"https:\/\/arhiva.strukturnifondovi.hr\/?page_id=26771"},"modified":"2021-09-08T14:40:55","modified_gmt":"2021-09-08T12:40:55","slug":"pregled-novosti","status":"publish","type":"page","link":"https:\/\/arhiva.strukturnifondovi.hr\/en\/pregled-novosti\/","title":{"rendered":"Pregled novosti"},"content":{"rendered":"<p><\/p>\r\n<ul class=\"wp-block-list\">\r\n<li><a href=\"https:\/\/arhiva.strukturnifondovi.hr\/objavljeno-6-novih-itu-poziva-za-odrzivi-razvoj-hrvatskih-gradova\/\">03.06.2019. Objavljeno 6 novih ITU Poziva za odr\u017eivi razvoj hrvatskih gradova<\/a><\/li>\r\n<li>2<a href=\"http:\/\/www.gradonacelnik.hr\/vijesti\/izbor-za-najbolji-grad-2019\">8.05.2019. Konferencija Najbolji grad 2019. \u2013 Strategija razvoja pametnih gradova<\/a><\/li>\r\n<li><a href=\"http:\/\/www.sibenik.hr\/vijesti\/sibenik-ce-dobiti-mogucnost-koristenja-eu-sredstava-iz-razlicitih-fondova-i-ulaganja--u-integrirane-projekte\">14.05.2019. Grad \u0160ibenik \u0107e dobiti mogu\u0107nost kori\u0161tenja EU sredstava iz razli\u010ditih fondova i ulaganja u integrirane projekte<\/a><\/li>\r\n<li><a href=\"https:\/\/razvoj.gov.hr\/vijesti\/grad-vinkovci-dobio-priliku-za-koristenje-eu-sredstava-putem-itu-mehanizma\/4015\">10.05.2019. Grad Vinkovci dobio priliku za kori\u0161tenje EU sredstava putem ITU mehanizma<\/a><\/li>\r\n<li><a href=\"https:\/\/razvoj.gov.hr\/vijesti\/novi-projekti-za-osijek-i-beli-manastir\/3966\">08.02.2019. Novi projekti za Osijek i Beli Manastir<\/a><\/li>\r\n<li><a href=\"https:\/\/razvoj.gov.hr\/vijesti\/suradnja-vlade-rh-i-eib-a-razvoj-pametnih-gradova-i-otoka\/3912\">25.10.2018. Suradnja Vlade RH i EIB-a: Razvoj pametnih gradova i otoka<\/a><\/li>\r\n<li><a href=\"https:\/\/razvoj.gov.hr\/vijesti\/u-splitu-odrzana-medjunarodna-konferencija-strateski-pristup-razvoju-pametnih-gradova\/3911\">19.10.2018. U Splitu odr\u017eana Me\u0111unarodna konferencija \u201eStrate\u0161ki pristup razvoju pametnih gradova\u201c<\/a><\/li>\r\n<li><a href=\"https:\/\/razvoj.gov.hr\/vijesti\/iz-eu-fondova-18-novih-autobusa-za-grad-split\/3909\">18.10.2018. 18 novih autobusa za Grad Split<\/a><\/li>\r\n<li><a href=\"https:\/\/razvoj.gov.hr\/javni-pozivi-i-natjecaji\/aktualno\/itu-donesen-program-dodjele-potpora-male-vrijednosti-de-minimis-potpora-za-omogucavanje-povoljnog-okruzenja-za-razvoj-poduzetnistva-u-itu-podrucjima\/3892\">13.09.2018. Donesen program dodjele potpora male vrijednosti za omogu\u0107avanje povoljnog okru\u017eenja za razvoj poduzetni\u0161tva u ITU podru\u010djima<\/a><\/li>\r\n<li><a href=\"https:\/\/razvoj.gov.hr\/vijesti\/ministrica-zalac-u-posjeti-istarskoj-zupaniji-potpisani-ugovori-za-projekte-vrijedne-100-milijuna-kuna\/3875\">27.07.2018. Ministrica \u017dalac u posjeti Istarskoj \u017eupaniji &#8211; potpisani ugovori za projekte vrijedne 100 milijuna kuna<\/a><\/li>\r\n<li><a href=\"https:\/\/razvoj.gov.hr\/vijesti\/230-milijuna-kuna-za-zastitu-okolisa-razvoj-e-usluga-i-odrzivi-urbani-razvoj\/3867\">16.07.2018. 230 milijuna kuna za za\u0161titu okoli\u0161a, razvoj e-usluga i odr\u017eivi urbani razvoj<\/a><\/li>\r\n<li><a href=\"https:\/\/razvoj.gov.hr\/pristup-informacijama\/javni-pozivi-i-natjecaji\/aktualno\/itu-donesen-program-dodjele-drzavnih-potpora-za-omogucavanje-povoljnog-okruzenja-za-razvoj-poduzetnistva-u-itu-podrucjima\/3847\">14.06.2018. Donesen Program dodjele dr\u017eavnih potpora za omogu\u0107avanje povoljnog okru\u017eenja za razvoj poduzetni\u0161tva u ITU podru\u010djima<\/a><\/li>\r\n<li><a href=\"https:\/\/razvoj.gov.hr\/pristup-informacijama\/javni-pozivi-i-natjecaji\/aktualno\/itu-donesen-program-dodjele-drzavnih-potpora-za-povecanje-ucinkovitosti-centraliziranih-toplinskih-sustava\/3827\">24.05.2018. Donesen Program dodjele dr\u017eavnih potpora za pove\u0107anje u\u010dinkovitosti centraliziranih toplinskih sustava<\/a><\/li>\r\n<li><a href=\"https:\/\/razvoj.gov.hr\/vijesti\/u-splitu-potpisani-ugovori-ukupne-vrijednosti-vise-od-366-milijuna-kuna\/3818\">04.05.2018. U Splitu potpisani ugovori ukupne vrijednosti vi\u0161e od 366 milijuna kuna<\/a><\/li>\r\n<li><a href=\"https:\/\/razvoj.gov.hr\/vijesti\/ministarstvo-regionalnoga-razvoja-i-fondova-europske-unije-najvecim-gradovima-u-hrvatskoj-za-odrzivi-razvoj-osiguralo-303-4-milijuna-eura\/3759\">07.02.2018. Ministarstvo regionalnoga razvoja i fondova europske unije najve\u0107im gradovima u Hrvatskoj za odr\u017eivi razvoj osiguralo 303,4 milijuna eura<\/a><\/li>\r\n<li><a href=\"https:\/\/razvoj.gov.hr\/pristup-informacijama\/javna-nabava\/usluge-potpore-ministarstvu-regionalnoga-razvoja-i-fondova-europske-unije-u-pripremi-provedbe-mehanizma-integriranih-teritorijalnih-ulaganja\/3656\">18.07.2017. Poziv na prethodno savjetovanje o uslugama potpore Ministarstvu u pripremi provedbe mehanizma integriranih teritorijalnih ulaganja<\/a><\/li>\r\n<li><a href=\"https:\/\/razvoj.gov.hr\/vijesti\/prvi-korak-u-procesu-decentralizacije-sustava-upravljanja-fondovima-eu\/3597\">13.04.2017. Prvi korak u procesu decentralizacije sustava upravljanja fondovima EU<\/a><\/li>\r\n<li><a href=\"https:\/\/razvoj.gov.hr\/vijesti\/gospodarski-razvoj-hrvatskih-gradova-kroz-itu-mehanizam\/3471\">25.10.2016. Gospodarski razvoj hrvatskih gradova kroz ITU mehanizam<\/a><\/li>\r\n<li><a href=\"https:\/\/razvoj.gov.hr\/vijesti\/sedam-hrvatskih-itu-gradova-dobilo-i-sluzbenu-odluku-razvijat-ce-urbana-podrucja-pomocu-345-milijuna-eura-iz-eu-fondova\/3460\">11.10.2016. Sedam hrvatskih ITU gradova dobilo i slu\u017ebenu Odluku &#8211; razvijat \u0107e urbana podru\u010dja pomo\u0107u 345 milijuna eura iz EU fondova<\/a><\/li>\r\n<li><a href=\"https:\/\/razvoj.gov.hr\/vijesti\/iz-eu-fondova-345-milijuna-eura-za-razvoj-sedam-hrvatskih-gradova\/3458\">10.10.2016. Iz EU fondova 345 milijuna eura za razvoj sedam hrvatskih gradova<\/a><\/li>\r\n<li><a href=\"https:\/\/razvoj.gov.hr\/javni-pozivi-i-natjecaji\/arhiva-1897\/javni-poziv-za-neovisne-procjenitelje-prijava-pristiglih-na-poziv-za-odabir-podrucja-za-provedbu-mehanizma-integriranih-teritorijalnih-ulaganja-itu-mehanizam\/3384\">22.07.2016. Javni poziv za neovisne procjenitelje prijava pristiglih na poziv za odabir podru\u010dja za provedbu mehanizma integriranih teritorijalnih ulaganja<\/a><\/li>\r\n<li><a href=\"https:\/\/razvoj.gov.hr\/pristup-informacijama\/javni-pozivi-i-natjecaji\/arhiva-1897\/javni-poziv-za-neovisne-procjenitelje-projektnih-prijava-3370\/3370\">15.06.2016. Javni pozivi za neovisne procjenitelje projektnih prijava<\/a><\/li>\r\n<li><a href=\"https:\/\/razvoj.gov.hr\/vijesti\/objavljen-poziv-za-odabir-podrucja-za-provedbu-itu-mehanizma\/3299\">24.03.2016. Objavljen Poziv za odabir podru\u010dja za provedbu ITU mehanizma<\/a><\/li>\r\n<li><a href=\"https:\/\/razvoj.gov.hr\/vijesti\/ustrojene-i-urbane-aglomeracije-splita-i-osijeka\/3230\">15.12.2015. Ustrojene i urbane aglomeracije Splita i Osijeka<\/a><\/li>\r\n<li><a href=\"https:\/\/razvoj.gov.hr\/o-ministarstvu\/djelokrug-1939\/regionalni-razvoj\/odrzivi-urbani-razvoj\/3163\">29.09.2015. Odr\u017eivi urbani razvoj<\/a><\/li>\r\n<li><a href=\"https:\/\/razvoj.gov.hr\/istaknute-teme\/itu-mehanizam-gradovi-kao-pokretaci-gospodarskog-razvoja\/3019\">28.05.2015. ITU mehanizam-gradovi kao pokreta\u010di gospodarskog razvoja<\/a><\/li>\r\n<li><a href=\"https:\/\/razvoj.gov.hr\/vijesti\/radionice-odrzivi-urbani-razvoj-u-hrvatskoj-u-okviru-kohezijske-politike-europske-unije-2014-2020-u-cetiri-najveca-hrvatska-grada\/872\">19.05.2014. Radionice odr\u017eivi urbani razvoj u Hrvatskoj u okviru Kohezijske politike Europske unije 2014.-2020. u \u010detiri najve\u0107a hrvatska grada<\/a><\/li>\r\n<\/ul>\r\n","protected":false},"excerpt":{"rendered":"<p>03.06.2019. Objavljeno 6 novih ITU Poziva za odr\u017eivi razvoj hrvatskih gradova 28.05.2019. Konferencija Najbolji grad 2019. \u2013 Strategija razvoja pametnih&#8230;<\/p>\n","protected":false},"author":795,"featured_media":0,"parent":0,"menu_order":0,"comment_status":"closed","ping_status":"closed","template":"","meta":{"inline_featured_image":false,"footnotes":""},"class_list":["post-26771","page","type-page","status-publish","hentry"],"yoast_head":"<!-- This site is optimized with the Yoast SEO plugin v26.8 - https:\/\/yoast.com\/product\/yoast-seo-wordpress\/ -->\n<title>Pregled novosti - Europski strukturni i investicijski fondovi % %<\/title>\n<meta name=\"robots\" content=\"index, follow, max-snippet:-1, max-image-preview:large, max-video-preview:-1\" \/>\n<link rel=\"canonical\" href=\"https:\/\/arhiva.strukturnifondovi.hr\/en\/pregled-novosti\/\" \/>\n<meta property=\"og:locale\" content=\"en_US\" \/>\n<meta property=\"og:type\" content=\"article\" \/>\n<meta property=\"og:title\" content=\"Pregled novosti - Europski strukturni i investicijski fondovi % %\" \/>\n<meta property=\"og:description\" content=\"03.06.2019. Objavljeno 6 novih ITU Poziva za odr\u017eivi razvoj hrvatskih gradova 28.05.2019. Konferencija Najbolji grad 2019. \u2013 Strategija razvoja pametnih...\" \/>\n<meta property=\"og:url\" content=\"https:\/\/arhiva.strukturnifondovi.hr\/en\/pregled-novosti\/\" \/>\n<meta property=\"og:site_name\" content=\"Europski strukturni i investicijski fondovi\" \/>\n<meta property=\"article:modified_time\" content=\"2021-09-08T12:40:55+00:00\" \/>\n<meta name=\"twitter:card\" content=\"summary_large_image\" \/>\n<meta name=\"twitter:label1\" content=\"Est. reading time\" \/>\n\t<meta name=\"twitter:data1\" content=\"2 minutes\" \/>\n<script type=\"application\/ld+json\" class=\"yoast-schema-graph\">{\"@context\":\"https:\/\/schema.org\",\"@graph\":[{\"@type\":\"WebPage\",\"@id\":\"https:\/\/arhiva.strukturnifondovi.hr\/en\/pregled-novosti\/\",\"url\":\"https:\/\/arhiva.strukturnifondovi.hr\/en\/pregled-novosti\/\",\"name\":\"Pregled novosti - Europski strukturni i investicijski fondovi % %\",\"isPartOf\":{\"@id\":\"https:\/\/arhiva.strukturnifondovi.hr\/#website\"},\"datePublished\":\"2019-02-27T14:20:18+00:00\",\"dateModified\":\"2021-09-08T12:40:55+00:00\",\"breadcrumb\":{\"@id\":\"https:\/\/arhiva.strukturnifondovi.hr\/en\/pregled-novosti\/#breadcrumb\"},\"inLanguage\":\"en-US\",\"potentialAction\":[{\"@type\":\"ReadAction\",\"target\":[\"https:\/\/arhiva.strukturnifondovi.hr\/en\/pregled-novosti\/\"]}]},{\"@type\":\"BreadcrumbList\",\"@id\":\"https:\/\/arhiva.strukturnifondovi.hr\/en\/pregled-novosti\/#breadcrumb\",\"itemListElement\":[{\"@type\":\"ListItem\",\"position\":1,\"name\":\"Home\",\"item\":\"https:\/\/arhiva.strukturnifondovi.hr\/en\/\"},{\"@type\":\"ListItem\",\"position\":2,\"name\":\"Pregled novosti\"}]},{\"@type\":\"WebSite\",\"@id\":\"https:\/\/arhiva.strukturnifondovi.hr\/#website\",\"url\":\"https:\/\/arhiva.strukturnifondovi.hr\/\",\"name\":\"Europski strukturni i investicijski fondovi\",\"description\":\"Europski strukturni i investicijski fondovi\",\"publisher\":{\"@id\":\"https:\/\/arhiva.strukturnifondovi.hr\/#organization\"},\"potentialAction\":[{\"@type\":\"SearchAction\",\"target\":{\"@type\":\"EntryPoint\",\"urlTemplate\":\"https:\/\/arhiva.strukturnifondovi.hr\/?s={search_term_string}\"},\"query-input\":{\"@type\":\"PropertyValueSpecification\",\"valueRequired\":true,\"valueName\":\"search_term_string\"}}],\"inLanguage\":\"en-US\"},{\"@type\":\"Organization\",\"@id\":\"https:\/\/arhiva.strukturnifondovi.hr\/#organization\",\"name\":\"Ministarstvo regionalnoga razvoja i fondova Europske unije\",\"url\":\"https:\/\/arhiva.strukturnifondovi.hr\/\",\"logo\":{\"@type\":\"ImageObject\",\"inLanguage\":\"en-US\",\"@id\":\"https:\/\/arhiva.strukturnifondovi.hr\/#\/schema\/logo\/image\/\",\"url\":\"https:\/\/arhiva.strukturnifondovi.hr\/wp-content\/uploads\/2022\/03\/ESI-logotip_boja_bez-pozadine_manji.png\",\"contentUrl\":\"https:\/\/arhiva.strukturnifondovi.hr\/wp-content\/uploads\/2022\/03\/ESI-logotip_boja_bez-pozadine_manji.png\",\"width\":1256,\"height\":413,\"caption\":\"Ministarstvo regionalnoga razvoja i fondova Europske unije\"},\"image\":{\"@id\":\"https:\/\/arhiva.strukturnifondovi.hr\/#\/schema\/logo\/image\/\"}}]}<\/script>\n<!-- \/ Yoast SEO plugin. -->","yoast_head_json":{"title":"Pregled novosti - Europski strukturni i investicijski fondovi % %","robots":{"index":"index","follow":"follow","max-snippet":"max-snippet:-1","max-image-preview":"max-image-preview:large","max-video-preview":"max-video-preview:-1"},"canonical":"https:\/\/arhiva.strukturnifondovi.hr\/en\/pregled-novosti\/","og_locale":"en_US","og_type":"article","og_title":"Pregled novosti - Europski strukturni i investicijski fondovi % %","og_description":"03.06.2019. Objavljeno 6 novih ITU Poziva za odr\u017eivi razvoj hrvatskih gradova 28.05.2019. Konferencija Najbolji grad 2019. \u2013 Strategija razvoja pametnih...","og_url":"https:\/\/arhiva.strukturnifondovi.hr\/en\/pregled-novosti\/","og_site_name":"Europski strukturni i investicijski fondovi","article_modified_time":"2021-09-08T12:40:55+00:00","twitter_card":"summary_large_image","twitter_misc":{"Est. reading time":"2 minutes"},"schema":{"@context":"https:\/\/schema.org","@graph":[{"@type":"WebPage","@id":"https:\/\/arhiva.strukturnifondovi.hr\/en\/pregled-novosti\/","url":"https:\/\/arhiva.strukturnifondovi.hr\/en\/pregled-novosti\/","name":"Pregled novosti - Europski strukturni i investicijski fondovi % %","isPartOf":{"@id":"https:\/\/arhiva.strukturnifondovi.hr\/#website"},"datePublished":"2019-02-27T14:20:18+00:00","dateModified":"2021-09-08T12:40:55+00:00","breadcrumb":{"@id":"https:\/\/arhiva.strukturnifondovi.hr\/en\/pregled-novosti\/#breadcrumb"},"inLanguage":"en-US","potentialAction":[{"@type":"ReadAction","target":["https:\/\/arhiva.strukturnifondovi.hr\/en\/pregled-novosti\/"]}]},{"@type":"BreadcrumbList","@id":"https:\/\/arhiva.strukturnifondovi.hr\/en\/pregled-novosti\/#breadcrumb","itemListElement":[{"@type":"ListItem","position":1,"name":"Home","item":"https:\/\/arhiva.strukturnifondovi.hr\/en\/"},{"@type":"ListItem","position":2,"name":"Pregled novosti"}]},{"@type":"WebSite","@id":"https:\/\/arhiva.strukturnifondovi.hr\/#website","url":"https:\/\/arhiva.strukturnifondovi.hr\/","name":"Europski strukturni i investicijski fondovi","description":"Europski strukturni i investicijski fondovi","publisher":{"@id":"https:\/\/arhiva.strukturnifondovi.hr\/#organization"},"potentialAction":[{"@type":"SearchAction","target":{"@type":"EntryPoint","urlTemplate":"https:\/\/arhiva.strukturnifondovi.hr\/?s={search_term_string}"},"query-input":{"@type":"PropertyValueSpecification","valueRequired":true,"valueName":"search_term_string"}}],"inLanguage":"en-US"},{"@type":"Organization","@id":"https:\/\/arhiva.strukturnifondovi.hr\/#organization","name":"Ministarstvo regionalnoga razvoja i fondova Europske unije","url":"https:\/\/arhiva.strukturnifondovi.hr\/","logo":{"@type":"ImageObject","inLanguage":"en-US","@id":"https:\/\/arhiva.strukturnifondovi.hr\/#\/schema\/logo\/image\/","url":"https:\/\/arhiva.strukturnifondovi.hr\/wp-content\/uploads\/2022\/03\/ESI-logotip_boja_bez-pozadine_manji.png","contentUrl":"https:\/\/arhiva.strukturnifondovi.hr\/wp-content\/uploads\/2022\/03\/ESI-logotip_boja_bez-pozadine_manji.png","width":1256,"height":413,"caption":"Ministarstvo regionalnoga razvoja i fondova Europske unije"},"image":{"@id":"https:\/\/arhiva.strukturnifondovi.hr\/#\/schema\/logo\/image\/"}}]}},"_links":{"self":[{"href":"https:\/\/arhiva.strukturnifondovi.hr\/en\/wp-json\/wp\/v2\/pages\/26771","targetHints":{"allow":["GET"]}}],"collection":[{"href":"https:\/\/arhiva.strukturnifondovi.hr\/en\/wp-json\/wp\/v2\/pages"}],"about":[{"href":"https:\/\/arhiva.strukturnifondovi.hr\/en\/wp-json\/wp\/v2\/types\/page"}],"author":[{"embeddable":true,"href":"https:\/\/arhiva.strukturnifondovi.hr\/en\/wp-json\/wp\/v2\/users\/795"}],"replies":[{"embeddable":true,"href":"https:\/\/arhiva.strukturnifondovi.hr\/en\/wp-json\/wp\/v2\/comments?post=26771"}],"version-history":[{"count":48,"href":"https:\/\/arhiva.strukturnifondovi.hr\/en\/wp-json\/wp\/v2\/pages\/26771\/revisions"}],"predecessor-version":[{"id":83269,"href":"https:\/\/arhiva.strukturnifondovi.hr\/en\/wp-json\/wp\/v2\/pages\/26771\/revisions\/83269"}],"wp:attachment":[{"href":"https:\/\/arhiva.strukturnifondovi.hr\/en\/wp-json\/wp\/v2\/media?parent=26771"}],"curies":[{"name":"wp","href":"https:\/\/api.w.org\/{rel}","templated":true}]}}