{"id":26779,"date":"2019-02-28T15:17:28","date_gmt":"2019-02-28T14:17:28","guid":{"rendered":"https:\/\/arhiva.strukturnifondovi.hr\/?page_id=26779"},"modified":"2021-09-08T14:45:25","modified_gmt":"2021-09-08T12:45:25","slug":"pregled-natjecaja","status":"publish","type":"page","link":"https:\/\/arhiva.strukturnifondovi.hr\/en\/pregled-natjecaja\/","title":{"rendered":"Pregled natje\u010daja"},"content":{"rendered":"\r\n<p>Otvoreni natje\u010daji:<\/p>\r\n\r\n\r\n\r\n<ul class=\"wp-block-list\">\r\n<li>Urbano podru\u010dje Zadar: <a href=\"https:\/\/efondovi.mrrfeu.hr\/MISCms\/Pozivi\/Poziv?id=c786456b-246a-4a30-ae8c-1a0fe14ef4b4\">ITU \u2013 Implementacija pametnih prometnih rje\u0161enja upotrebom novih tehnologija te IKT &#8211; Zadar Urban Mobility 4.0 (ZUM 4.0)<\/a> \u2013 otvoren do 30.6.2019.<\/li>\r\n<li>Urbana aglomeracija Split: <a href=\"https:\/\/efondovi.mrrfeu.hr\/MISCms\/Pozivi\/Poziv?id=10ec5a25-28ed-4cc0-b592-132e0c9027d6\">ITU \u2013 Otvorene ljetne pozornice Urbane aglomeracije Split<\/a> \u2013 otvoren do 12.7.2019.<\/li>\r\n<li>Urbana aglomeracija Zagreb: <a href=\"https:\/\/efondovi.mrrfeu.hr\/MISCms\/Pozivi\/Poziv?id=20b51c34-ab6c-4d09-a99a-0e6f5cb35419\">ITU \u2013 \u00a0Pilot projekt Greenway &#8211; dr\u017eavna biciklisti\u010dka ruta br. 2<\/a> \u2013 otvoren do 30.6.2019.<\/li>\r\n<li>Urbano podru\u010dje Slavonski Brod: <a href=\"https:\/\/efondovi.mrrfeu.hr\/MISCms\/Pozivi\/Poziv?id=b4b924bf-44ae-4fd8-a8b6-04ba0486bd50\">ITU \u2013 \u00a0Programi edukacija za mala i srednja poduze\u0107a (MSP)<\/a> \u2013 otvoren do 31.8.2019.<\/li>\r\n<li>Urbana aglomeracija Split: <a href=\"https:\/\/efondovi.mrrfeu.hr\/MISCms\/Pozivi\/Poziv?id=b0d20823-c5f4-4c09-9418-36d0701c82a6\">ITU &#8211; Regionalni trasnfuzijski centar KBC Split<\/a> \u2013 otvoren do 21.06.2019<\/li>\r\n<li>Urbana aglomeracija Rijeka: <a href=\"https:\/\/efondovi.mrrfeu.hr\/MISCms\/Pozivi\/Poziv?id=48fa2dac-1c92-4075-b40a-52f039995114\">ITU &#8211; Sustav poduzetni\u010dkih zona<\/a> \u2013 otvoren do 09.08.2019<\/li>\r\n<li>Urbana aglomeracija Split: <a href=\"https:\/\/efondovi.mrrfeu.hr\/MISCms\/Pozivi\/Poziv?id=fe41e6aa-45a6-4b1e-a0f3-58d8edf3c2ff\">ITU &#8211; Razvoj Poduzetni\u010dkih potpornih institucija Urbane aglomeracije Split<\/a> \u2013 otvoren do 28.06.2019.<\/li>\r\n<li>Urbana aglomeracija Rijeka: <a href=\"https:\/\/efondovi.mrrfeu.hr\/MISCms\/Pozivi\/Poziv?id=fcf626d0-752e-40b2-82ab-2f23facd2357\">Sustav start-up inkubatora na podru\u010dju Urbane aglomeracije Rijeka<\/a> \u2013 otvoren do 18.06.2019.<\/li>\r\n<li>Urbana aglomeracija Osijek: <a href=\"https:\/\/efondovi.mrrfeu.hr\/MISCms\/Pozivi\/Poziv?id=6db5d877-3ea5-4052-9c50-434c5b027fc2\">Biciklisti\u010dke staze urbane aglomeracije Osijek<\/a> &#8211; otvoren do 28.06.2019.<\/li>\r\n<li>Urbana aglomeracija Osijek: <a href=\"https:\/\/efondovi.mrrfeu.hr\/MISCms\/Pozivi\/Poziv?id=16cad6bd-5634-4cfc-b01b-a2a92ffa66ca\">Revitalizacija kulturne ba\u0161tine urbane aglomeracije Osijek<\/a> \u2013 otvoren do 31.07.2019.<\/li>\r\n<\/ul>\r\n\r\n\r\n\r\n<p>Zatvoreni natje\u010daji:<\/p>\r\n\r\n\r\n\r\n<ul class=\"wp-block-list\">\r\n<li>Urbano podru\u010dje Slavonski Brod:\u00a0<a href=\"https:\/\/efondovi.mrrfeu.hr\/MISCms\/Pozivi\/Poziv?id=fc355ae9-a3d3-49d6-9adf-0bb5e7d3c4f0\">Inovacijski inkubator InnoBROD<\/a>\u00a0<\/li>\r\n<li>Urbano podru\u010dje Pula: <a href=\"https:\/\/efondovi.mrrfeu.hr\/MISCms\/Pozivi\/Poziv?id=da48742d-a1e7-4d46-8f22-387c6a720ee1\">Revitalizacija kulturne ba\u0161tine u urbanom podru\u010dju Pula<\/a><\/li>\r\n<li>Urbano podru\u010dje Slavonski Brod: <a href=\"https:\/\/efondovi.mrrfeu.hr\/MISCms\/Pozivi\/Poziv?id=f285dc64-7013-4b1c-81f6-100c67868ce9\">ITU &#8211; Toplovodi za naselja Slavonija I i Slavonija II &#8211; projekt zamjene dotrajalih toplovoda<\/a><\/li>\r\n<li>Urbana aglomeracija Osijek:\u00a0<a href=\"https:\/\/efondovi.mrrfeu.hr\/MISCms\/Pozivi\/Poziv?id=ed936815-e5bd-45a8-afd9-557273016432\">E-mobilnost<\/a><\/li>\r\n<li>Urbana aglomeracija Rijeka:\u00a0<a href=\"https:\/\/efondovi.mrrfeu.hr\/MISCms\/Pozivi\/Poziv?id=77c36f7a-57a1-4ce0-8bbb-5c692c8c99d1\">Ja\u010danje sustava javnog prijevoza<\/a><\/li>\r\n<li>Urbano podru\u010dje Slavonski Brod: <a href=\"https:\/\/efondovi.mrrfeu.hr\/MISCms\/Pozivi\/Poziv?id=4a565d58-d6d0-4dd8-afa2-b82a254bd943\">Komunalna infrastruktura u Tvr\u0111avi Brod<\/a><\/li>\r\n<li>Urbano podru\u010dje Slavonski Brod: <a href=\"https:\/\/efondovi.mrrfeu.hr\/MISCms\/Pozivi\/Poziv?id=efc18be2-5883-4db6-a695-dda6c9d1751a\">Integrirani program\u00a0 &#8211; Interpretacijski centar Ivana Brli\u0107 Ma\u017eurani\u0107<\/a><\/li>\r\n<li>Urbana aglomeracija Zagreb: <a href=\"https:\/\/efondovi.mrrfeu.hr\/MISCms\/Pozivi\/Poziv?id=be6448f0-372c-42e1-8f5c-b96a5b67e62c\">Revitalizacija brownfield lokacija<\/a><\/li>\r\n<li>Urbana aglomeracija Split: <a href=\"https:\/\/efondovi.mrrfeu.hr\/MISCms\/Pozivi\/Poziv?id=a48e54da-979c-495f-b089-a059c4b49b72\">Implementacija sustava e-ticketing u Promet d.o.o. Split putem ITU mehanizma<\/a><\/li>\r\n<li>Urbana aglomeracija Split: <a href=\"https:\/\/efondovi.mrrfeu.hr\/MISCms\/Pozivi\/Poziv?id=9b3c3407-0d61-4da2-b1d9-7209144919ef\">Sustav biciklisti\u010dkih staza Urbane aglomeracije Split<\/a><\/li>\r\n<li>Urbana aglomeracija Split: <a href=\"https:\/\/efondovi.mrrfeu.hr\/MISCms\/Pozivi\/Poziv?id=fb617f2d-e7a3-4754-b9fc-76d29fdd29d4\">Nabava autobusa za Promet d.o.o. Split iz ITU mehanizma<\/a><\/li>\r\n<li>Urbana aglomeracija Osijek: <a href=\"https:\/\/efondovi.mrrfeu.hr\/MISCms\/Pozivi\/Poziv?id=e069337c-d472-4bf9-adb4-a299b03c212a\">Razvoj i unaprje\u0111enje osje\u010dke Tvr\u0111e<\/a><\/li>\r\n<li>Urbano podru\u010dje Slavonski Brod: <a href=\"https:\/\/efondovi.mrrfeu.hr\/MISCms\/Pozivi\/Poziv?id=1e9f9d81-98e5-4c3a-890e-453cd017b928\">Plan odr\u017eive urbane mobilnosti Urbanog podru\u010dja Slavonski Brod<\/a><\/li>\r\n<li>Urbano podru\u010dje Slavonski Brod: <a href=\"https:\/\/efondovi.mrrfeu.hr\/MISCms\/Pozivi\/Poziv?id=17e8e158-a5b6-4cb4-a823-3cffff4bf30b\">Ku\u0107a Tambure &#8211; Slavonska notna bajka &#8211; infrastrukturni radovi<\/a><\/li>\r\n<li>Urbano podru\u010dje Pula: <a href=\"https:\/\/efondovi.mrrfeu.hr\/MISCms\/Pozivi\/Poziv?id=c5da789c-ca8a-40c0-a196-b3f253a9a062\">Nabava SPP autobusa i izgradnja SPP punionice<\/a><\/li>\r\n<li>Urbana aglomeracija Rijeka: <a href=\"https:\/\/efondovi.mrrfeu.hr\/MISCms\/Pozivi\/Poziv?id=d0718d92-be4d-433a-94a8-57f8c334ec33\">Revitalizacija kompleksa Ben\u010di\u0107 &#8211; Cigleni i T-objekt<\/a><\/li>\r\n<li>Urbano podru\u010dje Zadar: <a href=\"https:\/\/efondovi.mrrfeu.hr\/MISCms\/Pozivi\/Poziv?id=8e4ecbfe-bcaa-4ba0-bf41-08a3c0e715be\">Centar za mlade i novo urbanisti\u010dko rje\u0161enje za prostor oko Centra<\/a><\/li>\r\n<\/ul>\r\n","protected":false},"excerpt":{"rendered":"<p>Otvoreni natje\u010daji: Urbano podru\u010dje Zadar: ITU \u2013 Implementacija pametnih prometnih rje\u0161enja upotrebom novih tehnologija te IKT &#8211; Zadar Urban Mobility&#8230;<\/p>\n","protected":false},"author":795,"featured_media":0,"parent":0,"menu_order":0,"comment_status":"closed","ping_status":"closed","template":"","meta":{"inline_featured_image":false,"footnotes":""},"class_list":["post-26779","page","type-page","status-publish","hentry"],"yoast_head":"<!-- This site is optimized with the Yoast SEO plugin v26.8 - https:\/\/yoast.com\/product\/yoast-seo-wordpress\/ -->\n<title>Pregled natje\u010daja - Europski strukturni i investicijski fondovi % %<\/title>\n<meta name=\"robots\" content=\"index, follow, max-snippet:-1, max-image-preview:large, max-video-preview:-1\" \/>\n<link rel=\"canonical\" href=\"https:\/\/arhiva.strukturnifondovi.hr\/pregled-natjecaja\/\" \/>\n<meta property=\"og:locale\" content=\"en_US\" \/>\n<meta property=\"og:type\" content=\"article\" \/>\n<meta property=\"og:title\" content=\"Pregled natje\u010daja - Europski strukturni i investicijski fondovi % %\" \/>\n<meta property=\"og:description\" content=\"Otvoreni natje\u010daji: Urbano podru\u010dje Zadar: ITU \u2013 Implementacija pametnih prometnih rje\u0161enja upotrebom novih tehnologija te IKT &#8211; Zadar Urban Mobility...\" \/>\n<meta property=\"og:url\" content=\"https:\/\/arhiva.strukturnifondovi.hr\/pregled-natjecaja\/\" \/>\n<meta property=\"og:site_name\" content=\"Europski strukturni i investicijski fondovi\" \/>\n<meta property=\"article:modified_time\" content=\"2021-09-08T12:45:25+00:00\" \/>\n<meta name=\"twitter:card\" content=\"summary_large_image\" \/>\n<meta name=\"twitter:label1\" content=\"Est. reading time\" \/>\n\t<meta name=\"twitter:data1\" content=\"2 minutes\" \/>\n<script type=\"application\/ld+json\" class=\"yoast-schema-graph\">{\"@context\":\"https:\/\/schema.org\",\"@graph\":[{\"@type\":\"WebPage\",\"@id\":\"https:\/\/arhiva.strukturnifondovi.hr\/pregled-natjecaja\/\",\"url\":\"https:\/\/arhiva.strukturnifondovi.hr\/pregled-natjecaja\/\",\"name\":\"Pregled natje\u010daja - Europski strukturni i investicijski fondovi % %\",\"isPartOf\":{\"@id\":\"https:\/\/arhiva.strukturnifondovi.hr\/#website\"},\"datePublished\":\"2019-02-28T14:17:28+00:00\",\"dateModified\":\"2021-09-08T12:45:25+00:00\",\"breadcrumb\":{\"@id\":\"https:\/\/arhiva.strukturnifondovi.hr\/pregled-natjecaja\/#breadcrumb\"},\"inLanguage\":\"en-US\",\"potentialAction\":[{\"@type\":\"ReadAction\",\"target\":[\"https:\/\/arhiva.strukturnifondovi.hr\/pregled-natjecaja\/\"]}]},{\"@type\":\"BreadcrumbList\",\"@id\":\"https:\/\/arhiva.strukturnifondovi.hr\/pregled-natjecaja\/#breadcrumb\",\"itemListElement\":[{\"@type\":\"ListItem\",\"position\":1,\"name\":\"Home\",\"item\":\"https:\/\/arhiva.strukturnifondovi.hr\/en\/\"},{\"@type\":\"ListItem\",\"position\":2,\"name\":\"Pregled natje\u010daja\"}]},{\"@type\":\"WebSite\",\"@id\":\"https:\/\/arhiva.strukturnifondovi.hr\/#website\",\"url\":\"https:\/\/arhiva.strukturnifondovi.hr\/\",\"name\":\"Europski strukturni i investicijski fondovi\",\"description\":\"Europski strukturni i investicijski fondovi\",\"publisher\":{\"@id\":\"https:\/\/arhiva.strukturnifondovi.hr\/#organization\"},\"potentialAction\":[{\"@type\":\"SearchAction\",\"target\":{\"@type\":\"EntryPoint\",\"urlTemplate\":\"https:\/\/arhiva.strukturnifondovi.hr\/?s={search_term_string}\"},\"query-input\":{\"@type\":\"PropertyValueSpecification\",\"valueRequired\":true,\"valueName\":\"search_term_string\"}}],\"inLanguage\":\"en-US\"},{\"@type\":\"Organization\",\"@id\":\"https:\/\/arhiva.strukturnifondovi.hr\/#organization\",\"name\":\"Ministarstvo regionalnoga razvoja i fondova Europske unije\",\"url\":\"https:\/\/arhiva.strukturnifondovi.hr\/\",\"logo\":{\"@type\":\"ImageObject\",\"inLanguage\":\"en-US\",\"@id\":\"https:\/\/arhiva.strukturnifondovi.hr\/#\/schema\/logo\/image\/\",\"url\":\"https:\/\/arhiva.strukturnifondovi.hr\/wp-content\/uploads\/2022\/03\/ESI-logotip_boja_bez-pozadine_manji.png\",\"contentUrl\":\"https:\/\/arhiva.strukturnifondovi.hr\/wp-content\/uploads\/2022\/03\/ESI-logotip_boja_bez-pozadine_manji.png\",\"width\":1256,\"height\":413,\"caption\":\"Ministarstvo regionalnoga razvoja i fondova Europske unije\"},\"image\":{\"@id\":\"https:\/\/arhiva.strukturnifondovi.hr\/#\/schema\/logo\/image\/\"}}]}<\/script>\n<!-- \/ Yoast SEO plugin. -->","yoast_head_json":{"title":"Pregled natje\u010daja - Europski strukturni i investicijski fondovi % %","robots":{"index":"index","follow":"follow","max-snippet":"max-snippet:-1","max-image-preview":"max-image-preview:large","max-video-preview":"max-video-preview:-1"},"canonical":"https:\/\/arhiva.strukturnifondovi.hr\/pregled-natjecaja\/","og_locale":"en_US","og_type":"article","og_title":"Pregled natje\u010daja - Europski strukturni i investicijski fondovi % %","og_description":"Otvoreni natje\u010daji: Urbano podru\u010dje Zadar: ITU \u2013 Implementacija pametnih prometnih rje\u0161enja upotrebom novih tehnologija te IKT &#8211; Zadar Urban Mobility...","og_url":"https:\/\/arhiva.strukturnifondovi.hr\/pregled-natjecaja\/","og_site_name":"Europski strukturni i investicijski fondovi","article_modified_time":"2021-09-08T12:45:25+00:00","twitter_card":"summary_large_image","twitter_misc":{"Est. reading time":"2 minutes"},"schema":{"@context":"https:\/\/schema.org","@graph":[{"@type":"WebPage","@id":"https:\/\/arhiva.strukturnifondovi.hr\/pregled-natjecaja\/","url":"https:\/\/arhiva.strukturnifondovi.hr\/pregled-natjecaja\/","name":"Pregled natje\u010daja - Europski strukturni i investicijski fondovi % %","isPartOf":{"@id":"https:\/\/arhiva.strukturnifondovi.hr\/#website"},"datePublished":"2019-02-28T14:17:28+00:00","dateModified":"2021-09-08T12:45:25+00:00","breadcrumb":{"@id":"https:\/\/arhiva.strukturnifondovi.hr\/pregled-natjecaja\/#breadcrumb"},"inLanguage":"en-US","potentialAction":[{"@type":"ReadAction","target":["https:\/\/arhiva.strukturnifondovi.hr\/pregled-natjecaja\/"]}]},{"@type":"BreadcrumbList","@id":"https:\/\/arhiva.strukturnifondovi.hr\/pregled-natjecaja\/#breadcrumb","itemListElement":[{"@type":"ListItem","position":1,"name":"Home","item":"https:\/\/arhiva.strukturnifondovi.hr\/en\/"},{"@type":"ListItem","position":2,"name":"Pregled natje\u010daja"}]},{"@type":"WebSite","@id":"https:\/\/arhiva.strukturnifondovi.hr\/#website","url":"https:\/\/arhiva.strukturnifondovi.hr\/","name":"Europski strukturni i investicijski fondovi","description":"Europski strukturni i investicijski fondovi","publisher":{"@id":"https:\/\/arhiva.strukturnifondovi.hr\/#organization"},"potentialAction":[{"@type":"SearchAction","target":{"@type":"EntryPoint","urlTemplate":"https:\/\/arhiva.strukturnifondovi.hr\/?s={search_term_string}"},"query-input":{"@type":"PropertyValueSpecification","valueRequired":true,"valueName":"search_term_string"}}],"inLanguage":"en-US"},{"@type":"Organization","@id":"https:\/\/arhiva.strukturnifondovi.hr\/#organization","name":"Ministarstvo regionalnoga razvoja i fondova Europske unije","url":"https:\/\/arhiva.strukturnifondovi.hr\/","logo":{"@type":"ImageObject","inLanguage":"en-US","@id":"https:\/\/arhiva.strukturnifondovi.hr\/#\/schema\/logo\/image\/","url":"https:\/\/arhiva.strukturnifondovi.hr\/wp-content\/uploads\/2022\/03\/ESI-logotip_boja_bez-pozadine_manji.png","contentUrl":"https:\/\/arhiva.strukturnifondovi.hr\/wp-content\/uploads\/2022\/03\/ESI-logotip_boja_bez-pozadine_manji.png","width":1256,"height":413,"caption":"Ministarstvo regionalnoga razvoja i fondova Europske unije"},"image":{"@id":"https:\/\/arhiva.strukturnifondovi.hr\/#\/schema\/logo\/image\/"}}]}},"_links":{"self":[{"href":"https:\/\/arhiva.strukturnifondovi.hr\/en\/wp-json\/wp\/v2\/pages\/26779","targetHints":{"allow":["GET"]}}],"collection":[{"href":"https:\/\/arhiva.strukturnifondovi.hr\/en\/wp-json\/wp\/v2\/pages"}],"about":[{"href":"https:\/\/arhiva.strukturnifondovi.hr\/en\/wp-json\/wp\/v2\/types\/page"}],"author":[{"embeddable":true,"href":"https:\/\/arhiva.strukturnifondovi.hr\/en\/wp-json\/wp\/v2\/users\/795"}],"replies":[{"embeddable":true,"href":"https:\/\/arhiva.strukturnifondovi.hr\/en\/wp-json\/wp\/v2\/comments?post=26779"}],"version-history":[{"count":53,"href":"https:\/\/arhiva.strukturnifondovi.hr\/en\/wp-json\/wp\/v2\/pages\/26779\/revisions"}],"predecessor-version":[{"id":83273,"href":"https:\/\/arhiva.strukturnifondovi.hr\/en\/wp-json\/wp\/v2\/pages\/26779\/revisions\/83273"}],"wp:attachment":[{"href":"https:\/\/arhiva.strukturnifondovi.hr\/en\/wp-json\/wp\/v2\/media?parent=26779"}],"curies":[{"name":"wp","href":"https:\/\/api.w.org\/{rel}","templated":true}]}}