{"id":26786,"date":"2019-02-28T15:19:41","date_gmt":"2019-02-28T14:19:41","guid":{"rendered":"https:\/\/arhiva.strukturnifondovi.hr\/?page_id=26786"},"modified":"2019-02-28T15:19:48","modified_gmt":"2019-02-28T14:19:48","slug":"dokumenti-2","status":"publish","type":"page","link":"https:\/\/arhiva.strukturnifondovi.hr\/en\/dokumenti-2\/","title":{"rendered":"Dokumenti"},"content":{"rendered":"\n<ul class=\"wp-block-list\"><li><a rel=\"noreferrer noopener\" href=\"https:\/\/razvoj.gov.hr\/UserDocsImages\/Istaknute%20teme\/Gradovi%20kao%20pokreta%C4%8Di%20gospodarskog%20razvoja\/Odluka%20o%20odabiru%20podru%C4%8Dja%20za%20provedbu%20mehanizma%20integriranih%20teritorijalnih%20ulaganja..pdf\" target=\"_blank\">Odluka o odabiru podru\u010dja za provedbu mehanizma      integriranih teritorijalnih ulaganja.pdf<\/a><\/li><li>Finalni obuhvat urbanih podru\u010dja:<ul><li><a rel=\"noreferrer noopener\" href=\"https:\/\/razvoj.gov.hr\/UserDocsImages\/Istaknute%20teme\/Gradovi%20kao%20pokreta%C4%8Di%20gospodarskog%20razvoja\/UA%20Osijek%20-%20Finalni%20obuhvat.bmp\" target=\"_blank\">UA Osijek &#8211; Finalni obuhvat.bmp<\/a>(2611kb)<\/li><li><a rel=\"noreferrer noopener\" href=\"https:\/\/razvoj.gov.hr\/UserDocsImages\/Istaknute%20teme\/Gradovi%20kao%20pokreta%C4%8Di%20gospodarskog%20razvoja\/UA%20Rijeka%20-%20Finalni%20obuhvat.bmp\" target=\"_blank\">UA Rijeka &#8211; Finalni obuhvat.bmp<\/a>(2614kb)<\/li><li><a rel=\"noreferrer noopener\" href=\"https:\/\/razvoj.gov.hr\/UserDocsImages\/Istaknute%20teme\/Gradovi%20kao%20pokreta%C4%8Di%20gospodarskog%20razvoja\/UA%20Split%20-%20Finalni%20obuhvat.bmp\" target=\"_blank\">UA Split &#8211; Finalni obuhvat.bmp<\/a>(2614kb)<\/li><li><a rel=\"noreferrer noopener\" href=\"https:\/\/razvoj.gov.hr\/UserDocsImages\/Istaknute%20teme\/Gradovi%20kao%20pokreta%C4%8Di%20gospodarskog%20razvoja\/UA%20Zagreb%20-%20finalni%20obuhvat.bmp\" target=\"_blank\">UA Zagreb &#8211; Finalni obuhvat.bmp<\/a>(2614kb)<\/li><li><a rel=\"noreferrer noopener\" href=\"https:\/\/razvoj.gov.hr\/UserDocsImages\/Istaknute%20teme\/Gradovi%20kao%20pokreta%C4%8Di%20gospodarskog%20razvoja\/UP%20Pula%20-%20finalni%20obuhvat.bmp\" target=\"_blank\">UP Pula &#8211; Finalni obuhvat.bmp<\/a>&nbsp;(2614kb)<\/li><li><a rel=\"noreferrer noopener\" href=\"https:\/\/razvoj.gov.hr\/UserDocsImages\/Istaknute%20teme\/Gradovi%20kao%20pokreta%C4%8Di%20gospodarskog%20razvoja\/UP%20Slavonski%20Brod%20-%20Finalni%20obuhvat.bmp\" target=\"_blank\">UP Slavonski Brod &#8211; Finalni obuhvat.bmp<\/a>&nbsp;(2614kb)<\/li><li><a rel=\"noreferrer noopener\" href=\"https:\/\/razvoj.gov.hr\/UserDocsImages\/Istaknute%20teme\/Gradovi%20kao%20pokreta%C4%8Di%20gospodarskog%20razvoja\/UP%20Zadar%20-%20Finalni%20obuhvat.bmp\" target=\"_blank\">UP Zadar &#8211; Finalni obuhvat.bmp<\/a>(2614kb)<\/li><\/ul><\/li><\/ul>\n\n\n\n<ul class=\"wp-block-list\"><li>Programi potpora:<ul><li><a rel=\"noreferrer noopener\" href=\"https:\/\/razvoj.gov.hr\/UserDocsImages\/O%20ministarstvu\/Pristup%20informacijama\/Javni%20pozivi%20i%20natje\u010daji\/Program%20dodjele%20potpora%20male%20vrijednosti%20(de%20minimis%20potpora)%20za%20omogu\u0107avanje%20povoljnog%20okru\u017eenja%20za%20razvoj%20poduzetni\u0161tva%20u%20ITU%20podru\u010djima.pdf\" target=\"_blank\">Program dodjele potpora male vrijednosti (de minimis potpora) za omogu\u0107avanje povoljnog okru\u017eenja za razvoj poduzetni\u0161tva u ITU podru\u010djima.pdf<\/a>       <\/li><li><a rel=\"noreferrer noopener\" href=\"https:\/\/razvoj.gov.hr\/UserDocsImages\/O%20ministarstvu\/Pristup%20informacijama\/Javni%20pozivi%20i%20natje\u010daji\/Program%20dodjele%20dr\u017eavnih%20potpora%20za%20omogu\u0107avanje%20povoljnog%20okru\u017eenja%20za%20razvoj%20poduzetni\u0161tva%20u%20ITU%20podru\u010djima_14_6_2018.pdf\" target=\"_blank\">Program dodjele dr\u017eavnih potpora za omogu\u0107avanje povoljnog okru\u017eenja za razvoj  poduzetni\u0161tva u ITU podru\u010djima<\/a> <\/li><li><a rel=\"noreferrer noopener\" href=\"https:\/\/razvoj.gov.hr\/UserDocsImages\/O%20ministarstvu\/Pristup%20informacijama\/Javni%20pozivi%20i%20natje\u010daji\/Program%20dodjele%20dr\u017eavnih%20potpora%20za%20pove\u0107anje%20u\u010dinkovitosti%20centraliziranih%20toplinskih%20sustava_5_2018.pdf\" target=\"_blank\">Program dodjele dr\u017eavnih potpora za pove\u0107anje u\u010dinkovitosti centraliziranih toplinskih sustava<\/a> <\/li><li><a href=\"https:\/\/www.min-kulture.hr\/userdocsimages\/FINANCIRANJE\/Program%20potpora%20za%20odrzivu%20obnovu%20kulturne%20bastine__.pdf\">Program dodjele potpora za odr\u017eivu obnovu kulturne ba\u0161tine<\/a><\/li><\/ul><\/li><\/ul>\n","protected":false},"excerpt":{"rendered":"<p>Odluka o odabiru podru\u010dja za provedbu mehanizma integriranih teritorijalnih ulaganja.pdf Finalni obuhvat urbanih podru\u010dja: UA Osijek &#8211; Finalni obuhvat.bmp(2611kb) UA&#8230;<\/p>\n","protected":false},"author":795,"featured_media":0,"parent":0,"menu_order":0,"comment_status":"closed","ping_status":"closed","template":"","meta":{"inline_featured_image":false,"footnotes":""},"class_list":["post-26786","page","type-page","status-publish","hentry"],"yoast_head":"<!-- This site is optimized with the Yoast SEO plugin v26.8 - https:\/\/yoast.com\/product\/yoast-seo-wordpress\/ -->\n<title>Dokumenti - Europski strukturni i investicijski fondovi % %<\/title>\n<meta name=\"robots\" content=\"index, follow, max-snippet:-1, max-image-preview:large, max-video-preview:-1\" \/>\n<link rel=\"canonical\" href=\"https:\/\/arhiva.strukturnifondovi.hr\/dokumenti-2\/\" \/>\n<meta property=\"og:locale\" content=\"en_US\" \/>\n<meta property=\"og:type\" content=\"article\" \/>\n<meta property=\"og:title\" content=\"Dokumenti - Europski strukturni i investicijski fondovi % %\" \/>\n<meta property=\"og:description\" content=\"Odluka o odabiru podru\u010dja za provedbu mehanizma integriranih teritorijalnih ulaganja.pdf Finalni obuhvat urbanih podru\u010dja: UA Osijek &#8211; Finalni obuhvat.bmp(2611kb) UA...\" \/>\n<meta property=\"og:url\" content=\"https:\/\/arhiva.strukturnifondovi.hr\/dokumenti-2\/\" \/>\n<meta property=\"og:site_name\" content=\"Europski strukturni i investicijski fondovi\" \/>\n<meta property=\"article:modified_time\" content=\"2019-02-28T14:19:48+00:00\" \/>\n<meta name=\"twitter:card\" content=\"summary_large_image\" \/>\n<meta name=\"twitter:label1\" content=\"Est. reading time\" \/>\n\t<meta name=\"twitter:data1\" content=\"1 minute\" \/>\n<script type=\"application\/ld+json\" class=\"yoast-schema-graph\">{\"@context\":\"https:\/\/schema.org\",\"@graph\":[{\"@type\":\"WebPage\",\"@id\":\"https:\/\/arhiva.strukturnifondovi.hr\/dokumenti-2\/\",\"url\":\"https:\/\/arhiva.strukturnifondovi.hr\/dokumenti-2\/\",\"name\":\"Dokumenti - Europski strukturni i investicijski fondovi % %\",\"isPartOf\":{\"@id\":\"https:\/\/arhiva.strukturnifondovi.hr\/#website\"},\"datePublished\":\"2019-02-28T14:19:41+00:00\",\"dateModified\":\"2019-02-28T14:19:48+00:00\",\"breadcrumb\":{\"@id\":\"https:\/\/arhiva.strukturnifondovi.hr\/dokumenti-2\/#breadcrumb\"},\"inLanguage\":\"en-US\",\"potentialAction\":[{\"@type\":\"ReadAction\",\"target\":[\"https:\/\/arhiva.strukturnifondovi.hr\/dokumenti-2\/\"]}]},{\"@type\":\"BreadcrumbList\",\"@id\":\"https:\/\/arhiva.strukturnifondovi.hr\/dokumenti-2\/#breadcrumb\",\"itemListElement\":[{\"@type\":\"ListItem\",\"position\":1,\"name\":\"Home\",\"item\":\"https:\/\/arhiva.strukturnifondovi.hr\/en\/\"},{\"@type\":\"ListItem\",\"position\":2,\"name\":\"Dokumenti\"}]},{\"@type\":\"WebSite\",\"@id\":\"https:\/\/arhiva.strukturnifondovi.hr\/#website\",\"url\":\"https:\/\/arhiva.strukturnifondovi.hr\/\",\"name\":\"Europski strukturni i investicijski fondovi\",\"description\":\"Europski strukturni i investicijski fondovi\",\"publisher\":{\"@id\":\"https:\/\/arhiva.strukturnifondovi.hr\/#organization\"},\"potentialAction\":[{\"@type\":\"SearchAction\",\"target\":{\"@type\":\"EntryPoint\",\"urlTemplate\":\"https:\/\/arhiva.strukturnifondovi.hr\/?s={search_term_string}\"},\"query-input\":{\"@type\":\"PropertyValueSpecification\",\"valueRequired\":true,\"valueName\":\"search_term_string\"}}],\"inLanguage\":\"en-US\"},{\"@type\":\"Organization\",\"@id\":\"https:\/\/arhiva.strukturnifondovi.hr\/#organization\",\"name\":\"Ministarstvo regionalnoga razvoja i fondova Europske unije\",\"url\":\"https:\/\/arhiva.strukturnifondovi.hr\/\",\"logo\":{\"@type\":\"ImageObject\",\"inLanguage\":\"en-US\",\"@id\":\"https:\/\/arhiva.strukturnifondovi.hr\/#\/schema\/logo\/image\/\",\"url\":\"https:\/\/arhiva.strukturnifondovi.hr\/wp-content\/uploads\/2022\/03\/ESI-logotip_boja_bez-pozadine_manji.png\",\"contentUrl\":\"https:\/\/arhiva.strukturnifondovi.hr\/wp-content\/uploads\/2022\/03\/ESI-logotip_boja_bez-pozadine_manji.png\",\"width\":1256,\"height\":413,\"caption\":\"Ministarstvo regionalnoga razvoja i fondova Europske unije\"},\"image\":{\"@id\":\"https:\/\/arhiva.strukturnifondovi.hr\/#\/schema\/logo\/image\/\"}}]}<\/script>\n<!-- \/ Yoast SEO plugin. -->","yoast_head_json":{"title":"Dokumenti - Europski strukturni i investicijski fondovi % %","robots":{"index":"index","follow":"follow","max-snippet":"max-snippet:-1","max-image-preview":"max-image-preview:large","max-video-preview":"max-video-preview:-1"},"canonical":"https:\/\/arhiva.strukturnifondovi.hr\/dokumenti-2\/","og_locale":"en_US","og_type":"article","og_title":"Dokumenti - Europski strukturni i investicijski fondovi % %","og_description":"Odluka o odabiru podru\u010dja za provedbu mehanizma integriranih teritorijalnih ulaganja.pdf Finalni obuhvat urbanih podru\u010dja: UA Osijek &#8211; Finalni obuhvat.bmp(2611kb) UA...","og_url":"https:\/\/arhiva.strukturnifondovi.hr\/dokumenti-2\/","og_site_name":"Europski strukturni i investicijski fondovi","article_modified_time":"2019-02-28T14:19:48+00:00","twitter_card":"summary_large_image","twitter_misc":{"Est. reading time":"1 minute"},"schema":{"@context":"https:\/\/schema.org","@graph":[{"@type":"WebPage","@id":"https:\/\/arhiva.strukturnifondovi.hr\/dokumenti-2\/","url":"https:\/\/arhiva.strukturnifondovi.hr\/dokumenti-2\/","name":"Dokumenti - Europski strukturni i investicijski fondovi % %","isPartOf":{"@id":"https:\/\/arhiva.strukturnifondovi.hr\/#website"},"datePublished":"2019-02-28T14:19:41+00:00","dateModified":"2019-02-28T14:19:48+00:00","breadcrumb":{"@id":"https:\/\/arhiva.strukturnifondovi.hr\/dokumenti-2\/#breadcrumb"},"inLanguage":"en-US","potentialAction":[{"@type":"ReadAction","target":["https:\/\/arhiva.strukturnifondovi.hr\/dokumenti-2\/"]}]},{"@type":"BreadcrumbList","@id":"https:\/\/arhiva.strukturnifondovi.hr\/dokumenti-2\/#breadcrumb","itemListElement":[{"@type":"ListItem","position":1,"name":"Home","item":"https:\/\/arhiva.strukturnifondovi.hr\/en\/"},{"@type":"ListItem","position":2,"name":"Dokumenti"}]},{"@type":"WebSite","@id":"https:\/\/arhiva.strukturnifondovi.hr\/#website","url":"https:\/\/arhiva.strukturnifondovi.hr\/","name":"Europski strukturni i investicijski fondovi","description":"Europski strukturni i investicijski fondovi","publisher":{"@id":"https:\/\/arhiva.strukturnifondovi.hr\/#organization"},"potentialAction":[{"@type":"SearchAction","target":{"@type":"EntryPoint","urlTemplate":"https:\/\/arhiva.strukturnifondovi.hr\/?s={search_term_string}"},"query-input":{"@type":"PropertyValueSpecification","valueRequired":true,"valueName":"search_term_string"}}],"inLanguage":"en-US"},{"@type":"Organization","@id":"https:\/\/arhiva.strukturnifondovi.hr\/#organization","name":"Ministarstvo regionalnoga razvoja i fondova Europske unije","url":"https:\/\/arhiva.strukturnifondovi.hr\/","logo":{"@type":"ImageObject","inLanguage":"en-US","@id":"https:\/\/arhiva.strukturnifondovi.hr\/#\/schema\/logo\/image\/","url":"https:\/\/arhiva.strukturnifondovi.hr\/wp-content\/uploads\/2022\/03\/ESI-logotip_boja_bez-pozadine_manji.png","contentUrl":"https:\/\/arhiva.strukturnifondovi.hr\/wp-content\/uploads\/2022\/03\/ESI-logotip_boja_bez-pozadine_manji.png","width":1256,"height":413,"caption":"Ministarstvo regionalnoga razvoja i fondova Europske unije"},"image":{"@id":"https:\/\/arhiva.strukturnifondovi.hr\/#\/schema\/logo\/image\/"}}]}},"_links":{"self":[{"href":"https:\/\/arhiva.strukturnifondovi.hr\/en\/wp-json\/wp\/v2\/pages\/26786","targetHints":{"allow":["GET"]}}],"collection":[{"href":"https:\/\/arhiva.strukturnifondovi.hr\/en\/wp-json\/wp\/v2\/pages"}],"about":[{"href":"https:\/\/arhiva.strukturnifondovi.hr\/en\/wp-json\/wp\/v2\/types\/page"}],"author":[{"embeddable":true,"href":"https:\/\/arhiva.strukturnifondovi.hr\/en\/wp-json\/wp\/v2\/users\/795"}],"replies":[{"embeddable":true,"href":"https:\/\/arhiva.strukturnifondovi.hr\/en\/wp-json\/wp\/v2\/comments?post=26786"}],"version-history":[{"count":8,"href":"https:\/\/arhiva.strukturnifondovi.hr\/en\/wp-json\/wp\/v2\/pages\/26786\/revisions"}],"predecessor-version":[{"id":26848,"href":"https:\/\/arhiva.strukturnifondovi.hr\/en\/wp-json\/wp\/v2\/pages\/26786\/revisions\/26848"}],"wp:attachment":[{"href":"https:\/\/arhiva.strukturnifondovi.hr\/en\/wp-json\/wp\/v2\/media?parent=26786"}],"curies":[{"name":"wp","href":"https:\/\/api.w.org\/{rel}","templated":true}]}}