{"id":6270,"date":"2018-02-23T14:19:42","date_gmt":"2018-02-23T13:19:42","guid":{"rendered":"https:\/\/arhiva.strukturnifondovi.hr\/?page_id=6270"},"modified":"2024-05-17T12:00:41","modified_gmt":"2024-05-17T10:00:41","slug":"vazni-dokumenti-operativni-program-konkurentnost-i-kohezija","status":"publish","type":"page","link":"https:\/\/arhiva.strukturnifondovi.hr\/en\/vazni-dokumenti-operativni-program-konkurentnost-i-kohezija\/","title":{"rendered":"Va\u017eni dokumenti &#8211; Operativni program Konkurentnost i kohezija"},"content":{"rendered":"<p><strong>OPERATIVNI PROGRAM KONKURENTNOST I KOHEZIJA 2014. &#8211; 2020.<\/strong><\/p>\n<p><a href=\"https:\/\/arhiva.strukturnifondovi.hr\/wp-content\/uploads\/2021\/06\/Operativni-program-Konkurentnost-i-kohezija-na-hrvatskom-jeziku-lipanj-2021..pdf\">Operativni program Konkurentnost i kohezija<\/a> na hrvatskom jeziku (lipanj 2021.)<\/p>\n<p><a href=\"https:\/\/arhiva.strukturnifondovi.hr\/wp-content\/uploads\/2020\/12\/Izmjene_OPKK_prosinac-2020-1.pdf\">Operativni program Konkurentnost i kohezija<\/a> na hrvatskom jeziku (prosinac 2020.)<\/p>\n<p><a href=\"https:\/\/arhiva.strukturnifondovi.hr\/wp-content\/uploads\/2020\/09\/OPKK_9-2020.pdf\">Operativni program Konkurentnost i kohezija<\/a> na hrvatskom jeziku (rujan 2020.)<\/p>\n<p><a href=\"https:\/\/arhiva.strukturnifondovi.hr\/wp-content\/uploads\/2020\/07\/OPKK-07_2020.pdf\">Operativni program Konkurentnost i kohezija<\/a> na hrvatskom jeziku (srpanj 2020.)<\/p>\n<p><a href=\"https:\/\/arhiva.strukturnifondovi.hr\/wp-content\/uploads\/2019\/02\/OPKK_070219.pdf\">Operativni program Konkurentnost i kohezija<\/a> na hrvatskom jeziku (prosinac 2018.)<\/p>\n<p><a href=\"https:\/\/arhiva.strukturnifondovi.hr\/wp-content\/uploads\/2017\/05\/OPKK-2014.-2020.-tehni\u010dke-izmjene.pdf\">Operativni program Konkurentnost i kohezija<\/a> na hrvatskom jeziku (rujan 2017.)<\/p>\n<p><a href=\"https:\/\/arhiva.strukturnifondovi.hr\/wp-content\/uploads\/2017\/05\/Zaklju\u010dak-Vlade-Republike-Hrvatske.jpg\">Zaklju\u010dak Vlade Republike Hrvatske<\/a><\/p>\n<p><a href=\"https:\/\/arhiva.strukturnifondovi.hr\/wp-content\/uploads\/2017\/03\/OPKK_eng-1.pdf\">Operativni program Konkurentnost i kohezija<\/a> na engleskom jeziku (prosinac 2014.)<\/p>\n<p><a href=\"https:\/\/arhiva.strukturnifondovi.hr\/wp-content\/uploads\/2017\/03\/OPKK_hrv-1.pdf\">Operativni program Konkurentnost i kohezija<\/a> na hrvatskom jeziku (prosinac 2014.)<\/p>\n<p><a href=\"https:\/\/arhiva.strukturnifondovi.hr\/wp-content\/uploads\/2017\/03\/OPKK-Sazetak-prioriteta-i-ciljeva-1.pdf\">Sa\u017eeti prikaz prioriteta i specifi\u010dnih ciljeva Operativnog programa Konkurentnost i kohezija 2014.-2020.<\/a><\/p>\n<p><a href=\"https:\/\/arhiva.strukturnifondovi.hr\/wp-content\/uploads\/2017\/06\/Brosura-mogucnosti_za_web_FINAL.pdf\">Bro\u0161ura \u201cMogu\u0107nosti financiranja iz Operativnog programa Konkurentnost i kohezija 2014.-2020.\u201d<\/a><\/p>\n<p><a href=\"https:\/\/arhiva.strukturnifondovi.hr\/wp-content\/uploads\/2017\/06\/Bro%C5%A1ura-Mogu%C4%87nosti-financiranja-iz-OPKK.pdf\">E-bro\u0161ura \u201eMogu\u0107nosti financiranja iz Operativnog programa Konkurentnost i kohezija 2014.-2020.\u201c<\/a><\/p>\n<p><strong>POPIS VELIKIH PROJEKATA<\/strong><\/p>\n<p><a href=\"https:\/\/arhiva.strukturnifondovi.hr\/wp-content\/uploads\/2021\/01\/Izmjena-popisa-velikih-projekata-sijecanj-2021.pdf\">Izmjena popisa velikih projekata<\/a> (sije\u010danj 2021.)<\/p>\n<p><a href=\"https:\/\/arhiva.strukturnifondovi.hr\/wp-content\/uploads\/2020\/08\/Popis-velikih-projekatakolovoz-2020.pdf\">Izmjena popisa velikih projekata<\/a> (kolovoz 2020.)<\/p>\n<p><a href=\"https:\/\/arhiva.strukturnifondovi.hr\/wp-content\/uploads\/2020\/05\/Popis-velikih-projekata_izmjene-srpanj-2019.pdf\">Izmjena popisa velikih projekata<\/a> (srpanj 2019.)<\/p>\n<p><a href=\"https:\/\/arhiva.strukturnifondovi.hr\/wp-content\/uploads\/2020\/05\/Popis-velikih-projekata_izmjene-sije\u010danj-2019.pdf\">Izmjena popisa velikih projekata<\/a> (sije\u010danj 2019.)<\/p>\n<p><a href=\"https:\/\/arhiva.strukturnifondovi.hr\/wp-content\/uploads\/2020\/05\/Popis-velikih-projekata_izmjene-lipanj-2018.pdf\">Izmjena popisa velikih projekata<\/a> (lipanj 2018.)<\/p>\n<p><a href=\"https:\/\/arhiva.strukturnifondovi.hr\/wp-content\/uploads\/2018\/03\/Popis-velikih-projekata-prosinac-2017.pdf\"><u><\/u>Izmjena popisa velikih projekata<\/a> (prosinac 2017.)<\/p>\n<p><u><\/u><a href=\"https:\/\/arhiva.strukturnifondovi.hr\/wp-content\/uploads\/2018\/03\/Popis-velikih-projekata-sije\u010danj-2017.pdf\">Izmjena popisa velikih projekata<\/a> (sije\u010danj 2017.)<\/p>\n<p><u><\/u><a href=\"https:\/\/arhiva.strukturnifondovi.hr\/wp-content\/uploads\/2018\/03\/Popis-velikih-projekata-svibanj-2015.pdf\">Izmjena popisa velikih projekata<\/a> (svibanj 2015.)<\/p>\n<p><strong>INSTITUCIONALNI OKVIR ZA PROVEDBU ESI FONDOVA U RH U FINANCIJSKOM RAZDOBLJU 2014. &#8211; 2020.<\/strong><\/p>\n<p><a href=\"http:\/\/narodne-novine.nn.hr\/clanci\/sluzbeni\/2014_07_92_1838.html\">Zakon o uspostavi institucionalnog okvira za provedbu europskih strukturnih i investicijskih fondova u Republici Hrvatskoj u financijskom razdoblju 2014. &#8211; 2020.<\/a><\/p>\n<p><a href=\"https:\/\/narodne-novine.nn.hr\/clanci\/sluzbeni\/2014_09_107_2070.html\">Uredba o tijelima u sustavima upravljanja i kontrole kori\u0161tenja Europskog socijalnog fonda, Europskog fonda za regionalni razvoj i Kohezijskog fonda, u vezi s ciljem &#8220;Ulaganje za rast i radna mjesta&#8221; (\u201cNarodne novine\u201d, broj 107\/14)<\/a><\/p>\n<p><a href=\"https:\/\/narodne-novine.nn.hr\/clanci\/sluzbeni\/2015_02_23_479.html\">Uredba o izmjenama Uredbe o tijelima u sustavima upravljanja i kontrole kori\u0161tenja Europskog socijalnog fonda, Europskog fonda za regionalni razvoj i Kohezijskog fonda, u vezi s ciljem &#8220;Ulaganje za rast i radna mjesta&#8221; (\u201cNarodne novine\u201d, broj 23\/15)<\/a><\/p>\n<p><a href=\"https:\/\/narodne-novine.nn.hr\/clanci\/sluzbeni\/2015_11_129_2439.html\">Uredba o izmjeni Uredbe o tijelima u sustavima upravljanja i kontrole kori\u0161tenja Europskog socijalnog fonda, Europskog fonda za regionalni razvoj i Kohezijskog fonda, u vezi s ciljem &#8220;Ulaganje za rast i radna mjesta&#8221; (\u201cNarodne novine\u201d, broj 129\/15)<\/a><\/p>\n<p><a href=\"https:\/\/narodne-novine.nn.hr\/clanci\/sluzbeni\/2017_02_15_351.html\">Uredba o izmjenama i dopunama Uredbe o tijelima u sustavima upravljanja i kontrole kori\u0161tenja Europskog socijalnog fonda, Europskog fonda za regionalni razvoj i Kohezijskog fonda, u vezi s ciljem \u00bbUlaganje za rast i radna mjesta\u00ab (\u201cNarodne novine\u201d, broj 15\/17)<\/a><\/p>\n<p><a href=\"https:\/\/narodne-novine.nn.hr\/clanci\/sluzbeni\/2017_03_18_433.html\">Ispravak Uredbe o izmjenama i dopunama Uredbe o tijelima u sustavima upravljanja i kontrole kori\u0161tenja Europskog socijalnog fonda, Europskog fonda za regionalni razvoj i Kohezijskog fonda, u vezi s ciljem \u00bbUlaganje za rast i radna mjesta\u00ab (\u201cNarodne novine\u201d, broj 18\/17)<\/a><\/p>\n<p><a href=\"https:\/\/narodne-novine.nn.hr\/clanci\/sluzbeni\/2021_04_46_935.html\">Uredba o izmjenama Uredbe o tijelima u sustavima upravljanja i kontrole kori\u0161tenja Europskog socijalnog fonda, Europskog fonda za regionalni razvoj i Kohezijskog fonda, u vezi s ciljem \u00bbUlaganje za rast i radna mjesta\u00ab (\u201cNarodne novine\u201d, broj 46\/21)<\/a><\/p>\n<p><a href=\"https:\/\/narodne-novine.nn.hr\/clanci\/sluzbeni\/2021_05_49_1017.html\">Ispravak Uredbe o izmjenama Uredbe o tijelima u sustavima upravljanja i kontrole kori\u0161tenja Europskog socijalnog fonda, Europskog fonda za regionalni razvoj i Kohezijskog fonda, u vezi s ciljem \u00bbUlaganje za rast i radna mjesta\u00ab (\u201cNarodne novine\u201d, broj 49\/21)<\/a><\/p>\n<p><a href=\"http:\/\/eur-lex.europa.eu\/LexUriServ\/LexUriServ.do?uri=OJ:L:2013:347:0320:0469:HR:PDF\">UREDBA (EU) o ESI fondovima br. 1303\/2013 EUROPSKOG PARLAMENTA I VIJE\u0106A od 17. prosinca 2013.<\/a><\/p>\n<p><a href=\"http:\/\/eur-lex.europa.eu\/legal-content\/HR\/TXT\/HTML\/?uri=CELEX:32014R0821&amp;from=HR\">PROVEDBENA UREDBA KOMISIJE (EU) br. 821\/2014 \u043ed 28. srpnja 2014. o utvr\u0111ivanju pravila za primjenu Uredbe (EU) br.\u00a01303\/2013<\/a><\/p>\n<p><a href=\"http:\/\/arhiva.strukturnifondovi.hr\/mjere-namijenjene-osiguravanju-pracenja-provedbe-clanka-9-konvencije-un-o-pravima-osoba-s-invaliditetom-u-vezi-s-esi-fondovima\">Mjere namijenjene osiguravanju pra\u0107enja provedbe \u010dlanka 9. Konvencije Ujedinjenih naroda o pravima osoba s invaliditetom u vezi s ESI fondovima u okviru pripreme i provedbe programa<\/a><\/p>\n<p><strong>PRAVILNICI O PRIHVATLJIVOSTI IZDATAKA<\/strong><\/p>\n<p><a href=\"https:\/\/arhiva.strukturnifondovi.hr\/wp-content\/uploads\/2020\/12\/Prilog-01_Opci-uvjeti.docx\">Op\u0107i uvjeti koji se primjenjuju na projekte financirane iz Operativnog programa Konkurentnost i kohezija u financijskom razdoblju 2014.-2020.<\/a>, prosinac 2020.<\/p>\n<p><a href=\"https:\/\/arhiva.strukturnifondovi.hr\/wp-content\/uploads\/2020\/12\/Prilog-03_Pravila-za-NOJN.docx\">Pravila o provedbi postupaka nabave za neobveznike Zakona o javnoj nabavi<\/a>, prosinac 2020.<\/p>\n<p><a href=\"https:\/\/arhiva.strukturnifondovi.hr\/wp-content\/uploads\/2020\/12\/Prilog-04_Prijavni-obrazac.docx\">Prijavni obrazac<\/a>, prosinac 2020.<\/p>\n<p><a href=\"https:\/\/arhiva.strukturnifondovi.hr\/wp-content\/uploads\/2020\/12\/Prilog-17_-Pravila-o-financijskim-korekcijama.docx\">Pravila o financijskim korekcijama<\/a>, prosinac 2020.<\/p>\n<p><a href=\"https:\/\/arhiva.strukturnifondovi.hr\/wp-content\/uploads\/2020\/06\/Prilog-3_-Pravila-za-NOJN-1.docx\">Pravila o provedbi postupaka nabava za neobveznike Zakona o javnoj nabavi<\/a><\/p>\n<p><a href=\"https:\/\/narodne-novine.nn.hr\/clanci\/sluzbeni\/2018_12_115_2282.html\">Pravilnik o prihvatljivosti izdataka za Operativni program \u00bbKonkurentnost i kohezija\u00ab u financijskom razdoblju 2014. \u2013 2020.\u00a0 (Narodne novine br. 115\/18)<\/a>\u00a0&#8211;\u00a0Stupanjem na snagu Pravilnika o prihvatljivosti izdataka (Narodne novine br. 115\/18) prestaje va\u017eiti Pravilnik o prihvatljivosti izdataka (\u00bbNarodne novine\u00ab, broj 143\/14)<\/p>\n<p><a href=\"https:\/\/narodne-novine.nn.hr\/clanci\/sluzbeni\/2020_01_6_87.html\">Pravilnik o izmjenama Pravilnika o prihvatljivosti izdataka<\/a> (<a href=\"https:\/\/narodne-novine.nn.hr\/clanci\/sluzbeni\/2020_01_6_87.html\">Narodne novine broj 6\/2020<\/a>)<\/p>\n<p><a href=\"https:\/\/arhiva.strukturnifondovi.hr\/wp-content\/uploads\/2021\/05\/Dokument_20-2020.pdf\">Ispravak Pravilnika o izmjenama Pravilnika o prihvatljivosti izdataka (Narodne novine broj 20\/2020)<\/a><\/p>\n<p><a href=\"https:\/\/narodne-novine.nn.hr\/clanci\/sluzbeni\/2020_06_70_1394.html\">Pravilnik o izmjeni i dopunama Pravilnika o prihvatljivosti izdataka<\/a> (<a href=\"https:\/\/narodne-novine.nn.hr\/clanci\/sluzbeni\/2020_06_70_1394.html\">Narodne novine broj 70\/2020<\/a>)<\/p>\n<p><a href=\"https:\/\/arhiva.strukturnifondovi.hr\/wp-content\/uploads\/2021\/05\/Dok_54-2021.pdf\">Pravilnik o izmjenama i dopunama Pravilnika o prihvatljivosti izdataka (Narodne novine br. 54\/2021)\u00a0<\/a><\/p>\n<p><a href=\"https:\/\/arhiva.strukturnifondovi.hr\/wp-content\/uploads\/2017\/03\/Pravilnik-o-prihvatljivosti-izdataka-OPKK.pdf\">Pravilnik o prihvatljivosti izdataka za projekte Operativnog programa Konkurentnost i kohezija u financijskom razdoblju 2014.-2020. (Narodne novina 143\/14)<\/a><\/p>\n<p><a href=\"https:\/\/arhiva.strukturnifondovi.hr\/wp-content\/uploads\/2020\/06\/Prilog-1_Op\u0107i-uvjeti.docx\">Op\u0107i uvjeti koji se primjenjuju na projekte financirane iz europskih strukturnih i investicijskih fondova u financijskom razdoblju 2014.\u20132020.<\/a><\/p>\n<p><a href=\"https:\/\/arhiva.strukturnifondovi.hr\/wp-content\/uploads\/2020\/06\/Prilog-17_-Pravila-o-financijskim-korekcijama.docx\">Pravila o financijskim korekcijama<\/a><\/p>\n<p><a href=\"https:\/\/arhiva.strukturnifondovi.hr\/wp-content\/uploads\/2020\/06\/Prilog-3_-Pravila-za-NOJN.docx\">Pravila o provedbi postupaka nabave za neobveznike Zakona o javnoj nabavi<\/a><\/p>\n<p><a href=\"https:\/\/arhiva.strukturnifondovi.hr\/wp-content\/uploads\/2020\/06\/Prilog-4_Prijavni-obrazac.docx\">Prilog 4 Prijavni obrazac<\/a><\/p>\n<p><strong>KOMUNIKACIJSKA STRATEGIJA<\/strong><\/p>\n<p><a href=\"https:\/\/arhiva.strukturnifondovi.hr\/wp-content\/uploads\/2017\/03\/Komunikacijska-strategija.pdf\">Komunikacijska strategija europskih strukturnih i investicijskih fondova za Republiku Hrvatsku za razdoblje 2014.-2020.<\/a><\/p>\n<p><a href=\"https:\/\/arhiva.strukturnifondovi.hr\/wp-content\/uploads\/2017\/03\/KS-i-KP-OPKK.pdf\">Komunikacijska strategija i Komunikacijski plan Operativnog programa &#8220;Konkurentnost i kohezija 2014.-2020.&#8221;<\/a><\/p>\n<p><a href=\"https:\/\/arhiva.strukturnifondovi.hr\/wp-content\/uploads\/2017\/03\/GKP-za-OPKK-2018.pdf\">Godi\u0161nji komunikacijski plan Operativnog programa &#8220;Konkurentnost i kohezija 2014.-2020.&#8221;\u00a0za 2018.<\/a><\/p>\n<p><a href=\"https:\/\/arhiva.strukturnifondovi.hr\/wp-content\/uploads\/2018\/03\/GKP_2017.pdf\">Godi\u0161nji komunikacijski plan Operativnog programa &#8220;Konkurentnost i kohezija 2014.-2020.&#8221;\u00a0za 2017.<\/a><\/p>\n<p><a href=\"https:\/\/arhiva.strukturnifondovi.hr\/wp-content\/uploads\/2018\/03\/Godi\u0161nji-komunikacijski-plan.pdf\">Godi\u0161nji komunikacijski plan Operativnog programa &#8220;Konkurentnost i kohezija 2014.-2020.&#8221;\u00a0za 2016.<\/a><\/p>\n<p><strong>UPUTE ZA KORISNIKE SREDSTAVA<\/strong><\/p>\n<p><a href=\"https:\/\/arhiva.strukturnifondovi.hr\/wp-content\/uploads\/2021\/03\/Upute-upravljackog-tijela-za-upravljanje-nepravilnostima-u-Operativnom-programu-Konkurentnost-i-kohezija-2014-2020-ver-1.0.pdf\">Upute upravlja\u010dkog tijela za upravljanje nepravilnostima u Operativnom programu Konkurentnost i kohezija 2014.-2020.<\/a><\/p>\n<p><em>Upute se primjenjuju od 25.3.2021.<\/em><\/p>\n<p><a href=\"https:\/\/arhiva.strukturnifondovi.hr\/wp-content\/uploads\/2017\/03\/Upute-za-korisnike-zadnja-verzija.pdf\">Upute za korisnike sredstava\u00a0 vezano uz informiranje, komunikaciju i vidljivost projekata financiranih u okviru Europskog fonda za regionalni razvoj (EFRR), Europskog socijalnog fonda (ESF) i Kohezijskog fonda (KF) za razdoblje 2014.-2020.<\/a><\/p>\n<p><a href=\"https:\/\/arhiva.strukturnifondovi.hr\/wp-content\/uploads\/2017\/03\/Europski-strukturni-i-investicijski-fondovi-1-1.zip\">Vizualni identitet (Logotip i Knjiga standarda) &#8211; ESI fondovi<\/a><\/p>\n<p><a href=\"https:\/\/arhiva.strukturnifondovi.hr\/wp-content\/uploads\/2017\/03\/Vizualni-identitet-OPKK-1.zip\">Vizualni identitet (Logotip i Knjiga standarda) &#8211; OP Konkurentnost i kohezija<\/a><\/p>\n<p><a href=\"https:\/\/arhiva.strukturnifondovi.hr\/wp-content\/uploads\/2017\/03\/Upute-za-prijavitelje-horizontalna.pdf\">Upute za prijavitelje i korisnike Operativnog programa \u201eKonkurentnost i kohezija\u201c o provedbi horizontalnih\u00a0 na\u010dela<\/a><\/p>\n<p><a href=\"https:\/\/arhiva.strukturnifondovi.hr\/wp-content\/uploads\/2018\/03\/Primjeri-nepravilnosti-po-to\u010dkama-COCOFa.pdf\">Primjeri nepravilnosti u kori\u0161tenju sredstava<\/a><\/p>\n<p><strong>GODI\u0160NJA IZVJE\u0160\u0106A O PROVEDBI<\/strong><\/p>\n<p><a href=\"https:\/\/arhiva.strukturnifondovi.hr\/wp-content\/uploads\/2021\/05\/Godisnje-izvjesce-o-provedbi-za-2019.-godinu.pdf\">Godi\u0161nje izvje\u0161\u0107e o provedbi Operativnog programa &#8220;Konkurentnost i kohezija&#8221; za 2019. godinu<\/a><\/p>\n<p><a href=\"https:\/\/arhiva.strukturnifondovi.hr\/wp-content\/uploads\/2021\/04\/Sazetak-za-gradane.pdf\">Sa\u017eetak za gra\u0111ane<\/a><\/p>\n<p><a href=\"https:\/\/arhiva.strukturnifondovi.hr\/wp-content\/uploads\/2020\/12\/GIP-2018-SFC.pdf\">Godi\u0161nje izvje\u0161\u0107e o provedbi Operativnog programa &#8220;Konkurentnost i kohezija&#8221; za 2018. godinu<\/a><\/p>\n<p><a href=\"https:\/\/arhiva.strukturnifondovi.hr\/wp-content\/uploads\/2019\/09\/Sa\u017eetak-za-gra\u0111ane-GIP-2018.pdf\">Sa\u017eetak za gra\u0111ane<\/a><\/p>\n<p><a href=\"https:\/\/arhiva.strukturnifondovi.hr\/wp-content\/uploads\/2019\/02\/Godi\u0161nje-izvje\u0161\u0107e-o-provedbi-OPKK-2017.-1.pdf\">Godi\u0161nje izvje\u0161\u0107e o provedbi Operativnog programa &#8220;Konkurentnost i kohezija&#8221; za 2017. godinu<\/a><\/p>\n<p><a href=\"https:\/\/arhiva.strukturnifondovi.hr\/wp-content\/uploads\/2020\/05\/SA\u017dETAK-ZA-GRA\u0110ANE-2017-FINAL.pdf\">Sa\u017eetak za gra\u0111ane\u00a0<\/a><\/p>\n<p><a href=\"https:\/\/arhiva.strukturnifondovi.hr\/wp-content\/uploads\/2018\/03\/GIP-2016-v.2_SFC_hr.pdf\">Godi\u0161nje izvje\u0161\u0107e o provedbi Operativnog programa &#8220;Konkurentnost i kohezija&#8221; za 2016. godinu<\/a><\/p>\n<p><a href=\"https:\/\/arhiva.strukturnifondovi.hr\/wp-content\/uploads\/2018\/03\/SA\u017dETAK-ZA-GRA\u0110ANE.pdf\">Sa\u017eetak za gra\u0111ane<\/a><\/p>\n<p><a href=\"https:\/\/arhiva.strukturnifondovi.hr\/wp-content\/uploads\/2018\/03\/GIP_2015_SFC-FINAL_hr.pdf\">Godi\u0161nje izvje\u0161\u0107e o provedbi Operativnog programa &#8220;Konkurentnost i kohezija&#8221; za 2014. i 2015. godinu<\/a><\/p>\n<p><a href=\"https:\/\/arhiva.strukturnifondovi.hr\/wp-content\/uploads\/2018\/03\/Sa\u017eetak-GIP_2015.pdf\">Sa\u017eetak za gra\u0111ane<\/a><\/p>\n","protected":false},"excerpt":{"rendered":"<p>OPERATIVNI PROGRAM KONKURENTNOST I KOHEZIJA 2014. &#8211; 2020. Operativni program Konkurentnost i kohezija na hrvatskom jeziku (lipanj 2021.) Operativni program&#8230;<\/p>\n","protected":false},"author":795,"featured_media":0,"parent":0,"menu_order":0,"comment_status":"closed","ping_status":"closed","template":"","meta":{"inline_featured_image":false,"footnotes":""},"class_list":["post-6270","page","type-page","status-publish","hentry"],"yoast_head":"<!-- This site is optimized with the Yoast SEO plugin v26.8 - https:\/\/yoast.com\/product\/yoast-seo-wordpress\/ -->\n<title>Va\u017eni dokumenti - Operativni program Konkurentnost i kohezija - Europski strukturni i investicijski fondovi % %<\/title>\n<meta name=\"robots\" content=\"index, follow, max-snippet:-1, max-image-preview:large, max-video-preview:-1\" \/>\n<link rel=\"canonical\" href=\"https:\/\/arhiva.strukturnifondovi.hr\/vazni-dokumenti-operativni-program-konkurentnost-i-kohezija\/\" \/>\n<meta property=\"og:locale\" content=\"en_US\" \/>\n<meta property=\"og:type\" content=\"article\" \/>\n<meta property=\"og:title\" content=\"Va\u017eni dokumenti - Operativni program Konkurentnost i kohezija - Europski strukturni i investicijski fondovi % %\" \/>\n<meta property=\"og:description\" content=\"OPERATIVNI PROGRAM KONKURENTNOST I KOHEZIJA 2014. &#8211; 2020. Operativni program Konkurentnost i kohezija na hrvatskom jeziku (lipanj 2021.) Operativni program...\" \/>\n<meta property=\"og:url\" content=\"https:\/\/arhiva.strukturnifondovi.hr\/vazni-dokumenti-operativni-program-konkurentnost-i-kohezija\/\" \/>\n<meta property=\"og:site_name\" content=\"Europski strukturni i investicijski fondovi\" \/>\n<meta property=\"article:modified_time\" content=\"2024-05-17T10:00:41+00:00\" \/>\n<meta name=\"twitter:card\" content=\"summary_large_image\" \/>\n<meta name=\"twitter:label1\" content=\"Est. reading time\" \/>\n\t<meta name=\"twitter:data1\" content=\"5 minutes\" \/>\n<script type=\"application\/ld+json\" class=\"yoast-schema-graph\">{\"@context\":\"https:\/\/schema.org\",\"@graph\":[{\"@type\":\"WebPage\",\"@id\":\"https:\/\/arhiva.strukturnifondovi.hr\/vazni-dokumenti-operativni-program-konkurentnost-i-kohezija\/\",\"url\":\"https:\/\/arhiva.strukturnifondovi.hr\/vazni-dokumenti-operativni-program-konkurentnost-i-kohezija\/\",\"name\":\"Va\u017eni dokumenti - Operativni program Konkurentnost i kohezija - Europski strukturni i investicijski fondovi % %\",\"isPartOf\":{\"@id\":\"https:\/\/arhiva.strukturnifondovi.hr\/#website\"},\"datePublished\":\"2018-02-23T13:19:42+00:00\",\"dateModified\":\"2024-05-17T10:00:41+00:00\",\"breadcrumb\":{\"@id\":\"https:\/\/arhiva.strukturnifondovi.hr\/vazni-dokumenti-operativni-program-konkurentnost-i-kohezija\/#breadcrumb\"},\"inLanguage\":\"en-US\",\"potentialAction\":[{\"@type\":\"ReadAction\",\"target\":[\"https:\/\/arhiva.strukturnifondovi.hr\/vazni-dokumenti-operativni-program-konkurentnost-i-kohezija\/\"]}]},{\"@type\":\"BreadcrumbList\",\"@id\":\"https:\/\/arhiva.strukturnifondovi.hr\/vazni-dokumenti-operativni-program-konkurentnost-i-kohezija\/#breadcrumb\",\"itemListElement\":[{\"@type\":\"ListItem\",\"position\":1,\"name\":\"Home\",\"item\":\"https:\/\/arhiva.strukturnifondovi.hr\/en\/\"},{\"@type\":\"ListItem\",\"position\":2,\"name\":\"Va\u017eni dokumenti &#8211; Operativni program Konkurentnost i kohezija\"}]},{\"@type\":\"WebSite\",\"@id\":\"https:\/\/arhiva.strukturnifondovi.hr\/#website\",\"url\":\"https:\/\/arhiva.strukturnifondovi.hr\/\",\"name\":\"Europski strukturni i investicijski fondovi\",\"description\":\"Europski strukturni i investicijski fondovi\",\"publisher\":{\"@id\":\"https:\/\/arhiva.strukturnifondovi.hr\/#organization\"},\"potentialAction\":[{\"@type\":\"SearchAction\",\"target\":{\"@type\":\"EntryPoint\",\"urlTemplate\":\"https:\/\/arhiva.strukturnifondovi.hr\/?s={search_term_string}\"},\"query-input\":{\"@type\":\"PropertyValueSpecification\",\"valueRequired\":true,\"valueName\":\"search_term_string\"}}],\"inLanguage\":\"en-US\"},{\"@type\":\"Organization\",\"@id\":\"https:\/\/arhiva.strukturnifondovi.hr\/#organization\",\"name\":\"Ministarstvo regionalnoga razvoja i fondova Europske unije\",\"url\":\"https:\/\/arhiva.strukturnifondovi.hr\/\",\"logo\":{\"@type\":\"ImageObject\",\"inLanguage\":\"en-US\",\"@id\":\"https:\/\/arhiva.strukturnifondovi.hr\/#\/schema\/logo\/image\/\",\"url\":\"https:\/\/arhiva.strukturnifondovi.hr\/wp-content\/uploads\/2022\/03\/ESI-logotip_boja_bez-pozadine_manji.png\",\"contentUrl\":\"https:\/\/arhiva.strukturnifondovi.hr\/wp-content\/uploads\/2022\/03\/ESI-logotip_boja_bez-pozadine_manji.png\",\"width\":1256,\"height\":413,\"caption\":\"Ministarstvo regionalnoga razvoja i fondova Europske unije\"},\"image\":{\"@id\":\"https:\/\/arhiva.strukturnifondovi.hr\/#\/schema\/logo\/image\/\"}}]}<\/script>\n<!-- \/ Yoast SEO plugin. -->","yoast_head_json":{"title":"Va\u017eni dokumenti - Operativni program Konkurentnost i kohezija - Europski strukturni i investicijski fondovi % %","robots":{"index":"index","follow":"follow","max-snippet":"max-snippet:-1","max-image-preview":"max-image-preview:large","max-video-preview":"max-video-preview:-1"},"canonical":"https:\/\/arhiva.strukturnifondovi.hr\/vazni-dokumenti-operativni-program-konkurentnost-i-kohezija\/","og_locale":"en_US","og_type":"article","og_title":"Va\u017eni dokumenti - Operativni program Konkurentnost i kohezija - Europski strukturni i investicijski fondovi % %","og_description":"OPERATIVNI PROGRAM KONKURENTNOST I KOHEZIJA 2014. &#8211; 2020. Operativni program Konkurentnost i kohezija na hrvatskom jeziku (lipanj 2021.) Operativni program...","og_url":"https:\/\/arhiva.strukturnifondovi.hr\/vazni-dokumenti-operativni-program-konkurentnost-i-kohezija\/","og_site_name":"Europski strukturni i investicijski fondovi","article_modified_time":"2024-05-17T10:00:41+00:00","twitter_card":"summary_large_image","twitter_misc":{"Est. reading time":"5 minutes"},"schema":{"@context":"https:\/\/schema.org","@graph":[{"@type":"WebPage","@id":"https:\/\/arhiva.strukturnifondovi.hr\/vazni-dokumenti-operativni-program-konkurentnost-i-kohezija\/","url":"https:\/\/arhiva.strukturnifondovi.hr\/vazni-dokumenti-operativni-program-konkurentnost-i-kohezija\/","name":"Va\u017eni dokumenti - Operativni program Konkurentnost i kohezija - Europski strukturni i investicijski fondovi % %","isPartOf":{"@id":"https:\/\/arhiva.strukturnifondovi.hr\/#website"},"datePublished":"2018-02-23T13:19:42+00:00","dateModified":"2024-05-17T10:00:41+00:00","breadcrumb":{"@id":"https:\/\/arhiva.strukturnifondovi.hr\/vazni-dokumenti-operativni-program-konkurentnost-i-kohezija\/#breadcrumb"},"inLanguage":"en-US","potentialAction":[{"@type":"ReadAction","target":["https:\/\/arhiva.strukturnifondovi.hr\/vazni-dokumenti-operativni-program-konkurentnost-i-kohezija\/"]}]},{"@type":"BreadcrumbList","@id":"https:\/\/arhiva.strukturnifondovi.hr\/vazni-dokumenti-operativni-program-konkurentnost-i-kohezija\/#breadcrumb","itemListElement":[{"@type":"ListItem","position":1,"name":"Home","item":"https:\/\/arhiva.strukturnifondovi.hr\/en\/"},{"@type":"ListItem","position":2,"name":"Va\u017eni dokumenti &#8211; Operativni program Konkurentnost i kohezija"}]},{"@type":"WebSite","@id":"https:\/\/arhiva.strukturnifondovi.hr\/#website","url":"https:\/\/arhiva.strukturnifondovi.hr\/","name":"Europski strukturni i investicijski fondovi","description":"Europski strukturni i investicijski fondovi","publisher":{"@id":"https:\/\/arhiva.strukturnifondovi.hr\/#organization"},"potentialAction":[{"@type":"SearchAction","target":{"@type":"EntryPoint","urlTemplate":"https:\/\/arhiva.strukturnifondovi.hr\/?s={search_term_string}"},"query-input":{"@type":"PropertyValueSpecification","valueRequired":true,"valueName":"search_term_string"}}],"inLanguage":"en-US"},{"@type":"Organization","@id":"https:\/\/arhiva.strukturnifondovi.hr\/#organization","name":"Ministarstvo regionalnoga razvoja i fondova Europske unije","url":"https:\/\/arhiva.strukturnifondovi.hr\/","logo":{"@type":"ImageObject","inLanguage":"en-US","@id":"https:\/\/arhiva.strukturnifondovi.hr\/#\/schema\/logo\/image\/","url":"https:\/\/arhiva.strukturnifondovi.hr\/wp-content\/uploads\/2022\/03\/ESI-logotip_boja_bez-pozadine_manji.png","contentUrl":"https:\/\/arhiva.strukturnifondovi.hr\/wp-content\/uploads\/2022\/03\/ESI-logotip_boja_bez-pozadine_manji.png","width":1256,"height":413,"caption":"Ministarstvo regionalnoga razvoja i fondova Europske unije"},"image":{"@id":"https:\/\/arhiva.strukturnifondovi.hr\/#\/schema\/logo\/image\/"}}]}},"_links":{"self":[{"href":"https:\/\/arhiva.strukturnifondovi.hr\/en\/wp-json\/wp\/v2\/pages\/6270","targetHints":{"allow":["GET"]}}],"collection":[{"href":"https:\/\/arhiva.strukturnifondovi.hr\/en\/wp-json\/wp\/v2\/pages"}],"about":[{"href":"https:\/\/arhiva.strukturnifondovi.hr\/en\/wp-json\/wp\/v2\/types\/page"}],"author":[{"embeddable":true,"href":"https:\/\/arhiva.strukturnifondovi.hr\/en\/wp-json\/wp\/v2\/users\/795"}],"replies":[{"embeddable":true,"href":"https:\/\/arhiva.strukturnifondovi.hr\/en\/wp-json\/wp\/v2\/comments?post=6270"}],"version-history":[{"count":152,"href":"https:\/\/arhiva.strukturnifondovi.hr\/en\/wp-json\/wp\/v2\/pages\/6270\/revisions"}],"predecessor-version":[{"id":129156,"href":"https:\/\/arhiva.strukturnifondovi.hr\/en\/wp-json\/wp\/v2\/pages\/6270\/revisions\/129156"}],"wp:attachment":[{"href":"https:\/\/arhiva.strukturnifondovi.hr\/en\/wp-json\/wp\/v2\/media?parent=6270"}],"curies":[{"name":"wp","href":"https:\/\/api.w.org\/{rel}","templated":true}]}}