{"id":6275,"date":"2018-02-23T14:04:23","date_gmt":"2018-02-23T13:04:23","guid":{"rendered":"https:\/\/arhiva.strukturnifondovi.hr\/?page_id=6275"},"modified":"2022-05-16T10:58:53","modified_gmt":"2022-05-16T08:58:53","slug":"financijski-instrumenti","status":"publish","type":"page","link":"https:\/\/arhiva.strukturnifondovi.hr\/en\/financijski-instrumenti\/","title":{"rendered":"Financijski instrumenti (FI)"},"content":{"rendered":"<p>&nbsp;<\/p>\n<p><img loading=\"lazy\" decoding=\"async\" class=\" wp-image-9460 aligncenter\" src=\"https:\/\/arhiva.strukturnifondovi.hr\/wp-content\/uploads\/2018\/05\/ESIF-Logo.png\" alt=\"\" width=\"345\" height=\"101\" srcset=\"https:\/\/arhiva.strukturnifondovi.hr\/wp-content\/uploads\/2018\/05\/ESIF-Logo.png 304w, https:\/\/arhiva.strukturnifondovi.hr\/wp-content\/uploads\/2018\/05\/ESIF-Logo-300x88.png 300w\" sizes=\"auto, (max-width: 345px) 100vw, 345px\" \/><\/p>\n<p>Financijski instrumenti predstavljaju novi na\u010din kori\u0161tenja sredstava fondova Europske unije, a dolaze u obliku kreditnih linija, garancijskih shema i fondova rizi\u010dnog kapitala.<\/p>\n<p>FI su povratna sredstava dostupna iz ESI fondova namijenjenih hrvatskom tr\u017ei\u0161tu te su jedan od naju\u010dinkovitijih na\u010dina kori\u0161tenja financijskih resursa radi ostvarivanja razvojnih ciljeva.<\/p>\n<p>Iz financijskih instrumenata, primatelji mogu dobiti kredite po kamatama daleko ni\u017eim od uobi\u010dajenih kredita komercijalnih banaka, te vrlo povoljne garancije, a mlada i inovativna poduze\u0107a mogu dobiti prijeko potrebna ulaganja u vlasni\u010dki kapital. Primateljima u RH, financijski instrumenti pojednostavljuju pristup ESIF sredstvima zbog bitno manjih administrativnih zahtjeva.<\/p>\n<p>Temeljem analiza tr\u017ei\u0161nog stanja izra\u0111ene su Ex ante procjene koje su opravdale uvo\u0111enje financijskih instrumenata u Hrvatskoj. Utvr\u0111eno je 10 operacija koje \u0107e biti provedene putem financijskih instrumenata te na taj na\u010din ukloniti postoje\u0107i tr\u017ei\u0161ni nedostatak.<\/p>\n<p>Trenutno se provodi <strong>deset financijskih instrumenata<\/strong>, u sklopu Operativnog programa \u201eKonkurentnost i kohezija 2014.-2020.\u201c (OPKK) koje provode Hrvatska banka za obnovu i razvitak (HBOR), Hrvatska agencija za malo gospodarstvo, inovacije i investicije (HAMAG\u2013BICRO) i Europski investicijski fond (EIF).<\/p>\n<p><strong>HBOR<\/strong> trenutno provodi 3 financijska instrumenta:<\/p>\n<p><a href=\"https:\/\/www.hbor.hr\/kreditni_program\/esif-krediti-za-rast-i-razvoj\/\">ESIF Krediti za rast i razvoj<\/a>\u00a0iz Prioritetne osi 3 \u201ePoslovna konkurentnost\u201c OPKK. Radi se o ve\u0107im investicijskim kreditima s niskim kamatnim stopama i bez redovnih naknada koje se napla\u0107uju prilikom odobrenja i kori\u0161tenja kredita.<\/p>\n<p>Na dnu navedene stranice se nalazi popis ugovorenih ESIF Kredita za rast i razvoj.<\/p>\n<p><a href=\"https:\/\/www.hbor.hr\/kreditni_program\/esif-krediti-za-energetsku-ucinkovitost-u-zgradama-javnog-sektora\/\">ESIF Krediti za energetsku u\u010dinkovitost za javne zgrade<\/a>\u00a0iz Prioritetne osi 4 \u201ePromicanje energetske u\u010dinkovitosti i obnovljivih izvora energije\u201c OPKK. Ovi ESIF Krediti namijenjeni su financiranju ulaganja u energetsku u\u010dinkovitost u zgradama javnog sektora, u svrhu postizanja energetskih u\u0161teda od najmanje 50% u odnosu na godi\u0161nju potro\u0161nju energije za grijanje\/hla\u0111enje.<\/p>\n<p>Na dnu navedene stranice se nalazi popis ugovorenih ESIF Kredita za energetsku u\u010dinkovitost za javne zgrade.<\/p>\n<p><a href=\"https:\/\/www.hbor.hr\/kreditni_program\/esif-krediti-za-javnu-rasvjetu\/\">ESIF Krediti za javnu rasvjetu<\/a>\u00a0iz Prioritetne osi 4 \u201ePromicanje energetske u\u010dinkovitosti i obnovljivih izvora energije\u201c OPKK. ESIF krediti za javnu rasvjetu formirani su s ciljem podupiranja ostvarenja energetskih u\u0161teda u sustavima javne rasvjete koje \u0107e rezultirati smanjenjem potro\u0161nje elektri\u010dne energije od minimalno 50%.<\/p>\n<p>Na dnu navedene \u00a0stranice se nalazi popis ugovorenih ESIF Kredita za javnu rasvjetu.<\/p>\n<p>&nbsp;<\/p>\n<p><strong>HAMAG-BICRO <\/strong>vrlo uspje\u0161no provodi <a href=\"http:\/\/hamagbicro.hr\/financijski-instrumenti\/\">6 financijskih instrumenata<\/a> iz Prioritetne osi 3 \u201ePoslovna konkurentnost\u201c OPKK:<\/p>\n<p>ESIF Ograni\u010deno portfeljno jamstvo,<\/p>\n<p>ESIF Pojedina\u010dno jamstvo bez subvencije kamatne stope,<\/p>\n<p>ESIF Pojedina\u010dno jamstvo uz subvenciju kamatne stope,<\/p>\n<p>ESIF Mikro zajmovi i<\/p>\n<p>ESIF Mali zajmovi<\/p>\n<p>COVID-19 zajam.<\/p>\n<p>Na poveznicama se nalaze uspje\u0161no financirani projekti kroz proteklo razdoblje:<\/p>\n<p><a href=\"http:\/\/hamagbicro.hr\/financijski-instrumenti\/kako-do-zajma\/financirani-projekti\/\">Popis ispla\u0107enih ESIF zajmova<\/a><\/p>\n<p><a href=\"http:\/\/hamagbicro.hr\/financijski-instrumenti\/kako-do-jamstva\/msp\/esif-jamstva\/financirani-projekti\/\">Popis izdanih ESIF jamstava<\/a><\/p>\n<p><a href=\"https:\/\/hamagbicro.hr\/financijski-instrumenti\/kako-do-jamstva\/msp\/portfeljna\/financirani-projekti\/\" target=\"_blank\" rel=\"noopener noreferrer\" data-auth=\"NotApplicable\" data-linkindex=\"7\">Popis izdanih ESIF ograni\u010denih portfeljnih jamstava<\/a><\/p>\n<p>&nbsp;<\/p>\n<p><strong>\u201eEIF <\/strong>provodi financijski instrument <strong>ESIF Fond rizi\u010dnog kapitala<\/strong>. Ovaj financijski instrument je usmjeren na ranije faze ulaganja za inovativne poduzetnike u tehnolo\u0161kim sektorima sa visokim potencijalom rasta, poglavito u one sektore koji su identificirani u Strategiji pametne specijalizacije RH.<\/p>\n<p>EIF je u natjecateljskom postupku, putem Javnog poziva za iskazivanje interesa za odabir upravitelja ESIF Fonda rizi\u010dnog kapitala iz lipnja 2018., odabrao Fil Rouge Capital za Upravitelja fonda koji \u0107e mo\u0107i ulo\u017eiti 42 milijuna eura u \u010ditav spektar poduzetnika po\u010detnika, od najranije faze inkubacije, preko akceleracije i kona\u010dno do faze rasta i inozemne ekspanzije.<\/p>\n<p>Fond se sastoji od dvije komponente, odnosno od akceleratorskog programa posve\u0107enog inovativnim start-upovima koji imaju samo poslovnu ideju (Start-up \u0161kola) ili prototip (Akcelerator), te vlasni\u010dkih ulaganja (VC) namijenjenih tvrtkama koje ve\u0107 posluje i imaju prve kupce (scale up), a koji su ve\u0107 pro\u0161li ranu fazu razvoja. Akcelerator \u0107e imati na raspolaganju vi\u0161e od 9 milijuna eura, VC dio \u0107e iznositi oko 33 milijuna eura i vi\u0161e, ovisno o privu\u010denom privatnom kapitalu koji \u0107e se ulagati paralelno s EU sredstvima.<\/p>\n<p>Prijave su otvorene za obje komponente, a prva generacija Start-up \u0161kole i Akceleratora zapo\u010dela je u rujnu 2019.<\/p>\n<p><a href=\"https:\/\/arhiva.strukturnifondovi.hr\/wp-content\/uploads\/2020\/09\/Izmjena-Programa-i-Program-deminimis_Akcelerator.pdf\">Program dodjele potpora male vrijednosti za Akcelerator komponentu financijskog instrumenta &#8220;ESIF Fond rizi\u010dnog kapitala&#8221;<\/a><\/p>\n<p>Na\u00a0<a href=\"https:\/\/filrougecapital.com\/statutory-information\/\" target=\"_blank\" rel=\"noopener noreferrer\" data-auth=\"NotApplicable\" data-linkindex=\"9\">poveznici<\/a> se nalaze uspje\u0161no financirani projekti kroz proteklo razdoblje.<\/p>\n<p>S obzirom na trenutnu ekonomsku situaciju i sve ve\u0107u oskudnost javnih resursa, o\u010dekuje da \u0107e financijski instrumenti imati jo\u0161 zna\u010dajniju ulogu u budu\u0107nosti.<\/p>\n<p>U nastavku se nalaze Ex ante procjene temeljem koji se provode financijski instrumenti s ciljem uklanjanja postoje\u0107eg tr\u017ei\u0161nog jaza:<\/p>\n<p style=\"padding-left: 60px;\"><a href=\"https:\/\/arhiva.strukturnifondovi.hr\/wp-content\/uploads\/2019\/02\/Assessing-the-potential-future-use-of-FI-in-Croatia.pdf\">Ex-ante procjena \u2013 PO4 (na engleskom jeziku)<\/a><\/p>\n<p style=\"padding-left: 60px;\"><a href=\"https:\/\/arhiva.strukturnifondovi.hr\/wp-content\/uploads\/2019\/02\/Sa\u017eetak-preliminarne-analize_EIB.pdf\">Sa\u017eetak Ex-ante procjene &#8211; PO4<\/a><\/p>\n<p style=\"padding-left: 60px;\"><a href=\"https:\/\/arhiva.strukturnifondovi.hr\/wp-content\/uploads\/2020\/03\/Ex-ante-Assessment-Report_v.1.7_change-log_30-03-2020.pdf\">Ex-ante procjena \u2013 PO3 (na engleskom jeziku)<\/a><\/p>\n<p style=\"padding-left: 60px;\"><a href=\"https:\/\/arhiva.strukturnifondovi.hr\/wp-content\/uploads\/2020\/03\/FINAL_Sazetak-ex-ante-studije_TO3_v1.7_30-03-2020.pdf\">Sa\u017eetak Ex-ante procjene &#8211; PO3<\/a><\/p>\n","protected":false},"excerpt":{"rendered":"<p>&nbsp; Financijski instrumenti predstavljaju novi na\u010din kori\u0161tenja sredstava fondova Europske unije, a dolaze u obliku kreditnih linija, garancijskih shema i&#8230;<\/p>\n","protected":false},"author":795,"featured_media":9460,"parent":0,"menu_order":0,"comment_status":"closed","ping_status":"closed","template":"","meta":{"inline_featured_image":false,"footnotes":""},"class_list":["post-6275","page","type-page","status-publish","has-post-thumbnail","hentry"],"yoast_head":"<!-- This site is optimized with the Yoast SEO plugin v26.8 - https:\/\/yoast.com\/product\/yoast-seo-wordpress\/ -->\n<title>Financijski instrumenti (FI) - Europski strukturni i investicijski fondovi % %<\/title>\n<meta name=\"robots\" content=\"index, follow, max-snippet:-1, max-image-preview:large, max-video-preview:-1\" \/>\n<link rel=\"canonical\" href=\"https:\/\/arhiva.strukturnifondovi.hr\/financijski-instrumenti\/\" \/>\n<meta property=\"og:locale\" content=\"en_US\" \/>\n<meta property=\"og:type\" content=\"article\" \/>\n<meta property=\"og:title\" content=\"Financijski instrumenti (FI) - Europski strukturni i investicijski fondovi % %\" \/>\n<meta property=\"og:description\" content=\"&nbsp; Financijski instrumenti predstavljaju novi na\u010din kori\u0161tenja sredstava fondova Europske unije, a dolaze u obliku kreditnih linija, garancijskih shema i...\" \/>\n<meta property=\"og:url\" content=\"https:\/\/arhiva.strukturnifondovi.hr\/financijski-instrumenti\/\" \/>\n<meta property=\"og:site_name\" content=\"Europski strukturni i investicijski fondovi\" \/>\n<meta property=\"article:modified_time\" content=\"2022-05-16T08:58:53+00:00\" \/>\n<meta property=\"og:image\" content=\"https:\/\/arhiva.strukturnifondovi.hr\/wp-content\/uploads\/2018\/05\/ESIF-Logo.png\" \/>\n\t<meta property=\"og:image:width\" content=\"304\" \/>\n\t<meta property=\"og:image:height\" content=\"89\" \/>\n\t<meta property=\"og:image:type\" content=\"image\/png\" \/>\n<meta name=\"twitter:card\" content=\"summary_large_image\" \/>\n<meta name=\"twitter:label1\" content=\"Est. reading time\" \/>\n\t<meta name=\"twitter:data1\" content=\"4 minutes\" \/>\n<script type=\"application\/ld+json\" class=\"yoast-schema-graph\">{\"@context\":\"https:\/\/schema.org\",\"@graph\":[{\"@type\":\"WebPage\",\"@id\":\"https:\/\/arhiva.strukturnifondovi.hr\/financijski-instrumenti\/\",\"url\":\"https:\/\/arhiva.strukturnifondovi.hr\/financijski-instrumenti\/\",\"name\":\"Financijski instrumenti (FI) - Europski strukturni i investicijski fondovi % %\",\"isPartOf\":{\"@id\":\"https:\/\/arhiva.strukturnifondovi.hr\/#website\"},\"primaryImageOfPage\":{\"@id\":\"https:\/\/arhiva.strukturnifondovi.hr\/financijski-instrumenti\/#primaryimage\"},\"image\":{\"@id\":\"https:\/\/arhiva.strukturnifondovi.hr\/financijski-instrumenti\/#primaryimage\"},\"thumbnailUrl\":\"https:\/\/arhiva.strukturnifondovi.hr\/wp-content\/uploads\/2018\/05\/ESIF-Logo.png\",\"datePublished\":\"2018-02-23T13:04:23+00:00\",\"dateModified\":\"2022-05-16T08:58:53+00:00\",\"breadcrumb\":{\"@id\":\"https:\/\/arhiva.strukturnifondovi.hr\/financijski-instrumenti\/#breadcrumb\"},\"inLanguage\":\"en-US\",\"potentialAction\":[{\"@type\":\"ReadAction\",\"target\":[\"https:\/\/arhiva.strukturnifondovi.hr\/financijski-instrumenti\/\"]}]},{\"@type\":\"ImageObject\",\"inLanguage\":\"en-US\",\"@id\":\"https:\/\/arhiva.strukturnifondovi.hr\/financijski-instrumenti\/#primaryimage\",\"url\":\"https:\/\/arhiva.strukturnifondovi.hr\/wp-content\/uploads\/2018\/05\/ESIF-Logo.png\",\"contentUrl\":\"https:\/\/arhiva.strukturnifondovi.hr\/wp-content\/uploads\/2018\/05\/ESIF-Logo.png\",\"width\":\"304\",\"height\":\"89\"},{\"@type\":\"BreadcrumbList\",\"@id\":\"https:\/\/arhiva.strukturnifondovi.hr\/financijski-instrumenti\/#breadcrumb\",\"itemListElement\":[{\"@type\":\"ListItem\",\"position\":1,\"name\":\"Home\",\"item\":\"https:\/\/arhiva.strukturnifondovi.hr\/en\/\"},{\"@type\":\"ListItem\",\"position\":2,\"name\":\"Financijski instrumenti (FI)\"}]},{\"@type\":\"WebSite\",\"@id\":\"https:\/\/arhiva.strukturnifondovi.hr\/#website\",\"url\":\"https:\/\/arhiva.strukturnifondovi.hr\/\",\"name\":\"Europski strukturni i investicijski fondovi\",\"description\":\"Europski strukturni i investicijski fondovi\",\"publisher\":{\"@id\":\"https:\/\/arhiva.strukturnifondovi.hr\/#organization\"},\"potentialAction\":[{\"@type\":\"SearchAction\",\"target\":{\"@type\":\"EntryPoint\",\"urlTemplate\":\"https:\/\/arhiva.strukturnifondovi.hr\/?s={search_term_string}\"},\"query-input\":{\"@type\":\"PropertyValueSpecification\",\"valueRequired\":true,\"valueName\":\"search_term_string\"}}],\"inLanguage\":\"en-US\"},{\"@type\":\"Organization\",\"@id\":\"https:\/\/arhiva.strukturnifondovi.hr\/#organization\",\"name\":\"Ministarstvo regionalnoga razvoja i fondova Europske unije\",\"url\":\"https:\/\/arhiva.strukturnifondovi.hr\/\",\"logo\":{\"@type\":\"ImageObject\",\"inLanguage\":\"en-US\",\"@id\":\"https:\/\/arhiva.strukturnifondovi.hr\/#\/schema\/logo\/image\/\",\"url\":\"https:\/\/arhiva.strukturnifondovi.hr\/wp-content\/uploads\/2022\/03\/ESI-logotip_boja_bez-pozadine_manji.png\",\"contentUrl\":\"https:\/\/arhiva.strukturnifondovi.hr\/wp-content\/uploads\/2022\/03\/ESI-logotip_boja_bez-pozadine_manji.png\",\"width\":1256,\"height\":413,\"caption\":\"Ministarstvo regionalnoga razvoja i fondova Europske unije\"},\"image\":{\"@id\":\"https:\/\/arhiva.strukturnifondovi.hr\/#\/schema\/logo\/image\/\"}}]}<\/script>\n<!-- \/ Yoast SEO plugin. -->","yoast_head_json":{"title":"Financijski instrumenti (FI) - Europski strukturni i investicijski fondovi % %","robots":{"index":"index","follow":"follow","max-snippet":"max-snippet:-1","max-image-preview":"max-image-preview:large","max-video-preview":"max-video-preview:-1"},"canonical":"https:\/\/arhiva.strukturnifondovi.hr\/financijski-instrumenti\/","og_locale":"en_US","og_type":"article","og_title":"Financijski instrumenti (FI) - Europski strukturni i investicijski fondovi % %","og_description":"&nbsp; Financijski instrumenti predstavljaju novi na\u010din kori\u0161tenja sredstava fondova Europske unije, a dolaze u obliku kreditnih linija, garancijskih shema i...","og_url":"https:\/\/arhiva.strukturnifondovi.hr\/financijski-instrumenti\/","og_site_name":"Europski strukturni i investicijski fondovi","article_modified_time":"2022-05-16T08:58:53+00:00","og_image":[{"width":304,"height":89,"url":"https:\/\/arhiva.strukturnifondovi.hr\/wp-content\/uploads\/2018\/05\/ESIF-Logo.png","type":"image\/png"}],"twitter_card":"summary_large_image","twitter_misc":{"Est. reading time":"4 minutes"},"schema":{"@context":"https:\/\/schema.org","@graph":[{"@type":"WebPage","@id":"https:\/\/arhiva.strukturnifondovi.hr\/financijski-instrumenti\/","url":"https:\/\/arhiva.strukturnifondovi.hr\/financijski-instrumenti\/","name":"Financijski instrumenti (FI) - Europski strukturni i investicijski fondovi % %","isPartOf":{"@id":"https:\/\/arhiva.strukturnifondovi.hr\/#website"},"primaryImageOfPage":{"@id":"https:\/\/arhiva.strukturnifondovi.hr\/financijski-instrumenti\/#primaryimage"},"image":{"@id":"https:\/\/arhiva.strukturnifondovi.hr\/financijski-instrumenti\/#primaryimage"},"thumbnailUrl":"https:\/\/arhiva.strukturnifondovi.hr\/wp-content\/uploads\/2018\/05\/ESIF-Logo.png","datePublished":"2018-02-23T13:04:23+00:00","dateModified":"2022-05-16T08:58:53+00:00","breadcrumb":{"@id":"https:\/\/arhiva.strukturnifondovi.hr\/financijski-instrumenti\/#breadcrumb"},"inLanguage":"en-US","potentialAction":[{"@type":"ReadAction","target":["https:\/\/arhiva.strukturnifondovi.hr\/financijski-instrumenti\/"]}]},{"@type":"ImageObject","inLanguage":"en-US","@id":"https:\/\/arhiva.strukturnifondovi.hr\/financijski-instrumenti\/#primaryimage","url":"https:\/\/arhiva.strukturnifondovi.hr\/wp-content\/uploads\/2018\/05\/ESIF-Logo.png","contentUrl":"https:\/\/arhiva.strukturnifondovi.hr\/wp-content\/uploads\/2018\/05\/ESIF-Logo.png","width":"304","height":"89"},{"@type":"BreadcrumbList","@id":"https:\/\/arhiva.strukturnifondovi.hr\/financijski-instrumenti\/#breadcrumb","itemListElement":[{"@type":"ListItem","position":1,"name":"Home","item":"https:\/\/arhiva.strukturnifondovi.hr\/en\/"},{"@type":"ListItem","position":2,"name":"Financijski instrumenti (FI)"}]},{"@type":"WebSite","@id":"https:\/\/arhiva.strukturnifondovi.hr\/#website","url":"https:\/\/arhiva.strukturnifondovi.hr\/","name":"Europski strukturni i investicijski fondovi","description":"Europski strukturni i investicijski fondovi","publisher":{"@id":"https:\/\/arhiva.strukturnifondovi.hr\/#organization"},"potentialAction":[{"@type":"SearchAction","target":{"@type":"EntryPoint","urlTemplate":"https:\/\/arhiva.strukturnifondovi.hr\/?s={search_term_string}"},"query-input":{"@type":"PropertyValueSpecification","valueRequired":true,"valueName":"search_term_string"}}],"inLanguage":"en-US"},{"@type":"Organization","@id":"https:\/\/arhiva.strukturnifondovi.hr\/#organization","name":"Ministarstvo regionalnoga razvoja i fondova Europske unije","url":"https:\/\/arhiva.strukturnifondovi.hr\/","logo":{"@type":"ImageObject","inLanguage":"en-US","@id":"https:\/\/arhiva.strukturnifondovi.hr\/#\/schema\/logo\/image\/","url":"https:\/\/arhiva.strukturnifondovi.hr\/wp-content\/uploads\/2022\/03\/ESI-logotip_boja_bez-pozadine_manji.png","contentUrl":"https:\/\/arhiva.strukturnifondovi.hr\/wp-content\/uploads\/2022\/03\/ESI-logotip_boja_bez-pozadine_manji.png","width":1256,"height":413,"caption":"Ministarstvo regionalnoga razvoja i fondova Europske unije"},"image":{"@id":"https:\/\/arhiva.strukturnifondovi.hr\/#\/schema\/logo\/image\/"}}]}},"_links":{"self":[{"href":"https:\/\/arhiva.strukturnifondovi.hr\/en\/wp-json\/wp\/v2\/pages\/6275","targetHints":{"allow":["GET"]}}],"collection":[{"href":"https:\/\/arhiva.strukturnifondovi.hr\/en\/wp-json\/wp\/v2\/pages"}],"about":[{"href":"https:\/\/arhiva.strukturnifondovi.hr\/en\/wp-json\/wp\/v2\/types\/page"}],"author":[{"embeddable":true,"href":"https:\/\/arhiva.strukturnifondovi.hr\/en\/wp-json\/wp\/v2\/users\/795"}],"replies":[{"embeddable":true,"href":"https:\/\/arhiva.strukturnifondovi.hr\/en\/wp-json\/wp\/v2\/comments?post=6275"}],"version-history":[{"count":122,"href":"https:\/\/arhiva.strukturnifondovi.hr\/en\/wp-json\/wp\/v2\/pages\/6275\/revisions"}],"predecessor-version":[{"id":103915,"href":"https:\/\/arhiva.strukturnifondovi.hr\/en\/wp-json\/wp\/v2\/pages\/6275\/revisions\/103915"}],"wp:featuredmedia":[{"embeddable":true,"href":"https:\/\/arhiva.strukturnifondovi.hr\/en\/wp-json\/wp\/v2\/media\/9460"}],"wp:attachment":[{"href":"https:\/\/arhiva.strukturnifondovi.hr\/en\/wp-json\/wp\/v2\/media?parent=6275"}],"curies":[{"name":"wp","href":"https:\/\/api.w.org\/{rel}","templated":true}]}}