{"id":7308,"date":"2018-03-23T16:01:00","date_gmt":"2018-03-23T15:01:00","guid":{"rendered":"https:\/\/arhiva.strukturnifondovi.hr\/?page_id=7308"},"modified":"2018-09-11T11:02:54","modified_gmt":"2018-09-11T09:02:54","slug":"zdravlje-za-rast-treci-visegodisnji-program-djelovanja-eu-na-podrucju-zdravstva-za-razdoblje-2014-2020","status":"publish","type":"page","link":"https:\/\/arhiva.strukturnifondovi.hr\/en\/zdravlje-za-rast-treci-visegodisnji-program-djelovanja-eu-na-podrucju-zdravstva-za-razdoblje-2014-2020\/","title":{"rendered":"Zdravlje za rast (Health for Growth) &#8211; Tre\u0107i vi\u0161egodi\u0161nji program djelovanja EU na podru\u010dju zdravstva za razdoblje 2014. \u2013 2020."},"content":{"rendered":"<h4><strong><span style=\"color: #333399;\">PRORA\u010cUN PROGRAMA &#8211; 449 milijuna eura<\/span><\/strong><\/h4>\n<hr \/>\n<h4><strong><span style=\"color: #333399;\">CILJEVI<\/span><\/strong><\/h4>\n<p>Program Zdravlje za rast tre\u0107a je akcija koja financira ciljeve zdravstvene strategije EU. Cilj ovog programa je rad s dr\u017eavama \u010dlanicama za poticanje inovacija u zdravstvu i pove\u0107anje odr\u017eivosti zdravstvenih sustava, pobolj\u0161anje zdravlja gra\u0111ana EU te za\u0161tita od prekograni\u010dnih zdravstvenih prijetnji.<\/p>\n<p>Op\u0107i ciljevi Programa su nadopuniti, podupirati i pove\u0107ati vrijednost politika dr\u017eava \u010dlanica za pobolj\u0161anje zdravlja gra\u0111ana Unije te smanjiti nejednakosti u podru\u010dju zdravlja promicanjem zdravlja, poticanjem inovacija u zdravstvu, pove\u0107anjem odr\u017eivosti zdravstvenih sustava i za\u0161titom gra\u0111ana Unije od ozbiljnih prekograni\u010dnih prijetnji zdravlju.<\/p>\n<p>Program \u0107e unaprijediti ciljeve Europa 2020 strategije poticanjem zdravlja kao neophodnog uvjeta za pametan, odr\u017eiv i uklju\u010div rast. Nadovezuju\u0107i se na postignu\u0107a iz prija\u0161njih zdravstvenih programa, novi program usmjeren je na klju\u010dne ciljeve i prioritete u kojem Europa mo\u017ee pru\u017eiti dodanu vrijednost nastojanjima dr\u017eava \u010dlanica.<\/p>\n<p>Program \u0107e omogu\u0107iti ja\u010danje djelovanja u cilju promicanja zdravlja i spre\u010davanja bolesti, bolju pripremljenost u cilju za\u0161tite gra\u0111ana u hitnim zdravstvenim slu\u010dajevima i koordinaciju aktivnosti za njihovo rje\u0161avanje na europskoj razini, pove\u0107anje udjela inovacija u podru\u010dju zdravstva i pobolj\u0161ani pristup medicinskoj stru\u010dnosti i informacijama, te pobolj\u0161anje kvalitete zdravstvene za\u0161tite i sigurnosti pacijenata.<\/p>\n<p>Specifi\u010dni ciljevi programa su:<\/p>\n<ol>\n<li>Doprinos inovativnom i odr\u017eivom zdravstvenom sustavu<\/li>\n<li>Pove\u0107anje pristupa boljem i sigurnijem zdravstvu za gra\u0111ane<\/li>\n<li>Promicanje zdravlja i prevencija bolesti<\/li>\n<li>Za\u0161tita gra\u0111ana od prekograni\u010dnih zdravstvenih prijetnji<\/li>\n<\/ol>\n<p>&nbsp;<\/p>\n<h4><span style=\"color: #333399;\"><strong>AKTIVNOSTI<\/strong><\/span><\/h4>\n<ol>\n<li>Doprinos inovativnom i odr\u017eivom zdravstvenom sustavu kroz promicanje prekograni\u010dne suradnje, promoviranje zdravstvenih inovacija i e-zdravstva, podr\u0161ka zdravstvenim radnicima kroz promociju strategije u\u010dinkovitog zapo\u0161ljavanja i zadr\u017eavanja radnika, osiguranje stru\u010dne pomo\u0107i za dr\u017eave \u010dlanice kojima je potrebna reforma zdravstva.<\/li>\n<li>Pove\u0107anje pristupa boljem i sigurnijem zdravstvu za gra\u0111ane kroz potporu i akreditaciju Europske mre\u017ee izvrsnosti, ja\u010danje suradnje za sigurnost pacijenata i kvalitetu zdravstvene za\u0161tite, pove\u0107anje dostupnosti informacija pacijentima, razmjena najboljih praksi, poja\u010davanje oprezne uporabe antimikrobnih lijekova u humanoj medicini i smanjivanje praksi koje pove\u0107avaju antimikrobnu otpornost, poticanje sustava zdravstvenog znanja kroz dono\u0161enje odluka temeljenih na dokazima.<\/li>\n<li>Promicanje zdravlja i prevencija bolesti\u00a0\u00a0kroz razmjenu primjera dobrih praksi o klju\u010dnim zdravstvenim pitanjima, potpora prevenciji kroni\u010dnih bolesti, aktivnosti koje doprinose zakonodavnim ciljevima EU u podru\u010dju kori\u0161tenja duhanskih proizvoda.<\/li>\n<li>Za\u0161tita gra\u0111ana od prekograni\u010dnih zdravstvenih prijetnji kroz ja\u010danje spremnosti i odgovora na ozbiljne prekograni\u010dne zdravstvene rizike, pobolj\u0161anje sposobnosti procjene rizika i mapiranje postoje\u0107ih procjena, izgradnja kapaciteta za podr\u0161ku zdravstvenim prijetnjama u dr\u017eavama \u010dlanicama.<\/li>\n<\/ol>\n<p>&nbsp;<\/p>\n<h4><strong><span style=\"color: #333399;\">POTENCIJALNI KORISNICI<\/span> <\/strong><\/h4>\n<p>Tijela javne vlasti, tijela u javnom sektoru, posebice za istra\u017eivanje i zdravstvene ustanove, sveu\u010dili\u0161ta i ustanove visokog obrazovanja. Samo u odre\u0111enim natje\u010dajima prijavitelji mogu biti pravne osobe koje su nevladine i neprofitne organizacije koje rade u podru\u010dju javnog zdravstva te su aktivne na razini Unije.<\/p>\n<p>&nbsp;<\/p>\n<div class=\"accordion version_2\"><\/p>\n<h2><span class=\"naslov\">KORISNE POVEZNICE I KONTAKTI<\/span><\/h2><div><\/p>\n<p><strong>Ministarstvo zdravstva<\/strong><\/p>\n<p>prim. \u017deljko Plazoni\u0107, dr.med., dr\u017eavni tajnik<\/p>\n<p>Kontakt:<\/p>\n<p>Dunja Skoko Poljak<\/p>\n<p>01 4607 531; dunja.skoko-poljak@miz.hr<\/p>\n<p>&nbsp;<\/p>\n<p><strong>Hrvatski zavod za javno zdravstvo\u00a0 <\/strong><\/p>\n<p>Ravnatelj, doc. dr. sc. Krunoslav Capak, prim. dr. med.<\/p>\n<p>Kontakt:<\/p>\n<p>NCP &#8211; Martina Jelini\u0107<\/p>\n<p>01 4863 270; martina.jelinic@hzjz.hr<\/p>\n<p>&nbsp;<\/p>\n<p><strong>Dr\u017eavni zavod za radiolo\u0161ku i nuklearnu sigurnost<\/strong><\/p>\n<p>Ravnatelj, mr.sc. Sa\u0161a Medakovi\u0107<\/p>\n<h4><strong><span style=\"color: #333399;\">SAZNAJ VI\u0160E:<\/span><\/strong><\/h4>\n<p><a class=\"button primary small\" href=\"https:\/\/ec.europa.eu\/health\/funding\/programme_en\">Europska komisija<\/a> <a class=\"button transparent small\" href=\"https:\/\/zdravlje.gov.hr\/programi-i-projekti\/medjunarodni-projekti-i-eu-fondovi\/eu-projekti\/treci-program-djelovanja-unije-u-podrucju-zdravlja-2014-2020\/1573\">Ministarstvo zdravstva<\/a><\/p>\n<\/div><\/p>\n<\/div>\n<p>&nbsp;<\/p>\n","protected":false},"excerpt":{"rendered":"<p>PRORA\u010cUN PROGRAMA &#8211; 449 milijuna eura CILJEVI Program Zdravlje za rast tre\u0107a je akcija koja financira ciljeve zdravstvene strategije EU&#8230;.<\/p>\n","protected":false},"author":795,"featured_media":0,"parent":0,"menu_order":0,"comment_status":"closed","ping_status":"closed","template":"page-template2.php","meta":{"inline_featured_image":false,"footnotes":""},"class_list":["post-7308","page","type-page","status-publish","hentry"],"yoast_head":"<!-- This site is optimized with the Yoast SEO plugin v26.8 - https:\/\/yoast.com\/product\/yoast-seo-wordpress\/ -->\n<title>Zdravlje za rast (Health for Growth) - Tre\u0107i vi\u0161egodi\u0161nji program djelovanja EU na podru\u010dju zdravstva za razdoblje 2014. \u2013 2020. - Europski strukturni i investicijski fondovi % %<\/title>\n<meta name=\"robots\" content=\"index, follow, max-snippet:-1, max-image-preview:large, max-video-preview:-1\" \/>\n<link rel=\"canonical\" href=\"https:\/\/arhiva.strukturnifondovi.hr\/zdravlje-za-rast-treci-visegodisnji-program-djelovanja-eu-na-podrucju-zdravstva-za-razdoblje-2014-2020\/\" \/>\n<meta property=\"og:locale\" content=\"en_US\" \/>\n<meta property=\"og:type\" content=\"article\" \/>\n<meta property=\"og:title\" content=\"Zdravlje za rast (Health for Growth) - Tre\u0107i vi\u0161egodi\u0161nji program djelovanja EU na podru\u010dju zdravstva za razdoblje 2014. \u2013 2020. - Europski strukturni i investicijski fondovi % %\" \/>\n<meta property=\"og:description\" content=\"PRORA\u010cUN PROGRAMA &#8211; 449 milijuna eura CILJEVI Program Zdravlje za rast tre\u0107a je akcija koja financira ciljeve zdravstvene strategije EU....\" \/>\n<meta property=\"og:url\" content=\"https:\/\/arhiva.strukturnifondovi.hr\/zdravlje-za-rast-treci-visegodisnji-program-djelovanja-eu-na-podrucju-zdravstva-za-razdoblje-2014-2020\/\" \/>\n<meta property=\"og:site_name\" content=\"Europski strukturni i investicijski fondovi\" \/>\n<meta property=\"article:modified_time\" content=\"2018-09-11T09:02:54+00:00\" \/>\n<meta name=\"twitter:card\" content=\"summary_large_image\" \/>\n<meta name=\"twitter:label1\" content=\"Est. reading time\" \/>\n\t<meta name=\"twitter:data1\" content=\"3 minutes\" \/>\n<script type=\"application\/ld+json\" class=\"yoast-schema-graph\">{\"@context\":\"https:\/\/schema.org\",\"@graph\":[{\"@type\":\"WebPage\",\"@id\":\"https:\/\/arhiva.strukturnifondovi.hr\/zdravlje-za-rast-treci-visegodisnji-program-djelovanja-eu-na-podrucju-zdravstva-za-razdoblje-2014-2020\/\",\"url\":\"https:\/\/arhiva.strukturnifondovi.hr\/zdravlje-za-rast-treci-visegodisnji-program-djelovanja-eu-na-podrucju-zdravstva-za-razdoblje-2014-2020\/\",\"name\":\"Zdravlje za rast (Health for Growth) - Tre\u0107i vi\u0161egodi\u0161nji program djelovanja EU na podru\u010dju zdravstva za razdoblje 2014. \u2013 2020. - Europski strukturni i investicijski fondovi % %\",\"isPartOf\":{\"@id\":\"https:\/\/arhiva.strukturnifondovi.hr\/#website\"},\"datePublished\":\"2018-03-23T15:01:00+00:00\",\"dateModified\":\"2018-09-11T09:02:54+00:00\",\"breadcrumb\":{\"@id\":\"https:\/\/arhiva.strukturnifondovi.hr\/zdravlje-za-rast-treci-visegodisnji-program-djelovanja-eu-na-podrucju-zdravstva-za-razdoblje-2014-2020\/#breadcrumb\"},\"inLanguage\":\"en-US\",\"potentialAction\":[{\"@type\":\"ReadAction\",\"target\":[\"https:\/\/arhiva.strukturnifondovi.hr\/zdravlje-za-rast-treci-visegodisnji-program-djelovanja-eu-na-podrucju-zdravstva-za-razdoblje-2014-2020\/\"]}]},{\"@type\":\"BreadcrumbList\",\"@id\":\"https:\/\/arhiva.strukturnifondovi.hr\/zdravlje-za-rast-treci-visegodisnji-program-djelovanja-eu-na-podrucju-zdravstva-za-razdoblje-2014-2020\/#breadcrumb\",\"itemListElement\":[{\"@type\":\"ListItem\",\"position\":1,\"name\":\"Home\",\"item\":\"https:\/\/arhiva.strukturnifondovi.hr\/en\/\"},{\"@type\":\"ListItem\",\"position\":2,\"name\":\"Zdravlje za rast (Health for Growth) &#8211; Tre\u0107i vi\u0161egodi\u0161nji program djelovanja EU na podru\u010dju zdravstva za razdoblje 2014. \u2013 2020.\"}]},{\"@type\":\"WebSite\",\"@id\":\"https:\/\/arhiva.strukturnifondovi.hr\/#website\",\"url\":\"https:\/\/arhiva.strukturnifondovi.hr\/\",\"name\":\"Europski strukturni i investicijski fondovi\",\"description\":\"Europski strukturni i investicijski fondovi\",\"publisher\":{\"@id\":\"https:\/\/arhiva.strukturnifondovi.hr\/#organization\"},\"potentialAction\":[{\"@type\":\"SearchAction\",\"target\":{\"@type\":\"EntryPoint\",\"urlTemplate\":\"https:\/\/arhiva.strukturnifondovi.hr\/?s={search_term_string}\"},\"query-input\":{\"@type\":\"PropertyValueSpecification\",\"valueRequired\":true,\"valueName\":\"search_term_string\"}}],\"inLanguage\":\"en-US\"},{\"@type\":\"Organization\",\"@id\":\"https:\/\/arhiva.strukturnifondovi.hr\/#organization\",\"name\":\"Ministarstvo regionalnoga razvoja i fondova Europske unije\",\"url\":\"https:\/\/arhiva.strukturnifondovi.hr\/\",\"logo\":{\"@type\":\"ImageObject\",\"inLanguage\":\"en-US\",\"@id\":\"https:\/\/arhiva.strukturnifondovi.hr\/#\/schema\/logo\/image\/\",\"url\":\"https:\/\/arhiva.strukturnifondovi.hr\/wp-content\/uploads\/2022\/03\/ESI-logotip_boja_bez-pozadine_manji.png\",\"contentUrl\":\"https:\/\/arhiva.strukturnifondovi.hr\/wp-content\/uploads\/2022\/03\/ESI-logotip_boja_bez-pozadine_manji.png\",\"width\":1256,\"height\":413,\"caption\":\"Ministarstvo regionalnoga razvoja i fondova Europske unije\"},\"image\":{\"@id\":\"https:\/\/arhiva.strukturnifondovi.hr\/#\/schema\/logo\/image\/\"}}]}<\/script>\n<!-- \/ Yoast SEO plugin. -->","yoast_head_json":{"title":"Zdravlje za rast (Health for Growth) - Tre\u0107i vi\u0161egodi\u0161nji program djelovanja EU na podru\u010dju zdravstva za razdoblje 2014. \u2013 2020. - Europski strukturni i investicijski fondovi % %","robots":{"index":"index","follow":"follow","max-snippet":"max-snippet:-1","max-image-preview":"max-image-preview:large","max-video-preview":"max-video-preview:-1"},"canonical":"https:\/\/arhiva.strukturnifondovi.hr\/zdravlje-za-rast-treci-visegodisnji-program-djelovanja-eu-na-podrucju-zdravstva-za-razdoblje-2014-2020\/","og_locale":"en_US","og_type":"article","og_title":"Zdravlje za rast (Health for Growth) - Tre\u0107i vi\u0161egodi\u0161nji program djelovanja EU na podru\u010dju zdravstva za razdoblje 2014. \u2013 2020. - Europski strukturni i investicijski fondovi % %","og_description":"PRORA\u010cUN PROGRAMA &#8211; 449 milijuna eura CILJEVI Program Zdravlje za rast tre\u0107a je akcija koja financira ciljeve zdravstvene strategije EU....","og_url":"https:\/\/arhiva.strukturnifondovi.hr\/zdravlje-za-rast-treci-visegodisnji-program-djelovanja-eu-na-podrucju-zdravstva-za-razdoblje-2014-2020\/","og_site_name":"Europski strukturni i investicijski fondovi","article_modified_time":"2018-09-11T09:02:54+00:00","twitter_card":"summary_large_image","twitter_misc":{"Est. reading time":"3 minutes"},"schema":{"@context":"https:\/\/schema.org","@graph":[{"@type":"WebPage","@id":"https:\/\/arhiva.strukturnifondovi.hr\/zdravlje-za-rast-treci-visegodisnji-program-djelovanja-eu-na-podrucju-zdravstva-za-razdoblje-2014-2020\/","url":"https:\/\/arhiva.strukturnifondovi.hr\/zdravlje-za-rast-treci-visegodisnji-program-djelovanja-eu-na-podrucju-zdravstva-za-razdoblje-2014-2020\/","name":"Zdravlje za rast (Health for Growth) - Tre\u0107i vi\u0161egodi\u0161nji program djelovanja EU na podru\u010dju zdravstva za razdoblje 2014. \u2013 2020. - Europski strukturni i investicijski fondovi % %","isPartOf":{"@id":"https:\/\/arhiva.strukturnifondovi.hr\/#website"},"datePublished":"2018-03-23T15:01:00+00:00","dateModified":"2018-09-11T09:02:54+00:00","breadcrumb":{"@id":"https:\/\/arhiva.strukturnifondovi.hr\/zdravlje-za-rast-treci-visegodisnji-program-djelovanja-eu-na-podrucju-zdravstva-za-razdoblje-2014-2020\/#breadcrumb"},"inLanguage":"en-US","potentialAction":[{"@type":"ReadAction","target":["https:\/\/arhiva.strukturnifondovi.hr\/zdravlje-za-rast-treci-visegodisnji-program-djelovanja-eu-na-podrucju-zdravstva-za-razdoblje-2014-2020\/"]}]},{"@type":"BreadcrumbList","@id":"https:\/\/arhiva.strukturnifondovi.hr\/zdravlje-za-rast-treci-visegodisnji-program-djelovanja-eu-na-podrucju-zdravstva-za-razdoblje-2014-2020\/#breadcrumb","itemListElement":[{"@type":"ListItem","position":1,"name":"Home","item":"https:\/\/arhiva.strukturnifondovi.hr\/en\/"},{"@type":"ListItem","position":2,"name":"Zdravlje za rast (Health for Growth) &#8211; Tre\u0107i vi\u0161egodi\u0161nji program djelovanja EU na podru\u010dju zdravstva za razdoblje 2014. \u2013 2020."}]},{"@type":"WebSite","@id":"https:\/\/arhiva.strukturnifondovi.hr\/#website","url":"https:\/\/arhiva.strukturnifondovi.hr\/","name":"Europski strukturni i investicijski fondovi","description":"Europski strukturni i investicijski fondovi","publisher":{"@id":"https:\/\/arhiva.strukturnifondovi.hr\/#organization"},"potentialAction":[{"@type":"SearchAction","target":{"@type":"EntryPoint","urlTemplate":"https:\/\/arhiva.strukturnifondovi.hr\/?s={search_term_string}"},"query-input":{"@type":"PropertyValueSpecification","valueRequired":true,"valueName":"search_term_string"}}],"inLanguage":"en-US"},{"@type":"Organization","@id":"https:\/\/arhiva.strukturnifondovi.hr\/#organization","name":"Ministarstvo regionalnoga razvoja i fondova Europske unije","url":"https:\/\/arhiva.strukturnifondovi.hr\/","logo":{"@type":"ImageObject","inLanguage":"en-US","@id":"https:\/\/arhiva.strukturnifondovi.hr\/#\/schema\/logo\/image\/","url":"https:\/\/arhiva.strukturnifondovi.hr\/wp-content\/uploads\/2022\/03\/ESI-logotip_boja_bez-pozadine_manji.png","contentUrl":"https:\/\/arhiva.strukturnifondovi.hr\/wp-content\/uploads\/2022\/03\/ESI-logotip_boja_bez-pozadine_manji.png","width":1256,"height":413,"caption":"Ministarstvo regionalnoga razvoja i fondova Europske unije"},"image":{"@id":"https:\/\/arhiva.strukturnifondovi.hr\/#\/schema\/logo\/image\/"}}]}},"_links":{"self":[{"href":"https:\/\/arhiva.strukturnifondovi.hr\/en\/wp-json\/wp\/v2\/pages\/7308","targetHints":{"allow":["GET"]}}],"collection":[{"href":"https:\/\/arhiva.strukturnifondovi.hr\/en\/wp-json\/wp\/v2\/pages"}],"about":[{"href":"https:\/\/arhiva.strukturnifondovi.hr\/en\/wp-json\/wp\/v2\/types\/page"}],"author":[{"embeddable":true,"href":"https:\/\/arhiva.strukturnifondovi.hr\/en\/wp-json\/wp\/v2\/users\/795"}],"replies":[{"embeddable":true,"href":"https:\/\/arhiva.strukturnifondovi.hr\/en\/wp-json\/wp\/v2\/comments?post=7308"}],"version-history":[{"count":46,"href":"https:\/\/arhiva.strukturnifondovi.hr\/en\/wp-json\/wp\/v2\/pages\/7308\/revisions"}],"predecessor-version":[{"id":12721,"href":"https:\/\/arhiva.strukturnifondovi.hr\/en\/wp-json\/wp\/v2\/pages\/7308\/revisions\/12721"}],"wp:attachment":[{"href":"https:\/\/arhiva.strukturnifondovi.hr\/en\/wp-json\/wp\/v2\/media?parent=7308"}],"curies":[{"name":"wp","href":"https:\/\/api.w.org\/{rel}","templated":true}]}}