{"id":7745,"date":"2018-04-11T16:30:15","date_gmt":"2018-04-11T14:30:15","guid":{"rendered":"https:\/\/arhiva.strukturnifondovi.hr\/?page_id=7745"},"modified":"2018-05-03T10:37:30","modified_gmt":"2018-05-03T08:37:30","slug":"tjedan-eu-fondova-2018-krapina-sibenik-i-zagreb","status":"publish","type":"page","link":"https:\/\/arhiva.strukturnifondovi.hr\/en\/tjedan-eu-fondova-2018-krapina-sibenik-i-zagreb\/","title":{"rendered":"Tjedan EU fondova 2018.- Zagreb, \u0160ibenik i Marija Bistrica"},"content":{"rendered":"<p>I ove godine, u razdoblju od 24. do 27. travnja, Ministarstvo regionalnoga razvoja i fondova Europske unije organizira \u201eTjedan EU fondova\u201c, koji \u0107e se odr\u017eati u Zagrebu, \u0160ibeniku i Mariji Bistrici.<\/p>\n<p>Cilj doga\u0111aja je \u0161iroj javnosti i potencijalnim korisnicima predstaviti sve\u00a0mogu\u0107nosti kori\u0161tenja\u00a0europskih strukturnih i investicijskih fondova,\u00a0 kao i dobrobiti koju oni nose Hrvatskoj.<\/p>\n<p>Kao nacionalno tijelo odgovorno za koordinaciju informativnih i obrazovnih aktivnosti o kori\u0161tenju europskih strukturnih i investicijskih fondova (ESI fondova), u suradnji s partnerskim institucijama, Ministarstvo regionalnoga razvoja i fondova Europske unije osmislio je program tijekom kojeg \u0107e se predstaviti aktualne mogu\u0107nosti EU sufinanciranja, rezultati i uspje\u0161ni projekti te izazove s kojima se prijavitelji naj\u010de\u0161\u0107e susre\u0107u u praksi.<\/p>\n<p><strong>S obzirom na ograni\u010deni kapacitet dvorane u kojoj se odr\u017eava doga\u0111aj, pozivamo vas da svoje sudjelovanje prijavite putem obrasca i to, sukladno interesu i mogu\u0107nostima za sudjelovanje, za svaki dan posebno.<br \/>\n<\/strong><\/p>\n<p>Program ovogodi\u0161njeg Tjedna EU fondova <a class=\"button primary small\" href=\"https:\/\/arhiva.strukturnifondovi.hr\/wp-content\/uploads\/2018\/04\/Program-TEUF_2018_final-1.pdf\">Preuzmi<\/a><\/p>\n<p><em>Program je podlo\u017ean promjenama stoga su mogu\u0107e manje izmjene.<\/em><\/p>\n<p>&nbsp;<\/p>\n<p><img loading=\"lazy\" decoding=\"async\" class=\"alignnone wp-image-7934\" src=\"https:\/\/arhiva.strukturnifondovi.hr\/wp-content\/uploads\/2018\/04\/TJEDAN_EU_FONDOVA_web_banner.png\" alt=\"\" width=\"635\" height=\"158\" \/><\/p>\n<h3><strong>Utorak, 24. travnja 2018. &#8211; Program ruralnog razvoja 2014.-2020.<\/strong><\/h3>\n<hr \/>\n<p>U utorak 24. travnja, u Bluesun hotelu Kaj u Mariji Bistrici, predstavnici Ministarstva poljoprivrede predstavit \u0107e aktualne natje\u010daje iz Programa ruralnog razvoja 2014.-2020. Prijave za doga\u0111anje pod nazivom <em>Na\u0161e doma\u0107e, sada i ubudu\u0107e \u2013 radionica o novim mjerama financiranja ruralnog razvoja i promocija poljoprivrednih proizvoda,<\/em> u organizaciji Ministarstva poljoprivrede, su otvorene, a sve detalje mo\u017eete saznati na poveznici <a href=\"https:\/\/ruralnirazvoj.hr\/pozivamo-vas-na-radni-rucak-s-ministrom-tolusicem-i-manifestaciju-nase-domace-sada-i-ubuduce-u-mariji-bistrici\/\"><strong>OVDJE<\/strong><\/a>.<\/p>\n<p>&nbsp;<\/p>\n<h3><strong>Srijeda, 25. travnja 2018. &#8211; Operativni program U\u010dinkoviti ljudski potencijali 2014.-2020.<\/strong><\/h3>\n<hr \/>\n<p>U srijedu 25. travnja na tvr\u0111avi sv. Mihovila u \u0160ibeniku, Ministarstvo rada i mirovinskog sustava kroz panel raspravu predstavit \u0107e Operativni program U\u010dinkoviti ljudski potencijali te aktualne mogu\u0107nosti koje proizlaze iz njega.<\/p>\n<p>&nbsp;<\/p>\n<h3><strong>\u010cetvrtak, 26. travnja 2018. &#8211; Operativni program Konkurentnost i kohezija 2014.-2020.<\/strong><\/h3>\n<hr \/>\n<p>U \u010detvrtak 26. travnja u dvorani Kornati City Plaza centra u Zagrebu (Slavonska avenija 6), posjetitelji \u0107e mo\u0107i \u010duti sve o aktualnim mogu\u0107nostima financiranja iz Operativnog programa Konkurentnost i kohezija, primjere uspje\u0161nih korisnika, saznati gdje se najvi\u0161e grije\u0161i prilikom prijava projekata te kako uspje\u0161no realizirati projekt. Ispred dvorana mo\u0107i \u0107e se posjetiti Sajam EU mogu\u0107nosti, pogledati makete Pelje\u0161kog mosta te mosta \u010ciovo, popri\u010dati uspje\u0161nim korisnicima EU sredstava i konzumirati njihove proizvode.<\/p>\n<p>&nbsp;<\/p>\n<h3><strong>Petak, 27. travnja 2018. &#8211; Europska teritorijalna suradnja i Programi Unije<\/strong><\/h3>\n<hr \/>\n<p>U petak 27. travnja posjetite dvoranu City Plaza centra u Zagrebu (Slavonska avenija 6) te saznajte sve o mogu\u0107nostima financiranja kroz Europsku teritorijalnu suradnju i Programe Unije.<\/p>\n<p>&nbsp;<\/p>\n","protected":false},"excerpt":{"rendered":"<p>I ove godine, u razdoblju od 24. do 27. travnja, Ministarstvo regionalnoga razvoja i fondova Europske unije organizira \u201eTjedan EU&#8230;<\/p>\n","protected":false},"author":795,"featured_media":8147,"parent":0,"menu_order":0,"comment_status":"closed","ping_status":"closed","template":"page-template2.php","meta":{"inline_featured_image":false,"footnotes":""},"class_list":["post-7745","page","type-page","status-publish","has-post-thumbnail","hentry"],"yoast_head":"<!-- This site is optimized with the Yoast SEO plugin v26.8 - https:\/\/yoast.com\/product\/yoast-seo-wordpress\/ -->\n<title>Tjedan EU fondova 2018.- Zagreb, \u0160ibenik i Marija Bistrica - Europski strukturni i investicijski fondovi % %<\/title>\n<meta name=\"robots\" content=\"index, follow, max-snippet:-1, max-image-preview:large, max-video-preview:-1\" \/>\n<link rel=\"canonical\" href=\"https:\/\/arhiva.strukturnifondovi.hr\/tjedan-eu-fondova-2018-krapina-sibenik-i-zagreb\/\" \/>\n<meta property=\"og:locale\" content=\"en_US\" \/>\n<meta property=\"og:type\" content=\"article\" \/>\n<meta property=\"og:title\" content=\"Tjedan EU fondova 2018.- Zagreb, \u0160ibenik i Marija Bistrica - Europski strukturni i investicijski fondovi % %\" \/>\n<meta property=\"og:description\" content=\"I ove godine, u razdoblju od 24. do 27. travnja, Ministarstvo regionalnoga razvoja i fondova Europske unije organizira \u201eTjedan EU...\" \/>\n<meta property=\"og:url\" content=\"https:\/\/arhiva.strukturnifondovi.hr\/tjedan-eu-fondova-2018-krapina-sibenik-i-zagreb\/\" \/>\n<meta property=\"og:site_name\" content=\"Europski strukturni i investicijski fondovi\" \/>\n<meta property=\"article:modified_time\" content=\"2018-05-03T08:37:30+00:00\" \/>\n<meta property=\"og:image\" content=\"https:\/\/arhiva.strukturnifondovi.hr\/wp-content\/uploads\/2018\/04\/foto1.png\" \/>\n\t<meta property=\"og:image:width\" content=\"680\" \/>\n\t<meta property=\"og:image:height\" content=\"353\" \/>\n\t<meta property=\"og:image:type\" content=\"image\/png\" \/>\n<meta name=\"twitter:card\" content=\"summary_large_image\" \/>\n<meta name=\"twitter:label1\" content=\"Est. reading time\" \/>\n\t<meta name=\"twitter:data1\" content=\"2 minutes\" \/>\n<script type=\"application\/ld+json\" class=\"yoast-schema-graph\">{\"@context\":\"https:\/\/schema.org\",\"@graph\":[{\"@type\":\"WebPage\",\"@id\":\"https:\/\/arhiva.strukturnifondovi.hr\/tjedan-eu-fondova-2018-krapina-sibenik-i-zagreb\/\",\"url\":\"https:\/\/arhiva.strukturnifondovi.hr\/tjedan-eu-fondova-2018-krapina-sibenik-i-zagreb\/\",\"name\":\"Tjedan EU fondova 2018.- Zagreb, \u0160ibenik i Marija Bistrica - Europski strukturni i investicijski fondovi % %\",\"isPartOf\":{\"@id\":\"https:\/\/arhiva.strukturnifondovi.hr\/#website\"},\"primaryImageOfPage\":{\"@id\":\"https:\/\/arhiva.strukturnifondovi.hr\/tjedan-eu-fondova-2018-krapina-sibenik-i-zagreb\/#primaryimage\"},\"image\":{\"@id\":\"https:\/\/arhiva.strukturnifondovi.hr\/tjedan-eu-fondova-2018-krapina-sibenik-i-zagreb\/#primaryimage\"},\"thumbnailUrl\":\"https:\/\/arhiva.strukturnifondovi.hr\/wp-content\/uploads\/2018\/04\/foto1.png\",\"datePublished\":\"2018-04-11T14:30:15+00:00\",\"dateModified\":\"2018-05-03T08:37:30+00:00\",\"breadcrumb\":{\"@id\":\"https:\/\/arhiva.strukturnifondovi.hr\/tjedan-eu-fondova-2018-krapina-sibenik-i-zagreb\/#breadcrumb\"},\"inLanguage\":\"en-US\",\"potentialAction\":[{\"@type\":\"ReadAction\",\"target\":[\"https:\/\/arhiva.strukturnifondovi.hr\/tjedan-eu-fondova-2018-krapina-sibenik-i-zagreb\/\"]}]},{\"@type\":\"ImageObject\",\"inLanguage\":\"en-US\",\"@id\":\"https:\/\/arhiva.strukturnifondovi.hr\/tjedan-eu-fondova-2018-krapina-sibenik-i-zagreb\/#primaryimage\",\"url\":\"https:\/\/arhiva.strukturnifondovi.hr\/wp-content\/uploads\/2018\/04\/foto1.png\",\"contentUrl\":\"https:\/\/arhiva.strukturnifondovi.hr\/wp-content\/uploads\/2018\/04\/foto1.png\",\"width\":\"680\",\"height\":\"353\"},{\"@type\":\"BreadcrumbList\",\"@id\":\"https:\/\/arhiva.strukturnifondovi.hr\/tjedan-eu-fondova-2018-krapina-sibenik-i-zagreb\/#breadcrumb\",\"itemListElement\":[{\"@type\":\"ListItem\",\"position\":1,\"name\":\"Home\",\"item\":\"https:\/\/arhiva.strukturnifondovi.hr\/en\/\"},{\"@type\":\"ListItem\",\"position\":2,\"name\":\"Tjedan EU fondova 2018.- Zagreb, \u0160ibenik i Marija Bistrica\"}]},{\"@type\":\"WebSite\",\"@id\":\"https:\/\/arhiva.strukturnifondovi.hr\/#website\",\"url\":\"https:\/\/arhiva.strukturnifondovi.hr\/\",\"name\":\"Europski strukturni i investicijski fondovi\",\"description\":\"Europski strukturni i investicijski fondovi\",\"publisher\":{\"@id\":\"https:\/\/arhiva.strukturnifondovi.hr\/#organization\"},\"potentialAction\":[{\"@type\":\"SearchAction\",\"target\":{\"@type\":\"EntryPoint\",\"urlTemplate\":\"https:\/\/arhiva.strukturnifondovi.hr\/?s={search_term_string}\"},\"query-input\":{\"@type\":\"PropertyValueSpecification\",\"valueRequired\":true,\"valueName\":\"search_term_string\"}}],\"inLanguage\":\"en-US\"},{\"@type\":\"Organization\",\"@id\":\"https:\/\/arhiva.strukturnifondovi.hr\/#organization\",\"name\":\"Ministarstvo regionalnoga razvoja i fondova Europske unije\",\"url\":\"https:\/\/arhiva.strukturnifondovi.hr\/\",\"logo\":{\"@type\":\"ImageObject\",\"inLanguage\":\"en-US\",\"@id\":\"https:\/\/arhiva.strukturnifondovi.hr\/#\/schema\/logo\/image\/\",\"url\":\"https:\/\/arhiva.strukturnifondovi.hr\/wp-content\/uploads\/2022\/03\/ESI-logotip_boja_bez-pozadine_manji.png\",\"contentUrl\":\"https:\/\/arhiva.strukturnifondovi.hr\/wp-content\/uploads\/2022\/03\/ESI-logotip_boja_bez-pozadine_manji.png\",\"width\":1256,\"height\":413,\"caption\":\"Ministarstvo regionalnoga razvoja i fondova Europske unije\"},\"image\":{\"@id\":\"https:\/\/arhiva.strukturnifondovi.hr\/#\/schema\/logo\/image\/\"}}]}<\/script>\n<!-- \/ Yoast SEO plugin. -->","yoast_head_json":{"title":"Tjedan EU fondova 2018.- Zagreb, \u0160ibenik i Marija Bistrica - Europski strukturni i investicijski fondovi % %","robots":{"index":"index","follow":"follow","max-snippet":"max-snippet:-1","max-image-preview":"max-image-preview:large","max-video-preview":"max-video-preview:-1"},"canonical":"https:\/\/arhiva.strukturnifondovi.hr\/tjedan-eu-fondova-2018-krapina-sibenik-i-zagreb\/","og_locale":"en_US","og_type":"article","og_title":"Tjedan EU fondova 2018.- Zagreb, \u0160ibenik i Marija Bistrica - Europski strukturni i investicijski fondovi % %","og_description":"I ove godine, u razdoblju od 24. do 27. travnja, Ministarstvo regionalnoga razvoja i fondova Europske unije organizira \u201eTjedan EU...","og_url":"https:\/\/arhiva.strukturnifondovi.hr\/tjedan-eu-fondova-2018-krapina-sibenik-i-zagreb\/","og_site_name":"Europski strukturni i investicijski fondovi","article_modified_time":"2018-05-03T08:37:30+00:00","og_image":[{"width":680,"height":353,"url":"https:\/\/arhiva.strukturnifondovi.hr\/wp-content\/uploads\/2018\/04\/foto1.png","type":"image\/png"}],"twitter_card":"summary_large_image","twitter_misc":{"Est. reading time":"2 minutes"},"schema":{"@context":"https:\/\/schema.org","@graph":[{"@type":"WebPage","@id":"https:\/\/arhiva.strukturnifondovi.hr\/tjedan-eu-fondova-2018-krapina-sibenik-i-zagreb\/","url":"https:\/\/arhiva.strukturnifondovi.hr\/tjedan-eu-fondova-2018-krapina-sibenik-i-zagreb\/","name":"Tjedan EU fondova 2018.- Zagreb, \u0160ibenik i Marija Bistrica - Europski strukturni i investicijski fondovi % %","isPartOf":{"@id":"https:\/\/arhiva.strukturnifondovi.hr\/#website"},"primaryImageOfPage":{"@id":"https:\/\/arhiva.strukturnifondovi.hr\/tjedan-eu-fondova-2018-krapina-sibenik-i-zagreb\/#primaryimage"},"image":{"@id":"https:\/\/arhiva.strukturnifondovi.hr\/tjedan-eu-fondova-2018-krapina-sibenik-i-zagreb\/#primaryimage"},"thumbnailUrl":"https:\/\/arhiva.strukturnifondovi.hr\/wp-content\/uploads\/2018\/04\/foto1.png","datePublished":"2018-04-11T14:30:15+00:00","dateModified":"2018-05-03T08:37:30+00:00","breadcrumb":{"@id":"https:\/\/arhiva.strukturnifondovi.hr\/tjedan-eu-fondova-2018-krapina-sibenik-i-zagreb\/#breadcrumb"},"inLanguage":"en-US","potentialAction":[{"@type":"ReadAction","target":["https:\/\/arhiva.strukturnifondovi.hr\/tjedan-eu-fondova-2018-krapina-sibenik-i-zagreb\/"]}]},{"@type":"ImageObject","inLanguage":"en-US","@id":"https:\/\/arhiva.strukturnifondovi.hr\/tjedan-eu-fondova-2018-krapina-sibenik-i-zagreb\/#primaryimage","url":"https:\/\/arhiva.strukturnifondovi.hr\/wp-content\/uploads\/2018\/04\/foto1.png","contentUrl":"https:\/\/arhiva.strukturnifondovi.hr\/wp-content\/uploads\/2018\/04\/foto1.png","width":"680","height":"353"},{"@type":"BreadcrumbList","@id":"https:\/\/arhiva.strukturnifondovi.hr\/tjedan-eu-fondova-2018-krapina-sibenik-i-zagreb\/#breadcrumb","itemListElement":[{"@type":"ListItem","position":1,"name":"Home","item":"https:\/\/arhiva.strukturnifondovi.hr\/en\/"},{"@type":"ListItem","position":2,"name":"Tjedan EU fondova 2018.- Zagreb, \u0160ibenik i Marija Bistrica"}]},{"@type":"WebSite","@id":"https:\/\/arhiva.strukturnifondovi.hr\/#website","url":"https:\/\/arhiva.strukturnifondovi.hr\/","name":"Europski strukturni i investicijski fondovi","description":"Europski strukturni i investicijski fondovi","publisher":{"@id":"https:\/\/arhiva.strukturnifondovi.hr\/#organization"},"potentialAction":[{"@type":"SearchAction","target":{"@type":"EntryPoint","urlTemplate":"https:\/\/arhiva.strukturnifondovi.hr\/?s={search_term_string}"},"query-input":{"@type":"PropertyValueSpecification","valueRequired":true,"valueName":"search_term_string"}}],"inLanguage":"en-US"},{"@type":"Organization","@id":"https:\/\/arhiva.strukturnifondovi.hr\/#organization","name":"Ministarstvo regionalnoga razvoja i fondova Europske unije","url":"https:\/\/arhiva.strukturnifondovi.hr\/","logo":{"@type":"ImageObject","inLanguage":"en-US","@id":"https:\/\/arhiva.strukturnifondovi.hr\/#\/schema\/logo\/image\/","url":"https:\/\/arhiva.strukturnifondovi.hr\/wp-content\/uploads\/2022\/03\/ESI-logotip_boja_bez-pozadine_manji.png","contentUrl":"https:\/\/arhiva.strukturnifondovi.hr\/wp-content\/uploads\/2022\/03\/ESI-logotip_boja_bez-pozadine_manji.png","width":1256,"height":413,"caption":"Ministarstvo regionalnoga razvoja i fondova Europske unije"},"image":{"@id":"https:\/\/arhiva.strukturnifondovi.hr\/#\/schema\/logo\/image\/"}}]}},"_links":{"self":[{"href":"https:\/\/arhiva.strukturnifondovi.hr\/en\/wp-json\/wp\/v2\/pages\/7745","targetHints":{"allow":["GET"]}}],"collection":[{"href":"https:\/\/arhiva.strukturnifondovi.hr\/en\/wp-json\/wp\/v2\/pages"}],"about":[{"href":"https:\/\/arhiva.strukturnifondovi.hr\/en\/wp-json\/wp\/v2\/types\/page"}],"author":[{"embeddable":true,"href":"https:\/\/arhiva.strukturnifondovi.hr\/en\/wp-json\/wp\/v2\/users\/795"}],"replies":[{"embeddable":true,"href":"https:\/\/arhiva.strukturnifondovi.hr\/en\/wp-json\/wp\/v2\/comments?post=7745"}],"version-history":[{"count":70,"href":"https:\/\/arhiva.strukturnifondovi.hr\/en\/wp-json\/wp\/v2\/pages\/7745\/revisions"}],"predecessor-version":[{"id":8173,"href":"https:\/\/arhiva.strukturnifondovi.hr\/en\/wp-json\/wp\/v2\/pages\/7745\/revisions\/8173"}],"wp:featuredmedia":[{"embeddable":true,"href":"https:\/\/arhiva.strukturnifondovi.hr\/en\/wp-json\/wp\/v2\/media\/8147"}],"wp:attachment":[{"href":"https:\/\/arhiva.strukturnifondovi.hr\/en\/wp-json\/wp\/v2\/media?parent=7745"}],"curies":[{"name":"wp","href":"https:\/\/api.w.org\/{rel}","templated":true}]}}