{"id":8087,"date":"2018-04-18T14:00:09","date_gmt":"2018-04-18T12:00:09","guid":{"rendered":"https:\/\/arhiva.strukturnifondovi.hr\/?page_id=8087"},"modified":"2018-04-26T09:59:23","modified_gmt":"2018-04-26T07:59:23","slug":"sajam-eu-mogucnosti","status":"publish","type":"page","link":"https:\/\/arhiva.strukturnifondovi.hr\/en\/sajam-eu-mogucnosti\/","title":{"rendered":"Sajam EU mogu\u0107nosti"},"content":{"rendered":"<p><img loading=\"lazy\" decoding=\"async\" class=\"alignnone wp-image-8100\" src=\"https:\/\/arhiva.strukturnifondovi.hr\/wp-content\/uploads\/2018\/04\/Untitled-design-1.png\" alt=\"\" width=\"631\" height=\"529\" srcset=\"https:\/\/arhiva.strukturnifondovi.hr\/wp-content\/uploads\/2018\/04\/Untitled-design-1.png 940w, https:\/\/arhiva.strukturnifondovi.hr\/wp-content\/uploads\/2018\/04\/Untitled-design-1-300x251.png 300w, https:\/\/arhiva.strukturnifondovi.hr\/wp-content\/uploads\/2018\/04\/Untitled-design-1-768x644.png 768w\" sizes=\"auto, (max-width: 631px) 100vw, 631px\" \/><\/p>\n<p>Sajam EU mogu\u0107nosti odr\u017eat \u0107e se u \u010detvrtak 26. travnja od 10 do 16 sati u Plaza centru u Zagrebu (Slavonska avenija 6\/2) u okviru Tjedna EU fondova. Na taj dan, osim na Sajmu, mo\u017eete sudjelovati u cjelodnevnom programu predstavljanja aktualnih mogu\u0107nosti financiranja iz Operativnog programa Konkurentnost i kohezija te upoznati uspje\u0161ne korisnike i realizirane projekte, saznati na koji na\u010din provesti projekt, ali i koje su naj\u010de\u0161\u0107e pogre\u0161ke koje se javljaju prilikom izrade projektnih prijava. Svoje sudjelovanje u programu mo\u017eete prijaviti <a href=\"https:\/\/docs.google.com\/forms\/d\/e\/1FAIpQLSdfkvJmzPu_5_aN-OV4AZHscY-PrrIs_7_6U1gCs8MMxqTE8Q\/viewform\"><u>OVDJE<\/u><\/a>.<\/p>\n<p>Ministarstvo regionalnoga razvoja i fondova Europske unije, Ministarstvo poljoprivrede, Ministarstvo rada i mirovinskoga sustava, Ministarstvo mora, prometa i infrastrukture, Ministarstvo graditeljstva i prostornoga ure\u0111enja te Ministarstvo zdravstva, Ministarstvo obrazovanja, Ministarstvo turizma i Ministarstvo kulture samo su neki od izlaga\u010da koji \u0107e u sklopu svojih izlo\u017ebenih prostora prezentirati brojne mogu\u0107nosti financiranja iz EU fondova te dati odgovore na sva pitanja zainteresiranih posjetitelja.<\/p>\n<p>Makete klju\u010dnih strate\u0161kih infrastrukturnih projekata financirane EU sredstvima bit \u0107e izlo\u017eene javnosti, a Ured za udruge Vlade RH\u00a0 informirat \u0107e potencijalne prijavitelje o mogu\u0107nostima financiranja za organizacije civilnoga dru\u0161tva u sklopu EU fondova. Fond za za\u0161titu okoli\u0161a i energetsku u\u010dinkovitost predstavit \u0107e projekte recikla\u017enog dvori\u0161ta, dok \u0107e Hrvatski zavod za zapo\u0161ljavanje\u00a0 informirati javnost o novim mogu\u0107nostima unutar svog djelokruga rada, a financiranima sredstvima Europske unije. Posjetitelji \u0107e biti u prilici upoznati se i s brojnim financijskim instrumentima namijenjenima i kreiranima za poduzetnike od strane HAMAG BICRO-a, kao i s nizom korisnika koji su upravo uz spomenute financijske mehanizme uspje\u0161no doveli svoje projekte od ideje do realizacije. Tako \u0107e se na Sajmu EU mogu\u0107nosti mo\u0107i u\u017eivati i u predstavljanju kozmetike na biljnoj bazi, prirodnih preparata za oralnu higijenu, hrvatskih i talijanskih pjenu\u0161aca te tricikla s pomo\u0107nim elektromotorom.<\/p>\n<p>\u010cekamo Vas!<\/p>\n<p>&nbsp;<\/p>\n<p><a class=\"button primary small\" href=\"https:\/\/arhiva.strukturnifondovi.hr\/wp-content\/uploads\/2018\/04\/SAJAM-EU-MOGU\u0106NOSTI.pdf\">Popis sudionika Sajma EU mogu\u0107nosti<\/a><\/p>\n","protected":false},"excerpt":{"rendered":"<p>Sajam EU mogu\u0107nosti odr\u017eat \u0107e se u \u010detvrtak 26. travnja od 10 do 16 sati u Plaza centru u Zagrebu&#8230;<\/p>\n","protected":false},"author":795,"featured_media":0,"parent":0,"menu_order":0,"comment_status":"closed","ping_status":"closed","template":"","meta":{"inline_featured_image":false,"footnotes":""},"class_list":["post-8087","page","type-page","status-publish","hentry"],"yoast_head":"<!-- This site is optimized with the Yoast SEO plugin v26.8 - https:\/\/yoast.com\/product\/yoast-seo-wordpress\/ -->\n<title>Sajam EU mogu\u0107nosti - Europski strukturni i investicijski fondovi % %<\/title>\n<meta name=\"robots\" content=\"index, follow, max-snippet:-1, max-image-preview:large, max-video-preview:-1\" \/>\n<link rel=\"canonical\" href=\"https:\/\/arhiva.strukturnifondovi.hr\/sajam-eu-mogucnosti\/\" \/>\n<meta property=\"og:locale\" content=\"en_US\" \/>\n<meta property=\"og:type\" content=\"article\" \/>\n<meta property=\"og:title\" content=\"Sajam EU mogu\u0107nosti - Europski strukturni i investicijski fondovi % %\" \/>\n<meta property=\"og:description\" content=\"Sajam EU mogu\u0107nosti odr\u017eat \u0107e se u \u010detvrtak 26. travnja od 10 do 16 sati u Plaza centru u Zagrebu...\" \/>\n<meta property=\"og:url\" content=\"https:\/\/arhiva.strukturnifondovi.hr\/sajam-eu-mogucnosti\/\" \/>\n<meta property=\"og:site_name\" content=\"Europski strukturni i investicijski fondovi\" \/>\n<meta property=\"article:modified_time\" content=\"2018-04-26T07:59:23+00:00\" \/>\n<meta property=\"og:image\" content=\"https:\/\/arhiva.strukturnifondovi.hr\/wp-content\/uploads\/2018\/04\/Untitled-design-1.png\" \/>\n<meta name=\"twitter:card\" content=\"summary_large_image\" \/>\n<meta name=\"twitter:label1\" content=\"Est. reading time\" \/>\n\t<meta name=\"twitter:data1\" content=\"2 minutes\" \/>\n<script type=\"application\/ld+json\" class=\"yoast-schema-graph\">{\"@context\":\"https:\/\/schema.org\",\"@graph\":[{\"@type\":\"WebPage\",\"@id\":\"https:\/\/arhiva.strukturnifondovi.hr\/sajam-eu-mogucnosti\/\",\"url\":\"https:\/\/arhiva.strukturnifondovi.hr\/sajam-eu-mogucnosti\/\",\"name\":\"Sajam EU mogu\u0107nosti - Europski strukturni i investicijski fondovi % %\",\"isPartOf\":{\"@id\":\"https:\/\/arhiva.strukturnifondovi.hr\/#website\"},\"primaryImageOfPage\":{\"@id\":\"https:\/\/arhiva.strukturnifondovi.hr\/sajam-eu-mogucnosti\/#primaryimage\"},\"image\":{\"@id\":\"https:\/\/arhiva.strukturnifondovi.hr\/sajam-eu-mogucnosti\/#primaryimage\"},\"thumbnailUrl\":\"https:\/\/arhiva.strukturnifondovi.hr\/wp-content\/uploads\/2018\/04\/Untitled-design-1.png\",\"datePublished\":\"2018-04-18T12:00:09+00:00\",\"dateModified\":\"2018-04-26T07:59:23+00:00\",\"breadcrumb\":{\"@id\":\"https:\/\/arhiva.strukturnifondovi.hr\/sajam-eu-mogucnosti\/#breadcrumb\"},\"inLanguage\":\"en-US\",\"potentialAction\":[{\"@type\":\"ReadAction\",\"target\":[\"https:\/\/arhiva.strukturnifondovi.hr\/sajam-eu-mogucnosti\/\"]}]},{\"@type\":\"ImageObject\",\"inLanguage\":\"en-US\",\"@id\":\"https:\/\/arhiva.strukturnifondovi.hr\/sajam-eu-mogucnosti\/#primaryimage\",\"url\":\"https:\/\/arhiva.strukturnifondovi.hr\/wp-content\/uploads\/2018\/04\/Untitled-design-1.png\",\"contentUrl\":\"https:\/\/arhiva.strukturnifondovi.hr\/wp-content\/uploads\/2018\/04\/Untitled-design-1.png\"},{\"@type\":\"BreadcrumbList\",\"@id\":\"https:\/\/arhiva.strukturnifondovi.hr\/sajam-eu-mogucnosti\/#breadcrumb\",\"itemListElement\":[{\"@type\":\"ListItem\",\"position\":1,\"name\":\"Home\",\"item\":\"https:\/\/arhiva.strukturnifondovi.hr\/en\/\"},{\"@type\":\"ListItem\",\"position\":2,\"name\":\"Sajam EU mogu\u0107nosti\"}]},{\"@type\":\"WebSite\",\"@id\":\"https:\/\/arhiva.strukturnifondovi.hr\/#website\",\"url\":\"https:\/\/arhiva.strukturnifondovi.hr\/\",\"name\":\"Europski strukturni i investicijski fondovi\",\"description\":\"Europski strukturni i investicijski fondovi\",\"publisher\":{\"@id\":\"https:\/\/arhiva.strukturnifondovi.hr\/#organization\"},\"potentialAction\":[{\"@type\":\"SearchAction\",\"target\":{\"@type\":\"EntryPoint\",\"urlTemplate\":\"https:\/\/arhiva.strukturnifondovi.hr\/?s={search_term_string}\"},\"query-input\":{\"@type\":\"PropertyValueSpecification\",\"valueRequired\":true,\"valueName\":\"search_term_string\"}}],\"inLanguage\":\"en-US\"},{\"@type\":\"Organization\",\"@id\":\"https:\/\/arhiva.strukturnifondovi.hr\/#organization\",\"name\":\"Ministarstvo regionalnoga razvoja i fondova Europske unije\",\"url\":\"https:\/\/arhiva.strukturnifondovi.hr\/\",\"logo\":{\"@type\":\"ImageObject\",\"inLanguage\":\"en-US\",\"@id\":\"https:\/\/arhiva.strukturnifondovi.hr\/#\/schema\/logo\/image\/\",\"url\":\"https:\/\/arhiva.strukturnifondovi.hr\/wp-content\/uploads\/2022\/03\/ESI-logotip_boja_bez-pozadine_manji.png\",\"contentUrl\":\"https:\/\/arhiva.strukturnifondovi.hr\/wp-content\/uploads\/2022\/03\/ESI-logotip_boja_bez-pozadine_manji.png\",\"width\":1256,\"height\":413,\"caption\":\"Ministarstvo regionalnoga razvoja i fondova Europske unije\"},\"image\":{\"@id\":\"https:\/\/arhiva.strukturnifondovi.hr\/#\/schema\/logo\/image\/\"}}]}<\/script>\n<!-- \/ Yoast SEO plugin. -->","yoast_head_json":{"title":"Sajam EU mogu\u0107nosti - Europski strukturni i investicijski fondovi % %","robots":{"index":"index","follow":"follow","max-snippet":"max-snippet:-1","max-image-preview":"max-image-preview:large","max-video-preview":"max-video-preview:-1"},"canonical":"https:\/\/arhiva.strukturnifondovi.hr\/sajam-eu-mogucnosti\/","og_locale":"en_US","og_type":"article","og_title":"Sajam EU mogu\u0107nosti - Europski strukturni i investicijski fondovi % %","og_description":"Sajam EU mogu\u0107nosti odr\u017eat \u0107e se u \u010detvrtak 26. travnja od 10 do 16 sati u Plaza centru u Zagrebu...","og_url":"https:\/\/arhiva.strukturnifondovi.hr\/sajam-eu-mogucnosti\/","og_site_name":"Europski strukturni i investicijski fondovi","article_modified_time":"2018-04-26T07:59:23+00:00","og_image":[{"url":"https:\/\/arhiva.strukturnifondovi.hr\/wp-content\/uploads\/2018\/04\/Untitled-design-1.png","type":"","width":"","height":""}],"twitter_card":"summary_large_image","twitter_misc":{"Est. reading time":"2 minutes"},"schema":{"@context":"https:\/\/schema.org","@graph":[{"@type":"WebPage","@id":"https:\/\/arhiva.strukturnifondovi.hr\/sajam-eu-mogucnosti\/","url":"https:\/\/arhiva.strukturnifondovi.hr\/sajam-eu-mogucnosti\/","name":"Sajam EU mogu\u0107nosti - Europski strukturni i investicijski fondovi % %","isPartOf":{"@id":"https:\/\/arhiva.strukturnifondovi.hr\/#website"},"primaryImageOfPage":{"@id":"https:\/\/arhiva.strukturnifondovi.hr\/sajam-eu-mogucnosti\/#primaryimage"},"image":{"@id":"https:\/\/arhiva.strukturnifondovi.hr\/sajam-eu-mogucnosti\/#primaryimage"},"thumbnailUrl":"https:\/\/arhiva.strukturnifondovi.hr\/wp-content\/uploads\/2018\/04\/Untitled-design-1.png","datePublished":"2018-04-18T12:00:09+00:00","dateModified":"2018-04-26T07:59:23+00:00","breadcrumb":{"@id":"https:\/\/arhiva.strukturnifondovi.hr\/sajam-eu-mogucnosti\/#breadcrumb"},"inLanguage":"en-US","potentialAction":[{"@type":"ReadAction","target":["https:\/\/arhiva.strukturnifondovi.hr\/sajam-eu-mogucnosti\/"]}]},{"@type":"ImageObject","inLanguage":"en-US","@id":"https:\/\/arhiva.strukturnifondovi.hr\/sajam-eu-mogucnosti\/#primaryimage","url":"https:\/\/arhiva.strukturnifondovi.hr\/wp-content\/uploads\/2018\/04\/Untitled-design-1.png","contentUrl":"https:\/\/arhiva.strukturnifondovi.hr\/wp-content\/uploads\/2018\/04\/Untitled-design-1.png"},{"@type":"BreadcrumbList","@id":"https:\/\/arhiva.strukturnifondovi.hr\/sajam-eu-mogucnosti\/#breadcrumb","itemListElement":[{"@type":"ListItem","position":1,"name":"Home","item":"https:\/\/arhiva.strukturnifondovi.hr\/en\/"},{"@type":"ListItem","position":2,"name":"Sajam EU mogu\u0107nosti"}]},{"@type":"WebSite","@id":"https:\/\/arhiva.strukturnifondovi.hr\/#website","url":"https:\/\/arhiva.strukturnifondovi.hr\/","name":"Europski strukturni i investicijski fondovi","description":"Europski strukturni i investicijski fondovi","publisher":{"@id":"https:\/\/arhiva.strukturnifondovi.hr\/#organization"},"potentialAction":[{"@type":"SearchAction","target":{"@type":"EntryPoint","urlTemplate":"https:\/\/arhiva.strukturnifondovi.hr\/?s={search_term_string}"},"query-input":{"@type":"PropertyValueSpecification","valueRequired":true,"valueName":"search_term_string"}}],"inLanguage":"en-US"},{"@type":"Organization","@id":"https:\/\/arhiva.strukturnifondovi.hr\/#organization","name":"Ministarstvo regionalnoga razvoja i fondova Europske unije","url":"https:\/\/arhiva.strukturnifondovi.hr\/","logo":{"@type":"ImageObject","inLanguage":"en-US","@id":"https:\/\/arhiva.strukturnifondovi.hr\/#\/schema\/logo\/image\/","url":"https:\/\/arhiva.strukturnifondovi.hr\/wp-content\/uploads\/2022\/03\/ESI-logotip_boja_bez-pozadine_manji.png","contentUrl":"https:\/\/arhiva.strukturnifondovi.hr\/wp-content\/uploads\/2022\/03\/ESI-logotip_boja_bez-pozadine_manji.png","width":1256,"height":413,"caption":"Ministarstvo regionalnoga razvoja i fondova Europske unije"},"image":{"@id":"https:\/\/arhiva.strukturnifondovi.hr\/#\/schema\/logo\/image\/"}}]}},"_links":{"self":[{"href":"https:\/\/arhiva.strukturnifondovi.hr\/en\/wp-json\/wp\/v2\/pages\/8087","targetHints":{"allow":["GET"]}}],"collection":[{"href":"https:\/\/arhiva.strukturnifondovi.hr\/en\/wp-json\/wp\/v2\/pages"}],"about":[{"href":"https:\/\/arhiva.strukturnifondovi.hr\/en\/wp-json\/wp\/v2\/types\/page"}],"author":[{"embeddable":true,"href":"https:\/\/arhiva.strukturnifondovi.hr\/en\/wp-json\/wp\/v2\/users\/795"}],"replies":[{"embeddable":true,"href":"https:\/\/arhiva.strukturnifondovi.hr\/en\/wp-json\/wp\/v2\/comments?post=8087"}],"version-history":[{"count":17,"href":"https:\/\/arhiva.strukturnifondovi.hr\/en\/wp-json\/wp\/v2\/pages\/8087\/revisions"}],"predecessor-version":[{"id":8606,"href":"https:\/\/arhiva.strukturnifondovi.hr\/en\/wp-json\/wp\/v2\/pages\/8087\/revisions\/8606"}],"wp:attachment":[{"href":"https:\/\/arhiva.strukturnifondovi.hr\/en\/wp-json\/wp\/v2\/media?parent=8087"}],"curies":[{"name":"wp","href":"https:\/\/api.w.org\/{rel}","templated":true}]}}