{"id":8210,"date":"2018-04-20T10:27:15","date_gmt":"2018-04-20T08:27:15","guid":{"rendered":"https:\/\/arhiva.strukturnifondovi.hr\/?page_id=8210"},"modified":"2018-09-16T09:03:48","modified_gmt":"2018-09-16T07:03:48","slug":"glasovanje","status":"publish","type":"page","link":"https:\/\/arhiva.strukturnifondovi.hr\/en\/izbor-za-najuspjesniji-lokalni-eu-projekt-2018-2019\/glasovanje\/","title":{"rendered":"Glasovanje"},"content":{"rendered":"<p><span style=\"color: #ff0000;\">Glasovanje je zatvoreno!<\/span><\/p>\n<p>Ministarstvo regionalnoga razvoja i fondova Europske unije pokre\u0107e Izbor za najuspje\u0161niji lokalni EU projekt u RH u razdoblju 2016.-2017. u cilju promocije uspje\u0161nih projekata financiranih EU sredstvima.<\/p>\n<p>U svrhu provo\u0111enja Izbora, projekti su podijeljeni u tri kategorije:<\/p>\n<p>INVESTICIJSKI I INFRASTRUKTURNI PROJEKTI<\/p>\n<p>Kroz investicijske i infrastrukturne projekte ula\u017ee se u brojna podru\u010dja kao \u0161to su promet, energetika, za\u0161tita okoli\u0161a, informacijske i komunikacijske tehnologije, razvoj poduzetni\u0161tva i istra\u017eiva\u010dkih djelatnosti, razvoj novih radnih mjesta u Europi, a tako\u0111er se poti\u010du ulaganja u ruralna podru\u010dja.<\/p>\n<p>DRU\u0160TVENI PROJEKTI<\/p>\n<p>Dru\u0161tveni projekti usmjereni su na poticanje poduzetni\u0161tva, pru\u017eanje pomo\u0107i u pronala\u017eenju boljih radnih mjesta i uspostavi pravednijih mogu\u0107nosti za sve gra\u0111ane Europske unije prilikom zapo\u0161ljavanja, a temeljna ulaganja odnose se na ulaganja u ljudske resurse.<\/p>\n<p>ME\u0110UNARODNI PROJEKTI<\/p>\n<p>Me\u0111unarodni projekti rje\u0161avaju zajedni\u010dke izazove europskih zemalja koji su identificirani u pograni\u010dnim regijama, poput lo\u0161e dostupnosti, neodgovaraju\u0107eg poslovnog okru\u017eenja i suradnje izme\u0111u obrazovnih institucija, uz istovremeno ja\u010danje suradnje u svrhu op\u0107eg i ravnomjernog razvoja Europe.<\/p>\n","protected":false},"excerpt":{"rendered":"<p>Glasovanje je zatvoreno! Ministarstvo regionalnoga razvoja i fondova Europske unije pokre\u0107e Izbor za najuspje\u0161niji lokalni EU projekt u RH u&#8230;<\/p>\n","protected":false},"author":795,"featured_media":0,"parent":8207,"menu_order":0,"comment_status":"closed","ping_status":"closed","template":"page-glasovanje.php","meta":{"inline_featured_image":false,"footnotes":""},"class_list":["post-8210","page","type-page","status-publish","hentry"],"yoast_head":"<!-- This site is optimized with the Yoast SEO plugin v26.8 - https:\/\/yoast.com\/product\/yoast-seo-wordpress\/ -->\n<title>Glasovanje - Europski strukturni i investicijski fondovi % %<\/title>\n<meta name=\"robots\" content=\"index, follow, max-snippet:-1, max-image-preview:large, max-video-preview:-1\" \/>\n<link rel=\"canonical\" href=\"https:\/\/arhiva.strukturnifondovi.hr\/izbor-za-najuspjesniji-lokalni-eu-projekt-2018-2019\/glasovanje\/\" \/>\n<meta property=\"og:locale\" content=\"en_US\" \/>\n<meta property=\"og:type\" content=\"article\" \/>\n<meta property=\"og:title\" content=\"Glasovanje - Europski strukturni i investicijski fondovi % %\" \/>\n<meta property=\"og:description\" content=\"Glasovanje je zatvoreno! Ministarstvo regionalnoga razvoja i fondova Europske unije pokre\u0107e Izbor za najuspje\u0161niji lokalni EU projekt u RH u...\" \/>\n<meta property=\"og:url\" content=\"https:\/\/arhiva.strukturnifondovi.hr\/izbor-za-najuspjesniji-lokalni-eu-projekt-2018-2019\/glasovanje\/\" \/>\n<meta property=\"og:site_name\" content=\"Europski strukturni i investicijski fondovi\" \/>\n<meta property=\"article:modified_time\" content=\"2018-09-16T07:03:48+00:00\" \/>\n<meta name=\"twitter:card\" content=\"summary_large_image\" \/>\n<meta name=\"twitter:label1\" content=\"Est. reading time\" \/>\n\t<meta name=\"twitter:data1\" content=\"1 minute\" \/>\n<script type=\"application\/ld+json\" class=\"yoast-schema-graph\">{\"@context\":\"https:\/\/schema.org\",\"@graph\":[{\"@type\":\"WebPage\",\"@id\":\"https:\/\/arhiva.strukturnifondovi.hr\/izbor-za-najuspjesniji-lokalni-eu-projekt-2018-2019\/glasovanje\/\",\"url\":\"https:\/\/arhiva.strukturnifondovi.hr\/izbor-za-najuspjesniji-lokalni-eu-projekt-2018-2019\/glasovanje\/\",\"name\":\"Glasovanje - Europski strukturni i investicijski fondovi % %\",\"isPartOf\":{\"@id\":\"https:\/\/arhiva.strukturnifondovi.hr\/#website\"},\"datePublished\":\"2018-04-20T08:27:15+00:00\",\"dateModified\":\"2018-09-16T07:03:48+00:00\",\"breadcrumb\":{\"@id\":\"https:\/\/arhiva.strukturnifondovi.hr\/izbor-za-najuspjesniji-lokalni-eu-projekt-2018-2019\/glasovanje\/#breadcrumb\"},\"inLanguage\":\"en-US\",\"potentialAction\":[{\"@type\":\"ReadAction\",\"target\":[\"https:\/\/arhiva.strukturnifondovi.hr\/izbor-za-najuspjesniji-lokalni-eu-projekt-2018-2019\/glasovanje\/\"]}]},{\"@type\":\"BreadcrumbList\",\"@id\":\"https:\/\/arhiva.strukturnifondovi.hr\/izbor-za-najuspjesniji-lokalni-eu-projekt-2018-2019\/glasovanje\/#breadcrumb\",\"itemListElement\":[{\"@type\":\"ListItem\",\"position\":1,\"name\":\"Home\",\"item\":\"https:\/\/arhiva.strukturnifondovi.hr\/en\/\"},{\"@type\":\"ListItem\",\"position\":2,\"name\":\"Izbor za najuspje\u0161niji lokalni EU projekt 2016. &#8211; 2017.\",\"item\":\"https:\/\/arhiva.strukturnifondovi.hr\/izbor-za-najuspjesniji-lokalni-eu-projekt-2018-2019\/\"},{\"@type\":\"ListItem\",\"position\":3,\"name\":\"Glasovanje\"}]},{\"@type\":\"WebSite\",\"@id\":\"https:\/\/arhiva.strukturnifondovi.hr\/#website\",\"url\":\"https:\/\/arhiva.strukturnifondovi.hr\/\",\"name\":\"Europski strukturni i investicijski fondovi\",\"description\":\"Europski strukturni i investicijski fondovi\",\"publisher\":{\"@id\":\"https:\/\/arhiva.strukturnifondovi.hr\/#organization\"},\"potentialAction\":[{\"@type\":\"SearchAction\",\"target\":{\"@type\":\"EntryPoint\",\"urlTemplate\":\"https:\/\/arhiva.strukturnifondovi.hr\/?s={search_term_string}\"},\"query-input\":{\"@type\":\"PropertyValueSpecification\",\"valueRequired\":true,\"valueName\":\"search_term_string\"}}],\"inLanguage\":\"en-US\"},{\"@type\":\"Organization\",\"@id\":\"https:\/\/arhiva.strukturnifondovi.hr\/#organization\",\"name\":\"Ministarstvo regionalnoga razvoja i fondova Europske unije\",\"url\":\"https:\/\/arhiva.strukturnifondovi.hr\/\",\"logo\":{\"@type\":\"ImageObject\",\"inLanguage\":\"en-US\",\"@id\":\"https:\/\/arhiva.strukturnifondovi.hr\/#\/schema\/logo\/image\/\",\"url\":\"https:\/\/arhiva.strukturnifondovi.hr\/wp-content\/uploads\/2022\/03\/ESI-logotip_boja_bez-pozadine_manji.png\",\"contentUrl\":\"https:\/\/arhiva.strukturnifondovi.hr\/wp-content\/uploads\/2022\/03\/ESI-logotip_boja_bez-pozadine_manji.png\",\"width\":1256,\"height\":413,\"caption\":\"Ministarstvo regionalnoga razvoja i fondova Europske unije\"},\"image\":{\"@id\":\"https:\/\/arhiva.strukturnifondovi.hr\/#\/schema\/logo\/image\/\"}}]}<\/script>\n<!-- \/ Yoast SEO plugin. -->","yoast_head_json":{"title":"Glasovanje - Europski strukturni i investicijski fondovi % %","robots":{"index":"index","follow":"follow","max-snippet":"max-snippet:-1","max-image-preview":"max-image-preview:large","max-video-preview":"max-video-preview:-1"},"canonical":"https:\/\/arhiva.strukturnifondovi.hr\/izbor-za-najuspjesniji-lokalni-eu-projekt-2018-2019\/glasovanje\/","og_locale":"en_US","og_type":"article","og_title":"Glasovanje - Europski strukturni i investicijski fondovi % %","og_description":"Glasovanje je zatvoreno! Ministarstvo regionalnoga razvoja i fondova Europske unije pokre\u0107e Izbor za najuspje\u0161niji lokalni EU projekt u RH u...","og_url":"https:\/\/arhiva.strukturnifondovi.hr\/izbor-za-najuspjesniji-lokalni-eu-projekt-2018-2019\/glasovanje\/","og_site_name":"Europski strukturni i investicijski fondovi","article_modified_time":"2018-09-16T07:03:48+00:00","twitter_card":"summary_large_image","twitter_misc":{"Est. reading time":"1 minute"},"schema":{"@context":"https:\/\/schema.org","@graph":[{"@type":"WebPage","@id":"https:\/\/arhiva.strukturnifondovi.hr\/izbor-za-najuspjesniji-lokalni-eu-projekt-2018-2019\/glasovanje\/","url":"https:\/\/arhiva.strukturnifondovi.hr\/izbor-za-najuspjesniji-lokalni-eu-projekt-2018-2019\/glasovanje\/","name":"Glasovanje - Europski strukturni i investicijski fondovi % %","isPartOf":{"@id":"https:\/\/arhiva.strukturnifondovi.hr\/#website"},"datePublished":"2018-04-20T08:27:15+00:00","dateModified":"2018-09-16T07:03:48+00:00","breadcrumb":{"@id":"https:\/\/arhiva.strukturnifondovi.hr\/izbor-za-najuspjesniji-lokalni-eu-projekt-2018-2019\/glasovanje\/#breadcrumb"},"inLanguage":"en-US","potentialAction":[{"@type":"ReadAction","target":["https:\/\/arhiva.strukturnifondovi.hr\/izbor-za-najuspjesniji-lokalni-eu-projekt-2018-2019\/glasovanje\/"]}]},{"@type":"BreadcrumbList","@id":"https:\/\/arhiva.strukturnifondovi.hr\/izbor-za-najuspjesniji-lokalni-eu-projekt-2018-2019\/glasovanje\/#breadcrumb","itemListElement":[{"@type":"ListItem","position":1,"name":"Home","item":"https:\/\/arhiva.strukturnifondovi.hr\/en\/"},{"@type":"ListItem","position":2,"name":"Izbor za najuspje\u0161niji lokalni EU projekt 2016. &#8211; 2017.","item":"https:\/\/arhiva.strukturnifondovi.hr\/izbor-za-najuspjesniji-lokalni-eu-projekt-2018-2019\/"},{"@type":"ListItem","position":3,"name":"Glasovanje"}]},{"@type":"WebSite","@id":"https:\/\/arhiva.strukturnifondovi.hr\/#website","url":"https:\/\/arhiva.strukturnifondovi.hr\/","name":"Europski strukturni i investicijski fondovi","description":"Europski strukturni i investicijski fondovi","publisher":{"@id":"https:\/\/arhiva.strukturnifondovi.hr\/#organization"},"potentialAction":[{"@type":"SearchAction","target":{"@type":"EntryPoint","urlTemplate":"https:\/\/arhiva.strukturnifondovi.hr\/?s={search_term_string}"},"query-input":{"@type":"PropertyValueSpecification","valueRequired":true,"valueName":"search_term_string"}}],"inLanguage":"en-US"},{"@type":"Organization","@id":"https:\/\/arhiva.strukturnifondovi.hr\/#organization","name":"Ministarstvo regionalnoga razvoja i fondova Europske unije","url":"https:\/\/arhiva.strukturnifondovi.hr\/","logo":{"@type":"ImageObject","inLanguage":"en-US","@id":"https:\/\/arhiva.strukturnifondovi.hr\/#\/schema\/logo\/image\/","url":"https:\/\/arhiva.strukturnifondovi.hr\/wp-content\/uploads\/2022\/03\/ESI-logotip_boja_bez-pozadine_manji.png","contentUrl":"https:\/\/arhiva.strukturnifondovi.hr\/wp-content\/uploads\/2022\/03\/ESI-logotip_boja_bez-pozadine_manji.png","width":1256,"height":413,"caption":"Ministarstvo regionalnoga razvoja i fondova Europske unije"},"image":{"@id":"https:\/\/arhiva.strukturnifondovi.hr\/#\/schema\/logo\/image\/"}}]}},"_links":{"self":[{"href":"https:\/\/arhiva.strukturnifondovi.hr\/en\/wp-json\/wp\/v2\/pages\/8210","targetHints":{"allow":["GET"]}}],"collection":[{"href":"https:\/\/arhiva.strukturnifondovi.hr\/en\/wp-json\/wp\/v2\/pages"}],"about":[{"href":"https:\/\/arhiva.strukturnifondovi.hr\/en\/wp-json\/wp\/v2\/types\/page"}],"author":[{"embeddable":true,"href":"https:\/\/arhiva.strukturnifondovi.hr\/en\/wp-json\/wp\/v2\/users\/795"}],"replies":[{"embeddable":true,"href":"https:\/\/arhiva.strukturnifondovi.hr\/en\/wp-json\/wp\/v2\/comments?post=8210"}],"version-history":[{"count":8,"href":"https:\/\/arhiva.strukturnifondovi.hr\/en\/wp-json\/wp\/v2\/pages\/8210\/revisions"}],"predecessor-version":[{"id":12923,"href":"https:\/\/arhiva.strukturnifondovi.hr\/en\/wp-json\/wp\/v2\/pages\/8210\/revisions\/12923"}],"up":[{"embeddable":true,"href":"https:\/\/arhiva.strukturnifondovi.hr\/en\/wp-json\/wp\/v2\/pages\/8207"}],"wp:attachment":[{"href":"https:\/\/arhiva.strukturnifondovi.hr\/en\/wp-json\/wp\/v2\/media?parent=8210"}],"curies":[{"name":"wp","href":"https:\/\/api.w.org\/{rel}","templated":true}]}}